{"id":5852,"date":"2025-07-26T11:58:19","date_gmt":"2025-07-26T11:58:19","guid":{"rendered":"https:\/\/puffvapestore.com\/?post_type=product&#038;p=5852"},"modified":"2026-02-05T03:54:29","modified_gmt":"2026-02-05T03:54:29","slug":"bang-leader-80k-kiwi-passion-fruit-guava-lychee-ice-mango-peach-pineapple","status":"publish","type":"product","link":"https:\/\/puffvapestore.com\/it\/product\/bang-leader-80k-kiwi-frutto-della-passione-guava-litchi-ghiaccio-mango-pesca-ananas\/","title":{"rendered":"Bang Leader 80000 3 in 1 - Kiwi Frutto della Passione Guava e Litchi Ghiaccio e Mango Pesca Ananas"},"content":{"rendered":"<div data-elementor-type=\"wp-post\" data-elementor-id=\"5852\" class=\"elementor elementor-5852\">\n\t\t\t\t<div class=\"elementor-element elementor-element-08c26f9 e-flex e-con-boxed e-con e-parent\" data-id=\"08c26f9\" data-element_type=\"container\" data-e-type=\"container\">\n\t\t\t\t\t<div class=\"e-con-inner\">\n\t\t\t\t<div class=\"elementor-element elementor-element-a005a97 elementor-widget elementor-widget-text-editor\" data-id=\"a005a97\" data-element_type=\"widget\" data-e-type=\"widget\" data-widget_type=\"text-editor.default\">\n\t\t\t\t<div class=\"elementor-widget-container\">\n\t\t\t\t\t\t\t\t\t<p>Se amate i ricchi aromi fruttati e volete scoprire sapori tropicali complessi, rinfrescanti e intensi, questo Bang Leader 80000 3 in 1 \u00e8 una scelta eccellente.<\/p><p>Kiwi, Frutto della Passione, Guava: la sottile dolcezza unita agli aromi di frutta tropicale offre un momento di pura freschezza, come un bicchiere di succo ghiacciato in Costa Azzurra in una calda giornata estiva.<\/p><p>Litchi, Glace: una nota leggermente dolce e fresca si fonde con il fascino orientale. All'imbrunire di Parigi, seduta da sola sulla terrazza di un caff\u00e8, inspiro dolcemente il fumo profumato di litchi ghiacciato, come se il tempo si fosse fermato.<\/p><p>Mango, pesca e ananas: un aroma fruttato ricco e sottile con sfumature distinte, che pu\u00f2 sostituire il dessert nelle riunioni con gli amici e offrire un altro rituale rilassante.<\/p><h2>Specifiche del Bang Leader 80000 Kiwi Passion Fruit Guava &amp; Lychee Ice &amp; Mango Peach Pineapple 3 in 1 :<\/h2><p>Numero di soffi: ogni Bang Leader 80000 Kiwi Passion Fruit Guava &amp; Lychee Ice &amp; Mango Peach Pineapple offre fino a 80000 soffi, per un uso duraturo.<\/p><p>Capacit\u00e0: 78 ml di liquido in tre serbatoi indipendenti da 26 ml.<\/p><p>Batteria: 850 mAh ricaricabile, compatibile con la ricarica rapida Type-C, per un tempo di ricarica di circa 60 minuti.<\/p><p>Concentrazione di nicotina: 0 %, 2 %, 3 % e 5 % di nicotina sono disponibili per soddisfare le esigenze di ogni utente.<\/p><p>Resistenza a rete: resistenza a rete da 1,0 \u03a9 per un riscaldamento uniforme e un vapore omogeneo.<\/p><h2>Caratteristiche del Bang Leader 80000 Kiwi Passion Fruit Guava &amp; Lychee Ice &amp; Mango Peach Pineappe 3 in 1 :<\/h2><p>Sistema a triplo aroma: dotato di tre serbatoi indipendenti, il selettore di aroma consente di cambiare facilmente aroma, evitando la monotonia di un unico aroma.<\/p><p>Resistenza a rete ad alte prestazioni: la resistenza a rete da 1,0 \u03a9 offre un vapore omogeneo e un sapore ricco, garantendo una svapata costante ad ogni boccata.<\/p><p>Design ricaricabile: batteria da 850 mAh con ricarica rapida di tipo C, che riduce i tempi di inattivit\u00e0 e prolunga la durata della batteria.<\/p><p>Design ergonomico: portatile, leggero e comodo da tenere in mano, adatto al trasporto quotidiano e all'uso frequente.<\/p><p>Varie opzioni di nicotina: da quella senza nicotina (0 %) a quella ad alta concentrazione (5 %), adatte sia ai principianti che ai vapers esperti.<\/p><p>Caratteristiche di sicurezza: protezione integrata da sovraccarico, cortocircuito e bassa tensione per un funzionamento sicuro.<\/p>\t\t\t\t\t\t\t\t<\/div>\n\t\t\t\t<\/div>\n\t\t\t\t\t<\/div>\n\t\t\t\t<\/div>\n\t\t\t\t<\/div>","protected":false},"excerpt":{"rendered":"<p>Si vous aimez les ar\u00f4mes fruit\u00e9s riches et souhaitez d\u00e9couvrir des saveurs tropicales complexes, rafra\u00eechissantes et intenses, ce Bang Leader 80000 3 en 1 est un excellent choix. Kiwi, Fruit de la Passion, Goyave\u00a0: La douceur subtile m\u00eal\u00e9e aux ar\u00f4mes fruit\u00e9s tropicaux vous offre un pur moment de fra\u00eecheur, comme un verre de jus glac\u00e9 [&hellip;]<\/p>","protected":false},"featured_media":5723,"comment_status":"open","ping_status":"closed","template":"","meta":{"site-sidebar-layout":"no-sidebar","site-content-layout":"page-builder","ast-site-content-layout":"normal-width-container","site-content-style":"default","site-sidebar-style":"default","ast-global-header-display":"","ast-banner-title-visibility":"","ast-main-header-display":"","ast-hfb-above-header-display":"","ast-hfb-below-header-display":"","ast-hfb-mobile-header-display":"","site-post-title":"disabled","ast-breadcrumbs-content":"","ast-featured-img":"disabled","footer-sml-layout":"","theme-transparent-header-meta":"default","adv-header-id-meta":"","stick-header-meta":"default","header-above-stick-meta":"","header-main-stick-meta":"","header-below-stick-meta":"","astra-migrate-meta-layouts":"set","ast-page-background-enabled":"default","ast-page-background-meta":{"desktop":{"background-color":"","background-image":"","background-repeat":"repeat","background-position":"center center","background-size":"auto","background-attachment":"scroll","background-type":"","background-media":"","overlay-type":"","overlay-color":"","overlay-opacity":"","overlay-gradient":""},"tablet":{"background-color":"","background-image":"","background-repeat":"repeat","background-position":"center center","background-size":"auto","background-attachment":"scroll","background-type":"","background-media":"","overlay-type":"","overlay-color":"","overlay-opacity":"","overlay-gradient":""},"mobile":{"background-color":"","background-image":"","background-repeat":"repeat","background-position":"center center","background-size":"auto","background-attachment":"scroll","background-type":"","background-media":"","overlay-type":"","overlay-color":"","overlay-opacity":"","overlay-gradient":""}},"ast-content-background-meta":{"desktop":{"background-color":"var(--ast-global-color-5)","background-image":"","background-repeat":"repeat","background-position":"center center","background-size":"auto","background-attachment":"scroll","background-type":"","background-media":"","overlay-type":"","overlay-color":"","overlay-opacity":"","overlay-gradient":""},"tablet":{"background-color":"var(--ast-global-color-5)","background-image":"","background-repeat":"repeat","background-position":"center center","background-size":"auto","background-attachment":"scroll","background-type":"","background-media":"","overlay-type":"","overlay-color":"","overlay-opacity":"","overlay-gradient":""},"mobile":{"background-color":"var(--ast-global-color-5)","background-image":"","background-repeat":"repeat","background-position":"center center","background-size":"auto","background-attachment":"scroll","background-type":"","background-media":"","overlay-type":"","overlay-color":"","overlay-opacity":"","overlay-gradient":""}}},"product_brand":[53],"product_cat":[54,106,15],"product_tag":[],"class_list":{"0":"post-5852","1":"product","2":"type-product","3":"status-publish","4":"has-post-thumbnail","6":"product_brand-bang-cree-une-cigarette-electronique-plus-confortable","7":"product_cat-bang-leader-80k-dispose-de-trois-reservoirs-de-liquide-independants-integres","8":"product_cat-puff-80k","9":"product_cat-magasin-cigarette-electronique","10":"desktop-align-center","11":"tablet-align-center","12":"mobile-align-center","13":"ast-product-gallery-layout-horizontal","14":"ast-product-gallery-with-no-image","15":"ast-product-single-variable","16":"ast-product-tabs-layout-horizontal","17":"ast-qv-on-image","19":"first","20":"outofstock","21":"sale","22":"shipping-taxable","23":"purchasable","24":"product-type-variable","25":"has-default-attributes"},"tiered_pricing_type":"fixed","tiered_pricing_fixed_rules":{"50":7.24,"100":6.45},"tiered_pricing_product_settings":{"layout":"default","base_unit_name":{"singular":null,"plural":null},"default_variation":null},"tiered_pricing_minimum_quantity":null,"tiered_pricing_roles_data":[],"tiered_pricing_percentage_rules":[],"_links":{"self":[{"href":"https:\/\/puffvapestore.com\/it\/wp-json\/wp\/v2\/product\/5852","targetHints":{"allow":["GET"]}}],"collection":[{"href":"https:\/\/puffvapestore.com\/it\/wp-json\/wp\/v2\/product"}],"about":[{"href":"https:\/\/puffvapestore.com\/it\/wp-json\/wp\/v2\/types\/product"}],"replies":[{"embeddable":true,"href":"https:\/\/puffvapestore.com\/it\/wp-json\/wp\/v2\/comments?post=5852"}],"version-history":[{"count":7,"href":"https:\/\/puffvapestore.com\/it\/wp-json\/wp\/v2\/product\/5852\/revisions"}],"predecessor-version":[{"id":6220,"href":"https:\/\/puffvapestore.com\/it\/wp-json\/wp\/v2\/product\/5852\/revisions\/6220"}],"wp:featuredmedia":[{"embeddable":true,"href":"https:\/\/puffvapestore.com\/it\/wp-json\/wp\/v2\/media\/5723"}],"wp:attachment":[{"href":"https:\/\/puffvapestore.com\/it\/wp-json\/wp\/v2\/media?parent=5852"}],"wp:term":[{"taxonomy":"product_brand","embeddable":true,"href":"https:\/\/puffvapestore.com\/it\/wp-json\/wp\/v2\/product_brand?post=5852"},{"taxonomy":"product_cat","embeddable":true,"href":"https:\/\/puffvapestore.com\/it\/wp-json\/wp\/v2\/product_cat?post=5852"},{"taxonomy":"product_tag","embeddable":true,"href":"https:\/\/puffvapestore.com\/it\/wp-json\/wp\/v2\/product_tag?post=5852"}],"curies":[{"name":"wp","href":"https:\/\/api.w.org\/{rel}","templated":true}]}}