{"id":5815,"date":"2025-07-26T02:28:09","date_gmt":"2025-07-26T02:28:09","guid":{"rendered":"https:\/\/puffvapestore.com\/?post_type=product&#038;p=5815"},"modified":"2026-02-05T03:54:29","modified_gmt":"2026-02-05T03:54:29","slug":"bang-leader-80000-strawberry-watermelon-grape-ice-rainbow-candy","status":"publish","type":"product","link":"https:\/\/puffvapestore.com\/it\/product\/bang-leader-80000-fragola-anguria-uva-ghiaccio-caramelle-arcobaleno\/","title":{"rendered":"Bang Leader 80000 3 in 1 - Fragola, anguria, uva e caramelle arcobaleno"},"content":{"rendered":"<div data-elementor-type=\"wp-post\" data-elementor-id=\"5815\" class=\"elementor elementor-5815\">\n\t\t\t\t<div class=\"elementor-element elementor-element-08c26f9 e-flex e-con-boxed e-con e-parent\" data-id=\"08c26f9\" data-element_type=\"container\" data-e-type=\"container\">\n\t\t\t\t\t<div class=\"e-con-inner\">\n\t\t\t\t<div class=\"elementor-element elementor-element-a005a97 elementor-widget elementor-widget-text-editor\" data-id=\"a005a97\" data-element_type=\"widget\" data-e-type=\"widget\" data-widget_type=\"text-editor.default\">\n\t\t\t\t<div class=\"elementor-widget-container\">\n\t\t\t\t\t\t\t\t\t<p>Tre gusti totalmente diversi e armoniosi: \u00abStrawberry Watermelon\u00bb, \u00abIced Raspberry\u00bb e \u00abRainbow Candy\u00bb sono sapientemente combinati in un'unica sigaretta elettronica. Si possono alternare liberamente a seconda degli stati d'animo e delle scene, come se si stesse controllando un viaggio colorato con la punta delle dita:<\/p><p>Nel pomeriggio, il sole splende sulle rive della Senna a Parigi. Annusate la sigaretta elettronica Bonbon Arc-en-ciel, dolce e saporita, come se steste tornando ai giorni spensierati della vostra infanzia.<\/p><p>La sera, chiacchierate con qualche amico sulla terrazza del bar, regolate il vostro gusto, fumate una sigaretta elettronica aromatizzata alla fragola e all'anguria, fate una leggera boccata, l'aroma fruttato si diffonde sulla punta della lingua e dimenticate il trambusto della citt\u00e0; ;<\/p><p>Rilassatevi da soli sul vostro balcone a tarda sera, ammirando le luci della citt\u00e0 e lasciando che la freschezza della fragranza Raisin Glac\u00e9 vi riempia la gola, regalandovi un momento di pace interiore.<\/p><h2>Specifiche del modello Bang Leader 80000 3 in 1 :<\/h2><p>Numero di soffi: ogni Bang Leader 80000 Strawberry Watermelon &amp; Grape Ice &amp; Rainbow Candy offre fino a 80000 soffi, per un uso duraturo.<\/p><p>Capacit\u00e0: 78 ml di liquido in tre serbatoi indipendenti da 26 ml.<\/p><p>Batteria: 850 mAh ricaricabile, compatibile con la ricarica rapida Type-C, per un tempo di ricarica di circa 60 minuti.<\/p><p>Concentrazione di nicotina: 0 %, 2 %, 3 % e 5 % di nicotina sono disponibili per soddisfare le esigenze di ogni utente.<\/p><p>Resistenza a rete: resistenza a rete da 1,0 \u03a9 per un riscaldamento uniforme e un vapore omogeneo.<\/p><h2>Caratteristiche di Bang Leader 80000 Strawberry Watermelon &amp; Grape Ice &amp; Rainbow Candy 3 in 1 :<\/h2><p>Sistema a triplo aroma: dotato di tre serbatoi indipendenti, il selettore di aroma consente di cambiare facilmente aroma, evitando la monotonia di un unico aroma.<\/p><p>Resistenza a rete ad alte prestazioni: la resistenza a rete da 1,0 \u03a9 offre un vapore omogeneo e un sapore ricco, garantendo una svapata costante ad ogni boccata.<\/p><p>Design ricaricabile: batteria da 850 mAh con ricarica rapida di tipo C, che riduce i tempi di inattivit\u00e0 e prolunga la durata della batteria.<\/p><p>Design ergonomico: portatile, leggero e comodo da tenere in mano, adatto al trasporto quotidiano e all'uso frequente.<\/p><p>Varie opzioni di nicotina: da quella senza nicotina (0 %) a quella ad alta concentrazione (5 %), adatte sia ai principianti che ai vapers esperti.<\/p><p>Caratteristiche di sicurezza: protezione integrata da sovraccarico, cortocircuito e bassa tensione per un funzionamento sicuro.<\/p>\t\t\t\t\t\t\t\t<\/div>\n\t\t\t\t<\/div>\n\t\t\t\t\t<\/div>\n\t\t\t\t<\/div>\n\t\t\t\t<\/div>","protected":false},"excerpt":{"rendered":"<p>Trois saveurs totalement diff\u00e9rentes et harmonieuses\u00a0: \u00ab\u00a0Fraise Past\u00e8que\u00a0\u00bb, \u00ab\u00a0Raspberry Glac\u00e9\u00a0\u00bb et \u00ab\u00a0Bonbon Arc-en-ciel\u00a0\u00bb sont savamment combin\u00e9es dans une seule cigarette \u00e9lectronique. Vous pouvez alterner librement selon vos humeurs et vos sc\u00e8nes, comme si vous contr\u00f4liez un voyage color\u00e9 du bout des doigts\u00a0: L&rsquo;apr\u00e8s-midi, le soleil brille sur les quais de la Seine \u00e0 Paris. Prenez [&hellip;]<\/p>","protected":false},"featured_media":5728,"comment_status":"open","ping_status":"closed","template":"","meta":{"site-sidebar-layout":"no-sidebar","site-content-layout":"page-builder","ast-site-content-layout":"normal-width-container","site-content-style":"default","site-sidebar-style":"default","ast-global-header-display":"","ast-banner-title-visibility":"","ast-main-header-display":"","ast-hfb-above-header-display":"","ast-hfb-below-header-display":"","ast-hfb-mobile-header-display":"","site-post-title":"disabled","ast-breadcrumbs-content":"","ast-featured-img":"disabled","footer-sml-layout":"","theme-transparent-header-meta":"default","adv-header-id-meta":"","stick-header-meta":"default","header-above-stick-meta":"","header-main-stick-meta":"","header-below-stick-meta":"","astra-migrate-meta-layouts":"set","ast-page-background-enabled":"default","ast-page-background-meta":{"desktop":{"background-color":"","background-image":"","background-repeat":"repeat","background-position":"center center","background-size":"auto","background-attachment":"scroll","background-type":"","background-media":"","overlay-type":"","overlay-color":"","overlay-opacity":"","overlay-gradient":""},"tablet":{"background-color":"","background-image":"","background-repeat":"repeat","background-position":"center center","background-size":"auto","background-attachment":"scroll","background-type":"","background-media":"","overlay-type":"","overlay-color":"","overlay-opacity":"","overlay-gradient":""},"mobile":{"background-color":"","background-image":"","background-repeat":"repeat","background-position":"center center","background-size":"auto","background-attachment":"scroll","background-type":"","background-media":"","overlay-type":"","overlay-color":"","overlay-opacity":"","overlay-gradient":""}},"ast-content-background-meta":{"desktop":{"background-color":"var(--ast-global-color-5)","background-image":"","background-repeat":"repeat","background-position":"center center","background-size":"auto","background-attachment":"scroll","background-type":"","background-media":"","overlay-type":"","overlay-color":"","overlay-opacity":"","overlay-gradient":""},"tablet":{"background-color":"var(--ast-global-color-5)","background-image":"","background-repeat":"repeat","background-position":"center center","background-size":"auto","background-attachment":"scroll","background-type":"","background-media":"","overlay-type":"","overlay-color":"","overlay-opacity":"","overlay-gradient":""},"mobile":{"background-color":"var(--ast-global-color-5)","background-image":"","background-repeat":"repeat","background-position":"center center","background-size":"auto","background-attachment":"scroll","background-type":"","background-media":"","overlay-type":"","overlay-color":"","overlay-opacity":"","overlay-gradient":""}}},"product_brand":[53],"product_cat":[54,106,15],"product_tag":[],"class_list":{"0":"post-5815","1":"product","2":"type-product","3":"status-publish","4":"has-post-thumbnail","6":"product_brand-bang-cree-une-cigarette-electronique-plus-confortable","7":"product_cat-bang-leader-80k-dispose-de-trois-reservoirs-de-liquide-independants-integres","8":"product_cat-puff-80k","9":"product_cat-magasin-cigarette-electronique","10":"desktop-align-center","11":"tablet-align-center","12":"mobile-align-center","13":"ast-product-gallery-layout-horizontal","14":"ast-product-gallery-with-no-image","15":"ast-product-single-variable","16":"ast-product-tabs-layout-horizontal","17":"ast-qv-on-image","19":"first","20":"outofstock","21":"sale","22":"shipping-taxable","23":"purchasable","24":"product-type-variable","25":"has-default-attributes"},"tiered_pricing_type":"fixed","tiered_pricing_fixed_rules":{"50":7.24,"100":6.45},"tiered_pricing_product_settings":{"layout":"default","base_unit_name":{"singular":null,"plural":null},"default_variation":null},"tiered_pricing_minimum_quantity":null,"tiered_pricing_roles_data":[],"tiered_pricing_percentage_rules":[],"_links":{"self":[{"href":"https:\/\/puffvapestore.com\/it\/wp-json\/wp\/v2\/product\/5815","targetHints":{"allow":["GET"]}}],"collection":[{"href":"https:\/\/puffvapestore.com\/it\/wp-json\/wp\/v2\/product"}],"about":[{"href":"https:\/\/puffvapestore.com\/it\/wp-json\/wp\/v2\/types\/product"}],"replies":[{"embeddable":true,"href":"https:\/\/puffvapestore.com\/it\/wp-json\/wp\/v2\/comments?post=5815"}],"version-history":[{"count":11,"href":"https:\/\/puffvapestore.com\/it\/wp-json\/wp\/v2\/product\/5815\/revisions"}],"predecessor-version":[{"id":6217,"href":"https:\/\/puffvapestore.com\/it\/wp-json\/wp\/v2\/product\/5815\/revisions\/6217"}],"wp:featuredmedia":[{"embeddable":true,"href":"https:\/\/puffvapestore.com\/it\/wp-json\/wp\/v2\/media\/5728"}],"wp:attachment":[{"href":"https:\/\/puffvapestore.com\/it\/wp-json\/wp\/v2\/media?parent=5815"}],"wp:term":[{"taxonomy":"product_brand","embeddable":true,"href":"https:\/\/puffvapestore.com\/it\/wp-json\/wp\/v2\/product_brand?post=5815"},{"taxonomy":"product_cat","embeddable":true,"href":"https:\/\/puffvapestore.com\/it\/wp-json\/wp\/v2\/product_cat?post=5815"},{"taxonomy":"product_tag","embeddable":true,"href":"https:\/\/puffvapestore.com\/it\/wp-json\/wp\/v2\/product_tag?post=5815"}],"curies":[{"name":"wp","href":"https:\/\/api.w.org\/{rel}","templated":true}]}}