{"id":5751,"date":"2025-07-24T11:00:28","date_gmt":"2025-07-24T11:00:28","guid":{"rendered":"https:\/\/puffvapestore.com\/?post_type=product&#038;p=5751"},"modified":"2026-02-05T03:54:29","modified_gmt":"2026-02-05T03:54:29","slug":"bang-leader-80000-avec-78ml-de-liquide","status":"publish","type":"product","link":"https:\/\/puffvapestore.com\/it\/product\/bang-leader-80000-con-78-ml-di-liquido\/","title":{"rendered":"Bang Leader 80K 3-in-1: 80000 boccate di fumo, 78 ml di e-liquid, batteria ricaricabile da 850 mAh e resistenza a maglia"},"content":{"rendered":"<div data-elementor-type=\"wp-post\" data-elementor-id=\"5751\" class=\"elementor elementor-5751\">\n\t\t\t\t<div class=\"elementor-element elementor-element-08c26f9 e-flex e-con-boxed e-con e-parent\" data-id=\"08c26f9\" data-element_type=\"container\" data-e-type=\"container\">\n\t\t\t\t\t<div class=\"e-con-inner\">\n\t\t\t\t<div class=\"elementor-element elementor-element-a005a97 elementor-widget elementor-widget-text-editor\" data-id=\"a005a97\" data-element_type=\"widget\" data-e-type=\"widget\" data-widget_type=\"text-editor.default\">\n\t\t\t\t<div class=\"elementor-widget-container\">\n\t\t\t\t\t\t\t\t\t<h2>Specifiche del modello Bang Leader 80000 3 in 1 :<\/h2><p>Numero di soffi: ogni Bang Leader 80000 offre fino a 80000 soffi, per un uso duraturo.<\/p><p>Capacit\u00e0: 78 ml di liquido in tre serbatoi indipendenti da 26 ml.<\/p><p>Batteria: 850 mAh ricaricabile, compatibile con la ricarica rapida Type-C, per un tempo di ricarica di circa 60 minuti.<\/p><p>Concentrazione di nicotina: 0 %, 2 %, 3 % e 5 % di nicotina sono disponibili per soddisfare le esigenze di ogni utente.<\/p><p>Resistenza a rete: resistenza a rete da 1,0 \u03a9 per un riscaldamento uniforme e un vapore omogeneo.<\/p><h2>Caratteristiche del modello Bang Leader 80000 3 in 1 :<\/h2><p>Sistema a triplo aroma: dotato di tre serbatoi indipendenti, il selettore di aroma consente di cambiare facilmente aroma, evitando la monotonia di un unico aroma.<\/p><p>Resistenza a rete ad alte prestazioni: la resistenza a rete da 1,0 \u03a9 offre un vapore omogeneo e un sapore ricco, garantendo una svapata costante ad ogni boccata.<\/p><p>Design ricaricabile: batteria da 850 mAh con ricarica rapida di tipo C, che riduce i tempi di inattivit\u00e0 e prolunga la durata della batteria.<\/p><p>Design ergonomico: portatile, leggero e comodo da tenere in mano, adatto al trasporto quotidiano e all'uso frequente.<\/p><p>Varie opzioni di nicotina: da quella senza nicotina (0 %) a quella ad alta concentrazione (5 %), adatte sia ai principianti che ai vapers esperti.<\/p><p>Caratteristiche di sicurezza: protezione integrata da sovraccarico, cortocircuito e bassa tensione per un funzionamento sicuro.<\/p><h2>Il modello Bang Leader 80K 3-in-1 offre 12 combinazioni di sapori unici<\/h2><p>La sigaretta elettronica Bang Leader 80K 3-in-1 offre 12 combinazioni di aromi unici, abbinati a vari ingredienti come frutta, gelato, dessert e bevande, per soddisfare le esigenze di ogni utente.<\/p><p>\u00abAvocado Ice &amp; Lemon Lime &amp; Watermelon Raspberry\u00bb: questa combinazione di sapori combina il gusto cremoso del gelato all'avocado, l'acidit\u00e0 rinfrescante del limone e del lime e l'aroma dolce e fruttato dell'anguria e del lampone, per un'esperienza equilibrata di freschezza e fruttuosit\u00e0.<\/p><p>\u00abBlueberry Ice &amp; Black Dragon Ice &amp; Mango Peach\u00bb: il rinfrescante gelato al mirtillo incontra il misterioso gelato alla pitaya, unito al sapore tropicale della pesca al mango, per una combinazione unica di freschezza e freschezza fruttata.<\/p><p>\u00abGelato al mirtillo, fragola, banana e frutti di bosco: la freschezza del gelato al mirtillo si combina con il sapore dolce-latteo della fragola e della banana e con il gusto ricco e fruttato dei frutti di bosco, ricchi di sfumature e prorompenti di aromi fruttati.<\/p><p>\u00abMirtillo, anguria e fragola, mango e ribes nero: la dolcezza del mirtillo e dell'anguria completa il sapore tropicale della fragola e del mango, mentre l'acidit\u00e0 del ribes nero aggiunge profondit\u00e0.<\/p><p>\u2018Cola Ice &amp; Blueberry Raspberry &amp; Peach Mango Watermelon\u2019: questa cola ghiacciata offre il classico sapore della soda, dove l'acidit\u00e0 del mirtillo lampone contrasta con la dolcezza tropicale della pesca mango anguria.<\/p><p>\u2018Kiwi Passion Fruit Guava &amp; Lychee Ice &amp; Mango Peach Pineapple\u2019: la combinazione tropicale di kiwi, frutto della passione e guava, con la freschezza del gelato al litchi e la dolcezza del mango e della pesca ananas, offre uno stile esotico.<\/p><p>\u2018Raspberry Mojito Peach Ice &amp; Strawberry Watermelon &amp; Kiwi Passion Fruit Guava\u2019: la freschezza del mojito al lampone e del ghiaccio alla pesca, combinata con l'anguria alla fragola e il kiwi al frutto della passione, crea una sensazione fruttata e rinfrescante a pi\u00f9 livelli.<\/p><p>\u2018Red Bull &amp; Blueberry Watermelon &amp; Apple Pear\u2019: il sapore della bevanda energetica Red Bull si combina con la dolcezza dell'anguria al mirtillo e l'aroma vivace e fruttato della pera alla mela, per una sensazione piena di vitalit\u00e0.<\/p><p>\u00abRed Bull &amp; Watermelon Bubble Candy &amp; Strawberry Ice Cream\u00bb: l'euforia della Red Bull \u00e8 combinata con la dolcezza del bubble-gum all'anguria e il sapore lattiginoso del gelato alla fragola, per un risultato dolce e delizioso.<\/p><p>\u00abStrawberry Kiwi &amp; Peach Ice &amp; Cherry Cola\u00bb: la dolcezza del kiwi alla fragola, la freschezza del gelato alla pesca e il gusto classico della cherry cola creano una combinazione unica di aromi fruttati e soda.<\/p><p>\u00abAnguria alla fragola, gelato all'uva e caramelle arcobaleno\u00bb: la dolcezza dell'anguria alla fragola, la freschezza del gelato all'uva e la dolcezza colorata delle caramelle arcobaleno creano una combinazione fruttata e rinfrescante.<\/p><p>\u00abWatermelon Ice &amp; Strawberry Mango &amp; Banana\u00bb: la freschezza del ghiaccio dell'anguria, la dolcezza tropicale del mango alla fragola e l'aroma lattiginoso della banana, per un gusto cremoso e un ricco sapore fruttato.<\/p>\t\t\t\t\t\t\t\t<\/div>\n\t\t\t\t<\/div>\n\t\t\t\t\t<\/div>\n\t\t\t\t<\/div>\n\t\t\t\t<\/div>","protected":false},"excerpt":{"rendered":"<p>Sp\u00e9cifications du Bang Leader 80000 3 en 1\u00a0: Nombre de bouff\u00e9es\u00a0: Chaque Bang Leader 80000 offre jusqu\u2019\u00e0 80000 bouff\u00e9es, pour une utilisation longue dur\u00e9e. Capacit\u00e9\u00a0: 78\u00a0ml de liquide, r\u00e9partis dans trois r\u00e9servoirs ind\u00e9pendants de 26\u00a0ml. Batterie\u00a0: Batterie rechargeable de 850\u00a0mAh, compatible avec la charge rapide Type-C, pour une dur\u00e9e de charge d\u2019environ 60\u00a0minutes. Concentration en [&hellip;]<\/p>\n","protected":false},"featured_media":5730,"comment_status":"open","ping_status":"closed","template":"","meta":{"site-sidebar-layout":"no-sidebar","site-content-layout":"page-builder","ast-site-content-layout":"normal-width-container","site-content-style":"default","site-sidebar-style":"default","ast-global-header-display":"","ast-banner-title-visibility":"","ast-main-header-display":"","ast-hfb-above-header-display":"","ast-hfb-below-header-display":"","ast-hfb-mobile-header-display":"","site-post-title":"disabled","ast-breadcrumbs-content":"","ast-featured-img":"disabled","footer-sml-layout":"","theme-transparent-header-meta":"default","adv-header-id-meta":"","stick-header-meta":"default","header-above-stick-meta":"","header-main-stick-meta":"","header-below-stick-meta":"","astra-migrate-meta-layouts":"set","ast-page-background-enabled":"default","ast-page-background-meta":{"desktop":{"background-color":"","background-image":"","background-repeat":"repeat","background-position":"center center","background-size":"auto","background-attachment":"scroll","background-type":"","background-media":"","overlay-type":"","overlay-color":"","overlay-opacity":"","overlay-gradient":""},"tablet":{"background-color":"","background-image":"","background-repeat":"repeat","background-position":"center center","background-size":"auto","background-attachment":"scroll","background-type":"","background-media":"","overlay-type":"","overlay-color":"","overlay-opacity":"","overlay-gradient":""},"mobile":{"background-color":"","background-image":"","background-repeat":"repeat","background-position":"center center","background-size":"auto","background-attachment":"scroll","background-type":"","background-media":"","overlay-type":"","overlay-color":"","overlay-opacity":"","overlay-gradient":""}},"ast-content-background-meta":{"desktop":{"background-color":"var(--ast-global-color-5)","background-image":"","background-repeat":"repeat","background-position":"center center","background-size":"auto","background-attachment":"scroll","background-type":"","background-media":"","overlay-type":"","overlay-color":"","overlay-opacity":"","overlay-gradient":""},"tablet":{"background-color":"var(--ast-global-color-5)","background-image":"","background-repeat":"repeat","background-position":"center center","background-size":"auto","background-attachment":"scroll","background-type":"","background-media":"","overlay-type":"","overlay-color":"","overlay-opacity":"","overlay-gradient":""},"mobile":{"background-color":"var(--ast-global-color-5)","background-image":"","background-repeat":"repeat","background-position":"center center","background-size":"auto","background-attachment":"scroll","background-type":"","background-media":"","overlay-type":"","overlay-color":"","overlay-opacity":"","overlay-gradient":""}}},"product_brand":[53],"product_cat":[54,106,15],"product_tag":[],"class_list":{"0":"post-5751","1":"product","2":"type-product","3":"status-publish","4":"has-post-thumbnail","6":"product_brand-bang-cree-une-cigarette-electronique-plus-confortable","7":"product_cat-bang-leader-80k-dispose-de-trois-reservoirs-de-liquide-independants-integres","8":"product_cat-puff-80k","9":"product_cat-magasin-cigarette-electronique","10":"desktop-align-center","11":"tablet-align-center","12":"mobile-align-center","13":"ast-product-gallery-layout-horizontal","14":"ast-product-single-variable","15":"ast-product-tabs-layout-horizontal","16":"ast-qv-on-image","18":"first","19":"outofstock","20":"sale","21":"shipping-taxable","22":"purchasable","23":"product-type-variable","24":"has-default-attributes"},"tiered_pricing_type":"fixed","tiered_pricing_fixed_rules":{"50":7.24,"100":6.45},"tiered_pricing_product_settings":{"layout":"default","base_unit_name":{"singular":null,"plural":null},"default_variation":null},"tiered_pricing_minimum_quantity":null,"tiered_pricing_roles_data":[],"tiered_pricing_percentage_rules":[],"_links":{"self":[{"href":"https:\/\/puffvapestore.com\/it\/wp-json\/wp\/v2\/product\/5751","targetHints":{"allow":["GET"]}}],"collection":[{"href":"https:\/\/puffvapestore.com\/it\/wp-json\/wp\/v2\/product"}],"about":[{"href":"https:\/\/puffvapestore.com\/it\/wp-json\/wp\/v2\/types\/product"}],"replies":[{"embeddable":true,"href":"https:\/\/puffvapestore.com\/it\/wp-json\/wp\/v2\/comments?post=5751"}],"version-history":[{"count":7,"href":"https:\/\/puffvapestore.com\/it\/wp-json\/wp\/v2\/product\/5751\/revisions"}],"predecessor-version":[{"id":5814,"href":"https:\/\/puffvapestore.com\/it\/wp-json\/wp\/v2\/product\/5751\/revisions\/5814"}],"wp:featuredmedia":[{"embeddable":true,"href":"https:\/\/puffvapestore.com\/it\/wp-json\/wp\/v2\/media\/5730"}],"wp:attachment":[{"href":"https:\/\/puffvapestore.com\/it\/wp-json\/wp\/v2\/media?parent=5751"}],"wp:term":[{"taxonomy":"product_brand","embeddable":true,"href":"https:\/\/puffvapestore.com\/it\/wp-json\/wp\/v2\/product_brand?post=5751"},{"taxonomy":"product_cat","embeddable":true,"href":"https:\/\/puffvapestore.com\/it\/wp-json\/wp\/v2\/product_cat?post=5751"},{"taxonomy":"product_tag","embeddable":true,"href":"https:\/\/puffvapestore.com\/it\/wp-json\/wp\/v2\/product_tag?post=5751"}],"curies":[{"name":"wp","href":"https:\/\/api.w.org\/{rel}","templated":true}]}}