{"id":5707,"date":"2025-07-26T01:00:44","date_gmt":"2025-07-26T01:00:44","guid":{"rendered":"https:\/\/puffvapestore.com\/?post_type=product&#038;p=5707"},"modified":"2026-01-19T10:54:35","modified_gmt":"2026-01-19T10:54:35","slug":"peach-mango-blue-razz-cherry-cool-mint-bang-king-85k-le-petit-bonheur-dont-vous-avez-besoin","status":"publish","type":"product","link":"https:\/\/puffvapestore.com\/it\/product\/pesca-mango-blu-razz-ciliegia-menta-fresca-bang-king-85k-la-piccola-felicita-di-cui-hai-bisogno\/","title":{"rendered":"Peach Mango &amp; Blue Razz Cherry &amp; Cool Mint - Bang King Triplo 85000 3 in 1"},"content":{"rendered":"<div data-elementor-type=\"wp-post\" data-elementor-id=\"5707\" class=\"elementor elementor-5707\">\n\t\t\t\t<div class=\"elementor-element elementor-element-08c26f9 e-flex e-con-boxed e-con e-parent\" data-id=\"08c26f9\" data-element_type=\"container\" data-e-type=\"container\">\n\t\t\t\t\t<div class=\"e-con-inner\">\n\t\t\t\t<div class=\"elementor-element elementor-element-a005a97 elementor-widget elementor-widget-text-editor\" data-id=\"a005a97\" data-element_type=\"widget\" data-e-type=\"widget\" data-widget_type=\"text-editor.default\">\n\t\t\t\t<div class=\"elementor-widget-container\">\n\t\t\t\t\t\t\t\t\t<p>Tre gusti, tre esperienze emozionali, per trovare il gusto pi\u00f9 adatto al vostro umore:<\/p><p>Peach Mango: un aroma fruttato, come se ci si trovasse in un frutteto soleggiato nel sud della Francia, sgranocchiando un mango maturo, seguito dalla dolcezza della pesca. In un pomeriggio di fine settimana sul vostro balcone, aprite un libro, inalate profondamente il fumo profumato di Peach Mango e il vostro corpo sar\u00e0 avvolto da un dolce aroma fruttato.<\/p><p>Blue Razz Cerise: una combinazione fruttata pi\u00f9 audace, con note dolci e aspre e sfumature distinte. Come se ci si trovasse in una piccola mostra d'arte per le strade di Parigi, ogni soffio di Blue Razz Cerise ispira una nuova ispirazione. Ideale per un tranquillo momento di relax, da soli al caff\u00e8.<\/p><p>Menta fresca: fresca e pura, come la brezza del mattino sulla Valle della Loira. La freschezza della menta risveglia immediatamente i sensi, portando calma e serenit\u00e0. Soprattutto quando si passeggia la sera o si lavora, annusate Fresh Mint: la sua freschezza leggera \u00e8 proprio ci\u00f2 di cui avete bisogno.<\/p><p>\u00abPeach Mango\u00bb, \u00abBlue Razz Cherry\u00bb, \u00abFresh Mint\u00bb: tre gusti, tre stati d'animo, tutti in un'unica sigaretta elettronica.<\/p><p>Il modello Bang King 85000 Peach Mango &amp; Blue Razz Cherry &amp; Cool Mint 3 in 1 Triple Flavour \u00e8 dotato di una batteria al litio ricaricabile da 600 mAh ad alte prestazioni e supporta la ricarica rapida tramite USB-C, offrendo un'esperienza di svapo stabile e duratura. Anche gli utenti pi\u00f9 assidui possono facilmente gestire l'uso quotidiano senza dover ricorrere a ricariche frequenti.<\/p><p>Dotato di un display OLED intelligente ad alta definizione, mostra il livello della batteria e la quantit\u00e0 di e-liquid rimanente in tempo reale. Gli utenti possono visualizzare in modo intuitivo lo stato del dispositivo, consentendo loro di ricaricare in anticipo e di cambiare aroma a piacimento.<\/p><h2>Tre gusti in una sola macchina<\/h2><p>Il modello Bang King 85000 Peach Mango &amp; Blue Razz Cherry &amp; Cool Mint \u00e8 dotato di un serbatoio originale con tre e-liquid, ognuno dei quali pu\u00f2 essere iniettato indipendentemente con diversi gusti di e-liquid, per una capacit\u00e0 totale fino a 63 ml (21 ml per serbatoio). Il selettore di aromi consente di cambiare liberamente aroma in qualsiasi momento, senza cambiare il dispositivo o la cartuccia, per soddisfare ogni esigenza.<\/p><p>Ogni sigaretta elettronica Bang King Triple 85000 Peach Mango &amp; Blue Razz Cherry &amp; Cool Mint offre fino a 85.000 boccate di fumo e ogni aroma circa 28.300 boccate indipendenti. Versatile e durevole, \u00e8 la sigaretta elettronica ad alta capacit\u00e0 leader sul mercato.<\/p><h2>Tre serie di resistenze indipendenti a maglia da 1,0 \u03a9<\/h2><p>L'Bang King 85000 Peach Mango &amp; Blue Razz Cherry &amp; Cool Mint 3 in 1 Triple Flavor \u00e8 dotato di tre serie di resistenze integrate indipendenti a maglia da 1,0 \u03a9, che alimentano i rispettivi serbatoi con e-liquid, preservando la purezza di ciascun aroma e migliorando l'uniformit\u00e0 di atomizzazione e la ricchezza del gusto. Grazie all'assenza di miscelazione dei sapori, \u00e8 la scelta ideale per un'esperienza di gusto ottimale.<\/p><h2>Diverse opzioni di concentrazione di nicotina<\/h2><p>Per soddisfare le esigenze di ogni utente, Bang King Triple 85000 Peach Mango &amp; Blue Razz Cherry &amp; Cool Mint offre quattro opzioni di concentrazione di nicotina:<\/p><p>0 % (versione senza nicotina, ideale per gli appassionati di sigarette elettroniche che desiderano un'esperienza di gusto ottimale)<\/p><p>2 %, 3 %, 5 % (diverse concentrazioni di nicotina disponibili)<\/p><p>Scegliete l'intensit\u00e0 che pi\u00f9 vi aggrada, da una facile riduzione a un gusto rinfrescante e soddisfacente.<\/p><p>In viaggio, a una festa o a casa, la grande capacit\u00e0 e la selezione di gusti del modello Bang King Triple 85000 si adattano a ogni esigenza, in qualsiasi ambiente. Grazie a un design industriale raffinato e a un'ingegneria ergonomica, unisce funzionalit\u00e0 e fascino estetico.<\/p><h2>Specifiche del Bang King 85000 3 in 1 Triple Flavour<\/h2><p>Volume massimo di soffi: 85.000 soffi (circa 28.300 soffi per aroma)<\/p><p>Capacit\u00e0 totale e-liquid: 63 ml (3 x 21 ml)<\/p><p>Capacit\u00e0 della batteria: 600 mAh, ricaricabile<\/p><p>Ricarica rapida: interfaccia USB-C<\/p><p>Configurazione dei resistori: tre serie di resistenze indipendenti a maglia da 1,0 \u03a9<\/p><p>Opzioni di concentrazione di nicotina: 0 %, 2 %, 3 %, 5 %<\/p><p>Funzione di visualizzazione: schermo OLED (visualizza la carica della batteria e la quantit\u00e0 di e-liquid rimanente)<\/p><p>Caratteristiche principali: facile passaggio da un gusto all'altro, senza sovrapposizioni di sapori.<\/p>\t\t\t\t\t\t\t\t<\/div>\n\t\t\t\t<\/div>\n\t\t\t\t\t<\/div>\n\t\t\t\t<\/div>\n\t\t\t\t<\/div>","protected":false},"excerpt":{"rendered":"<p>Trois saveurs, trois exp\u00e9riences \u00e9motionnelles, pour trouver la saveur qui vous convient le mieux selon votre humeur\u00a0: P\u00eache Mangue\u00a0: Ar\u00f4me fruit\u00e9, comme si vous \u00e9tiez dans un verger ensoleill\u00e9 du sud de la France, croquant une mangue m\u00fbre, suivi de la douceur de la p\u00eache. Un apr\u00e8s-midi de week-end sur votre balcon, ouvrez un livre, [&hellip;]<\/p>","protected":false},"featured_media":5397,"comment_status":"open","ping_status":"closed","template":"","meta":{"site-sidebar-layout":"no-sidebar","site-content-layout":"page-builder","ast-site-content-layout":"normal-width-container","site-content-style":"default","site-sidebar-style":"default","ast-global-header-display":"","ast-banner-title-visibility":"","ast-main-header-display":"","ast-hfb-above-header-display":"","ast-hfb-below-header-display":"","ast-hfb-mobile-header-display":"","site-post-title":"disabled","ast-breadcrumbs-content":"","ast-featured-img":"disabled","footer-sml-layout":"","theme-transparent-header-meta":"default","adv-header-id-meta":"","stick-header-meta":"default","header-above-stick-meta":"","header-main-stick-meta":"","header-below-stick-meta":"","astra-migrate-meta-layouts":"set","ast-page-background-enabled":"default","ast-page-background-meta":{"desktop":{"background-color":"","background-image":"","background-repeat":"repeat","background-position":"center center","background-size":"auto","background-attachment":"scroll","background-type":"","background-media":"","overlay-type":"","overlay-color":"","overlay-opacity":"","overlay-gradient":""},"tablet":{"background-color":"","background-image":"","background-repeat":"repeat","background-position":"center center","background-size":"auto","background-attachment":"scroll","background-type":"","background-media":"","overlay-type":"","overlay-color":"","overlay-opacity":"","overlay-gradient":""},"mobile":{"background-color":"","background-image":"","background-repeat":"repeat","background-position":"center center","background-size":"auto","background-attachment":"scroll","background-type":"","background-media":"","overlay-type":"","overlay-color":"","overlay-opacity":"","overlay-gradient":""}},"ast-content-background-meta":{"desktop":{"background-color":"var(--ast-global-color-5)","background-image":"","background-repeat":"repeat","background-position":"center center","background-size":"auto","background-attachment":"scroll","background-type":"","background-media":"","overlay-type":"","overlay-color":"","overlay-opacity":"","overlay-gradient":""},"tablet":{"background-color":"var(--ast-global-color-5)","background-image":"","background-repeat":"repeat","background-position":"center center","background-size":"auto","background-attachment":"scroll","background-type":"","background-media":"","overlay-type":"","overlay-color":"","overlay-opacity":"","overlay-gradient":""},"mobile":{"background-color":"var(--ast-global-color-5)","background-image":"","background-repeat":"repeat","background-position":"center center","background-size":"auto","background-attachment":"scroll","background-type":"","background-media":"","overlay-type":"","overlay-color":"","overlay-opacity":"","overlay-gradient":""}}},"product_brand":[52],"product_cat":[51,107,15],"product_tag":[],"class_list":{"0":"post-5707","1":"product","2":"type-product","3":"status-publish","4":"has-post-thumbnail","6":"product_brand-bang-king","7":"product_cat-bang-king-triple-85000-trois-saveurs-en-une","8":"product_cat-puff-85k","9":"product_cat-magasin-cigarette-electronique","10":"desktop-align-center","11":"tablet-align-center","12":"mobile-align-center","13":"ast-product-gallery-layout-horizontal","14":"ast-product-gallery-with-no-image","15":"ast-product-single-variable","16":"ast-product-tabs-layout-horizontal","17":"ast-qv-on-image","19":"first","20":"instock","21":"sale","22":"shipping-taxable","23":"purchasable","24":"product-type-variable","25":"has-default-attributes"},"tiered_pricing_type":"fixed","tiered_pricing_fixed_rules":[],"tiered_pricing_product_settings":{"layout":"default","base_unit_name":{"singular":null,"plural":null},"default_variation":null},"tiered_pricing_minimum_quantity":null,"tiered_pricing_roles_data":[],"tiered_pricing_percentage_rules":[],"_links":{"self":[{"href":"https:\/\/puffvapestore.com\/it\/wp-json\/wp\/v2\/product\/5707","targetHints":{"allow":["GET"]}}],"collection":[{"href":"https:\/\/puffvapestore.com\/it\/wp-json\/wp\/v2\/product"}],"about":[{"href":"https:\/\/puffvapestore.com\/it\/wp-json\/wp\/v2\/types\/product"}],"replies":[{"embeddable":true,"href":"https:\/\/puffvapestore.com\/it\/wp-json\/wp\/v2\/comments?post=5707"}],"version-history":[{"count":8,"href":"https:\/\/puffvapestore.com\/it\/wp-json\/wp\/v2\/product\/5707\/revisions"}],"predecessor-version":[{"id":10710,"href":"https:\/\/puffvapestore.com\/it\/wp-json\/wp\/v2\/product\/5707\/revisions\/10710"}],"wp:featuredmedia":[{"embeddable":true,"href":"https:\/\/puffvapestore.com\/it\/wp-json\/wp\/v2\/media\/5397"}],"wp:attachment":[{"href":"https:\/\/puffvapestore.com\/it\/wp-json\/wp\/v2\/media?parent=5707"}],"wp:term":[{"taxonomy":"product_brand","embeddable":true,"href":"https:\/\/puffvapestore.com\/it\/wp-json\/wp\/v2\/product_brand?post=5707"},{"taxonomy":"product_cat","embeddable":true,"href":"https:\/\/puffvapestore.com\/it\/wp-json\/wp\/v2\/product_cat?post=5707"},{"taxonomy":"product_tag","embeddable":true,"href":"https:\/\/puffvapestore.com\/it\/wp-json\/wp\/v2\/product_tag?post=5707"}],"curies":[{"name":"wp","href":"https:\/\/api.w.org\/{rel}","templated":true}]}}