{"id":5696,"date":"2025-07-24T07:51:02","date_gmt":"2025-07-24T07:51:02","guid":{"rendered":"https:\/\/puffvapestore.com\/?post_type=product&#038;p=5696"},"modified":"2026-01-19T10:54:36","modified_gmt":"2026-01-19T10:54:36","slug":"blue-razz-ice-strawberry-watermelon-watermelon-ice-bang-king-85000-3-en-1","status":"publish","type":"product","link":"https:\/\/puffvapestore.com\/it\/product\/blue-razz-ice-fragola-anguria-ghiaccio-bang-king-85000-3-in-1\/","title":{"rendered":"Blue Razz Ice &amp; Strawberry Watermelon &amp; Watermelon Ice - Bang King Triplo 85000 3 in 1"},"content":{"rendered":"<div data-elementor-type=\"wp-post\" data-elementor-id=\"5696\" class=\"elementor elementor-5696\">\n\t\t\t\t<div class=\"elementor-element elementor-element-08c26f9 e-flex e-con-boxed e-con e-parent\" data-id=\"08c26f9\" data-element_type=\"container\" data-e-type=\"container\">\n\t\t\t\t\t<div class=\"e-con-inner\">\n\t\t\t\t<div class=\"elementor-element elementor-element-a005a97 elementor-widget elementor-widget-text-editor\" data-id=\"a005a97\" data-element_type=\"widget\" data-e-type=\"widget\" data-widget_type=\"text-editor.default\">\n\t\t\t\t<div class=\"elementor-widget-container\">\n\t\t\t\t\t\t\t\t\t<p>Il gusto Blue Razz Ice offre un potente aroma di mirtillo e lampone, unito a un tocco di menta fresca, come un bicchiere di succo ghiacciato sulla spiaggia di Marsiglia in estate, che dissipa immediatamente il calore. Il gusto Strawberry Watermelon \u00e8 una dolcezza morbida e complessa, dove la dolcezza delle fragole e la freschezza dell'anguria si mescolano in bocca, come nei campi della Provenza, dove il sole splende attraverso l'ombra degli alberi e la dolcezza \u00e8 onnipresente. L'aroma Iced Watermelon \u00e8 ancora pi\u00f9 fresco e puro e combina perfettamente il gusto succoso dell'anguria con la sua freschezza. Dopo un solo sorso, vi sembrer\u00e0 di essere sulla Senna a Parigi, cullati dalla brezza e rilassati.<\/p><p>\u00c8 sufficiente utilizzare il selettore di aromi della sigaretta elettronica per scegliere tra i tre gusti disponibili e soddisfare le vostre voglie pi\u00f9 esigenti. La vita offre pi\u00f9 di un sapore e la sigaretta elettronica non dovrebbe offrire una sola scelta.<\/p><p>L'Bang King 85000 Blue Razz Ice &amp; Strawberry Watermelon &amp; Watermelon Ice 3 in 1 Triple Flavour \u00e8 dotato di una batteria al litio ricaricabile da 600 mAh ad alte prestazioni e supporta la ricarica rapida tramite USB-C, offrendo un'esperienza di svapo stabile e duratura. Anche gli utenti pi\u00f9 assidui possono facilmente gestire l'uso quotidiano senza dover ricorrere a ricariche frequenti.<\/p><p>Dotato di un display OLED intelligente ad alta definizione, mostra il livello della batteria e la quantit\u00e0 di e-liquid rimanente in tempo reale. Gli utenti possono visualizzare in modo intuitivo lo stato del dispositivo, consentendo loro di ricaricare in anticipo e di cambiare aroma a piacimento.<\/p><h2>Tre gusti in una sola macchina<\/h2><p>La Bang King 85000 Blue Razz Ice &amp; Strawberry Watermelon &amp; Watermelon Ice \u00e8 dotata di un serbatoio originale con tre e-liquid, ognuno dei quali pu\u00f2 essere iniettato indipendentemente con diversi gusti di e-liquid, per una capacit\u00e0 totale fino a 63 ml (21 ml per serbatoio). Il selettore di aromi consente di cambiare liberamente aroma in qualsiasi momento, senza cambiare il dispositivo o la cartuccia, per soddisfare ogni esigenza.<\/p><p>Ogni sigaretta elettronica Bang King Triple 85000 Blue Razz Ice &amp; Strawberry Watermelon &amp; Watermelon Ice offre fino a 85.000 boccate di fumo e ogni aroma circa 28.300 boccate indipendenti. Versatile e durevole, \u00e8 la sigaretta elettronica ad alta capacit\u00e0 leader sul mercato.<\/p><h2>Tre serie di resistenze indipendenti a maglia da 1,0 \u03a9<\/h2><p>L'Bang King 85000 Blue Razz Ice &amp; Strawberry Watermelon &amp; Watermelon Ice 3 in 1 Triple Flavor \u00e8 dotato di tre serie di resistenze integrate indipendenti a maglia da 1,0 \u03a9, che alimentano i rispettivi serbatoi con e-liquid, preservando la purezza di ciascun aroma e migliorando l'uniformit\u00e0 di atomizzazione e la ricchezza del gusto. Grazie all'assenza di miscelazione dei sapori, \u00e8 la scelta ideale per un'esperienza di gusto ottimale.<\/p><h2>Diverse opzioni di concentrazione di nicotina<\/h2><p>Per soddisfare le esigenze di ogni utente, Bang King Triple 85000 Blue Razz Ice &amp; Strawberry Watermelon &amp; Watermelon Ice offre quattro opzioni di concentrazione di nicotina:<\/p><p>0 % (versione senza nicotina, ideale per gli appassionati di sigarette elettroniche che desiderano un'esperienza di gusto ottimale)<\/p><p>2 %, 3 %, 5 % (diverse concentrazioni di nicotina disponibili)<\/p><p>Scegliete l'intensit\u00e0 che pi\u00f9 vi aggrada, da una facile riduzione a un gusto rinfrescante e soddisfacente.<\/p><p>In viaggio, a una festa o a casa, la grande capacit\u00e0 e la selezione di gusti dell'Bang King Triple 85000 Blue Razz Ice &amp; Strawberry Watermelon &amp; Watermelon Ice si adattano a tutte le esigenze, in qualsiasi ambiente. Unitamente a un design industriale raffinato e a un layout ergonomico, unisce funzionalit\u00e0 ed estetica.<\/p><h2>Bang King 85000 Blue Razz Ice &amp; Strawberry Watermelon &amp; Watermelon Ice 3 in 1 Triplo Gusto Specifiche<\/h2><p>Volume massimo di soffi: 85.000 soffi (circa 28.300 soffi per aroma)<\/p><p>Capacit\u00e0 totale e-liquid: 63 ml (3 x 21 ml)<\/p><p>Capacit\u00e0 della batteria: 600 mAh, ricaricabile<\/p><p>Ricarica rapida: interfaccia USB-C<\/p><p>Configurazione dei resistori: tre serie di resistenze indipendenti a maglia da 1,0 \u03a9<\/p><p>Opzioni di concentrazione di nicotina: 0 %, 2 %, 3 %, 5 %<\/p><p>Funzione di visualizzazione: schermo OLED (visualizza la carica della batteria e la quantit\u00e0 di e-liquid rimanente)<\/p><p>Caratteristiche principali: facile passaggio da un gusto all'altro, senza sovrapposizioni di sapori.<\/p>\t\t\t\t\t\t\t\t<\/div>\n\t\t\t\t<\/div>\n\t\t\t\t\t<\/div>\n\t\t\t\t<\/div>\n\t\t\t\t<\/div>","protected":false},"excerpt":{"rendered":"<p>La saveur Blue Razz Ice offre un ar\u00f4me puissant de myrtille et de framboise, associ\u00e9 \u00e0 une touche de menthe fra\u00eeche, comme un verre de jus glac\u00e9 sur la plage de Marseille en \u00e9t\u00e9, dissipant instantan\u00e9ment la chaleur. La saveur Fraise Past\u00e8que est une douceur douce et complexe, o\u00f9 la douceur des fraises et la [&hellip;]<\/p>","protected":false},"featured_media":5390,"comment_status":"open","ping_status":"closed","template":"","meta":{"site-sidebar-layout":"no-sidebar","site-content-layout":"page-builder","ast-site-content-layout":"normal-width-container","site-content-style":"default","site-sidebar-style":"default","ast-global-header-display":"","ast-banner-title-visibility":"","ast-main-header-display":"","ast-hfb-above-header-display":"","ast-hfb-below-header-display":"","ast-hfb-mobile-header-display":"","site-post-title":"disabled","ast-breadcrumbs-content":"","ast-featured-img":"disabled","footer-sml-layout":"","theme-transparent-header-meta":"default","adv-header-id-meta":"","stick-header-meta":"default","header-above-stick-meta":"","header-main-stick-meta":"","header-below-stick-meta":"","astra-migrate-meta-layouts":"set","ast-page-background-enabled":"default","ast-page-background-meta":{"desktop":{"background-color":"","background-image":"","background-repeat":"repeat","background-position":"center center","background-size":"auto","background-attachment":"scroll","background-type":"","background-media":"","overlay-type":"","overlay-color":"","overlay-opacity":"","overlay-gradient":""},"tablet":{"background-color":"","background-image":"","background-repeat":"repeat","background-position":"center center","background-size":"auto","background-attachment":"scroll","background-type":"","background-media":"","overlay-type":"","overlay-color":"","overlay-opacity":"","overlay-gradient":""},"mobile":{"background-color":"","background-image":"","background-repeat":"repeat","background-position":"center center","background-size":"auto","background-attachment":"scroll","background-type":"","background-media":"","overlay-type":"","overlay-color":"","overlay-opacity":"","overlay-gradient":""}},"ast-content-background-meta":{"desktop":{"background-color":"var(--ast-global-color-5)","background-image":"","background-repeat":"repeat","background-position":"center center","background-size":"auto","background-attachment":"scroll","background-type":"","background-media":"","overlay-type":"","overlay-color":"","overlay-opacity":"","overlay-gradient":""},"tablet":{"background-color":"var(--ast-global-color-5)","background-image":"","background-repeat":"repeat","background-position":"center center","background-size":"auto","background-attachment":"scroll","background-type":"","background-media":"","overlay-type":"","overlay-color":"","overlay-opacity":"","overlay-gradient":""},"mobile":{"background-color":"var(--ast-global-color-5)","background-image":"","background-repeat":"repeat","background-position":"center center","background-size":"auto","background-attachment":"scroll","background-type":"","background-media":"","overlay-type":"","overlay-color":"","overlay-opacity":"","overlay-gradient":""}}},"product_brand":[52],"product_cat":[51,107,15],"product_tag":[],"class_list":{"0":"post-5696","1":"product","2":"type-product","3":"status-publish","4":"has-post-thumbnail","6":"product_brand-bang-king","7":"product_cat-bang-king-triple-85000-trois-saveurs-en-une","8":"product_cat-puff-85k","9":"product_cat-magasin-cigarette-electronique","10":"desktop-align-center","11":"tablet-align-center","12":"mobile-align-center","13":"ast-product-gallery-layout-horizontal","14":"ast-product-gallery-with-no-image","15":"ast-product-single-variable","16":"ast-product-tabs-layout-horizontal","17":"ast-qv-on-image","19":"first","20":"instock","21":"sale","22":"shipping-taxable","23":"purchasable","24":"product-type-variable","25":"has-default-attributes"},"tiered_pricing_type":"fixed","tiered_pricing_fixed_rules":[],"tiered_pricing_product_settings":{"layout":"default","base_unit_name":{"singular":null,"plural":null},"default_variation":null},"tiered_pricing_minimum_quantity":null,"tiered_pricing_roles_data":[],"tiered_pricing_percentage_rules":[],"_links":{"self":[{"href":"https:\/\/puffvapestore.com\/it\/wp-json\/wp\/v2\/product\/5696","targetHints":{"allow":["GET"]}}],"collection":[{"href":"https:\/\/puffvapestore.com\/it\/wp-json\/wp\/v2\/product"}],"about":[{"href":"https:\/\/puffvapestore.com\/it\/wp-json\/wp\/v2\/types\/product"}],"replies":[{"embeddable":true,"href":"https:\/\/puffvapestore.com\/it\/wp-json\/wp\/v2\/comments?post=5696"}],"version-history":[{"count":8,"href":"https:\/\/puffvapestore.com\/it\/wp-json\/wp\/v2\/product\/5696\/revisions"}],"predecessor-version":[{"id":10709,"href":"https:\/\/puffvapestore.com\/it\/wp-json\/wp\/v2\/product\/5696\/revisions\/10709"}],"wp:featuredmedia":[{"embeddable":true,"href":"https:\/\/puffvapestore.com\/it\/wp-json\/wp\/v2\/media\/5390"}],"wp:attachment":[{"href":"https:\/\/puffvapestore.com\/it\/wp-json\/wp\/v2\/media?parent=5696"}],"wp:term":[{"taxonomy":"product_brand","embeddable":true,"href":"https:\/\/puffvapestore.com\/it\/wp-json\/wp\/v2\/product_brand?post=5696"},{"taxonomy":"product_cat","embeddable":true,"href":"https:\/\/puffvapestore.com\/it\/wp-json\/wp\/v2\/product_cat?post=5696"},{"taxonomy":"product_tag","embeddable":true,"href":"https:\/\/puffvapestore.com\/it\/wp-json\/wp\/v2\/product_tag?post=5696"}],"curies":[{"name":"wp","href":"https:\/\/api.w.org\/{rel}","templated":true}]}}