{"id":5680,"date":"2025-07-24T05:37:12","date_gmt":"2025-07-24T05:37:12","guid":{"rendered":"https:\/\/puffvapestore.com\/?post_type=product&#038;p=5680"},"modified":"2026-01-19T10:54:36","modified_gmt":"2026-01-19T10:54:36","slug":"kiwi-passion-fruit-guava-lush-ice-straw-mango-bang-king-85k-un-plaisir-et-un-soulagement-instantanes","status":"publish","type":"product","link":"https:\/\/puffvapestore.com\/it\/product\/kiwi-frutto-della-passione-guava-lush-ice-paglia-mango-bang-king-85k-piacere-e-sollievo-istantanei\/","title":{"rendered":"Kiwi Passion Fruit Guava e Lush Ice &amp; Straw Mango - Bang King Triplo 85000 3 in 1"},"content":{"rendered":"<div data-elementor-type=\"wp-post\" data-elementor-id=\"5680\" class=\"elementor elementor-5680\">\n\t\t\t\t<div class=\"elementor-element elementor-element-08c26f9 e-flex e-con-boxed e-con e-parent\" data-id=\"08c26f9\" data-element_type=\"container\" data-e-type=\"container\">\n\t\t\t\t\t<div class=\"e-con-inner\">\n\t\t\t\t<div class=\"elementor-element elementor-element-a005a97 elementor-widget elementor-widget-text-editor\" data-id=\"a005a97\" data-element_type=\"widget\" data-e-type=\"widget\" data-widget_type=\"text-editor.default\">\n\t\t\t\t<div class=\"elementor-widget-container\">\n\t\t\t\t\t\t\t\t\t<p>I tre gusti Kiwi Passion Fruit Guava e Lush Ice &amp; Straw Mango incarnano la potenza degli aromi di frutta tropicale, la freschezza della menta fresca e la morbidezza della polpa di frutta dolce. Grazie al selettore intelligente, \u00e8 possibile cambiare sapore istantaneamente, semplicemente regolando il selettore, trasformando ogni inalazione in un vero e proprio viaggio.<\/p><h2>Kiwi Frutto della passione Guava<\/h2><p>Questo esclusivo trio tropicale combina il kiwi dolce e aspro, il profumato frutto della passione e la succosa guava per un gusto intenso e complesso. Seduti sul vostro balcone al tramonto, aspirate una boccata di questa sigaretta elettronica aromatizzata e vi sentirete come su una spiaggia della Martinica, lasciando che i vostri pensieri fluttuino nel vento.<\/p><h2>Ghiaccio lussureggiante<\/h2><p>La dolcezza dell'anguria \u00e8 delicatamente avvolta dalla freschezza della menta, rinfrescando le papille gustative. Questa sigaretta elettronica al gusto di Lush Ice \u00e8 ideale per rilassarsi nel pomeriggio, soprattutto in estate. Uscite dal bar e fate una boccata di Lush Ice, come una fresca brezza sul viso.<\/p><h2>Mango di paglia<\/h2><p>La combinazione di mango cremoso e fragola piccante \u00e8 come un frullato fatto in casa. Dopo un drink o un momento di lettura, annusate Straw Mango per un momento di relax e piacere.<\/p><p>L'Bang King 85000 Kiwi Passion Fruit Guava &amp; Lush Ice &amp; Straw Mango 3 in 1 Triple Flavour \u00e8 dotato di una batteria al litio ricaricabile da 600 mAh ad alte prestazioni e supporta la ricarica rapida tramite USB-C, offrendo un'esperienza di svapo stabile e duratura. Anche gli utenti pi\u00f9 assidui possono facilmente gestire l'uso quotidiano senza dover ricorrere a ricariche frequenti.<\/p><p>Dotato di un display OLED intelligente ad alta definizione, mostra il livello della batteria e la quantit\u00e0 di e-liquid rimanente in tempo reale. Gli utenti possono visualizzare in modo intuitivo lo stato del dispositivo, consentendo loro di ricaricare in anticipo e di cambiare aroma a piacimento.<\/p><h2>Tre gusti in una sola macchina<\/h2><p>La Bang King 85000 Kiwi Passion Fruit Guava &amp; Lush Ice &amp; Straw Mango \u00e8 dotata di un serbatoio originale con tre e-liquid, ognuno dei quali pu\u00f2 essere iniettato indipendentemente con diversi gusti di e-liquid, per una capacit\u00e0 totale fino a 63 ml (21 ml per serbatoio). Il selettore di aromi consente di cambiare liberamente aroma in qualsiasi momento, senza cambiare il dispositivo o la cartuccia, per soddisfare ogni esigenza.<\/p><p>Ogni sigaretta elettronica Bang King Triple 85000 Kiwi Passion Fruit Guava &amp; Lush Ice &amp; Straw Mango offre fino a 85.000 boccate di fumo, e ogni aroma circa 28.300 boccate indipendenti. Versatile e di lunga durata, \u00e8 la sigaretta elettronica ad alta capacit\u00e0 leader sul mercato.<\/p><h2>Tre serie di resistenze indipendenti a maglia da 1,0 \u03a9<\/h2><p>L'Bang King 85000 Kiwi Passion Fruit Guava &amp; Lush Ice &amp; Straw Mango 3 in 1 Triple Flavor \u00e8 dotato di tre serie di resistenze integrate indipendenti a maglia da 1,0 \u03a9, che alimentano i rispettivi serbatoi con e-liquid, preservando la purezza di ogni aroma e migliorando l'uniformit\u00e0 di atomizzazione e la ricchezza del gusto. Senza mescolanza di aromi, \u00e8 la scelta ideale per un'esperienza di gusto ottimale.<\/p><h2>Diverse opzioni di concentrazione di nicotina<\/h2><p>Per soddisfare le esigenze di ogni utente, Bang King Triple 85000 Kiwi Passion Fruit Guava &amp; Lush Ice &amp; Straw Mango offre quattro opzioni di concentrazione di nicotina:<\/p><p>0 % (versione senza nicotina, ideale per gli appassionati di sigarette elettroniche che desiderano un'esperienza di gusto ottimale)<\/p><p>2 %, 3 %, 5 % (diverse concentrazioni di nicotina disponibili)<\/p><p>Scegliete l'intensit\u00e0 che pi\u00f9 vi aggrada, da una facile riduzione a un gusto rinfrescante e soddisfacente.<\/p><p>In viaggio, a una festa o a casa, la grande capacit\u00e0 e la selezione di gusti dell'Bang King Triple 85000 Kiwi Passion Fruit Guava &amp; Lush Ice &amp; Straw Mango si adattano a tutte le esigenze, in qualsiasi ambiente. Unitamente a un design industriale raffinato e a un concetto ergonomico, unisce funzionalit\u00e0 ed estetica.<\/p><h2>Specifiche del Bang King 85000 3 in 1 Triple Flavour<\/h2><p>Volume massimo di soffi: 85.000 soffi (circa 28.300 soffi per aroma)<\/p><p>Capacit\u00e0 totale e-liquid: 63 ml (3 x 21 ml)<\/p><p>Capacit\u00e0 della batteria: 600 mAh, ricaricabile<\/p><p>Ricarica rapida: interfaccia USB-C<\/p><p>Configurazione dei resistori: tre serie di resistenze indipendenti a maglia da 1,0 \u03a9<\/p><p>Opzioni di concentrazione di nicotina: 0 %, 2 %, 3 %, 5 %<\/p><p>Funzione di visualizzazione: schermo OLED (visualizza la carica della batteria e la quantit\u00e0 di e-liquid rimanente)<\/p><p>Caratteristiche principali: facile passaggio da un gusto all'altro, senza sovrapposizioni di sapori.<\/p>\t\t\t\t\t\t\t\t<\/div>\n\t\t\t\t<\/div>\n\t\t\t\t\t<\/div>\n\t\t\t\t<\/div>\n\t\t\t\t<\/div>","protected":false},"excerpt":{"rendered":"<p>Les trois saveurs Kiwi Passion Fruit Guava &amp; Lush Ice &amp; Straw Mango incarnent la puissance des ar\u00f4mes de fruits tropicaux, la fra\u00eecheur de la menthe fra\u00eeche et la douceur de la pulpe de fruit sucr\u00e9e. Gr\u00e2ce au s\u00e9lecteur intelligent, vous pouvez changer de saveur instantan\u00e9ment en ajustant simplement le s\u00e9lecteur, transformant chaque inhalation en [&hellip;]<\/p>","protected":false},"featured_media":5395,"comment_status":"open","ping_status":"closed","template":"","meta":{"site-sidebar-layout":"no-sidebar","site-content-layout":"page-builder","ast-site-content-layout":"normal-width-container","site-content-style":"default","site-sidebar-style":"default","ast-global-header-display":"","ast-banner-title-visibility":"","ast-main-header-display":"","ast-hfb-above-header-display":"","ast-hfb-below-header-display":"","ast-hfb-mobile-header-display":"","site-post-title":"disabled","ast-breadcrumbs-content":"","ast-featured-img":"disabled","footer-sml-layout":"","theme-transparent-header-meta":"default","adv-header-id-meta":"","stick-header-meta":"default","header-above-stick-meta":"","header-main-stick-meta":"","header-below-stick-meta":"","astra-migrate-meta-layouts":"set","ast-page-background-enabled":"default","ast-page-background-meta":{"desktop":{"background-color":"","background-image":"","background-repeat":"repeat","background-position":"center center","background-size":"auto","background-attachment":"scroll","background-type":"","background-media":"","overlay-type":"","overlay-color":"","overlay-opacity":"","overlay-gradient":""},"tablet":{"background-color":"","background-image":"","background-repeat":"repeat","background-position":"center center","background-size":"auto","background-attachment":"scroll","background-type":"","background-media":"","overlay-type":"","overlay-color":"","overlay-opacity":"","overlay-gradient":""},"mobile":{"background-color":"","background-image":"","background-repeat":"repeat","background-position":"center center","background-size":"auto","background-attachment":"scroll","background-type":"","background-media":"","overlay-type":"","overlay-color":"","overlay-opacity":"","overlay-gradient":""}},"ast-content-background-meta":{"desktop":{"background-color":"var(--ast-global-color-5)","background-image":"","background-repeat":"repeat","background-position":"center center","background-size":"auto","background-attachment":"scroll","background-type":"","background-media":"","overlay-type":"","overlay-color":"","overlay-opacity":"","overlay-gradient":""},"tablet":{"background-color":"var(--ast-global-color-5)","background-image":"","background-repeat":"repeat","background-position":"center center","background-size":"auto","background-attachment":"scroll","background-type":"","background-media":"","overlay-type":"","overlay-color":"","overlay-opacity":"","overlay-gradient":""},"mobile":{"background-color":"var(--ast-global-color-5)","background-image":"","background-repeat":"repeat","background-position":"center center","background-size":"auto","background-attachment":"scroll","background-type":"","background-media":"","overlay-type":"","overlay-color":"","overlay-opacity":"","overlay-gradient":""}}},"product_brand":[52],"product_cat":[51,107,15],"product_tag":[],"class_list":{"0":"post-5680","1":"product","2":"type-product","3":"status-publish","4":"has-post-thumbnail","6":"product_brand-bang-king","7":"product_cat-bang-king-triple-85000-trois-saveurs-en-une","8":"product_cat-puff-85k","9":"product_cat-magasin-cigarette-electronique","10":"desktop-align-center","11":"tablet-align-center","12":"mobile-align-center","13":"ast-product-gallery-layout-horizontal","14":"ast-product-gallery-with-no-image","15":"ast-product-single-variable","16":"ast-product-tabs-layout-horizontal","17":"ast-qv-on-image","19":"first","20":"instock","21":"sale","22":"shipping-taxable","23":"purchasable","24":"product-type-variable","25":"has-default-attributes"},"tiered_pricing_type":"fixed","tiered_pricing_fixed_rules":[],"tiered_pricing_product_settings":{"layout":"default","base_unit_name":{"singular":null,"plural":null},"default_variation":null},"tiered_pricing_minimum_quantity":null,"tiered_pricing_roles_data":[],"tiered_pricing_percentage_rules":[],"_links":{"self":[{"href":"https:\/\/puffvapestore.com\/it\/wp-json\/wp\/v2\/product\/5680","targetHints":{"allow":["GET"]}}],"collection":[{"href":"https:\/\/puffvapestore.com\/it\/wp-json\/wp\/v2\/product"}],"about":[{"href":"https:\/\/puffvapestore.com\/it\/wp-json\/wp\/v2\/types\/product"}],"replies":[{"embeddable":true,"href":"https:\/\/puffvapestore.com\/it\/wp-json\/wp\/v2\/comments?post=5680"}],"version-history":[{"count":12,"href":"https:\/\/puffvapestore.com\/it\/wp-json\/wp\/v2\/product\/5680\/revisions"}],"predecessor-version":[{"id":10708,"href":"https:\/\/puffvapestore.com\/it\/wp-json\/wp\/v2\/product\/5680\/revisions\/10708"}],"wp:featuredmedia":[{"embeddable":true,"href":"https:\/\/puffvapestore.com\/it\/wp-json\/wp\/v2\/media\/5395"}],"wp:attachment":[{"href":"https:\/\/puffvapestore.com\/it\/wp-json\/wp\/v2\/media?parent=5680"}],"wp:term":[{"taxonomy":"product_brand","embeddable":true,"href":"https:\/\/puffvapestore.com\/it\/wp-json\/wp\/v2\/product_brand?post=5680"},{"taxonomy":"product_cat","embeddable":true,"href":"https:\/\/puffvapestore.com\/it\/wp-json\/wp\/v2\/product_cat?post=5680"},{"taxonomy":"product_tag","embeddable":true,"href":"https:\/\/puffvapestore.com\/it\/wp-json\/wp\/v2\/product_tag?post=5680"}],"curies":[{"name":"wp","href":"https:\/\/api.w.org\/{rel}","templated":true}]}}