{"id":5650,"date":"2025-07-23T10:11:33","date_gmt":"2025-07-23T10:11:33","guid":{"rendered":"https:\/\/puffvapestore.com\/?post_type=product&#038;p=5650"},"modified":"2026-01-19T10:54:36","modified_gmt":"2026-01-19T10:54:36","slug":"double-apple-pineapple-ice-fruity-fusion-bang-king-85000-3-en-1-triple-saveur","status":"publish","type":"product","link":"https:\/\/puffvapestore.com\/it\/product\/doppia-mela-ananas-ghiaccio-fruity-fusion-bang-king-85000-3-in-1-triplo-gusto\/","title":{"rendered":"Ghiaccio e Fusione fruttata doppia mela e ananas - Bang King 85000 3 in 1 triplo gusto"},"content":{"rendered":"<div data-elementor-type=\"wp-post\" data-elementor-id=\"5650\" class=\"elementor elementor-5650\">\n\t\t\t\t<div class=\"elementor-element elementor-element-08c26f9 e-flex e-con-boxed e-con e-parent\" data-id=\"08c26f9\" data-element_type=\"container\" data-e-type=\"container\">\n\t\t\t\t\t<div class=\"e-con-inner\">\n\t\t\t\t<div class=\"elementor-element elementor-element-a005a97 elementor-widget elementor-widget-text-editor\" data-id=\"a005a97\" data-element_type=\"widget\" data-e-type=\"widget\" data-widget_type=\"text-editor.default\">\n\t\t\t\t<div class=\"elementor-widget-container\">\n\t\t\t\t\t\t\t\t\t<p>La combinazione \u00abDouble Apple &amp; Glazed Pineapple &amp; Fruity Fusion\u00bb \u00e8 diventata la scelta ideale per chi vive in citt\u00e0 e vuole rilassarsi grazie al suo gusto rinfrescante, ricco ed esotico.<\/p><h2>Questo triplo aroma fruttato unico combina :<\/h2><p>Double Apple: un aroma agrodolce, tipico del narghil\u00e8, frequente fonte di ispirazione nella cultura francese del caff\u00e8.<\/p><p>Ananas ghiacciato: rinfrescante e stimolante, con una leggera sensazione di ghiaccio, come un ananas fresco sgranocchiato nel Mediterraneo, per una sensazione di freschezza immediata.<\/p><p>Fusione fruttata: una variet\u00e0 di frutti si mescolano per creare un aroma dolce, come un frutteto soleggiato, bilanciando la stimolazione e la dolcezza dei primi due sapori.<\/p><p>Che si tratti di un espresso pomeridiano su una terrazza di Parigi o di una serata in riva al mare nel sud della Francia, questa combinazione di aromi della sigaretta elettronica Bang King 85000 evoca piacere sensoriale e relax mentale.<\/p><h2>Schermo HD intelligente<\/h2><p>Il modello Bang King Triple 85000 Double Apple &amp; Pineapple Ice &amp; Fruity Fusion \u00e8 dotato di un avanzato display HD integrato, che offre un'esperienza d'uso intuitiva. Il display mostra le informazioni principali in tempo reale, tra cui la carica residua della batteria e la quantit\u00e0 di e-liquid rimanente, consentendo agli utenti di monitorare sempre lo stato del dispositivo e di ottimizzare la propria esperienza.<\/p><h2>Scelta di tre gusti e serbatoio dell'olio indipendente<\/h2><p>La Bang King 85000 Double Apple &amp; Pineapple Ice &amp; Fruity Fusion 3 in 1 Triple Flavour integra in modo innovativo tre serbatoi di e-liquid indipendenti, ciascuno pre-riempito con 21 ml di e-liquid, per una capacit\u00e0 totale fino a 63 ml. Un pratico selettore permette di scegliere liberamente tra tre gusti. Ogni aroma fornisce fino a 28.300 boccate e fino a 85.000 boccate in totale, per un'esperienza di svapo varia e di lunga durata.<\/p><p>Per soddisfare le esigenze di ogni utente, Bang King Triple 85000 Double Apple &amp; Pineapp Ice &amp; Fruity Fusion offre quattro livelli di concentrazione di nicotina: 0 % (senza nicotina), 2 %, 3 % e 5 %. Questa flessibilit\u00e0 consente di scegliere il dosaggio pi\u00f9 adatto alle proprie preferenze, dai fumatori ai consumatori occasionali.<\/p><p>Questa sigaretta elettronica \u00e8 dotata di una batteria ricaricabile da 600 mAh e supporta la tecnologia di ricarica rapida USB-C. Ci\u00f2 consente di ricaricare rapidamente il dispositivo, riducendo i tempi di attesa e garantendo una disponibilit\u00e0 costante, ideale per un uso frequente.<\/p><h2>Configurazione ottimizzata dei resistori<\/h2><p>L'Bang King Triple 85000 Double Apple &amp; Pineapple Ice &amp; Fruity Fusion adotta una resistenza a tre livelli con maglia da 1,0 \u03a9, ottimizzata per una riproduzione e atomizzazione ottimale del sapore. La resistenza a rete assicura un riscaldamento uniforme, garantendo un sapore intenso e una produzione di vapore a ogni boccata.<\/p><p>Ogni sigaretta elettronica Bang King Triple 85000 Double Apple &amp; Pineapple Ice &amp; Fruity Fusion offre una capacit\u00e0 totale di 63 ml di e-liquid (3 serbatoi da 21 ml ciascuno) e fino a 85.000 boccate, rendendola uno dei dispositivi pi\u00f9 duraturi sul mercato. Sia che la usiate tutti i giorni o che usciate per un lungo periodo, potrete godere di un'esperienza di svapo spensierata.<\/p>\t\t\t\t\t\t\t\t<\/div>\n\t\t\t\t<\/div>\n\t\t\t\t\t<\/div>\n\t\t\t\t<\/div>\n\t\t\t\t<\/div>","protected":false},"excerpt":{"rendered":"<p>La combinaison \u00ab\u00a0Double Pomme &amp; Ananas Glac\u00e9 &amp; Fusion Fruit\u00e9e\u00a0\u00bb est devenue un choix id\u00e9al pour les citadins qui souhaitent se d\u00e9tendre gr\u00e2ce \u00e0 son go\u00fbt rafra\u00eechissant, riche et exotique. Ce triple ar\u00f4me fruit\u00e9 unique combine\u00a0: Double Pomme\u00a0: un ar\u00f4me aigre-doux, typique du narguil\u00e9, une source d&rsquo;inspiration fr\u00e9quente dans la culture des caf\u00e9s fran\u00e7ais. Ananas [&hellip;]<\/p>","protected":false},"featured_media":5393,"comment_status":"open","ping_status":"closed","template":"","meta":{"site-sidebar-layout":"no-sidebar","site-content-layout":"page-builder","ast-site-content-layout":"normal-width-container","site-content-style":"default","site-sidebar-style":"default","ast-global-header-display":"","ast-banner-title-visibility":"","ast-main-header-display":"","ast-hfb-above-header-display":"","ast-hfb-below-header-display":"","ast-hfb-mobile-header-display":"","site-post-title":"disabled","ast-breadcrumbs-content":"","ast-featured-img":"disabled","footer-sml-layout":"","theme-transparent-header-meta":"default","adv-header-id-meta":"","stick-header-meta":"default","header-above-stick-meta":"","header-main-stick-meta":"","header-below-stick-meta":"","astra-migrate-meta-layouts":"set","ast-page-background-enabled":"default","ast-page-background-meta":{"desktop":{"background-color":"","background-image":"","background-repeat":"repeat","background-position":"center center","background-size":"auto","background-attachment":"scroll","background-type":"","background-media":"","overlay-type":"","overlay-color":"","overlay-opacity":"","overlay-gradient":""},"tablet":{"background-color":"","background-image":"","background-repeat":"repeat","background-position":"center center","background-size":"auto","background-attachment":"scroll","background-type":"","background-media":"","overlay-type":"","overlay-color":"","overlay-opacity":"","overlay-gradient":""},"mobile":{"background-color":"","background-image":"","background-repeat":"repeat","background-position":"center center","background-size":"auto","background-attachment":"scroll","background-type":"","background-media":"","overlay-type":"","overlay-color":"","overlay-opacity":"","overlay-gradient":""}},"ast-content-background-meta":{"desktop":{"background-color":"var(--ast-global-color-5)","background-image":"","background-repeat":"repeat","background-position":"center center","background-size":"auto","background-attachment":"scroll","background-type":"","background-media":"","overlay-type":"","overlay-color":"","overlay-opacity":"","overlay-gradient":""},"tablet":{"background-color":"var(--ast-global-color-5)","background-image":"","background-repeat":"repeat","background-position":"center center","background-size":"auto","background-attachment":"scroll","background-type":"","background-media":"","overlay-type":"","overlay-color":"","overlay-opacity":"","overlay-gradient":""},"mobile":{"background-color":"var(--ast-global-color-5)","background-image":"","background-repeat":"repeat","background-position":"center center","background-size":"auto","background-attachment":"scroll","background-type":"","background-media":"","overlay-type":"","overlay-color":"","overlay-opacity":"","overlay-gradient":""}}},"product_brand":[52],"product_cat":[51,107,15],"product_tag":[],"class_list":{"0":"post-5650","1":"product","2":"type-product","3":"status-publish","4":"has-post-thumbnail","6":"product_brand-bang-king","7":"product_cat-bang-king-triple-85000-trois-saveurs-en-une","8":"product_cat-puff-85k","9":"product_cat-magasin-cigarette-electronique","10":"desktop-align-center","11":"tablet-align-center","12":"mobile-align-center","13":"ast-product-gallery-layout-horizontal","14":"ast-product-gallery-with-no-image","15":"ast-product-single-variable","16":"ast-product-tabs-layout-horizontal","17":"ast-qv-on-image","19":"first","20":"instock","21":"sale","22":"shipping-taxable","23":"purchasable","24":"product-type-variable","25":"has-default-attributes"},"tiered_pricing_type":"fixed","tiered_pricing_fixed_rules":[],"tiered_pricing_product_settings":{"layout":"default","base_unit_name":{"singular":null,"plural":null},"default_variation":null},"tiered_pricing_minimum_quantity":null,"tiered_pricing_roles_data":[],"tiered_pricing_percentage_rules":[],"_links":{"self":[{"href":"https:\/\/puffvapestore.com\/it\/wp-json\/wp\/v2\/product\/5650","targetHints":{"allow":["GET"]}}],"collection":[{"href":"https:\/\/puffvapestore.com\/it\/wp-json\/wp\/v2\/product"}],"about":[{"href":"https:\/\/puffvapestore.com\/it\/wp-json\/wp\/v2\/types\/product"}],"replies":[{"embeddable":true,"href":"https:\/\/puffvapestore.com\/it\/wp-json\/wp\/v2\/comments?post=5650"}],"version-history":[{"count":8,"href":"https:\/\/puffvapestore.com\/it\/wp-json\/wp\/v2\/product\/5650\/revisions"}],"predecessor-version":[{"id":10699,"href":"https:\/\/puffvapestore.com\/it\/wp-json\/wp\/v2\/product\/5650\/revisions\/10699"}],"wp:featuredmedia":[{"embeddable":true,"href":"https:\/\/puffvapestore.com\/it\/wp-json\/wp\/v2\/media\/5393"}],"wp:attachment":[{"href":"https:\/\/puffvapestore.com\/it\/wp-json\/wp\/v2\/media?parent=5650"}],"wp:term":[{"taxonomy":"product_brand","embeddable":true,"href":"https:\/\/puffvapestore.com\/it\/wp-json\/wp\/v2\/product_brand?post=5650"},{"taxonomy":"product_cat","embeddable":true,"href":"https:\/\/puffvapestore.com\/it\/wp-json\/wp\/v2\/product_cat?post=5650"},{"taxonomy":"product_tag","embeddable":true,"href":"https:\/\/puffvapestore.com\/it\/wp-json\/wp\/v2\/product_tag?post=5650"}],"curies":[{"name":"wp","href":"https:\/\/api.w.org\/{rel}","templated":true}]}}