{"id":5639,"date":"2025-07-23T08:03:48","date_gmt":"2025-07-23T08:03:48","guid":{"rendered":"https:\/\/puffvapestore.com\/?post_type=product&#038;p=5639"},"modified":"2026-01-19T10:54:36","modified_gmt":"2026-01-19T10:54:36","slug":"berry-lemonade-strawberry-red-bull-strawberry-pomp-bang-king-85000-3-en-1","status":"publish","type":"product","link":"https:\/\/puffvapestore.com\/it\/product\/limonata-alla-fragola-red-bull-fragola-pomp-bang-king-85000-3-in-1\/","title":{"rendered":"Limonata ai frutti di bosco, Red Bull alla fragola e Pomp alla fragola - Bang King 85000 3 in 1 triplo gusto"},"content":{"rendered":"<div data-elementor-type=\"wp-post\" data-elementor-id=\"5639\" class=\"elementor elementor-5639\">\n\t\t\t\t<div class=\"elementor-element elementor-element-08c26f9 e-flex e-con-boxed e-con e-parent\" data-id=\"08c26f9\" data-element_type=\"container\" data-e-type=\"container\">\n\t\t\t\t\t<div class=\"e-con-inner\">\n\t\t\t\t<div class=\"elementor-element elementor-element-a005a97 elementor-widget elementor-widget-text-editor\" data-id=\"a005a97\" data-element_type=\"widget\" data-e-type=\"widget\" data-widget_type=\"text-editor.default\">\n\t\t\t\t<div class=\"elementor-widget-container\">\n\t\t\t\t\t\t\t\t\t<h2>Trio di sapori, scatenate il vostro comfort francese.<\/h2><p>Al tramonto, sulle rive della Senna a Parigi, prendete questa sigaretta elettronica Bang King 85000 3 in 1 Triple Flavour, scegliete il vostro aroma preferito e fate un respiro profondo.<\/p><p>Il gusto leggermente aspro e dolce della limonata ai frutti rossi offre un sapore rinfrescante e gourmet all'inizio dell'estate.<\/p><p>Passare al gusto Red Bull Strawberry \u00e8 un vero e proprio risveglio del gusto: la dolcezza delle fragole e lo stimolo delle bevande energetiche si uniscono, ideali per ritrovare la vitalit\u00e0 prima della notte.<\/p><p>La fragranza Strawberry Pomp combina l'aroma fruttato delle fragole con un tocco di mousse cremosa, densa e delicata, con un retrogusto persistente come il sole di un pomeriggio nel Sud della Francia.<\/p><p>Queste tre fragranze si adattano all'umore, all'occasione e al momento, proprio come il vostro profumo, il vostro abbigliamento o la vostra playlist.<\/p><h2>Schermo HD intelligente<\/h2><p>Il dispositivo Bang King Triple 85000 Berry Lemonade &amp; Strawberry Red Bull &amp; Strawberry Pomp \u00e8 dotato di un avanzato display HD integrato, che offre un'esperienza d'uso intuitiva. Il display mostra le informazioni principali in tempo reale, tra cui la carica residua della batteria e la quantit\u00e0 di e-liquid rimanente, consentendo agli utenti di monitorare sempre lo stato del dispositivo e di ottimizzare la propria esperienza.<\/p><h2>Scelta di tre gusti e serbatoio dell'olio indipendente<\/h2><p>La Bang King 85000 3 in 1 Triple Flavour integra in modo innovativo tre serbatoi di e-liquid indipendenti, ciascuno pre-riempito con 21 ml di e-liquid, per una capacit\u00e0 totale fino a 63 ml. Un pratico selettore permette di scegliere liberamente tra tre gusti. Ogni aroma fornisce fino a 28.300 boccate e fino a 85.000 boccate in totale, per un'esperienza di svapo varia e di lunga durata.<\/p><p>Per soddisfare le esigenze di ogni utente, Bang King Triple 85000 Berry Lemonade &amp; Strawberry Red Bull &amp; Strawberry Pomp offre quattro livelli di concentrazione di nicotina: 0 % (senza nicotina), 2 %, 3 % e 5 %. Questa flessibilit\u00e0 consente di scegliere il dosaggio pi\u00f9 adatto alle proprie preferenze, dai fumatori ai consumatori occasionali.<\/p><p>Questa sigaretta elettronica \u00e8 dotata di una batteria ricaricabile da 600 mAh e supporta la tecnologia di ricarica rapida USB-C. Ci\u00f2 consente di ricaricare rapidamente il dispositivo, riducendo i tempi di attesa e garantendo una disponibilit\u00e0 costante, ideale per un uso frequente.<\/p><h2>Configurazione ottimizzata dei resistori<\/h2><p>Il modello Bang King Triple 85000 Berry Lemonade &amp; Strawberry Red Bull &amp; Strawberry Pomp \u00e8 dotato di una resistenza a tre stadi con maglia da 1,0 \u03a9, ottimizzata per una riproduzione e atomizzazione ottimale del sapore. La resistenza a rete assicura un riscaldamento uniforme, garantendo un sapore intenso e una produzione di vapore ad ogni boccata.<\/p><p>Ogni sigaretta elettronica Bang King Triple 85000 offre una capacit\u00e0 totale di 63 ml di e-liquid (3 serbatoi da 21 ml ciascuno) e fino a 85.000 boccate, rendendola uno dei dispositivi pi\u00f9 duraturi sul mercato. Sia che la usiate tutti i giorni o che usciate per un lungo periodo, potrete godere di un'esperienza di svapo spensierata.<\/p>\t\t\t\t\t\t\t\t<\/div>\n\t\t\t\t<\/div>\n\t\t\t\t\t<\/div>\n\t\t\t\t<\/div>\n\t\t\t\t<\/div>","protected":false},"excerpt":{"rendered":"<p>Trio de saveurs, lib\u00e9rez votre confort fran\u00e7ais. Au cr\u00e9puscule, sur les quais de la Seine \u00e0 Paris, vous prenez cette cigarette \u00e9lectronique Bang King 85000 3 en 1 Triple Saveur, vous choisissez votre saveur pr\u00e9f\u00e9r\u00e9e et vous inspirez profond\u00e9ment. Le go\u00fbt l\u00e9g\u00e8rement acidul\u00e9 et sucr\u00e9 de la limonade aux fruits rouges, vous offre un parfum [&hellip;]<\/p>","protected":false},"featured_media":5389,"comment_status":"open","ping_status":"closed","template":"","meta":{"site-sidebar-layout":"no-sidebar","site-content-layout":"page-builder","ast-site-content-layout":"normal-width-container","site-content-style":"default","site-sidebar-style":"default","ast-global-header-display":"","ast-banner-title-visibility":"","ast-main-header-display":"","ast-hfb-above-header-display":"","ast-hfb-below-header-display":"","ast-hfb-mobile-header-display":"","site-post-title":"disabled","ast-breadcrumbs-content":"","ast-featured-img":"disabled","footer-sml-layout":"","theme-transparent-header-meta":"default","adv-header-id-meta":"","stick-header-meta":"default","header-above-stick-meta":"","header-main-stick-meta":"","header-below-stick-meta":"","astra-migrate-meta-layouts":"set","ast-page-background-enabled":"default","ast-page-background-meta":{"desktop":{"background-color":"","background-image":"","background-repeat":"repeat","background-position":"center center","background-size":"auto","background-attachment":"scroll","background-type":"","background-media":"","overlay-type":"","overlay-color":"","overlay-opacity":"","overlay-gradient":""},"tablet":{"background-color":"","background-image":"","background-repeat":"repeat","background-position":"center center","background-size":"auto","background-attachment":"scroll","background-type":"","background-media":"","overlay-type":"","overlay-color":"","overlay-opacity":"","overlay-gradient":""},"mobile":{"background-color":"","background-image":"","background-repeat":"repeat","background-position":"center center","background-size":"auto","background-attachment":"scroll","background-type":"","background-media":"","overlay-type":"","overlay-color":"","overlay-opacity":"","overlay-gradient":""}},"ast-content-background-meta":{"desktop":{"background-color":"var(--ast-global-color-5)","background-image":"","background-repeat":"repeat","background-position":"center center","background-size":"auto","background-attachment":"scroll","background-type":"","background-media":"","overlay-type":"","overlay-color":"","overlay-opacity":"","overlay-gradient":""},"tablet":{"background-color":"var(--ast-global-color-5)","background-image":"","background-repeat":"repeat","background-position":"center center","background-size":"auto","background-attachment":"scroll","background-type":"","background-media":"","overlay-type":"","overlay-color":"","overlay-opacity":"","overlay-gradient":""},"mobile":{"background-color":"var(--ast-global-color-5)","background-image":"","background-repeat":"repeat","background-position":"center center","background-size":"auto","background-attachment":"scroll","background-type":"","background-media":"","overlay-type":"","overlay-color":"","overlay-opacity":"","overlay-gradient":""}}},"product_brand":[52],"product_cat":[51,107,15],"product_tag":[],"class_list":{"0":"post-5639","1":"product","2":"type-product","3":"status-publish","4":"has-post-thumbnail","6":"product_brand-bang-king","7":"product_cat-bang-king-triple-85000-trois-saveurs-en-une","8":"product_cat-puff-85k","9":"product_cat-magasin-cigarette-electronique","10":"desktop-align-center","11":"tablet-align-center","12":"mobile-align-center","13":"ast-product-gallery-layout-horizontal","14":"ast-product-gallery-with-no-image","15":"ast-product-single-variable","16":"ast-product-tabs-layout-horizontal","17":"ast-qv-on-image","19":"first","20":"instock","21":"sale","22":"shipping-taxable","23":"purchasable","24":"product-type-variable","25":"has-default-attributes"},"tiered_pricing_type":"fixed","tiered_pricing_fixed_rules":[],"tiered_pricing_product_settings":{"layout":"default","base_unit_name":{"singular":null,"plural":null},"default_variation":null},"tiered_pricing_minimum_quantity":null,"tiered_pricing_roles_data":[],"tiered_pricing_percentage_rules":[],"_links":{"self":[{"href":"https:\/\/puffvapestore.com\/it\/wp-json\/wp\/v2\/product\/5639","targetHints":{"allow":["GET"]}}],"collection":[{"href":"https:\/\/puffvapestore.com\/it\/wp-json\/wp\/v2\/product"}],"about":[{"href":"https:\/\/puffvapestore.com\/it\/wp-json\/wp\/v2\/types\/product"}],"replies":[{"embeddable":true,"href":"https:\/\/puffvapestore.com\/it\/wp-json\/wp\/v2\/comments?post=5639"}],"version-history":[{"count":8,"href":"https:\/\/puffvapestore.com\/it\/wp-json\/wp\/v2\/product\/5639\/revisions"}],"predecessor-version":[{"id":10700,"href":"https:\/\/puffvapestore.com\/it\/wp-json\/wp\/v2\/product\/5639\/revisions\/10700"}],"wp:featuredmedia":[{"embeddable":true,"href":"https:\/\/puffvapestore.com\/it\/wp-json\/wp\/v2\/media\/5389"}],"wp:attachment":[{"href":"https:\/\/puffvapestore.com\/it\/wp-json\/wp\/v2\/media?parent=5639"}],"wp:term":[{"taxonomy":"product_brand","embeddable":true,"href":"https:\/\/puffvapestore.com\/it\/wp-json\/wp\/v2\/product_brand?post=5639"},{"taxonomy":"product_cat","embeddable":true,"href":"https:\/\/puffvapestore.com\/it\/wp-json\/wp\/v2\/product_cat?post=5639"},{"taxonomy":"product_tag","embeddable":true,"href":"https:\/\/puffvapestore.com\/it\/wp-json\/wp\/v2\/product_tag?post=5639"}],"curies":[{"name":"wp","href":"https:\/\/api.w.org\/{rel}","templated":true}]}}