{"id":5617,"date":"2025-07-23T02:37:15","date_gmt":"2025-07-23T02:37:15","guid":{"rendered":"https:\/\/puffvapestore.com\/?post_type=product&#038;p=5617"},"modified":"2026-01-19T10:54:36","modified_gmt":"2026-01-19T10:54:36","slug":"strawberry-donut-love-66-banana-ice-bang-king-85k","status":"publish","type":"product","link":"https:\/\/puffvapestore.com\/it\/product\/ciambella-alla-fragola-amore-66-banana-ghiaccio-bang-king-85k\/","title":{"rendered":"Ciambella alla fragola e Amore 66 e Banana Ice - Bang King 85000 3 in 1 Triplo gusto"},"content":{"rendered":"<div data-elementor-type=\"wp-post\" data-elementor-id=\"5617\" class=\"elementor elementor-5617\">\n\t\t\t\t<div class=\"elementor-element elementor-element-08c26f9 e-flex e-con-boxed e-con e-parent\" data-id=\"08c26f9\" data-element_type=\"container\" data-e-type=\"container\">\n\t\t\t\t\t<div class=\"e-con-inner\">\n\t\t\t\t<div class=\"elementor-element elementor-element-a005a97 elementor-widget elementor-widget-text-editor\" data-id=\"a005a97\" data-element_type=\"widget\" data-e-type=\"widget\" data-widget_type=\"text-editor.default\">\n\t\t\t\t<div class=\"elementor-widget-container\">\n\t\t\t\t\t\t\t\t\t<h2>Donut Fraise - Come il primo morso di una ciambella nelle strade di Parigi<\/h2><p>Quando si passa da Bang King 85000 a Donut Fraise, un dolce e fragrante sapore di crema alla fragola avvolger\u00e0 il palato, come una passeggiata mattutina lungo gli Champs-\u00c9lys\u00e9es, e le ciambelle alla fragola appena sfornate nelle pasticcerie francesi lungo la strada si sentiranno morbide e calde. Al di l\u00e0 del gusto della sigaretta elettronica, si tratta di un comfort familiare e delicato. Tirare una boccata di fumo mentre si sonnecchia vicino alla finestra \u00e8 come rilassarsi nell'aroma dei dolci e assaporare un momento di pura felicit\u00e0 francese.<\/p><h2>Love 66 - Passione fruttata per una serata romantica<\/h2><p>L'aroma Love 66, questa misteriosa e popolare combinazione fruttata, \u00e8 particolarmente adatto alla Francia, paese naturalmente sensibile al romanticismo. La sottile miscela della dolcezza dell'anguria e dei frutti tropicali non solo d\u00e0 una sensazione di piacere gustativo, ma stimola anche una leggera palpitazione cardiaca. Al crepuscolo, da soli in riva alla Senna o durante una serata con gli amici, una boccata di Love 66 per rilassarsi pu\u00f2 farvi immergere nella pigrizia emotiva e nella volutt\u00e0.<\/p><h2>Banane Glac\u00e9e - Un fresco abbraccio al mare in estate<\/h2><p>L'aroma Frozen Banana \u00e8 una rinfrescante fuga dall'estate. Il denso aroma di banana si mescola con la freschezza, regalando un respiro libero come la costa blu della Francia meridionale. Quando la citt\u00e0 \u00e8 calda e insopportabile, passare all'aroma Banane Glac\u00e9e \u00e8 come camminare sulla spiaggia, con il sole che splende sulle spalle e il fresco che invade la gola. Non appena si inala il fumo, la stanchezza si dissolve all'istante.<\/p><h2>Schermo HD intelligente<\/h2><p>Il dispositivo Bang King Triple 85000 Strawberry Donut &amp; Love 66 &amp; Banana Ice \u00e8 dotato di un avanzato display HD integrato, che offre un'esperienza d'uso intuitiva. Lo schermo visualizza in tempo reale le informazioni principali, tra cui la carica residua della batteria e la quantit\u00e0 di e-liquid rimanente, consentendo agli utenti di monitorare sempre lo stato del dispositivo e di ottimizzare la propria esperienza.<\/p><h2>Scelta di tre gusti e serbatoio dell'olio indipendente<\/h2><p>La Bang King 85000 3 in 1 Triple Flavour integra in modo innovativo tre serbatoi di e-liquid indipendenti, ciascuno pre-riempito con 21 ml di e-liquid, per una capacit\u00e0 totale fino a 63 ml. Un pratico selettore permette di scegliere liberamente tra tre gusti. Ogni aroma fornisce fino a 28.300 boccate e fino a 85.000 boccate in totale, per un'esperienza di svapo varia e di lunga durata.<\/p><p>Per soddisfare le esigenze di ogni utente, Bang King Triple 85000 Strawberry Donut &amp; Love 66 &amp; Banana Ice offre quattro livelli di concentrazione di nicotina: 0 % (senza nicotina), 2 %, 3 % e 5 %. Questa flessibilit\u00e0 consente di scegliere il dosaggio pi\u00f9 adatto alle proprie preferenze, dai fumatori ai consumatori occasionali.<\/p><p>Questa sigaretta elettronica \u00e8 dotata di una batteria ricaricabile da 600 mAh e supporta la tecnologia di ricarica rapida USB-C. Ci\u00f2 consente di ricaricare rapidamente il dispositivo, riducendo i tempi di attesa e garantendo una disponibilit\u00e0 costante, ideale per un uso frequente.<\/p><h2>Configurazione ottimizzata dei resistori<\/h2><p>L'Bang King Triple 85000 Strawberry Donut &amp; Love 66 &amp; Banana Ice adotta una resistenza a tre livelli con maglia da 1,0 \u03a9, ottimizzata per una riproduzione e atomizzazione ottimale del sapore. La resistenza a rete assicura un riscaldamento uniforme, garantendo un sapore intenso e una produzione di vapore ad ogni boccata.<\/p><p>Ogni sigaretta elettronica Bang King Triple 85000 Strawberry Donut &amp; Love 66 &amp; Banana Ice offre una capacit\u00e0 totale di 63 ml di e-liquid (3 serbatoi da 21 ml ciascuno) e fino a 85.000 boccate, rendendola uno dei dispositivi pi\u00f9 duraturi sul mercato. Sia che la usiate tutti i giorni o che usciate per un lungo periodo, potrete godere di un'esperienza di svapo spensierata.<\/p>\t\t\t\t\t\t\t\t<\/div>\n\t\t\t\t<\/div>\n\t\t\t\t\t<\/div>\n\t\t\t\t<\/div>\n\t\t\t\t<\/div>","protected":false},"excerpt":{"rendered":"<p>Donut Fraise &#8211; Comme la premi\u00e8re bouch\u00e9e d&rsquo;un donut dans les rues de Paris Lorsque vous passez du Bang King 85000 au Donut Fraise, une douce et parfum\u00e9e saveur fraise-cr\u00e8me enveloppera votre palais, comme une promenade matinale sur les Champs-\u00c9lys\u00e9es, et les beignets \u00e0 la fraise fra\u00eechement sortis du four dans les p\u00e2tisseries fran\u00e7aises du [&hellip;]<\/p>","protected":false},"featured_media":5400,"comment_status":"open","ping_status":"closed","template":"","meta":{"site-sidebar-layout":"no-sidebar","site-content-layout":"page-builder","ast-site-content-layout":"normal-width-container","site-content-style":"default","site-sidebar-style":"default","ast-global-header-display":"","ast-banner-title-visibility":"","ast-main-header-display":"","ast-hfb-above-header-display":"","ast-hfb-below-header-display":"","ast-hfb-mobile-header-display":"","site-post-title":"disabled","ast-breadcrumbs-content":"","ast-featured-img":"disabled","footer-sml-layout":"","theme-transparent-header-meta":"default","adv-header-id-meta":"","stick-header-meta":"default","header-above-stick-meta":"","header-main-stick-meta":"","header-below-stick-meta":"","astra-migrate-meta-layouts":"set","ast-page-background-enabled":"default","ast-page-background-meta":{"desktop":{"background-color":"","background-image":"","background-repeat":"repeat","background-position":"center center","background-size":"auto","background-attachment":"scroll","background-type":"","background-media":"","overlay-type":"","overlay-color":"","overlay-opacity":"","overlay-gradient":""},"tablet":{"background-color":"","background-image":"","background-repeat":"repeat","background-position":"center center","background-size":"auto","background-attachment":"scroll","background-type":"","background-media":"","overlay-type":"","overlay-color":"","overlay-opacity":"","overlay-gradient":""},"mobile":{"background-color":"","background-image":"","background-repeat":"repeat","background-position":"center center","background-size":"auto","background-attachment":"scroll","background-type":"","background-media":"","overlay-type":"","overlay-color":"","overlay-opacity":"","overlay-gradient":""}},"ast-content-background-meta":{"desktop":{"background-color":"var(--ast-global-color-5)","background-image":"","background-repeat":"repeat","background-position":"center center","background-size":"auto","background-attachment":"scroll","background-type":"","background-media":"","overlay-type":"","overlay-color":"","overlay-opacity":"","overlay-gradient":""},"tablet":{"background-color":"var(--ast-global-color-5)","background-image":"","background-repeat":"repeat","background-position":"center center","background-size":"auto","background-attachment":"scroll","background-type":"","background-media":"","overlay-type":"","overlay-color":"","overlay-opacity":"","overlay-gradient":""},"mobile":{"background-color":"var(--ast-global-color-5)","background-image":"","background-repeat":"repeat","background-position":"center center","background-size":"auto","background-attachment":"scroll","background-type":"","background-media":"","overlay-type":"","overlay-color":"","overlay-opacity":"","overlay-gradient":""}}},"product_brand":[52],"product_cat":[51,107,15],"product_tag":[],"class_list":{"0":"post-5617","1":"product","2":"type-product","3":"status-publish","4":"has-post-thumbnail","6":"product_brand-bang-king","7":"product_cat-bang-king-triple-85000-trois-saveurs-en-une","8":"product_cat-puff-85k","9":"product_cat-magasin-cigarette-electronique","10":"desktop-align-center","11":"tablet-align-center","12":"mobile-align-center","13":"ast-product-gallery-layout-horizontal","14":"ast-product-gallery-with-no-image","15":"ast-product-single-variable","16":"ast-product-tabs-layout-horizontal","17":"ast-qv-on-image","19":"first","20":"instock","21":"sale","22":"shipping-taxable","23":"purchasable","24":"product-type-variable","25":"has-default-attributes"},"tiered_pricing_type":"fixed","tiered_pricing_fixed_rules":[],"tiered_pricing_product_settings":{"layout":"default","base_unit_name":{"singular":null,"plural":null},"default_variation":null},"tiered_pricing_minimum_quantity":null,"tiered_pricing_roles_data":[],"tiered_pricing_percentage_rules":[],"_links":{"self":[{"href":"https:\/\/puffvapestore.com\/it\/wp-json\/wp\/v2\/product\/5617","targetHints":{"allow":["GET"]}}],"collection":[{"href":"https:\/\/puffvapestore.com\/it\/wp-json\/wp\/v2\/product"}],"about":[{"href":"https:\/\/puffvapestore.com\/it\/wp-json\/wp\/v2\/types\/product"}],"replies":[{"embeddable":true,"href":"https:\/\/puffvapestore.com\/it\/wp-json\/wp\/v2\/comments?post=5617"}],"version-history":[{"count":8,"href":"https:\/\/puffvapestore.com\/it\/wp-json\/wp\/v2\/product\/5617\/revisions"}],"predecessor-version":[{"id":10695,"href":"https:\/\/puffvapestore.com\/it\/wp-json\/wp\/v2\/product\/5617\/revisions\/10695"}],"wp:featuredmedia":[{"embeddable":true,"href":"https:\/\/puffvapestore.com\/it\/wp-json\/wp\/v2\/media\/5400"}],"wp:attachment":[{"href":"https:\/\/puffvapestore.com\/it\/wp-json\/wp\/v2\/media?parent=5617"}],"wp:term":[{"taxonomy":"product_brand","embeddable":true,"href":"https:\/\/puffvapestore.com\/it\/wp-json\/wp\/v2\/product_brand?post=5617"},{"taxonomy":"product_cat","embeddable":true,"href":"https:\/\/puffvapestore.com\/it\/wp-json\/wp\/v2\/product_cat?post=5617"},{"taxonomy":"product_tag","embeddable":true,"href":"https:\/\/puffvapestore.com\/it\/wp-json\/wp\/v2\/product_tag?post=5617"}],"curies":[{"name":"wp","href":"https:\/\/api.w.org\/{rel}","templated":true}]}}