{"id":5590,"date":"2025-07-22T11:04:48","date_gmt":"2025-07-22T11:04:48","guid":{"rendered":"https:\/\/puffvapestore.com\/?post_type=product&#038;p=5590"},"modified":"2026-01-19T10:54:36","modified_gmt":"2026-01-19T10:54:36","slug":"bang-king-85k-pineapple-coconut-blue-razz-strawberry-banana-vous-offre-un-moment-de-detente","status":"publish","type":"product","link":"https:\/\/puffvapestore.com\/it\/product\/bang-king-85k-ananas-cocco-blu-razz-fragola-banana-vi-offre-un-momento-di-relax\/","title":{"rendered":"Bang King Triplo 85000 3 in 1 - Ananas Cocco &amp; Blu Razz &amp; Fragola Banana"},"content":{"rendered":"<div data-elementor-type=\"wp-post\" data-elementor-id=\"5590\" class=\"elementor elementor-5590\">\n\t\t\t\t<div class=\"elementor-element elementor-element-08c26f9 e-flex e-con-boxed e-con e-parent\" data-id=\"08c26f9\" data-element_type=\"container\" data-e-type=\"container\">\n\t\t\t\t\t<div class=\"e-con-inner\">\n\t\t\t\t<div class=\"elementor-element elementor-element-a005a97 elementor-widget elementor-widget-text-editor\" data-id=\"a005a97\" data-element_type=\"widget\" data-e-type=\"widget\" data-widget_type=\"text-editor.default\">\n\t\t\t\t<div class=\"elementor-widget-container\">\n\t\t\t\t\t\t\t\t\t<p>Una boccata densa e fruttata di sigaretta elettronica \u00e8 diventata una parte essenziale del relax francese contemporaneo.<\/p><p>La sigaretta elettronica Bang King Triple 85000 tre in uno \u00e8 nata per questo momento. Si allontana dalla monotonia di un unico aroma e combina in modo innovativo i tre gusti tropicali \u00abAnanas, Cocco\u00bb, \u00abBlue Razz\u00bb e \u00abBanana Fragola\u00bb. \u00c8 possibile passare liberamente da un aroma all'altro semplicemente regolando il selettore di aroma.<\/p><p>L'aroma Pineapple, Coconut vi trasporta nelle brezze dei Caraibi: l'ananas agrodolce incontra il profumo setoso della noce di cocco, e ogni boccata vi regala un momento di relax sulle rive del Mediterraneo.<\/p><p>Il gusto Blue Razz \u00e8 un incontro con un frutteto francese, dove i lamponi e i mirtilli si combinano per risvegliare le papille gustative quando si \u00e8 stanchi.<\/p><p>Il gusto Strawberry Banana \u00e8 come il dessert di un picnic in Provenza, dolce e denso, con un profumo persistente sulle labbra e sui denti, che fa venire voglia di godersi un momento di tranquillit\u00e0 al tramonto.<\/p><h2>Sistema a triplo cambio di sapore<\/h2><p>La Bang King 85000 Pineapple Coconut &amp; Blue Razz &amp; Strawberry Banana 3 in 1 Triple Flavour \u00e8 dotata di tre serbatoi di e-liquid indipendenti, ciascuno pre-riempito con 21 ml di e-liquid di alta qualit\u00e0, per una capacit\u00e0 totale di 63 ml. In questo modo potrete cambiare gusto a vostro piacimento. Passate facilmente da un aroma all'altro, senza dover cambiare il vostro dispositivo. Scoprite tre diversi gusti per soddisfare anche i palati pi\u00f9 esigenti.<\/p><p>Il modello Bang King Triple 85000 Pineapple Coconut &amp; Blue Razz &amp; Strawberry Banana offre 85.000 puff, ovvero circa 28.300 puff per gusto. Sia che la usiate ogni giorno o in viaggio, potrete contare su di essa per molto tempo senza doverla sostituire frequentemente.<\/p><h2>Display digitale intelligente, chiaro a colpo d'occhio<\/h2><p>L'Bang King 85000 Pineapple Coconut &amp; Blue Razz &amp; Strawberry Banana 3 in 1 Triple Flavour \u00e8 dotato di un display intelligente integrato ad alta definizione che mostra in tempo reale la carica della batteria e il livello di e-liquid rimanente. Le indicazioni intuitive facilitano la visualizzazione dello stato di utilizzo e garantiscono una carica costante di e-liquid e batteria.<\/p><h2>Sono disponibili diverse concentrazioni di nicotina per soddisfare le diverse esigenze.<\/h2><p>Bang King Triple 85000 Pineapple Coconut &amp; Blue Razz &amp; Strawberry Banana offre quattro concentrazioni di nicotina: 0 %, 2 %, 3 % e 5 %, per adattarsi alle diverse abitudini di fumo. Dal semplice piacere senza nicotina alle alte concentrazioni per un uso intensivo, si adatta a diversi scenari di utilizzo.<\/p><p>Tre serie di resistenze indipendenti a maglia da 1,0 \u03a9, integrate in ciascuna scatola dell'olio, migliorano l'efficienza della nebulizzazione e la riproduzione del sapore. La struttura a maglie riscalda in modo pi\u00f9 uniforme, il vapore \u00e8 pi\u00f9 ricco e l'ingresso del fumo pi\u00f9 fluido, per un'esperienza di fumo pura e regolare.<\/p><p>Dotata di una batteria ricaricabile ad alte prestazioni da 600 mAh, \u00e8 compatibile con la tecnologia di ricarica rapida USB-C. La ricarica \u00e8 rapida e consente di continuare a svapare senza preoccuparsi della durata della batteria, rendendola ideale per chi svapa spesso o per gli utenti di lunga data.<\/p><h2>Nuovo look e design ergonomico<\/h2><p>Il corpo di Bang King 85000 Pineapple Coconut &amp; Blue Razz &amp; Strawberry Banana 3 in 1 Triple Flavour ha una forma moderna e snella, che unisce tecnologia e praticit\u00e0. Il design a prova di perdite della struttura dell'e-liquid garantisce un trasporto quotidiano senza problemi e l'artigianalit\u00e0 si riflette in ogni dettaglio.<\/p>\t\t\t\t\t\t\t\t<\/div>\n\t\t\t\t<\/div>\n\t\t\t\t\t<\/div>\n\t\t\t\t<\/div>\n\t\t\t\t<\/div>","protected":false},"excerpt":{"rendered":"<p>Une bouff\u00e9e de cigarette \u00e9lectronique dense et fruit\u00e9e est devenue un incontournable de la d\u00e9tente contemporaine \u00e0 la fran\u00e7aise. La cigarette \u00e9lectronique trois en un Bang King Triple 85000 est n\u00e9e pour ce moment. Elle rompt avec la monotonie d&rsquo;un ar\u00f4me unique et combine de mani\u00e8re innovante les trois saveurs tropicales \u00ab Ananas, Noix de [&hellip;]<\/p>","protected":false},"featured_media":5398,"comment_status":"open","ping_status":"closed","template":"","meta":{"site-sidebar-layout":"no-sidebar","site-content-layout":"page-builder","ast-site-content-layout":"normal-width-container","site-content-style":"default","site-sidebar-style":"default","ast-global-header-display":"","ast-banner-title-visibility":"","ast-main-header-display":"","ast-hfb-above-header-display":"","ast-hfb-below-header-display":"","ast-hfb-mobile-header-display":"","site-post-title":"disabled","ast-breadcrumbs-content":"","ast-featured-img":"disabled","footer-sml-layout":"","theme-transparent-header-meta":"default","adv-header-id-meta":"","stick-header-meta":"default","header-above-stick-meta":"","header-main-stick-meta":"","header-below-stick-meta":"","astra-migrate-meta-layouts":"set","ast-page-background-enabled":"default","ast-page-background-meta":{"desktop":{"background-color":"","background-image":"","background-repeat":"repeat","background-position":"center center","background-size":"auto","background-attachment":"scroll","background-type":"","background-media":"","overlay-type":"","overlay-color":"","overlay-opacity":"","overlay-gradient":""},"tablet":{"background-color":"","background-image":"","background-repeat":"repeat","background-position":"center center","background-size":"auto","background-attachment":"scroll","background-type":"","background-media":"","overlay-type":"","overlay-color":"","overlay-opacity":"","overlay-gradient":""},"mobile":{"background-color":"","background-image":"","background-repeat":"repeat","background-position":"center center","background-size":"auto","background-attachment":"scroll","background-type":"","background-media":"","overlay-type":"","overlay-color":"","overlay-opacity":"","overlay-gradient":""}},"ast-content-background-meta":{"desktop":{"background-color":"var(--ast-global-color-5)","background-image":"","background-repeat":"repeat","background-position":"center center","background-size":"auto","background-attachment":"scroll","background-type":"","background-media":"","overlay-type":"","overlay-color":"","overlay-opacity":"","overlay-gradient":""},"tablet":{"background-color":"var(--ast-global-color-5)","background-image":"","background-repeat":"repeat","background-position":"center center","background-size":"auto","background-attachment":"scroll","background-type":"","background-media":"","overlay-type":"","overlay-color":"","overlay-opacity":"","overlay-gradient":""},"mobile":{"background-color":"var(--ast-global-color-5)","background-image":"","background-repeat":"repeat","background-position":"center center","background-size":"auto","background-attachment":"scroll","background-type":"","background-media":"","overlay-type":"","overlay-color":"","overlay-opacity":"","overlay-gradient":""}}},"product_brand":[52],"product_cat":[51,107,15],"product_tag":[],"class_list":{"0":"post-5590","1":"product","2":"type-product","3":"status-publish","4":"has-post-thumbnail","6":"product_brand-bang-king","7":"product_cat-bang-king-triple-85000-trois-saveurs-en-une","8":"product_cat-puff-85k","9":"product_cat-magasin-cigarette-electronique","10":"desktop-align-center","11":"tablet-align-center","12":"mobile-align-center","13":"ast-product-gallery-layout-horizontal","14":"ast-product-gallery-with-no-image","15":"ast-product-single-variable","16":"ast-product-tabs-layout-horizontal","17":"ast-qv-on-image","19":"first","20":"instock","21":"sale","22":"shipping-taxable","23":"purchasable","24":"product-type-variable","25":"has-default-attributes"},"tiered_pricing_type":"fixed","tiered_pricing_fixed_rules":[],"tiered_pricing_product_settings":{"layout":"default","base_unit_name":{"singular":null,"plural":null},"default_variation":null},"tiered_pricing_minimum_quantity":null,"tiered_pricing_roles_data":[],"tiered_pricing_percentage_rules":[],"_links":{"self":[{"href":"https:\/\/puffvapestore.com\/it\/wp-json\/wp\/v2\/product\/5590","targetHints":{"allow":["GET"]}}],"collection":[{"href":"https:\/\/puffvapestore.com\/it\/wp-json\/wp\/v2\/product"}],"about":[{"href":"https:\/\/puffvapestore.com\/it\/wp-json\/wp\/v2\/types\/product"}],"replies":[{"embeddable":true,"href":"https:\/\/puffvapestore.com\/it\/wp-json\/wp\/v2\/comments?post=5590"}],"version-history":[{"count":8,"href":"https:\/\/puffvapestore.com\/it\/wp-json\/wp\/v2\/product\/5590\/revisions"}],"predecessor-version":[{"id":10702,"href":"https:\/\/puffvapestore.com\/it\/wp-json\/wp\/v2\/product\/5590\/revisions\/10702"}],"wp:featuredmedia":[{"embeddable":true,"href":"https:\/\/puffvapestore.com\/it\/wp-json\/wp\/v2\/media\/5398"}],"wp:attachment":[{"href":"https:\/\/puffvapestore.com\/it\/wp-json\/wp\/v2\/media?parent=5590"}],"wp:term":[{"taxonomy":"product_brand","embeddable":true,"href":"https:\/\/puffvapestore.com\/it\/wp-json\/wp\/v2\/product_brand?post=5590"},{"taxonomy":"product_cat","embeddable":true,"href":"https:\/\/puffvapestore.com\/it\/wp-json\/wp\/v2\/product_cat?post=5590"},{"taxonomy":"product_tag","embeddable":true,"href":"https:\/\/puffvapestore.com\/it\/wp-json\/wp\/v2\/product_tag?post=5590"}],"curies":[{"name":"wp","href":"https:\/\/api.w.org\/{rel}","templated":true}]}}