{"id":5579,"date":"2025-07-22T08:56:29","date_gmt":"2025-07-22T08:56:29","guid":{"rendered":"https:\/\/puffvapestore.com\/?post_type=product&#038;p=5579"},"modified":"2026-01-19T10:54:36","modified_gmt":"2026-01-19T10:54:36","slug":"85k-bang-king-tropical-fruit-lemon-peach-strawberry-watermelon","status":"publish","type":"product","link":"https:\/\/puffvapestore.com\/it\/product\/85k-bang-king-frutta-tropicale-limone-pesca-fragola-anguria\/","title":{"rendered":"Bang King Triplo 85000 3 in 1 - Frutta tropicale e limone Pesca e fragola Anguria"},"content":{"rendered":"<div data-elementor-type=\"wp-post\" data-elementor-id=\"5579\" class=\"elementor elementor-5579\">\n\t\t\t\t<div class=\"elementor-element elementor-element-08c26f9 e-flex e-con-boxed e-con e-parent\" data-id=\"08c26f9\" data-element_type=\"container\" data-e-type=\"container\">\n\t\t\t\t\t<div class=\"e-con-inner\">\n\t\t\t\t<div class=\"elementor-element elementor-element-a005a97 elementor-widget elementor-widget-text-editor\" data-id=\"a005a97\" data-element_type=\"widget\" data-e-type=\"widget\" data-widget_type=\"text-editor.default\">\n\t\t\t\t<div class=\"elementor-widget-container\">\n\t\t\t\t\t\t\t\t\t<p>Grazie ai tre serbatoi di e-liquid indipendenti e al sistema di selezione degli aromi dell'Bang King Triple 85000, l'utente pu\u00f2 scegliere liberamente tra questi tre gusti in base al proprio umore, in modo che ogni inalazione riservi nuove sorprese. La Bang King Triple 85000 non \u00e8 solo una sigaretta elettronica, ma anche una scatola da viaggio personalizzabile.<\/p><p><strong>Frutti tropicali :<\/strong><br \/>Questo aroma evoca il sole estivo della costa meridionale della Francia, fresco e succoso. Un leggero soffio di fumo invita a rilassarsi su una sdraio sotto una palma e la brezza marina con i suoi aromi di frutta tropicale \u00e8 il modo perfetto per iniziare la giornata.<\/p><p><strong>Pesca al limone :<\/strong><br \/>Combinando la freschezza del limone con la dolcezza della pesca, il suo gusto \u00e8 vivace senza essere troppo stimolante. Ideale per leggere sul balcone nel pomeriggio, fumare una sigaretta e assaporare con calma il comfort e l'eleganza dello stile di vita francese.<\/p><p><strong>Anguria alla fragola :<\/strong><br \/>Questa combinazione dolce e non grassa \u00e8 ideale per le serate in casa e fuori. La dolcezza delle fragole e la freschezza dell'anguria si mescolano, invitando a fare una lunga boccata mentre ci si rilassa, come nel sogno di una notte d'estate.<\/p><h2>Sistema a triplo cambio di sapore<\/h2><p>La Bang King 85000 Tropical Fruit &amp; Lemon Peach &amp; Strawberry Watermelon \u00e8 dotata di tre serbatoi di e-liquid indipendenti, ciascuno pre-riempito con 21 ml di e-liquid di alta qualit\u00e0, per una capacit\u00e0 totale di 63 ml. In questo modo potrete cambiare gusto a vostro piacimento. Passate facilmente da un aroma all'altro, senza dover cambiare il vostro dispositivo. Scoprite tre diversi gusti per soddisfare anche i palati pi\u00f9 esigenti.<\/p><p>Il modello Bang King Triple 85000 Tropical Fruit &amp; Lemon Peach &amp; Strawberry Watermelon offre 85.000 soffi, ovvero circa 28.300 soffi per gusto. Sia che lo usiate tutti i giorni o in viaggio, potrete contare su di esso per molto tempo senza doverlo sostituire frequentemente.<\/p><h2>Display digitale intelligente, chiaro a colpo d'occhio<\/h2><p>L'Bang King 85000 Tropical Fruit &amp; Lemon Peach &amp; Strawberry Watermelon 3 in 1 Triple Flavour \u00e8 dotato di un display intelligente integrato ad alta definizione che mostra in tempo reale la carica della batteria e il livello di e-liquid rimanente. Le indicazioni intuitive facilitano la visualizzazione dello stato di utilizzo e garantiscono una carica costante di e-liquid e batteria.<\/p><h2>Sono disponibili diverse concentrazioni di nicotina per soddisfare le diverse esigenze.<\/h2><p>Bang King Triple 85000 Tropical Fruit &amp; Lemon Peach &amp; Strawberry Watermelon offre quattro concentrazioni di nicotina: 0 %, 2 %, 3 % e 5 %, per adattarsi alle diverse abitudini di fumo. Dal semplice piacere senza nicotina alle alte concentrazioni per un uso intensivo, si adatta a diversi scenari di utilizzo.<\/p><p>Tre serie di resistenze indipendenti a maglia da 1,0 \u03a9, integrate in ciascuna scatola dell'olio, migliorano l'efficienza della nebulizzazione e la riproduzione del sapore. La struttura a maglie riscalda in modo pi\u00f9 uniforme, il vapore \u00e8 pi\u00f9 ricco e l'ingresso del fumo pi\u00f9 fluido, per un'esperienza di fumo pura e regolare.<\/p><p>Dotata di una batteria ricaricabile ad alte prestazioni da 600 mAh, \u00e8 compatibile con la tecnologia di ricarica rapida USB-C. La ricarica \u00e8 rapida e consente di continuare a svapare senza preoccuparsi della durata della batteria, rendendola ideale per chi svapa spesso o per gli utenti di lunga data.<\/p><h2>Nuovo look e design ergonomico<\/h2><p>Il corpo della Bang King 85000 3 in 1 Triple Flavour ha una forma moderna e snella, che unisce tecnologia e praticit\u00e0. Il design a prova di perdite della struttura dell'e-liquid garantisce un trasporto quotidiano senza problemi e l'artigianalit\u00e0 si riflette in ogni dettaglio.<\/p>\t\t\t\t\t\t\t\t<\/div>\n\t\t\t\t<\/div>\n\t\t\t\t\t<\/div>\n\t\t\t\t<\/div>\n\t\t\t\t<\/div>","protected":false},"excerpt":{"rendered":"<p>Gr\u00e2ce aux trois r\u00e9servoirs d&rsquo;e-liquide ind\u00e9pendants et au syst\u00e8me de s\u00e9lection d&rsquo;ar\u00f4mes de la Bang King Triple 85000, les utilisateurs peuvent choisir librement parmi ces trois saveurs selon leur humeur, pour que chaque inhalation leur r\u00e9serve de nouvelles surprises. La Bang King Triple 85000 n&rsquo;est pas seulement une cigarette \u00e9lectronique, c&rsquo;est aussi une bo\u00eete de [&hellip;]<\/p>\n","protected":false},"featured_media":5403,"comment_status":"open","ping_status":"closed","template":"","meta":{"site-sidebar-layout":"no-sidebar","site-content-layout":"page-builder","ast-site-content-layout":"normal-width-container","site-content-style":"default","site-sidebar-style":"default","ast-global-header-display":"","ast-banner-title-visibility":"","ast-main-header-display":"","ast-hfb-above-header-display":"","ast-hfb-below-header-display":"","ast-hfb-mobile-header-display":"","site-post-title":"disabled","ast-breadcrumbs-content":"","ast-featured-img":"disabled","footer-sml-layout":"","theme-transparent-header-meta":"default","adv-header-id-meta":"","stick-header-meta":"default","header-above-stick-meta":"","header-main-stick-meta":"","header-below-stick-meta":"","astra-migrate-meta-layouts":"set","ast-page-background-enabled":"default","ast-page-background-meta":{"desktop":{"background-color":"","background-image":"","background-repeat":"repeat","background-position":"center center","background-size":"auto","background-attachment":"scroll","background-type":"","background-media":"","overlay-type":"","overlay-color":"","overlay-opacity":"","overlay-gradient":""},"tablet":{"background-color":"","background-image":"","background-repeat":"repeat","background-position":"center center","background-size":"auto","background-attachment":"scroll","background-type":"","background-media":"","overlay-type":"","overlay-color":"","overlay-opacity":"","overlay-gradient":""},"mobile":{"background-color":"","background-image":"","background-repeat":"repeat","background-position":"center center","background-size":"auto","background-attachment":"scroll","background-type":"","background-media":"","overlay-type":"","overlay-color":"","overlay-opacity":"","overlay-gradient":""}},"ast-content-background-meta":{"desktop":{"background-color":"var(--ast-global-color-5)","background-image":"","background-repeat":"repeat","background-position":"center center","background-size":"auto","background-attachment":"scroll","background-type":"","background-media":"","overlay-type":"","overlay-color":"","overlay-opacity":"","overlay-gradient":""},"tablet":{"background-color":"var(--ast-global-color-5)","background-image":"","background-repeat":"repeat","background-position":"center center","background-size":"auto","background-attachment":"scroll","background-type":"","background-media":"","overlay-type":"","overlay-color":"","overlay-opacity":"","overlay-gradient":""},"mobile":{"background-color":"var(--ast-global-color-5)","background-image":"","background-repeat":"repeat","background-position":"center center","background-size":"auto","background-attachment":"scroll","background-type":"","background-media":"","overlay-type":"","overlay-color":"","overlay-opacity":"","overlay-gradient":""}}},"product_brand":[52],"product_cat":[51,107,15],"product_tag":[],"class_list":{"0":"post-5579","1":"product","2":"type-product","3":"status-publish","4":"has-post-thumbnail","6":"product_brand-bang-king","7":"product_cat-bang-king-triple-85000-trois-saveurs-en-une","8":"product_cat-puff-85k","9":"product_cat-magasin-cigarette-electronique","10":"desktop-align-center","11":"tablet-align-center","12":"mobile-align-center","13":"ast-product-gallery-layout-horizontal","14":"ast-product-gallery-with-no-image","15":"ast-product-single-variable","16":"ast-product-tabs-layout-horizontal","17":"ast-qv-on-image","19":"first","20":"instock","21":"sale","22":"shipping-taxable","23":"purchasable","24":"product-type-variable","25":"has-default-attributes"},"tiered_pricing_type":"fixed","tiered_pricing_fixed_rules":[],"tiered_pricing_product_settings":{"layout":"default","base_unit_name":{"singular":null,"plural":null},"default_variation":null},"tiered_pricing_minimum_quantity":null,"tiered_pricing_roles_data":[],"tiered_pricing_percentage_rules":[],"_links":{"self":[{"href":"https:\/\/puffvapestore.com\/it\/wp-json\/wp\/v2\/product\/5579","targetHints":{"allow":["GET"]}}],"collection":[{"href":"https:\/\/puffvapestore.com\/it\/wp-json\/wp\/v2\/product"}],"about":[{"href":"https:\/\/puffvapestore.com\/it\/wp-json\/wp\/v2\/types\/product"}],"replies":[{"embeddable":true,"href":"https:\/\/puffvapestore.com\/it\/wp-json\/wp\/v2\/comments?post=5579"}],"version-history":[{"count":8,"href":"https:\/\/puffvapestore.com\/it\/wp-json\/wp\/v2\/product\/5579\/revisions"}],"predecessor-version":[{"id":10703,"href":"https:\/\/puffvapestore.com\/it\/wp-json\/wp\/v2\/product\/5579\/revisions\/10703"}],"wp:featuredmedia":[{"embeddable":true,"href":"https:\/\/puffvapestore.com\/it\/wp-json\/wp\/v2\/media\/5403"}],"wp:attachment":[{"href":"https:\/\/puffvapestore.com\/it\/wp-json\/wp\/v2\/media?parent=5579"}],"wp:term":[{"taxonomy":"product_brand","embeddable":true,"href":"https:\/\/puffvapestore.com\/it\/wp-json\/wp\/v2\/product_brand?post=5579"},{"taxonomy":"product_cat","embeddable":true,"href":"https:\/\/puffvapestore.com\/it\/wp-json\/wp\/v2\/product_cat?post=5579"},{"taxonomy":"product_tag","embeddable":true,"href":"https:\/\/puffvapestore.com\/it\/wp-json\/wp\/v2\/product_tag?post=5579"}],"curies":[{"name":"wp","href":"https:\/\/api.w.org\/{rel}","templated":true}]}}