{"id":5568,"date":"2025-07-22T05:31:10","date_gmt":"2025-07-22T05:31:10","guid":{"rendered":"https:\/\/puffvapestore.com\/?post_type=product&#038;p=5568"},"modified":"2026-01-19T10:54:36","modified_gmt":"2026-01-19T10:54:36","slug":"bang-king-triple-85k-strawberry-watermelon-triple-melon-strawberry-ice","status":"publish","type":"product","link":"https:\/\/puffvapestore.com\/it\/product\/bang-king-triplo-85k-anguria-fragola-triplo-melone-fragola-ghiaccio\/","title":{"rendered":"Bang King Triplo 85000 3 in 1 - Anguria fragola e triplo melone e fragola ghiaccio"},"content":{"rendered":"<div data-elementor-type=\"wp-post\" data-elementor-id=\"5568\" class=\"elementor elementor-5568\">\n\t\t\t\t<div class=\"elementor-element elementor-element-08c26f9 e-flex e-con-boxed e-con e-parent\" data-id=\"08c26f9\" data-element_type=\"container\" data-e-type=\"container\">\n\t\t\t\t\t<div class=\"e-con-inner\">\n\t\t\t\t<div class=\"elementor-element elementor-element-a005a97 elementor-widget elementor-widget-text-editor\" data-id=\"a005a97\" data-element_type=\"widget\" data-e-type=\"widget\" data-widget_type=\"text-editor.default\">\n\t\t\t\t<div class=\"elementor-widget-container\">\n\t\t\t\t\t\t\t\t\t<p>La Bang King Triple 85000 non \u00e8 solo una sigaretta elettronica, ma anche uno strumento essenziale per variare i vostri piaceri quotidiani. Dispone di tre serbatoi indipendenti, ciascuno con una capacit\u00e0 di 21 ml. Scoprite i diversi gusti semplicemente cambiando sapore con il selettore. Ogni sigaretta elettronica offre fino a 85.000 boccate, un perfetto equilibrio tra economicit\u00e0 e piacere di alta gamma.<\/p><h2>Anguria alla fragola: il profumo di un frutteto in un pomeriggio di sole in Francia<\/h2><p>Su una panchina lungo la Senna a Parigi, mentre il sole fa capolino tra le foglie sulle spalle, assaporate un sorso di fumo aromatizzato all'anguria e alla fragola, come se foste nel cuore di un frutteto di inizio estate. La dolcezza delle fragole e la freschezza dell'anguria si mescolano, creando una bocca liscia e luminosa. Il gusto ricorda le bancarelle di frutta del sud della Francia in piena estate, naturale, fresco e senza eccessi.<\/p><h2>Triplo melone: succoso e dolce, nello stile del Sud della Francia.<\/h2><p>Il gusto Triple Melon \u00e8 un perfetto omaggio all'amore francese per la complessit\u00e0 dei frutti. La fusione di tre variet\u00e0 di melone e frutta, strato su strato: la dolcezza del melone, la delicatezza della melata e la leggera acidit\u00e0 del melone, creano un retrogusto ricco e persistente. Godetevi un sorso di fumo aromatizzato al triplo melone come se steste andando al mercato in Provenza, dove il sole illumina le colorate bancarelle di frutta e l'aria \u00e8 infusa di fragranze fruttate. Questa fragranza \u00e8 ideale soprattutto dopo il tramonto, seduti sul balcone a chiacchierare con gli amici. Entrate in modalit\u00e0 relax in qualsiasi momento e in qualsiasi luogo.<\/p><h2>Fraise Glac\u00e9e: una scelta rinfrescante per le moderne notti parigine<\/h2><p>Se siete amanti della notte, il gusto Fraise Glac\u00e9e diventer\u00e0 la vostra fonte di ispirazione. La dolcezza delle fragole, esaltata dalla freschezza della menta, ha un effetto rinfrescante, come un cocktail ai frutti rossi dopo una passeggiata notturna lungo gli Champs-\u00c9lys\u00e9es. La sensazione di freschezza non \u00e8 pungente, ma di sottigliezza francese: elegante e sobria. Questa fragranza \u00e8 ideale per leggere, ascoltare jazz o meditare da soli. Dopo un sorso di fumo aromatizzato Fraise Glac\u00e9e, la stanchezza svanisce, lasciando spazio a pensieri chiari.<\/p><h2>Sistema a triplo cambio di sapore<\/h2><p>La Bang King 85000 Strawberry Watermelon &amp; Triple Melon &amp; Strawberry Ice 3 in 1 Triple Flavour \u00e8 dotata di tre serbatoi di e-liquid indipendenti, ciascuno pre-riempito con 21 ml di e-liquid di alta qualit\u00e0, per una capacit\u00e0 totale di 63 ml. In questo modo potrete cambiare gusto a vostro piacimento. Passate facilmente da un aroma all'altro, senza dover cambiare il vostro dispositivo. Scoprite tre diversi gusti per soddisfare anche i palati pi\u00f9 esigenti.<\/p><p>Il modello Bang King Triple 85000 Strawberry Watermelon &amp; Triple Melon &amp; Strawberry Ice offre 85.000 soffi, ovvero circa 28.300 soffi per gusto. Sia che lo usiate tutti i giorni o in viaggio, potrete fare affidamento su di esso per molto tempo senza doverlo sostituire frequentemente.<\/p><h2>Display digitale intelligente, chiaro a colpo d'occhio<\/h2><p>Il modello Bang King 85000 Strawberry Watermelon &amp; Triple Melon &amp; Strawberry Ice 3 in 1 Triple Flavour \u00e8 dotato di un display intelligente integrato ad alta definizione che mostra in tempo reale la carica della batteria e il livello di e-liquid rimanente. Le indicazioni intuitive facilitano la visualizzazione dello stato di utilizzo e garantiscono una carica costante di e-liquid e batteria.<\/p><h2>Sono disponibili diverse concentrazioni di nicotina per soddisfare le diverse esigenze.<\/h2><p>La Bang King Triple 85000 offre quattro concentrazioni di nicotina: 0 %, 2 %, 3 % e 5 %, per soddisfare le diverse abitudini di fumo. Dal semplice piacere senza nicotina all'alta concentrazione per esigenze intensive, si adatta a diversi scenari di utilizzo.<\/p><p>Tre serie di resistenze indipendenti a maglia da 1,0 \u03a9, integrate in ciascuna scatola dell'olio, migliorano l'efficienza della nebulizzazione e la riproduzione del sapore. La struttura a maglie riscalda in modo pi\u00f9 uniforme, il vapore \u00e8 pi\u00f9 ricco e l'ingresso del fumo pi\u00f9 fluido, per un'esperienza di fumo pura e regolare.<\/p><p>Dotata di una batteria ricaricabile ad alte prestazioni da 600 mAh, \u00e8 compatibile con la tecnologia di ricarica rapida USB-C. La ricarica \u00e8 rapida e consente di continuare a svapare senza preoccuparsi della durata della batteria, rendendola ideale per chi svapa spesso o per gli utenti di lunga data.<\/p><h2>Nuovo look e design ergonomico<\/h2><p>Il corpo di Bang King 85000 Strawberry Watermelon &amp; Triple Melon &amp; Strawberry Ice 3 in 1 Triple Flavour ha una forma moderna e snella, che unisce tecnologia e praticit\u00e0. Il design a prova di perdite della struttura dell'e-liquid garantisce un trasporto quotidiano senza problemi e l'artigianalit\u00e0 si riflette in ogni dettaglio.<\/p>\t\t\t\t\t\t\t\t<\/div>\n\t\t\t\t<\/div>\n\t\t\t\t\t<\/div>\n\t\t\t\t<\/div>\n\t\t\t\t<\/div>","protected":false},"excerpt":{"rendered":"<p>La Bang King Triple 85000 est non seulement une cigarette \u00e9lectronique, mais aussi un outil indispensable pour varier les plaisirs au quotidien. Elle est \u00e9quip\u00e9e de trois r\u00e9servoirs ind\u00e9pendants, chacun offrant une capacit\u00e9 de 21 ml. D\u00e9couvrez diff\u00e9rentes saveurs en changeant simplement de saveur gr\u00e2ce au s\u00e9lecteur. Chaque cigarette \u00e9lectronique offre jusqu&rsquo;\u00e0 85000 bouff\u00e9es, un [&hellip;]<\/p>","protected":false},"featured_media":5402,"comment_status":"open","ping_status":"closed","template":"","meta":{"site-sidebar-layout":"no-sidebar","site-content-layout":"page-builder","ast-site-content-layout":"normal-width-container","site-content-style":"default","site-sidebar-style":"default","ast-global-header-display":"","ast-banner-title-visibility":"","ast-main-header-display":"","ast-hfb-above-header-display":"","ast-hfb-below-header-display":"","ast-hfb-mobile-header-display":"","site-post-title":"disabled","ast-breadcrumbs-content":"","ast-featured-img":"disabled","footer-sml-layout":"","theme-transparent-header-meta":"default","adv-header-id-meta":"","stick-header-meta":"default","header-above-stick-meta":"","header-main-stick-meta":"","header-below-stick-meta":"","astra-migrate-meta-layouts":"set","ast-page-background-enabled":"default","ast-page-background-meta":{"desktop":{"background-color":"","background-image":"","background-repeat":"repeat","background-position":"center center","background-size":"auto","background-attachment":"scroll","background-type":"","background-media":"","overlay-type":"","overlay-color":"","overlay-opacity":"","overlay-gradient":""},"tablet":{"background-color":"","background-image":"","background-repeat":"repeat","background-position":"center center","background-size":"auto","background-attachment":"scroll","background-type":"","background-media":"","overlay-type":"","overlay-color":"","overlay-opacity":"","overlay-gradient":""},"mobile":{"background-color":"","background-image":"","background-repeat":"repeat","background-position":"center center","background-size":"auto","background-attachment":"scroll","background-type":"","background-media":"","overlay-type":"","overlay-color":"","overlay-opacity":"","overlay-gradient":""}},"ast-content-background-meta":{"desktop":{"background-color":"var(--ast-global-color-5)","background-image":"","background-repeat":"repeat","background-position":"center center","background-size":"auto","background-attachment":"scroll","background-type":"","background-media":"","overlay-type":"","overlay-color":"","overlay-opacity":"","overlay-gradient":""},"tablet":{"background-color":"var(--ast-global-color-5)","background-image":"","background-repeat":"repeat","background-position":"center center","background-size":"auto","background-attachment":"scroll","background-type":"","background-media":"","overlay-type":"","overlay-color":"","overlay-opacity":"","overlay-gradient":""},"mobile":{"background-color":"var(--ast-global-color-5)","background-image":"","background-repeat":"repeat","background-position":"center center","background-size":"auto","background-attachment":"scroll","background-type":"","background-media":"","overlay-type":"","overlay-color":"","overlay-opacity":"","overlay-gradient":""}}},"product_brand":[52],"product_cat":[51,107,15],"product_tag":[],"class_list":{"0":"post-5568","1":"product","2":"type-product","3":"status-publish","4":"has-post-thumbnail","6":"product_brand-bang-king","7":"product_cat-bang-king-triple-85000-trois-saveurs-en-une","8":"product_cat-puff-85k","9":"product_cat-magasin-cigarette-electronique","10":"desktop-align-center","11":"tablet-align-center","12":"mobile-align-center","13":"ast-product-gallery-layout-horizontal","14":"ast-product-gallery-with-no-image","15":"ast-product-single-variable","16":"ast-product-tabs-layout-horizontal","17":"ast-qv-on-image","19":"first","20":"instock","21":"sale","22":"shipping-taxable","23":"purchasable","24":"product-type-variable","25":"has-default-attributes"},"tiered_pricing_type":"fixed","tiered_pricing_fixed_rules":[],"tiered_pricing_product_settings":{"layout":"default","base_unit_name":{"singular":null,"plural":null},"default_variation":null},"tiered_pricing_minimum_quantity":null,"tiered_pricing_roles_data":[],"tiered_pricing_percentage_rules":[],"_links":{"self":[{"href":"https:\/\/puffvapestore.com\/it\/wp-json\/wp\/v2\/product\/5568","targetHints":{"allow":["GET"]}}],"collection":[{"href":"https:\/\/puffvapestore.com\/it\/wp-json\/wp\/v2\/product"}],"about":[{"href":"https:\/\/puffvapestore.com\/it\/wp-json\/wp\/v2\/types\/product"}],"replies":[{"embeddable":true,"href":"https:\/\/puffvapestore.com\/it\/wp-json\/wp\/v2\/comments?post=5568"}],"version-history":[{"count":8,"href":"https:\/\/puffvapestore.com\/it\/wp-json\/wp\/v2\/product\/5568\/revisions"}],"predecessor-version":[{"id":10704,"href":"https:\/\/puffvapestore.com\/it\/wp-json\/wp\/v2\/product\/5568\/revisions\/10704"}],"wp:featuredmedia":[{"embeddable":true,"href":"https:\/\/puffvapestore.com\/it\/wp-json\/wp\/v2\/media\/5402"}],"wp:attachment":[{"href":"https:\/\/puffvapestore.com\/it\/wp-json\/wp\/v2\/media?parent=5568"}],"wp:term":[{"taxonomy":"product_brand","embeddable":true,"href":"https:\/\/puffvapestore.com\/it\/wp-json\/wp\/v2\/product_brand?post=5568"},{"taxonomy":"product_cat","embeddable":true,"href":"https:\/\/puffvapestore.com\/it\/wp-json\/wp\/v2\/product_cat?post=5568"},{"taxonomy":"product_tag","embeddable":true,"href":"https:\/\/puffvapestore.com\/it\/wp-json\/wp\/v2\/product_tag?post=5568"}],"curies":[{"name":"wp","href":"https:\/\/api.w.org\/{rel}","templated":true}]}}