{"id":5553,"date":"2025-07-22T02:09:35","date_gmt":"2025-07-22T02:09:35","guid":{"rendered":"https:\/\/puffvapestore.com\/?post_type=product&#038;p=5553"},"modified":"2026-01-19T10:54:36","modified_gmt":"2026-01-19T10:54:36","slug":"bang-king-85k-blueberry-ice-lemon-lime-strawberry-watermelon-vous-offre-une-sensation","status":"publish","type":"product","link":"https:\/\/puffvapestore.com\/it\/product\/bang-king-85k-mirtillo-ghiaccio-limone-lime-fragola-anguria-vi-regala-una-sensazione-di\/","title":{"rendered":"Bang King 85000 3 in 1 Triplo gusto - Mirtillo ghiacciato, limone e lime, fragola e anguria"},"content":{"rendered":"<div data-elementor-type=\"wp-post\" data-elementor-id=\"5553\" class=\"elementor elementor-5553\">\n\t\t\t\t<div class=\"elementor-element elementor-element-08c26f9 e-flex e-con-boxed e-con e-parent\" data-id=\"08c26f9\" data-element_type=\"container\" data-e-type=\"container\">\n\t\t\t\t\t<div class=\"e-con-inner\">\n\t\t\t\t<div class=\"elementor-element elementor-element-a005a97 elementor-widget elementor-widget-text-editor\" data-id=\"a005a97\" data-element_type=\"widget\" data-e-type=\"widget\" data-widget_type=\"text-editor.default\">\n\t\t\t\t<div class=\"elementor-widget-container\">\n\t\t\t\t\t\t\t\t\t<p>In Francia, sigarette elettroniche, gastronomia e sapori sono intimamente legati e i tre gusti della Bang King 85000 sono un'interpretazione unica dello spirito francese del \u00abpiacere\u00bb:<\/p><p>Myrtille Glac\u00e9e: Come una passeggiata mattutina tra i campi di mirtilli della Provenza, una boccata di fumo fresco di mirtillo, dolce e ghiacciato, rinfrescante e fresco, ideale per sedersi in un caff\u00e8 al sole, fare una leggera boccata e sentirsi fisicamente e mentalmente rilassati.<\/p><p>Lime: rinfrescante, agrodolce, come la brezza estiva sulle rive della Senna, ideale per un momento di relax tra due ore di lavoro o una passeggiata in citt\u00e0, dona un'immediata sensazione di freschezza.<\/p><p>Anguria fragola: la dolcezza fruttata si intreccia come un bacio d'amore, ideale per una serata a due o con gli amici, risvegliando gioia e ricordi.<\/p><p>Tre gusti completamente diversi, facilmente selezionabili tramite il selettore, vi permettono di trovare il gusto che fa per voi in ogni momento. Che siate seduti sul prato del Louvre o che stiate fumando una sigaretta mentre vi rilassate in un bar all'aperto all'angolo di una strada parigina, il cambio di gusto \u00e8 come un piccolo viaggio che cambia il vostro umore.<\/p><h2>Innovativo design tre in uno - tre sistemi di aromi indipendenti<\/h2><p>La sigaretta Bang King Triple 85000 Blueberry Ice &amp; Lemon Lime &amp; Strawberry Watermelon offre un numero massimo di puff, un record sul mercato, con 85.000 puff. Una singola sigaretta elettronica BangKing Triple85000 garantisce un uso duraturo, senza la necessit\u00e0 di sostituirla o trasportarla frequentemente, rendendola ideale per chi fa un uso intensivo o per chi viaggia a lungo. Utilizzata quotidianamente o come accessorio di emergenza, offre una potenza di svapo stabile e duratura, pur rimanendo estremamente economica.<\/p><p>Il modello Bang King Triple 85000 Blueberry Ice &amp; Lemon Lime &amp; Strawberry Watermelon \u00e8 dotato di un serbatoio unico con tre e-liquid, ciascuno pre-riempito con un e-liquid specifico. L'utente pu\u00f2 scegliere a piacimento tra tre diversi gusti grazie al selettore, e persino miscelare e fumare, per un'esperienza di gusto senza precedenti.<\/p><h2>Design ricaricabile ecologico - Ricarica rapida Type-C<\/h2><p>La sigaretta Bang King Triple 85000 Blueberry Ice &amp; Lemon Lime &amp; Strawberry Watermelon \u00e8 dotata di una batteria al litio da 600 mAh ad alte prestazioni e di un'interfaccia di ricarica rapida Type-C, che consente molteplici cicli di ricarica. Rispetto alle sigarette elettroniche usa e getta tradizionali, non solo \u00e8 pi\u00f9 ecologica, ma anche pi\u00f9 economica a lungo termine. Inoltre, la durata della batteria \u00e8 stabile e la potenza erogata a ogni boccata \u00e8 costante, garantendo un gusto costante.<\/p><p>Ogni serbatoio di e-liquid \u00e8 dotato di una resistenza di atomizzazione ad alta efficienza con maglia da 1,0 \u03a9, che offre una conduzione uniforme del calore, un riscaldamento rapido, una nebulizzazione pi\u00f9 completa e un gusto pi\u00f9 morbido e pieno. Che si tratti di frutta fresca o di un dessert alla crema, riproduce fedelmente il sapore originale dell'e-liquid, per un fumo che si scioglie in bocca e un retrogusto persistente, migliorando notevolmente l'esperienza del fumo. Anche con un'inalazione continua, non si verificano problemi di bruciatura o surriscaldamento.<\/p><h2>Display LED intelligente<\/h2><p>Il modello Bang King Triple 85000 Blueberry Ice &amp; Lemon Lime &amp; Strawberry Watermelon \u00e8 dotato di uno schermo LED intelligente sulla parte anteriore, che visualizza il livello della batteria, il livello di e-liquid rimanente e altre informazioni in tempo reale, consentendo agli utenti di gestire efficacemente il tempo di utilizzo e la capacit\u00e0 residua. Per gli utenti abituali non \u00e8 pi\u00f9 necessario stimare la durata residua del dispositivo: l'uso visivo \u00e8 pi\u00f9 umano e intelligente.<\/p><p>La BangKing Triple 85000 Blueberry Ice &amp; Lemon Lime &amp; Strawberry Watermelon offre fino a quattro livelli di concentrazione di nicotina: 0 %, 2 %, 3 % e 5 %. Che vogliate smettere di fumare, ridurre l'assunzione di nicotina o mantenere il piacere del gusto, troverete la soluzione ideale. Per gli utilizzatori di sigarette elettroniche di tutti i livelli, questo progetto offre una grande libert\u00e0 e un design accurato, soddisfacendo non solo le esigenze dei principianti, ma anche l'esperienza personalizzata degli utilizzatori esperti.<\/p><h2>Altri punti salienti:<\/h2><p>Funzione di attivazione automatica: non \u00e8 necessario premere un pulsante, l'inalazione attiva la sigaretta elettronica, rendendola facile da usare.<\/p><p>Look colorato e di tendenza: design multicolore ed effetti luminosi di tendenza, per un look pi\u00f9 tecnologico e di tendenza.<\/p><h2>Specifiche del modello Bang King Triple 85000 Blueberry Ice &amp; Lemon Lime &amp; Strawberry Watermelon<\/h2><p>Numero massimo di boccate: fino a 85.000 boccate (28.300 boccate per ciascuno dei tre gusti)<\/p><p>Tre serbatoi di olio: contiene 3 serbatoi di olio, con un selettore per il cambio di gusto.<\/p><p>Volume totale: 63 ml di e-liquid pre-riempito (21 ml x 3 ciascuno).<\/p><p>Capacit\u00e0 e carica della batteria: batteria ricaricabile da 600 mAh, compatibile con la ricarica rapida USB-C.<\/p><p>Configurazione dei resistori: tre set di resistenze a maglia da 1,0 \u03a9 per migliorare le prestazioni di aroma e atomizzazione.<\/p><p>Concentrazione di nicotina: \u00e8 possibile scegliere tra quattro livelli: 0 %, 2 %, 3 % e 5 %.<\/p><p>Display intelligente: dotato di uno schermo ad alta definizione che mostra la carica della batteria e il livello di olio rimanente.<\/p>\t\t\t\t\t\t\t\t<\/div>\n\t\t\t\t<\/div>\n\t\t\t\t\t<\/div>\n\t\t\t\t<\/div>\n\t\t\t\t<\/div>","protected":false},"excerpt":{"rendered":"<p>En France, cigarettes \u00e9lectroniques, gastronomie et saveurs sont intimement li\u00e9s, et les trois saveurs de la Bang King 85000 sont une interpr\u00e9tation unique de l&rsquo;esprit \u00ab\u00a0plaisir\u00a0\u00bb \u00e0 la fran\u00e7aise\u00a0: Myrtille Glac\u00e9e\u00a0: Comme une promenade matinale dans les champs de myrtilles de Provence, une bouff\u00e9e de fum\u00e9e fra\u00eeche \u00e0 la myrtille, douce et glac\u00e9e, rafra\u00eechissante et [&hellip;]<\/p>","protected":false},"featured_media":5391,"comment_status":"open","ping_status":"closed","template":"","meta":{"site-sidebar-layout":"no-sidebar","site-content-layout":"page-builder","ast-site-content-layout":"normal-width-container","site-content-style":"default","site-sidebar-style":"default","ast-global-header-display":"","ast-banner-title-visibility":"","ast-main-header-display":"","ast-hfb-above-header-display":"","ast-hfb-below-header-display":"","ast-hfb-mobile-header-display":"","site-post-title":"disabled","ast-breadcrumbs-content":"","ast-featured-img":"disabled","footer-sml-layout":"","theme-transparent-header-meta":"default","adv-header-id-meta":"","stick-header-meta":"default","header-above-stick-meta":"","header-main-stick-meta":"","header-below-stick-meta":"","astra-migrate-meta-layouts":"set","ast-page-background-enabled":"default","ast-page-background-meta":{"desktop":{"background-color":"","background-image":"","background-repeat":"repeat","background-position":"center center","background-size":"auto","background-attachment":"scroll","background-type":"","background-media":"","overlay-type":"","overlay-color":"","overlay-opacity":"","overlay-gradient":""},"tablet":{"background-color":"","background-image":"","background-repeat":"repeat","background-position":"center center","background-size":"auto","background-attachment":"scroll","background-type":"","background-media":"","overlay-type":"","overlay-color":"","overlay-opacity":"","overlay-gradient":""},"mobile":{"background-color":"","background-image":"","background-repeat":"repeat","background-position":"center center","background-size":"auto","background-attachment":"scroll","background-type":"","background-media":"","overlay-type":"","overlay-color":"","overlay-opacity":"","overlay-gradient":""}},"ast-content-background-meta":{"desktop":{"background-color":"var(--ast-global-color-5)","background-image":"","background-repeat":"repeat","background-position":"center center","background-size":"auto","background-attachment":"scroll","background-type":"","background-media":"","overlay-type":"","overlay-color":"","overlay-opacity":"","overlay-gradient":""},"tablet":{"background-color":"var(--ast-global-color-5)","background-image":"","background-repeat":"repeat","background-position":"center center","background-size":"auto","background-attachment":"scroll","background-type":"","background-media":"","overlay-type":"","overlay-color":"","overlay-opacity":"","overlay-gradient":""},"mobile":{"background-color":"var(--ast-global-color-5)","background-image":"","background-repeat":"repeat","background-position":"center center","background-size":"auto","background-attachment":"scroll","background-type":"","background-media":"","overlay-type":"","overlay-color":"","overlay-opacity":"","overlay-gradient":""}}},"product_brand":[52],"product_cat":[51,107,15],"product_tag":[],"class_list":{"0":"post-5553","1":"product","2":"type-product","3":"status-publish","4":"has-post-thumbnail","6":"product_brand-bang-king","7":"product_cat-bang-king-triple-85000-trois-saveurs-en-une","8":"product_cat-puff-85k","9":"product_cat-magasin-cigarette-electronique","10":"desktop-align-center","11":"tablet-align-center","12":"mobile-align-center","13":"ast-product-gallery-layout-horizontal","14":"ast-product-gallery-with-no-image","15":"ast-product-single-variable","16":"ast-product-tabs-layout-horizontal","17":"ast-qv-on-image","19":"first","20":"instock","21":"sale","22":"shipping-taxable","23":"purchasable","24":"product-type-variable","25":"has-default-attributes"},"tiered_pricing_type":"fixed","tiered_pricing_fixed_rules":[],"tiered_pricing_product_settings":{"layout":"default","base_unit_name":{"singular":null,"plural":null},"default_variation":null},"tiered_pricing_minimum_quantity":null,"tiered_pricing_roles_data":[],"tiered_pricing_percentage_rules":[],"_links":{"self":[{"href":"https:\/\/puffvapestore.com\/it\/wp-json\/wp\/v2\/product\/5553","targetHints":{"allow":["GET"]}}],"collection":[{"href":"https:\/\/puffvapestore.com\/it\/wp-json\/wp\/v2\/product"}],"about":[{"href":"https:\/\/puffvapestore.com\/it\/wp-json\/wp\/v2\/types\/product"}],"replies":[{"embeddable":true,"href":"https:\/\/puffvapestore.com\/it\/wp-json\/wp\/v2\/comments?post=5553"}],"version-history":[{"count":8,"href":"https:\/\/puffvapestore.com\/it\/wp-json\/wp\/v2\/product\/5553\/revisions"}],"predecessor-version":[{"id":10705,"href":"https:\/\/puffvapestore.com\/it\/wp-json\/wp\/v2\/product\/5553\/revisions\/10705"}],"wp:featuredmedia":[{"embeddable":true,"href":"https:\/\/puffvapestore.com\/it\/wp-json\/wp\/v2\/media\/5391"}],"wp:attachment":[{"href":"https:\/\/puffvapestore.com\/it\/wp-json\/wp\/v2\/media?parent=5553"}],"wp:term":[{"taxonomy":"product_brand","embeddable":true,"href":"https:\/\/puffvapestore.com\/it\/wp-json\/wp\/v2\/product_brand?post=5553"},{"taxonomy":"product_cat","embeddable":true,"href":"https:\/\/puffvapestore.com\/it\/wp-json\/wp\/v2\/product_cat?post=5553"},{"taxonomy":"product_tag","embeddable":true,"href":"https:\/\/puffvapestore.com\/it\/wp-json\/wp\/v2\/product_tag?post=5553"}],"curies":[{"name":"wp","href":"https:\/\/api.w.org\/{rel}","templated":true}]}}