{"id":5523,"date":"2025-07-20T06:44:42","date_gmt":"2025-07-20T06:44:42","guid":{"rendered":"https:\/\/puffvapestore.com\/?post_type=product&#038;p=5523"},"modified":"2026-01-19T10:54:36","modified_gmt":"2026-01-19T10:54:36","slug":"bang-king-85000-mixed-berries-mango-peach-grape-ice","status":"publish","type":"product","link":"https:\/\/puffvapestore.com\/it\/product\/bang-king-85000-frutti-di-bosco-misti-mango-pesca-uva-ghiaccio\/","title":{"rendered":"Bang King 85000 3 in 1 Triplo Gusto - Frutti di bosco misti, pesca mango e uva ghiaccio"},"content":{"rendered":"<div data-elementor-type=\"wp-post\" data-elementor-id=\"5523\" class=\"elementor elementor-5523\">\n\t\t\t\t<div class=\"elementor-element elementor-element-d3f3f97 e-flex e-con-boxed e-con e-parent\" data-id=\"d3f3f97\" data-element_type=\"container\" data-e-type=\"container\">\n\t\t\t\t\t<div class=\"e-con-inner\">\n\t\t\t\t<div class=\"elementor-element elementor-element-9600b1d elementor-widget elementor-widget-text-editor\" data-id=\"9600b1d\" data-element_type=\"widget\" data-e-type=\"widget\" data-widget_type=\"text-editor.default\">\n\t\t\t\t<div class=\"elementor-widget-container\">\n\t\t\t\t\t\t\t\t\t<p>Il modello Bang King 85000 3 in 1 Triple Flavour - Mixed Berries &amp; Mango Peach &amp; Grape Ice consente agli utenti di scegliere liberamente tra i tre gusti \u00abMixed Berries\u00bb, \u00abMango Peach\u00bb e \u00abGrape Ice\u00bb. Questo design offre una variet\u00e0 di scelte che si adattano a tutti gli stati d'animo e a tutti gli scenari. Ogni gusto offre un'esperienza di gusto completa. Il Mixed Berry \u00e8 per gli amanti della frutta, il Mango Peach offre sapori tropicali e l'Iced Grape \u00e8 per gli amanti della freschezza.<\/p><h2>Bacche miste<\/h2><p>Quando il fumo entra nel palato, la prima impressione \u00e8 quella di un potente aroma di bacche, che ricorda la fusione di mirtilli e more, con una moderata dolcezza e una leggera acidit\u00e0 di frutta selvatica. Il complesso sapore fruttato \u00e8 caratterizzato da una nota di testa morbida e dolce di mirtillo, seguita da una leggera acidit\u00e0 di more e lamponi nel mezzo, che aggiunge complessit\u00e0. L'insieme \u00e8 corposo e non grasso, con un leggero profumo verde di frutta selvatica che ricorda i frutti di bosco appena raccolti.<\/p><h2>Mango e pesca<\/h2><p>La dolcezza ricca e tropicale del mango e l'aroma morbido e carnoso della pesca bianca si mescolano, dolce senza essere unta, liscia e naturale. La polpa spessa del mango \u00e8 la prima sensazione percepita, seguita dalla rotondit\u00e0 e dalla delicatezza della pesca, che si integrano armoniosamente.<\/p><p>Aromi: Il retrogusto evoca il calore di un frutteto assolato, mentre la dolcezza della polpa permane tra le labbra e i denti.<\/p><h2>Ghiaccio d'uva<\/h2><p>Gusto: con una base di uva viola dolce, unita a una forte sensazione di freschezza, \u00e8 il pi\u00f9 rinfrescante dei tre.<\/p><p>Dettagli del gusto: L'aroma di uva \u00e8 molto pieno, con una leggera dolcezza di soda d'uva e un aroma fruttato naturale. La sensazione di ghiaccio che penetra rapidamente nella gola esplode, offrendo un'esperienza estremamente rinfrescante, particolarmente indicata per alleviare le sensazioni di grasso o di calore.<\/p><p>Aromi: freschi e persistenti, simili al retrogusto del gelato all'uva o della gomma da masticare all'uva, con una leggera freschezza persistente.<\/p>\t\t\t\t\t\t\t\t<\/div>\n\t\t\t\t<\/div>\n\t\t\t\t\t<\/div>\n\t\t\t\t<\/div>\n\t\t<div class=\"elementor-element elementor-element-08c26f9 e-flex e-con-boxed e-con e-parent\" data-id=\"08c26f9\" data-element_type=\"container\" data-e-type=\"container\">\n\t\t\t\t\t<div class=\"e-con-inner\">\n\t\t\t\t<div class=\"elementor-element elementor-element-a005a97 elementor-widget elementor-widget-text-editor\" data-id=\"a005a97\" data-element_type=\"widget\" data-e-type=\"widget\" data-widget_type=\"text-editor.default\">\n\t\t\t\t<div class=\"elementor-widget-container\">\n\t\t\t\t\t\t\t\t\t<h2>Innovativo design tre in uno - tre sistemi di aromi indipendenti<\/h2><p>La sigaretta Bang King Triple 85000 Mixed Berries &amp; Mango Peach &amp; Grape Ice offre un numero massimo di puff, un record sul mercato, con 85.000 puff. Una singola sigaretta elettronica BangKing Triple85000 consente un uso prolungato, senza la necessit\u00e0 di sostituirla o trasportarla frequentemente, rendendola ideale per chi fa un uso intensivo o per chi viaggia a lungo. Utilizzata quotidianamente o come accessorio di emergenza, offre una potenza di svapo stabile e duratura, pur rimanendo estremamente economica.<\/p><p>Il modello Bang King Triple 85000 Mixed Berries &amp; Mango Peach &amp; Grape Ice \u00e8 dotato di un serbatoio unico con tre e-liquid, ciascuno pre-riempito con un e-liquid specifico. L'utente pu\u00f2 scegliere a piacimento tra tre diversi gusti grazie al selettore, e persino miscelare e fumare, per un'esperienza di gusto senza precedenti.<\/p><h2>Design ricaricabile ecologico - Ricarica rapida Type-C<\/h2><p>La Bang King Triple 85000 \u00e8 dotata di una batteria al litio da 600 mAh ad alte prestazioni e di un'interfaccia di ricarica rapida Type-C, che consente di effettuare pi\u00f9 cicli di ricarica. Rispetto alle sigarette elettroniche usa e getta tradizionali, non solo \u00e8 pi\u00f9 ecologica, ma anche pi\u00f9 economica a lungo termine. Inoltre, la durata della batteria \u00e8 stabile e la potenza erogata a ogni boccata \u00e8 costante, garantendo un gusto costante.<\/p><p>Ogni serbatoio di e-liquid \u00e8 dotato di una resistenza di atomizzazione ad alta efficienza con maglia da 1,0 \u03a9, che offre una conduzione uniforme del calore, un riscaldamento rapido, una nebulizzazione pi\u00f9 completa e un gusto pi\u00f9 morbido e pieno. Che si tratti di frutta fresca o di un dessert alla crema, riproduce fedelmente il sapore originale dell'e-liquid, per un fumo che si scioglie in bocca e un retrogusto persistente, migliorando notevolmente l'esperienza del fumo. Anche con un'inalazione continua, non si verificano problemi di bruciatura o surriscaldamento.<\/p><h2>Display LED intelligente<\/h2><p>Il modello Bang King Triple 85000 Mixed Berries &amp; Mango Peach &amp; Grape Ice \u00e8 dotato di uno schermo LED intelligente sulla parte anteriore, che visualizza il livello della batteria, il livello di e-liquid rimanente e altre informazioni in tempo reale, consentendo agli utenti di gestire efficacemente il tempo di utilizzo e la capacit\u00e0 residua. Per gli utenti abituali non \u00e8 pi\u00f9 necessario stimare la durata residua del dispositivo: l'uso visivo \u00e8 pi\u00f9 umano e intelligente.<\/p><p>BangKing Triple 85000 Mixed Berries &amp; Mango Peach &amp; Grape Ice offre fino a quattro livelli di concentrazione di nicotina: 0 %, 2 %, 3 % e 5 %. Se volete smettere di fumare, ridurre l'assunzione di nicotina o mantenere il piacere del gusto, troverete la soluzione ideale. Per gli utilizzatori di sigarette elettroniche di tutti i livelli, questo progetto offre una grande libert\u00e0 e un design accurato, in grado di soddisfare non solo le esigenze dei principianti, ma anche l'esperienza personalizzata degli utenti pi\u00f9 esperti.<\/p><h2>Altri punti salienti:<\/h2><p>Funzione di attivazione automatica: non \u00e8 necessario premere un pulsante, l'inalazione attiva la sigaretta elettronica, rendendola facile da usare.<\/p><p>Look colorato e di tendenza: design multicolore ed effetti luminosi di tendenza, per un look pi\u00f9 tecnologico e di tendenza.<\/p><h2>Specifiche di Bang King Triplo 85000 3 in 1 Misto Frutti di Bosco &amp; Mango Pesca &amp; Uva Ghiaccio<\/h2><p>Numero massimo di boccate: fino a 85.000 boccate (28.300 boccate per ciascuno dei tre gusti)<\/p><p>Tre serbatoi di olio: contiene 3 serbatoi di olio, con un selettore per il cambio di gusto.<\/p><p>Volume totale: 63 ml di e-liquid pre-riempito (21 ml x 3 ciascuno).<\/p><p>Capacit\u00e0 e carica della batteria: batteria ricaricabile da 600 mAh, compatibile con la ricarica rapida USB-C.<\/p><p>Configurazione dei resistori: tre set di resistenze a maglia da 1,0 \u03a9 per migliorare le prestazioni di aroma e atomizzazione.<\/p><p>Concentrazione di nicotina: \u00e8 possibile scegliere tra quattro livelli: 0 %, 2 %, 3 % e 5 %.<\/p><p>Display intelligente: dotato di uno schermo ad alta definizione che mostra la carica della batteria e il livello di olio rimanente.<\/p>\t\t\t\t\t\t\t\t<\/div>\n\t\t\t\t<\/div>\n\t\t\t\t\t<\/div>\n\t\t\t\t<\/div>\n\t\t\t\t<\/div>","protected":false},"excerpt":{"rendered":"<p>Il modello Bang King 85000 3 in 1 Triple Flavour - Mixed Berries &amp; Mango Peach &amp; Grape Ice consente di scegliere liberamente tra i tre gusti \u00abMixed Berries\u00bb, \u00abMango Peach\u00bb e \u00abGrape Ice\u00bb. Questo design offre una variet\u00e0 di scelte per soddisfare tutti gli umori e i gusti.<\/p>","protected":false},"featured_media":5396,"comment_status":"open","ping_status":"closed","template":"","meta":{"site-sidebar-layout":"no-sidebar","site-content-layout":"page-builder","ast-site-content-layout":"normal-width-container","site-content-style":"default","site-sidebar-style":"default","ast-global-header-display":"","ast-banner-title-visibility":"","ast-main-header-display":"","ast-hfb-above-header-display":"","ast-hfb-below-header-display":"","ast-hfb-mobile-header-display":"","site-post-title":"disabled","ast-breadcrumbs-content":"","ast-featured-img":"disabled","footer-sml-layout":"","theme-transparent-header-meta":"default","adv-header-id-meta":"","stick-header-meta":"default","header-above-stick-meta":"","header-main-stick-meta":"","header-below-stick-meta":"","astra-migrate-meta-layouts":"set","ast-page-background-enabled":"default","ast-page-background-meta":{"desktop":{"background-color":"","background-image":"","background-repeat":"repeat","background-position":"center center","background-size":"auto","background-attachment":"scroll","background-type":"","background-media":"","overlay-type":"","overlay-color":"","overlay-opacity":"","overlay-gradient":""},"tablet":{"background-color":"","background-image":"","background-repeat":"repeat","background-position":"center center","background-size":"auto","background-attachment":"scroll","background-type":"","background-media":"","overlay-type":"","overlay-color":"","overlay-opacity":"","overlay-gradient":""},"mobile":{"background-color":"","background-image":"","background-repeat":"repeat","background-position":"center center","background-size":"auto","background-attachment":"scroll","background-type":"","background-media":"","overlay-type":"","overlay-color":"","overlay-opacity":"","overlay-gradient":""}},"ast-content-background-meta":{"desktop":{"background-color":"var(--ast-global-color-5)","background-image":"","background-repeat":"repeat","background-position":"center center","background-size":"auto","background-attachment":"scroll","background-type":"","background-media":"","overlay-type":"","overlay-color":"","overlay-opacity":"","overlay-gradient":""},"tablet":{"background-color":"var(--ast-global-color-5)","background-image":"","background-repeat":"repeat","background-position":"center center","background-size":"auto","background-attachment":"scroll","background-type":"","background-media":"","overlay-type":"","overlay-color":"","overlay-opacity":"","overlay-gradient":""},"mobile":{"background-color":"var(--ast-global-color-5)","background-image":"","background-repeat":"repeat","background-position":"center center","background-size":"auto","background-attachment":"scroll","background-type":"","background-media":"","overlay-type":"","overlay-color":"","overlay-opacity":"","overlay-gradient":""}}},"product_brand":[52],"product_cat":[51,107,15],"product_tag":[],"class_list":{"0":"post-5523","1":"product","2":"type-product","3":"status-publish","4":"has-post-thumbnail","6":"product_brand-bang-king","7":"product_cat-bang-king-triple-85000-trois-saveurs-en-une","8":"product_cat-puff-85k","9":"product_cat-magasin-cigarette-electronique","10":"desktop-align-center","11":"tablet-align-center","12":"mobile-align-center","13":"ast-product-gallery-layout-horizontal","14":"ast-product-gallery-with-no-image","15":"ast-product-single-variable","16":"ast-product-tabs-layout-horizontal","17":"ast-qv-on-image","19":"first","20":"instock","21":"sale","22":"shipping-taxable","23":"purchasable","24":"product-type-variable","25":"has-default-attributes"},"tiered_pricing_type":"fixed","tiered_pricing_fixed_rules":[],"tiered_pricing_product_settings":{"layout":"default","base_unit_name":{"singular":null,"plural":null},"default_variation":null},"tiered_pricing_minimum_quantity":null,"tiered_pricing_roles_data":[],"tiered_pricing_percentage_rules":[],"_links":{"self":[{"href":"https:\/\/puffvapestore.com\/it\/wp-json\/wp\/v2\/product\/5523","targetHints":{"allow":["GET"]}}],"collection":[{"href":"https:\/\/puffvapestore.com\/it\/wp-json\/wp\/v2\/product"}],"about":[{"href":"https:\/\/puffvapestore.com\/it\/wp-json\/wp\/v2\/types\/product"}],"replies":[{"embeddable":true,"href":"https:\/\/puffvapestore.com\/it\/wp-json\/wp\/v2\/comments?post=5523"}],"version-history":[{"count":8,"href":"https:\/\/puffvapestore.com\/it\/wp-json\/wp\/v2\/product\/5523\/revisions"}],"predecessor-version":[{"id":10707,"href":"https:\/\/puffvapestore.com\/it\/wp-json\/wp\/v2\/product\/5523\/revisions\/10707"}],"wp:featuredmedia":[{"embeddable":true,"href":"https:\/\/puffvapestore.com\/it\/wp-json\/wp\/v2\/media\/5396"}],"wp:attachment":[{"href":"https:\/\/puffvapestore.com\/it\/wp-json\/wp\/v2\/media?parent=5523"}],"wp:term":[{"taxonomy":"product_brand","embeddable":true,"href":"https:\/\/puffvapestore.com\/it\/wp-json\/wp\/v2\/product_brand?post=5523"},{"taxonomy":"product_cat","embeddable":true,"href":"https:\/\/puffvapestore.com\/it\/wp-json\/wp\/v2\/product_cat?post=5523"},{"taxonomy":"product_tag","embeddable":true,"href":"https:\/\/puffvapestore.com\/it\/wp-json\/wp\/v2\/product_tag?post=5523"}],"curies":[{"name":"wp","href":"https:\/\/api.w.org\/{rel}","templated":true}]}}