{"id":5432,"date":"2025-07-20T01:07:06","date_gmt":"2025-07-20T01:07:06","guid":{"rendered":"https:\/\/puffvapestore.com\/?post_type=product&#038;p=5432"},"modified":"2026-01-19T10:54:35","modified_gmt":"2026-01-19T10:54:35","slug":"bang-king-85000-3-in-1-triple-flavor-equipe-de-resistances-mesh","status":"publish","type":"product","link":"https:\/\/puffvapestore.com\/it\/product\/bang-king-85000-3-in-1-triple-flavour-con-resistenze-a-rete\/","title":{"rendered":"Bang King 85000 3 in 1 Triple Flavor: offre 85K boccate, dotate di resistenze a rete."},"content":{"rendered":"<div data-elementor-type=\"wp-post\" data-elementor-id=\"5432\" class=\"elementor elementor-5432\">\n\t\t\t\t<div class=\"elementor-element elementor-element-08c26f9 e-flex e-con-boxed e-con e-parent\" data-id=\"08c26f9\" data-element_type=\"container\" data-e-type=\"container\">\n\t\t\t\t\t<div class=\"e-con-inner\">\n\t\t\t\t<div class=\"elementor-element elementor-element-a005a97 elementor-widget elementor-widget-text-editor\" data-id=\"a005a97\" data-element_type=\"widget\" data-e-type=\"widget\" data-widget_type=\"text-editor.default\">\n\t\t\t\t<div class=\"elementor-widget-container\">\n\t\t\t\t\t\t\t\t\t<h2>Innovativo design tre in uno - tre sistemi di aromi indipendenti<\/h2><p>La Bang King Triple 85000 offre un numero massimo di boccate, un record sul mercato, con 85.000 boccate. Una singola sigaretta elettronica BangKing Triple85000 consente un utilizzo a lungo termine, senza la necessit\u00e0 di sostituirla o trasportarla frequentemente, rendendola ideale per gli utenti intensivi o per chi viaggia a lungo. Utilizzata quotidianamente o come accessorio di emergenza, offre una potenza di svapo stabile e duratura, pur rimanendo estremamente economica.<\/p><p>Il modello Bang King Triple 85000 \u00e8 dotato di un serbatoio unico con tre e-liquid, ciascuno pre-riempito con un e-liquid specifico. Grazie al selettore, l'utente pu\u00f2 scegliere a piacimento tra tre diversi gusti e persino miscelare e fumare, per un'esperienza di gusto senza precedenti.<\/p><h2>Design ricaricabile ecologico - Ricarica rapida Type-C<\/h2><p>La Bang King Triple 85000 \u00e8 dotata di una batteria al litio da 600 mAh ad alte prestazioni e di un'interfaccia di ricarica rapida Type-C, che consente di effettuare pi\u00f9 cicli di ricarica. Rispetto alle sigarette elettroniche usa e getta tradizionali, non solo \u00e8 pi\u00f9 ecologica, ma anche pi\u00f9 economica a lungo termine. Inoltre, la durata della batteria \u00e8 stabile e la potenza erogata a ogni boccata \u00e8 costante, garantendo un gusto costante.<\/p><p>Ogni serbatoio di e-liquid \u00e8 dotato di una resistenza di atomizzazione ad alta efficienza con maglia da 1,0 \u03a9, che offre una conduzione uniforme del calore, un riscaldamento rapido, una nebulizzazione pi\u00f9 completa e un gusto pi\u00f9 morbido e pieno. Che si tratti di frutta fresca o di un dessert alla crema, riproduce fedelmente il sapore originale dell'e-liquid, per un fumo che si scioglie in bocca e un retrogusto persistente, migliorando notevolmente l'esperienza del fumo. Anche con un'inalazione continua, non si verificano problemi di bruciatura o surriscaldamento.<\/p><h2>Display LED intelligente<\/h2><p>Il modello Bang King Triple 85000 \u00e8 dotato di uno schermo LED intelligente sulla parte anteriore, che visualizza il livello della batteria, il livello di e-liquid rimanente e altre informazioni in tempo reale, consentendo agli utenti di gestire efficacemente il tempo di utilizzo e la capacit\u00e0 residua. Per gli utenti abituali non \u00e8 pi\u00f9 necessario stimare la durata residua del dispositivo: l'uso visivo \u00e8 pi\u00f9 umano e intelligente.<\/p><p>La BangKing Triple 85000 offre fino a quattro livelli di concentrazione di nicotina: 0 %, 2 %, 3 % e 5 %. Che vogliate smettere di fumare, ridurre l'assunzione di nicotina o mantenere il piacere del gusto, troverete la soluzione ideale. Per gli utilizzatori di sigarette elettroniche di tutti i livelli, questo progetto offre una grande libert\u00e0 e un design accurato, soddisfacendo non solo le esigenze dei principianti, ma anche l'esperienza personalizzata degli utilizzatori esperti.<\/p><h2>Altri punti salienti:<\/h2><p>Funzione di attivazione automatica: non \u00e8 necessario premere un pulsante, l'inalazione attiva la sigaretta elettronica, rendendola facile da usare.<\/p><p>Look colorato e di tendenza: design multicolore ed effetti luminosi di tendenza, per un look pi\u00f9 tecnologico e di tendenza.<\/p><h2>Specifiche del modello Bang King Triple 85000 3 in 1<\/h2><p>Numero massimo di boccate: fino a 85.000 boccate (28.300 boccate per ciascuno dei tre gusti)<\/p><p>Tre serbatoi di olio: contiene 3 serbatoi di olio, con un selettore per il cambio di gusto.<\/p><p>Volume totale: 63 ml di e-liquid pre-riempito (21 ml x 3 ciascuno).<\/p><p>Capacit\u00e0 e carica della batteria: batteria ricaricabile da 600 mAh, compatibile con la ricarica rapida USB-C.<\/p><p>Configurazione dei resistori: tre set di resistenze a maglia da 1,0 \u03a9 per migliorare le prestazioni di aroma e atomizzazione.<\/p><p>Concentrazione di nicotina: \u00e8 possibile scegliere tra quattro livelli: 0 %, 2 %, 3 % e 5 %.<\/p><p>Display intelligente: dotato di uno schermo ad alta definizione che mostra la carica della batteria e il livello di olio rimanente.<\/p>\t\t\t\t\t\t\t\t<\/div>\n\t\t\t\t<\/div>\n\t\t\t\t\t<\/div>\n\t\t\t\t<\/div>\n\t\t<div class=\"elementor-element elementor-element-d3f3f97 e-flex e-con-boxed e-con e-parent\" data-id=\"d3f3f97\" data-element_type=\"container\" data-e-type=\"container\">\n\t\t\t\t\t<div class=\"e-con-inner\">\n\t\t\t\t<div class=\"elementor-element elementor-element-9600b1d elementor-widget elementor-widget-text-editor\" data-id=\"9600b1d\" data-element_type=\"widget\" data-e-type=\"widget\" data-widget_type=\"text-editor.default\">\n\t\t\t\t<div class=\"elementor-widget-container\">\n\t\t\t\t\t\t\t\t\t<h2>16 gusti tripli di Bang King Triplo 85000<\/h2><p>I 16 gusti della Bang King Triple 85K offrono una combinazione di sapori ricca e creativa, incentrata sui tre temi principali: frutta, bevande e dessert. Ogni gusto \u00e8 una miscela di tre diversi gusti di cartucce, per un'esperienza ricca e complessa. Ad esempio, \u00abBerry Lemonade &amp; Strawberry Red Bull &amp; Strawberry Pomp\u00bb combina il gusto rinfrescante della limonata ai frutti rossi, la vivacit\u00e0 della Red Bull alla fragola e la dolcezza del melograno alla fragola, mentre \u00abBlue Razz Ice &amp; Strawberry Watermelon &amp; Watermelon Ice\u00bb prende la freschezza del frullato al mirtillo e aggiunge il sapore estivo dell'anguria alla fragola e del puro ghiaccio all'anguria. Questa combinazione non solo mantiene l'inconfondibile firma del sapore, ma aggiunge anche freschezza attraverso le sue combinazioni.<\/p><p>La serie presenta una serie di audaci combinazioni transfrontaliere, come \u00abStrawberry Vanilla Coke &amp; Black Dragon Ice &amp; Peach Ice\u00bb, che combina bevande e frutta, o \u00abStrawberry Donut &amp; Love 66 &amp; Banana Ice\u00bb, ispirato ai dessert. Anche i gusti ai frutti tropicali sono protagonisti, come \u00abTropical Fruit &amp; Lemon Peach &amp; Strawberry Watermelon\u00bb e \u00abKiwi Passion Fruit Guava &amp; Lush Ice &amp; Straw Mango\u00bb, che creano un'atmosfera esotica grazie ai ricchi aromi fruttati di frutto della passione, guava, mango e altro ancora.<\/p><p>Il design del gusto dell'Bang King Triple 85K enfatizza l'equilibrio tra il gusto ghiacciato (come molti gusti chiamati \u00abIce\u00bb) e la dolcezza, soddisfacendo sia le esigenze classiche (come cola, Red Bull) che quelle innovative (come donuts, ananas e cocco). Combinazioni diverse si adattano a scenari diversi. Ad esempio, \u00abIce Tea Lemon Ice &amp; Lychee Ice Cream &amp; Mango On Ice\u00bb \u00e8 ideale per alleviare le sensazioni di unto, mentre la gamma Red Bull offre un effetto rinfrescante per soddisfare i diversi gusti dei consumatori.<\/p>\t\t\t\t\t\t\t\t<\/div>\n\t\t\t\t<\/div>\n\t\t\t\t\t<\/div>\n\t\t\t\t<\/div>\n\t\t\t\t<\/div>","protected":false},"excerpt":{"rendered":"<p>Design innovativo tre in uno - tre sistemi di aromi indipendenti La Bang King Triple 85000 offre un numero massimo di boccate, un record sul mercato, con 85.000 boccate. Una singola sigaretta elettronica BangKing Triple85000 garantisce un uso duraturo, senza la necessit\u00e0 di sostituirla o trasportarla frequentemente, rendendola ideale per gli utenti che desiderano [...].<\/p>","protected":false},"featured_media":5408,"comment_status":"open","ping_status":"closed","template":"","meta":{"site-sidebar-layout":"no-sidebar","site-content-layout":"page-builder","ast-site-content-layout":"normal-width-container","site-content-style":"default","site-sidebar-style":"default","ast-global-header-display":"","ast-banner-title-visibility":"","ast-main-header-display":"","ast-hfb-above-header-display":"","ast-hfb-below-header-display":"","ast-hfb-mobile-header-display":"","site-post-title":"disabled","ast-breadcrumbs-content":"","ast-featured-img":"disabled","footer-sml-layout":"","theme-transparent-header-meta":"default","adv-header-id-meta":"","stick-header-meta":"default","header-above-stick-meta":"","header-main-stick-meta":"","header-below-stick-meta":"","astra-migrate-meta-layouts":"set","ast-page-background-enabled":"default","ast-page-background-meta":{"desktop":{"background-color":"","background-image":"","background-repeat":"repeat","background-position":"center center","background-size":"auto","background-attachment":"scroll","background-type":"","background-media":"","overlay-type":"","overlay-color":"","overlay-opacity":"","overlay-gradient":""},"tablet":{"background-color":"","background-image":"","background-repeat":"repeat","background-position":"center center","background-size":"auto","background-attachment":"scroll","background-type":"","background-media":"","overlay-type":"","overlay-color":"","overlay-opacity":"","overlay-gradient":""},"mobile":{"background-color":"","background-image":"","background-repeat":"repeat","background-position":"center center","background-size":"auto","background-attachment":"scroll","background-type":"","background-media":"","overlay-type":"","overlay-color":"","overlay-opacity":"","overlay-gradient":""}},"ast-content-background-meta":{"desktop":{"background-color":"var(--ast-global-color-5)","background-image":"","background-repeat":"repeat","background-position":"center center","background-size":"auto","background-attachment":"scroll","background-type":"","background-media":"","overlay-type":"","overlay-color":"","overlay-opacity":"","overlay-gradient":""},"tablet":{"background-color":"var(--ast-global-color-5)","background-image":"","background-repeat":"repeat","background-position":"center center","background-size":"auto","background-attachment":"scroll","background-type":"","background-media":"","overlay-type":"","overlay-color":"","overlay-opacity":"","overlay-gradient":""},"mobile":{"background-color":"var(--ast-global-color-5)","background-image":"","background-repeat":"repeat","background-position":"center center","background-size":"auto","background-attachment":"scroll","background-type":"","background-media":"","overlay-type":"","overlay-color":"","overlay-opacity":"","overlay-gradient":""}}},"product_brand":[52],"product_cat":[51,107,15],"product_tag":[],"class_list":{"0":"post-5432","1":"product","2":"type-product","3":"status-publish","4":"has-post-thumbnail","6":"product_brand-bang-king","7":"product_cat-bang-king-triple-85000-trois-saveurs-en-une","8":"product_cat-puff-85k","9":"product_cat-magasin-cigarette-electronique","10":"desktop-align-center","11":"tablet-align-center","12":"mobile-align-center","13":"ast-product-gallery-layout-horizontal","14":"ast-product-single-variable","15":"ast-product-tabs-layout-horizontal","16":"ast-qv-on-image","18":"first","19":"instock","20":"sale","21":"shipping-taxable","22":"purchasable","23":"product-type-variable","24":"has-default-attributes"},"tiered_pricing_type":"fixed","tiered_pricing_fixed_rules":[],"tiered_pricing_product_settings":{"layout":"default","base_unit_name":{"singular":null,"plural":null},"default_variation":null},"tiered_pricing_minimum_quantity":null,"tiered_pricing_roles_data":[],"tiered_pricing_percentage_rules":[],"_links":{"self":[{"href":"https:\/\/puffvapestore.com\/it\/wp-json\/wp\/v2\/product\/5432","targetHints":{"allow":["GET"]}}],"collection":[{"href":"https:\/\/puffvapestore.com\/it\/wp-json\/wp\/v2\/product"}],"about":[{"href":"https:\/\/puffvapestore.com\/it\/wp-json\/wp\/v2\/types\/product"}],"replies":[{"embeddable":true,"href":"https:\/\/puffvapestore.com\/it\/wp-json\/wp\/v2\/comments?post=5432"}],"version-history":[{"count":8,"href":"https:\/\/puffvapestore.com\/it\/wp-json\/wp\/v2\/product\/5432\/revisions"}],"predecessor-version":[{"id":10711,"href":"https:\/\/puffvapestore.com\/it\/wp-json\/wp\/v2\/product\/5432\/revisions\/10711"}],"wp:featuredmedia":[{"embeddable":true,"href":"https:\/\/puffvapestore.com\/it\/wp-json\/wp\/v2\/media\/5408"}],"wp:attachment":[{"href":"https:\/\/puffvapestore.com\/it\/wp-json\/wp\/v2\/media?parent=5432"}],"wp:term":[{"taxonomy":"product_brand","embeddable":true,"href":"https:\/\/puffvapestore.com\/it\/wp-json\/wp\/v2\/product_brand?post=5432"},{"taxonomy":"product_cat","embeddable":true,"href":"https:\/\/puffvapestore.com\/it\/wp-json\/wp\/v2\/product_cat?post=5432"},{"taxonomy":"product_tag","embeddable":true,"href":"https:\/\/puffvapestore.com\/it\/wp-json\/wp\/v2\/product_tag?post=5432"}],"curies":[{"name":"wp","href":"https:\/\/api.w.org\/{rel}","templated":true}]}}