{"id":5341,"date":"2025-07-19T02:36:17","date_gmt":"2025-07-19T02:36:17","guid":{"rendered":"https:\/\/puffvapestore.com\/?post_type=product&#038;p=5341"},"modified":"2026-01-19T10:34:39","modified_gmt":"2026-01-19T10:34:39","slug":"strawberry-banana-fumot-40000-offre-un-arriere-gout-chaleureux","status":"publish","type":"product","link":"https:\/\/puffvapestore.com\/it\/product\/fragola-banana-fumot-40000-offre-un-retrogusto-caldo\/","title":{"rendered":"Fragola e banana - Fumot RandM Tornado 40000"},"content":{"rendered":"<div data-elementor-type=\"wp-post\" data-elementor-id=\"5341\" class=\"elementor elementor-5341\">\n\t\t\t\t<div class=\"elementor-element elementor-element-08c26f9 e-flex e-con-boxed e-con e-parent\" data-id=\"08c26f9\" data-element_type=\"container\" data-e-type=\"container\">\n\t\t\t\t\t<div class=\"e-con-inner\">\n\t\t\t\t<div class=\"elementor-element elementor-element-a005a97 elementor-widget elementor-widget-text-editor\" data-id=\"a005a97\" data-element_type=\"widget\" data-e-type=\"widget\" data-widget_type=\"text-editor.default\">\n\t\t\t\t<div class=\"elementor-widget-container\">\n\t\t\t\t\t\t\t\t\t<p>Fumot Leopard 40000 Fragola e banana \u00e8 un dessert classico dalle note ricche, dolce senza essere unto, profumato e fresco. La freschezza delle fragole si fonde perfettamente con l'intenso gusto lattiginoso del frullato di banana. Il cuore \u00e8 morbido e cremoso, il retrogusto \u00e8 caldo e la rotondit\u00e0 complessiva \u00e8 naturale. \u00c8 un gusto perfetto per tutte le stagioni e pu\u00f2 essere gustato ogni giorno.<\/p><h2>La dolcezza e la leggera acidit\u00e0 delle fragole :<\/h2><p>Il gusto delle fragole si ispira a frutti maturi e carnosi, che offrono una ricca dolcezza, accompagnata da una leggera acidit\u00e0 per un tocco di freschezza. Questo equilibrio agrodolce ricorda le fragole appena raccolte e baciate dal sole, succose e vivaci.<\/p><p>L'aroma dolce e fruttato delle fragole colpisce il palato al momento dell'ispirazione, creando un ingresso vivace e rinfrescante al palato.<\/p><h2>Liscio e cremoso alla banana:<\/h2><p>Il sapore della banana \u00e8 caratterizzato dalla sua caratteristica cremosit\u00e0 e consistenza, che crea un gusto caldo e morbido. La sua dolcezza morbida contrasta con la vivace dolcezza della fragola, aggiungendo ulteriore profondit\u00e0.<\/p><p>Espirando, il sapore cremoso della banana emerge gradualmente, creando un'esperienza simile a un frullato, come se si stesse assaporando una banana matura, dolce e non grassa.<\/p>\t\t\t\t\t\t\t\t<\/div>\n\t\t\t\t<\/div>\n\t\t\t\t\t<\/div>\n\t\t\t\t<\/div>\n\t\t<div class=\"elementor-element elementor-element-718b380 e-flex e-con-boxed e-con e-parent\" data-id=\"718b380\" data-element_type=\"container\" data-e-type=\"container\">\n\t\t\t\t\t<div class=\"e-con-inner\">\n\t\t\t\t<div class=\"elementor-element elementor-element-d2cc8fa elementor-widget elementor-widget-text-editor\" data-id=\"d2cc8fa\" data-element_type=\"widget\" data-e-type=\"widget\" data-widget_type=\"text-editor.default\">\n\t\t\t\t<div class=\"elementor-widget-container\">\n\t\t\t\t\t\t\t\t\t<h2>Batteria ad alta capacit\u00e0 - Batteria al litio ricaricabile da 700 mAh<\/h2><p>Il modello Fumot Leopard 40000 (RandM Tornado 40K) Strawberry Banana offre fino a 40.000 boccate, superando di gran lunga la media del mercato. Offre un'esperienza di lunga durata, particolarmente adatta agli utenti abituali, eliminando il problema della sostituzione frequente del dispositivo.<\/p><p>La sua batteria integrata ad alta capacit\u00e0 da 700 mAh pu\u00f2 essere ricaricata pi\u00f9 volte tramite l'interfaccia USB Type-C. Rispetto ai tradizionali dispositivi monouso, il suo design ricaricabile \u00e8 pi\u00f9 ecologico ed economico e la sua durata \u00e8 lunga, consentendo anche agli utenti pi\u00f9 assidui di utilizzarlo per pi\u00f9 di un giorno.<\/p><p>Adottando l'interfaccia USB Type-C, moderna e mainstream, non solo offre una maggiore efficienza di ricarica, ma facilita anche l'inserimento e il disinserimento della spina. Grazie alla tecnologia di ricarica rapida, di solito si ricarica completamente in breve tempo, riducendo i tempi di attesa e consentendo di rimanere connessi sempre e ovunque.<\/p><h2>Tecnologia di resistenza a doppia maglia<\/h2><p>Il modello Fumot Leopard 40000 (RandM Tornado 40K) Strawberry Banana \u00e8 dotato di un'avanzata struttura a doppia maglia del filo di riscaldamento per un riscaldamento pi\u00f9 uniforme ed efficiente, che offre un fumo ricco e delicato con sapori morbidi ad ogni boccata. Il doppio resistore prolunga efficacemente la vita del resistore, preserva la stabilit\u00e0 del sapore e ne previene la degradazione.<\/p><p>Per soddisfare le preferenze di ogni utente, Fumot Leopard 40000 offre quattro concentrazioni di nicotina: 0 %, 2 %, 3 % e 5 %. Sia che siate un utilizzatore occasionale che non fa uso di nicotina o un fumatore accanito che ha bisogno di una concentrazione elevata per soddisfare le proprie esigenze di astinenza, troverete il prodotto ideale.<\/p><h2>Display LED ad alta definizione<\/h2><p>Il modello Fumot Leopard 40000 (RandM Tornado 40K) Strawberry Banana \u00e8 dotato di un sofisticato display digitale a LED che mostra il livello di e-liquid rimanente e la carica della batteria in tempo reale. Ci\u00f2 significa che gli utenti possono controllare lo stato del dispositivo con un solo sguardo, prevedere quando \u00e8 il momento di caricare o ricaricare la batteria ed evitare blackout o esaurimento della batteria.<\/p><p>Il guscio leopardato, realizzato con un materiale ad alta trasmissione, unisce impatto visivo ed eleganza. Durante l'inalazione, le luci RGB dinamiche e di tendenza ruotano e lampeggiano, dando a ogni boccata un'atmosfera da nightclub. \u00c8 un prodotto di tendenza, ideale per feste e occasioni speciali.<\/p><p>La pratica tecnologia di inalazione automatica non prevede pulsanti o impostazioni, facilitando l'apprendimento anche ai principianti. \u00c8 sufficiente inspirare delicatamente e il dispositivo inizia automaticamente a nebulizzare, per un'esperienza di inalazione fluida e piacevole.<\/p><h2>Design ergonomico<\/h2><p>Il design ergonomico della Banana alla Fragola Fumot Leopard 40000 (RandM Tornado 40K) \u00e8 comodo da tenere in mano e le sue dimensioni compatte la rendono facile da trasportare. Leggero, \u00e8 facile da trasportare e portare con s\u00e9.<\/p>\t\t\t\t\t\t\t\t<\/div>\n\t\t\t\t<\/div>\n\t\t\t\t\t<\/div>\n\t\t\t\t<\/div>\n\t\t\t\t<\/div>","protected":false},"excerpt":{"rendered":"<p>La Fraise Banane de Fumot Leopard 40000 est un dessert classique aux notes riches, sucr\u00e9 sans \u00eatre gras, parfum\u00e9 et frais. La fra\u00eecheur des fraises se marie parfaitement avec celle d&rsquo;un milkshake \u00e0 la banane au go\u00fbt lact\u00e9 intense. Le c\u0153ur est moelleux et onctueux, l&rsquo;arri\u00e8re-go\u00fbt est chaleureux et la rondeur g\u00e9n\u00e9rale est naturelle. C&rsquo;est [&hellip;]<\/p>","protected":false},"featured_media":5093,"comment_status":"open","ping_status":"closed","template":"","meta":{"site-sidebar-layout":"no-sidebar","site-content-layout":"page-builder","ast-site-content-layout":"normal-width-container","site-content-style":"default","site-sidebar-style":"default","ast-global-header-display":"","ast-banner-title-visibility":"","ast-main-header-display":"","ast-hfb-above-header-display":"","ast-hfb-below-header-display":"","ast-hfb-mobile-header-display":"","site-post-title":"disabled","ast-breadcrumbs-content":"","ast-featured-img":"disabled","footer-sml-layout":"","theme-transparent-header-meta":"default","adv-header-id-meta":"","stick-header-meta":"default","header-above-stick-meta":"","header-main-stick-meta":"","header-below-stick-meta":"","astra-migrate-meta-layouts":"set","ast-page-background-enabled":"default","ast-page-background-meta":{"desktop":{"background-color":"","background-image":"","background-repeat":"repeat","background-position":"center center","background-size":"auto","background-attachment":"scroll","background-type":"","background-media":"","overlay-type":"","overlay-color":"","overlay-opacity":"","overlay-gradient":""},"tablet":{"background-color":"","background-image":"","background-repeat":"repeat","background-position":"center center","background-size":"auto","background-attachment":"scroll","background-type":"","background-media":"","overlay-type":"","overlay-color":"","overlay-opacity":"","overlay-gradient":""},"mobile":{"background-color":"","background-image":"","background-repeat":"repeat","background-position":"center center","background-size":"auto","background-attachment":"scroll","background-type":"","background-media":"","overlay-type":"","overlay-color":"","overlay-opacity":"","overlay-gradient":""}},"ast-content-background-meta":{"desktop":{"background-color":"var(--ast-global-color-5)","background-image":"","background-repeat":"repeat","background-position":"center center","background-size":"auto","background-attachment":"scroll","background-type":"","background-media":"","overlay-type":"","overlay-color":"","overlay-opacity":"","overlay-gradient":""},"tablet":{"background-color":"var(--ast-global-color-5)","background-image":"","background-repeat":"repeat","background-position":"center center","background-size":"auto","background-attachment":"scroll","background-type":"","background-media":"","overlay-type":"","overlay-color":"","overlay-opacity":"","overlay-gradient":""},"mobile":{"background-color":"var(--ast-global-color-5)","background-image":"","background-repeat":"repeat","background-position":"center center","background-size":"auto","background-attachment":"scroll","background-type":"","background-media":"","overlay-type":"","overlay-color":"","overlay-opacity":"","overlay-gradient":""}}},"product_brand":[42],"product_cat":[50,88,77,15],"product_tag":[],"class_list":{"0":"post-5341","1":"product","2":"type-product","3":"status-publish","4":"has-post-thumbnail","6":"product_brand-randm-tornado","7":"product_cat-randm-tornado-40000-avec-ecran-led-hd","8":"product_cat-puff-40k","9":"product_cat-entrepot-de-lue","10":"product_cat-magasin-cigarette-electronique","11":"desktop-align-center","12":"tablet-align-center","13":"mobile-align-center","14":"ast-product-gallery-layout-horizontal","15":"ast-product-gallery-with-no-image","16":"ast-product-single-variable","17":"ast-product-tabs-layout-horizontal","18":"ast-qv-on-image","20":"first","21":"instock","22":"sale","23":"shipping-taxable","24":"purchasable","25":"product-type-variable","26":"has-default-attributes"},"tiered_pricing_type":"fixed","tiered_pricing_fixed_rules":{"30":10.42,"60":9.26,"100":8.05,"200":7.8,"500":7.67,"1000":7.38},"tiered_pricing_product_settings":{"layout":"default","base_unit_name":{"singular":null,"plural":null},"default_variation":null},"tiered_pricing_minimum_quantity":null,"tiered_pricing_roles_data":[],"tiered_pricing_percentage_rules":[],"_links":{"self":[{"href":"https:\/\/puffvapestore.com\/it\/wp-json\/wp\/v2\/product\/5341","targetHints":{"allow":["GET"]}}],"collection":[{"href":"https:\/\/puffvapestore.com\/it\/wp-json\/wp\/v2\/product"}],"about":[{"href":"https:\/\/puffvapestore.com\/it\/wp-json\/wp\/v2\/types\/product"}],"replies":[{"embeddable":true,"href":"https:\/\/puffvapestore.com\/it\/wp-json\/wp\/v2\/comments?post=5341"}],"version-history":[{"count":8,"href":"https:\/\/puffvapestore.com\/it\/wp-json\/wp\/v2\/product\/5341\/revisions"}],"predecessor-version":[{"id":13909,"href":"https:\/\/puffvapestore.com\/it\/wp-json\/wp\/v2\/product\/5341\/revisions\/13909"}],"wp:featuredmedia":[{"embeddable":true,"href":"https:\/\/puffvapestore.com\/it\/wp-json\/wp\/v2\/media\/5093"}],"wp:attachment":[{"href":"https:\/\/puffvapestore.com\/it\/wp-json\/wp\/v2\/media?parent=5341"}],"wp:term":[{"taxonomy":"product_brand","embeddable":true,"href":"https:\/\/puffvapestore.com\/it\/wp-json\/wp\/v2\/product_brand?post=5341"},{"taxonomy":"product_cat","embeddable":true,"href":"https:\/\/puffvapestore.com\/it\/wp-json\/wp\/v2\/product_cat?post=5341"},{"taxonomy":"product_tag","embeddable":true,"href":"https:\/\/puffvapestore.com\/it\/wp-json\/wp\/v2\/product_tag?post=5341"}],"curies":[{"name":"wp","href":"https:\/\/api.w.org\/{rel}","templated":true}]}}