{"id":5319,"date":"2025-07-17T20:20:28","date_gmt":"2025-07-17T20:20:28","guid":{"rendered":"https:\/\/puffvapestore.com\/?post_type=product&#038;p=5319"},"modified":"2026-01-19T10:34:39","modified_gmt":"2026-01-19T10:34:39","slug":"strawberry-watermelon-tornado-40000-est-delicate","status":"publish","type":"product","link":"https:\/\/puffvapestore.com\/it\/product\/anguria-fragola-tornado-40000-e-delicato\/","title":{"rendered":"Fumot Leopard 40000 - Fragola anguria"},"content":{"rendered":"<div data-elementor-type=\"wp-post\" data-elementor-id=\"5319\" class=\"elementor elementor-5319\">\n\t\t\t\t<div class=\"elementor-element elementor-element-08c26f9 e-flex e-con-boxed e-con e-parent\" data-id=\"08c26f9\" data-element_type=\"container\" data-e-type=\"container\">\n\t\t\t\t\t<div class=\"e-con-inner\">\n\t\t\t\t<div class=\"elementor-element elementor-element-a005a97 elementor-widget elementor-widget-text-editor\" data-id=\"a005a97\" data-element_type=\"widget\" data-e-type=\"widget\" data-widget_type=\"text-editor.default\">\n\t\t\t\t<div class=\"elementor-widget-container\">\n\t\t\t\t\t\t\t\t\t<p>Il gusto Strawberry Watermelon presenta una combinazione fruttata dolce, fresca ed equilibrata, che riproduce perfettamente i sapori naturali delle fragole mature e della succosa anguria. Ogni boccata di fumo offre un'armoniosa fusione fruttata, n\u00e9 troppo dolce n\u00e9 troppo leggera, ideale per gli amanti dei sapori fruttati delle sigarette elettroniche. Il suo gusto morbido e il vapore delicato offrono un piacere gustativo di lunga durata, ideale per aggiungere un tocco di freschezza nella stagione calda.<\/p><p>Caratteristiche del sapore di fragola: appena fumato, si percepisce per la prima volta l'aroma di fragole mature, con una dolcezza naturale e appena colta. Nella prima parte dell'inalazione, le fragole dominano, deliziando rapidamente le papille gustative.<\/p><p>Caratteristiche dell'anguria: il sapore dell'anguria \u00e8 predominante a met\u00e0 e alla fine dell'inalazione, imitando il gusto di un'anguria ghiacciata in estate, con una sottile sensazione di freschezza e dolcezza. \u00c8 come mordere un pezzo di anguria succosa: il succo \u00abesplode\u00bb in bocca, dando una sensazione di leggerezza e freschezza.<\/p><h2>Prestazioni gustative della fusione fragola-aceto :<\/h2><p>Fusione equilibrata: la fragola e l'anguria si fondono in modo molto naturale, senza prevalere sull'altra, creando un'esperienza fruttata equilibrata e complessa.<\/p><p>Dolce al palato e rinfrescante nel finale: la dolcezza della fragola domina l'inizio del palato, mentre la parte centrale del palato e il finale lasciano spazio alla freschezza dell'anguria. Il gusto complessivo oscilla tra dolcezza e freschezza, evitando l'accumulo di zuccheri.<\/p>\t\t\t\t\t\t\t\t<\/div>\n\t\t\t\t<\/div>\n\t\t\t\t\t<\/div>\n\t\t\t\t<\/div>\n\t\t<div class=\"elementor-element elementor-element-718b380 e-flex e-con-boxed e-con e-parent\" data-id=\"718b380\" data-element_type=\"container\" data-e-type=\"container\">\n\t\t\t\t\t<div class=\"e-con-inner\">\n\t\t\t\t<div class=\"elementor-element elementor-element-d2cc8fa elementor-widget elementor-widget-text-editor\" data-id=\"d2cc8fa\" data-element_type=\"widget\" data-e-type=\"widget\" data-widget_type=\"text-editor.default\">\n\t\t\t\t<div class=\"elementor-widget-container\">\n\t\t\t\t\t\t\t\t\t<h2>Batteria ad alta capacit\u00e0 - Batteria al litio ricaricabile da 700 mAh<\/h2><p>L'Fumot Leopard 40000 (RandM Tornado 40K) offre fino a 40000 soffi, superando di gran lunga la media del mercato. Offre un'esperienza di lunga durata, particolarmente adatta agli utenti abituali, eliminando il problema della sostituzione frequente del dispositivo.<\/p><p>La sua batteria integrata ad alta capacit\u00e0 da 700 mAh pu\u00f2 essere ricaricata pi\u00f9 volte tramite l'interfaccia USB Type-C. Rispetto ai tradizionali dispositivi monouso, il suo design ricaricabile \u00e8 pi\u00f9 ecologico ed economico e la sua durata \u00e8 lunga, consentendo anche agli utenti pi\u00f9 assidui di utilizzarlo per pi\u00f9 di un giorno.<\/p><p>Adottando l'interfaccia USB Type-C, moderna e mainstream, non solo offre una maggiore efficienza di ricarica, ma facilita anche l'inserimento e il disinserimento della spina. Grazie alla tecnologia di ricarica rapida, di solito si ricarica completamente in breve tempo, riducendo i tempi di attesa e consentendo di rimanere connessi sempre e ovunque.<\/p><h2>Tecnologia di resistenza a doppia maglia<\/h2><p>Il modello Fumot Leopard 40000 (RandM Tornado 40K) \u00e8 dotato di un'avanzata struttura a doppia maglia del filo di riscaldamento per un riscaldamento pi\u00f9 uniforme ed efficiente, in grado di offrire un fumo ricco e delicato con sapori morbidi ad ogni boccata. Il doppio resistore prolunga efficacemente la durata del resistore, preserva la stabilit\u00e0 del sapore e previene la degradazione.<\/p><p>Per soddisfare le preferenze di ogni utente, Fumot Leopard 40000 offre quattro concentrazioni di nicotina: 0 %, 2 %, 3 % e 5 %. Sia che siate un utilizzatore occasionale che non fa uso di nicotina o un fumatore accanito che ha bisogno di una concentrazione elevata per soddisfare le proprie esigenze di astinenza, troverete il prodotto ideale.<\/p><h2>Display LED ad alta definizione<\/h2><p>La Fumot Leopard 40000 (RandM Tornado 40K) \u00e8 dotata di un sofisticato display digitale a LED che mostra il livello di e-liquid rimanente e la carica della batteria in tempo reale. Ci\u00f2 significa che gli utenti possono controllare lo stato del dispositivo con un solo sguardo, prevedere quando \u00e8 il momento di caricare o ricaricare la batteria ed evitare blackout o l'esaurimento della batteria.<\/p><p>Il guscio leopardato, realizzato con un materiale ad alta trasmissione, unisce impatto visivo ed eleganza. Durante l'inalazione, le luci RGB dinamiche e di tendenza ruotano e lampeggiano, dando a ogni boccata un'atmosfera da nightclub. \u00c8 un prodotto di tendenza, ideale per feste e occasioni speciali.<\/p><p>La pratica tecnologia di inalazione automatica non prevede pulsanti o impostazioni, facilitando l'apprendimento anche ai principianti. \u00c8 sufficiente inspirare delicatamente e il dispositivo inizia automaticamente a nebulizzare, per un'esperienza di inalazione fluida e piacevole.<\/p><h2>Design ergonomico<\/h2><p>Il design ergonomico dell'Fumot Leopard 40000 (RandM Tornado 40K) \u00e8 comodo da impugnare e le sue dimensioni compatte lo rendono facile da trasportare. Leggero, \u00e8 facile da trasportare e portare con s\u00e9.<\/p>\t\t\t\t\t\t\t\t<\/div>\n\t\t\t\t<\/div>\n\t\t\t\t\t<\/div>\n\t\t\t\t<\/div>\n\t\t\t\t<\/div>","protected":false},"excerpt":{"rendered":"<p>L&rsquo;ar\u00f4me Fraise Past\u00e8que se caract\u00e9rise par une combinaison fruit\u00e9e douce, fra\u00eeche et \u00e9quilibr\u00e9e, reproduisant parfaitement les saveurs naturelles de fraises m\u00fbres et de past\u00e8ques juteuses. Chaque bouff\u00e9e de fum\u00e9e offre une fusion fruit\u00e9e harmonieuse, ni trop sucr\u00e9e ni trop l\u00e9g\u00e8re, id\u00e9ale pour les e-cigarettes amateurs de saveurs fruit\u00e9es. Son go\u00fbt onctueux et sa vapeur d\u00e9licate [&hellip;]<\/p>","protected":false},"featured_media":5095,"comment_status":"open","ping_status":"closed","template":"","meta":{"site-sidebar-layout":"no-sidebar","site-content-layout":"page-builder","ast-site-content-layout":"normal-width-container","site-content-style":"default","site-sidebar-style":"default","ast-global-header-display":"","ast-banner-title-visibility":"","ast-main-header-display":"","ast-hfb-above-header-display":"","ast-hfb-below-header-display":"","ast-hfb-mobile-header-display":"","site-post-title":"disabled","ast-breadcrumbs-content":"","ast-featured-img":"disabled","footer-sml-layout":"","theme-transparent-header-meta":"default","adv-header-id-meta":"","stick-header-meta":"default","header-above-stick-meta":"","header-main-stick-meta":"","header-below-stick-meta":"","astra-migrate-meta-layouts":"set","ast-page-background-enabled":"default","ast-page-background-meta":{"desktop":{"background-color":"","background-image":"","background-repeat":"repeat","background-position":"center center","background-size":"auto","background-attachment":"scroll","background-type":"","background-media":"","overlay-type":"","overlay-color":"","overlay-opacity":"","overlay-gradient":""},"tablet":{"background-color":"","background-image":"","background-repeat":"repeat","background-position":"center center","background-size":"auto","background-attachment":"scroll","background-type":"","background-media":"","overlay-type":"","overlay-color":"","overlay-opacity":"","overlay-gradient":""},"mobile":{"background-color":"","background-image":"","background-repeat":"repeat","background-position":"center center","background-size":"auto","background-attachment":"scroll","background-type":"","background-media":"","overlay-type":"","overlay-color":"","overlay-opacity":"","overlay-gradient":""}},"ast-content-background-meta":{"desktop":{"background-color":"var(--ast-global-color-5)","background-image":"","background-repeat":"repeat","background-position":"center center","background-size":"auto","background-attachment":"scroll","background-type":"","background-media":"","overlay-type":"","overlay-color":"","overlay-opacity":"","overlay-gradient":""},"tablet":{"background-color":"var(--ast-global-color-5)","background-image":"","background-repeat":"repeat","background-position":"center center","background-size":"auto","background-attachment":"scroll","background-type":"","background-media":"","overlay-type":"","overlay-color":"","overlay-opacity":"","overlay-gradient":""},"mobile":{"background-color":"var(--ast-global-color-5)","background-image":"","background-repeat":"repeat","background-position":"center center","background-size":"auto","background-attachment":"scroll","background-type":"","background-media":"","overlay-type":"","overlay-color":"","overlay-opacity":"","overlay-gradient":""}}},"product_brand":[42],"product_cat":[50,88,77,15],"product_tag":[],"class_list":{"0":"post-5319","1":"product","2":"type-product","3":"status-publish","4":"has-post-thumbnail","6":"product_brand-randm-tornado","7":"product_cat-randm-tornado-40000-avec-ecran-led-hd","8":"product_cat-puff-40k","9":"product_cat-entrepot-de-lue","10":"product_cat-magasin-cigarette-electronique","11":"desktop-align-center","12":"tablet-align-center","13":"mobile-align-center","14":"ast-product-gallery-layout-horizontal","15":"ast-product-gallery-with-no-image","16":"ast-product-single-variable","17":"ast-product-tabs-layout-horizontal","18":"ast-qv-on-image","20":"first","21":"instock","22":"sale","23":"shipping-taxable","24":"purchasable","25":"product-type-variable","26":"has-default-attributes"},"tiered_pricing_type":"fixed","tiered_pricing_fixed_rules":{"30":10.42,"60":9.26,"100":8.05,"200":7.8,"500":7.67,"1000":7.38},"tiered_pricing_product_settings":{"layout":"default","base_unit_name":{"singular":null,"plural":null},"default_variation":null},"tiered_pricing_minimum_quantity":null,"tiered_pricing_roles_data":[],"tiered_pricing_percentage_rules":[],"_links":{"self":[{"href":"https:\/\/puffvapestore.com\/it\/wp-json\/wp\/v2\/product\/5319","targetHints":{"allow":["GET"]}}],"collection":[{"href":"https:\/\/puffvapestore.com\/it\/wp-json\/wp\/v2\/product"}],"about":[{"href":"https:\/\/puffvapestore.com\/it\/wp-json\/wp\/v2\/types\/product"}],"replies":[{"embeddable":true,"href":"https:\/\/puffvapestore.com\/it\/wp-json\/wp\/v2\/comments?post=5319"}],"version-history":[{"count":8,"href":"https:\/\/puffvapestore.com\/it\/wp-json\/wp\/v2\/product\/5319\/revisions"}],"predecessor-version":[{"id":10764,"href":"https:\/\/puffvapestore.com\/it\/wp-json\/wp\/v2\/product\/5319\/revisions\/10764"}],"wp:featuredmedia":[{"embeddable":true,"href":"https:\/\/puffvapestore.com\/it\/wp-json\/wp\/v2\/media\/5095"}],"wp:attachment":[{"href":"https:\/\/puffvapestore.com\/it\/wp-json\/wp\/v2\/media?parent=5319"}],"wp:term":[{"taxonomy":"product_brand","embeddable":true,"href":"https:\/\/puffvapestore.com\/it\/wp-json\/wp\/v2\/product_brand?post=5319"},{"taxonomy":"product_cat","embeddable":true,"href":"https:\/\/puffvapestore.com\/it\/wp-json\/wp\/v2\/product_cat?post=5319"},{"taxonomy":"product_tag","embeddable":true,"href":"https:\/\/puffvapestore.com\/it\/wp-json\/wp\/v2\/product_tag?post=5319"}],"curies":[{"name":"wp","href":"https:\/\/api.w.org\/{rel}","templated":true}]}}