{"id":5304,"date":"2025-07-17T15:00:31","date_gmt":"2025-07-17T15:00:31","guid":{"rendered":"https:\/\/puffvapestore.com\/?post_type=product&#038;p=5304"},"modified":"2026-01-19T10:34:40","modified_gmt":"2026-01-19T10:34:40","slug":"watermelon-ice-fumot-randm-tornado-40000","status":"publish","type":"product","link":"https:\/\/puffvapestore.com\/it\/product\/ghiaccio-allanguria-fumot-randm-tornado-40000\/","title":{"rendered":"Fumot Leopard 40000 - Ghiaccio all'anguria"},"content":{"rendered":"<div data-elementor-type=\"wp-post\" data-elementor-id=\"5304\" class=\"elementor elementor-5304\">\n\t\t\t\t<div class=\"elementor-element elementor-element-08c26f9 e-flex e-con-boxed e-con e-parent\" data-id=\"08c26f9\" data-element_type=\"container\" data-e-type=\"container\">\n\t\t\t\t\t<div class=\"e-con-inner\">\n\t\t\t\t<div class=\"elementor-element elementor-element-a005a97 elementor-widget elementor-widget-text-editor\" data-id=\"a005a97\" data-element_type=\"widget\" data-e-type=\"widget\" data-widget_type=\"text-editor.default\">\n\t\t\t\t<div class=\"elementor-widget-container\">\n\t\t\t\t\t\t\t\t\t<p>Fumot Leopard 40000 (Fumot RandM Tornado 40000) Watermelon Ice si ispira principalmente al dolce aroma dell'anguria matura, con una doppia struttura aromatica di menta fresca. All'inalazione, il fumo offre un gusto pieno e succoso, rinfrescante all'espirazione, e un retrogusto fresco che ricorda le bevande estive: dolce e fresco, rotondo e rinfrescante, ideale per gli amanti dei sapori fruttati e freschi.<\/p><p><strong>Sapore principale: anguria dolce<\/strong><br \/>L'evidente dolcezza della polpa dell'anguria, come un'anguria matura appena tagliata, \u00e8 un succo dolce con un aroma fruttato naturale, vicino alla dolcezza di una vera anguria matura.<\/p><p><strong>Beneficio rinfrescante : Menta rinfrescante<\/strong><br \/>Appena inalato, si avverte la freschezza della menta o del borneolo, simile a quella dei cubetti di ghiaccio. Questa sensazione di raffreddamento accentua la freschezza e neutralizza leggermente la dolcezza dell'anguria, rendendola pi\u00f9 rinfrescante in bocca.<\/p><h2>Struttura e stratificazione del gusto<\/h2><p>Inalazione fluida: grazie alla tecnologia di atomizzazione a doppia maglia, il liquido evapora in modo uniforme, migliorando la purezza e l'intensit\u00e0 del gusto.<\/p><p>Equilibrio tra dolcezza e freschezza: dolcezza e freschezza si fondono in modo naturale, con il gusto morbido dell'anguria e la sensazione di freschezza data dal ghiaccio; il gusto rimane costante per tutta l'inalazione.<\/p>\t\t\t\t\t\t\t\t<\/div>\n\t\t\t\t<\/div>\n\t\t\t\t\t<\/div>\n\t\t\t\t<\/div>\n\t\t<div class=\"elementor-element elementor-element-718b380 e-flex e-con-boxed e-con e-parent\" data-id=\"718b380\" data-element_type=\"container\" data-e-type=\"container\">\n\t\t\t\t\t<div class=\"e-con-inner\">\n\t\t\t\t<div class=\"elementor-element elementor-element-d2cc8fa elementor-widget elementor-widget-text-editor\" data-id=\"d2cc8fa\" data-element_type=\"widget\" data-e-type=\"widget\" data-widget_type=\"text-editor.default\">\n\t\t\t\t<div class=\"elementor-widget-container\">\n\t\t\t\t\t\t\t\t\t<h2>Caratteristiche del Fumot Leopard 40000 Watermelon Ice:<\/h2><p>Getti e batteria: dotato di una batteria ricaricabile da 700 mAh che si ricarica tramite USB-C per un massimo di 40.000 getti.<\/p><p>Sistema di resistenza a doppia maglia: dotato di una resistenza a doppia maglia che si riscalda continuamente e produce un vapore ricco e cremoso per tutta la sua durata.<\/p><p>LED e display digitale: dotato di una serie di luci RGB e di un doppio display digitale a tubo: un lato mostra il livello di e-liquid rimanente, l'altro il livello della batteria.<\/p><p>Livelli di nicotina e gusti: disponibili con livelli di nicotina 0 %, 2 %, 3 % o 5 %.<\/p><p>Design: guscio trasparente con accattivante stampa leopardata, luci interne colorate che ruotano a ogni soffio.<\/p><h2>Vantaggi dell'Fumot Leopard 40000 Watermelon Ice:<\/h2><p>\u00c8 ricaricabile, quindi non \u00e8 necessario gettarlo via prima del tempo.<\/p><p>Elegante grafica a LED + design chiaro e accattivante.<\/p><p>Facile monitoraggio dell'e-liquid rimanente e del livello della batteria.<\/p>\t\t\t\t\t\t\t\t<\/div>\n\t\t\t\t<\/div>\n\t\t\t\t\t<\/div>\n\t\t\t\t<\/div>\n\t\t\t\t<\/div>","protected":false},"excerpt":{"rendered":"<p>Fumot Leopard 40000 (Fumot RandM Tornado 40000) Past\u00e8que Glac\u00e9e est principalement inspir\u00e9 de l&rsquo;ar\u00f4me sucr\u00e9 de la past\u00e8que m\u00fbre, avec une double structure aromatique de menthe fra\u00eeche. \u00c0 l&rsquo;inhalation, la fum\u00e9e offre un go\u00fbt ample et juteux, rafra\u00eechissant \u00e0 l&rsquo;expiration, et un arri\u00e8re-go\u00fbt frais, \u00e9voquant les boissons estivales\u00a0: sucr\u00e9 et frais, rond et rafra\u00eechissant, id\u00e9al [&hellip;]<\/p>\n","protected":false},"featured_media":5097,"comment_status":"open","ping_status":"closed","template":"","meta":{"site-sidebar-layout":"no-sidebar","site-content-layout":"page-builder","ast-site-content-layout":"normal-width-container","site-content-style":"default","site-sidebar-style":"default","ast-global-header-display":"","ast-banner-title-visibility":"","ast-main-header-display":"","ast-hfb-above-header-display":"","ast-hfb-below-header-display":"","ast-hfb-mobile-header-display":"","site-post-title":"disabled","ast-breadcrumbs-content":"","ast-featured-img":"disabled","footer-sml-layout":"","theme-transparent-header-meta":"default","adv-header-id-meta":"","stick-header-meta":"default","header-above-stick-meta":"","header-main-stick-meta":"","header-below-stick-meta":"","astra-migrate-meta-layouts":"set","ast-page-background-enabled":"default","ast-page-background-meta":{"desktop":{"background-color":"","background-image":"","background-repeat":"repeat","background-position":"center center","background-size":"auto","background-attachment":"scroll","background-type":"","background-media":"","overlay-type":"","overlay-color":"","overlay-opacity":"","overlay-gradient":""},"tablet":{"background-color":"","background-image":"","background-repeat":"repeat","background-position":"center center","background-size":"auto","background-attachment":"scroll","background-type":"","background-media":"","overlay-type":"","overlay-color":"","overlay-opacity":"","overlay-gradient":""},"mobile":{"background-color":"","background-image":"","background-repeat":"repeat","background-position":"center center","background-size":"auto","background-attachment":"scroll","background-type":"","background-media":"","overlay-type":"","overlay-color":"","overlay-opacity":"","overlay-gradient":""}},"ast-content-background-meta":{"desktop":{"background-color":"var(--ast-global-color-5)","background-image":"","background-repeat":"repeat","background-position":"center center","background-size":"auto","background-attachment":"scroll","background-type":"","background-media":"","overlay-type":"","overlay-color":"","overlay-opacity":"","overlay-gradient":""},"tablet":{"background-color":"var(--ast-global-color-5)","background-image":"","background-repeat":"repeat","background-position":"center center","background-size":"auto","background-attachment":"scroll","background-type":"","background-media":"","overlay-type":"","overlay-color":"","overlay-opacity":"","overlay-gradient":""},"mobile":{"background-color":"var(--ast-global-color-5)","background-image":"","background-repeat":"repeat","background-position":"center center","background-size":"auto","background-attachment":"scroll","background-type":"","background-media":"","overlay-type":"","overlay-color":"","overlay-opacity":"","overlay-gradient":""}}},"product_brand":[42],"product_cat":[50,88,77,15],"product_tag":[],"class_list":{"0":"post-5304","1":"product","2":"type-product","3":"status-publish","4":"has-post-thumbnail","6":"product_brand-randm-tornado","7":"product_cat-randm-tornado-40000-avec-ecran-led-hd","8":"product_cat-puff-40k","9":"product_cat-entrepot-de-lue","10":"product_cat-magasin-cigarette-electronique","11":"desktop-align-center","12":"tablet-align-center","13":"mobile-align-center","14":"ast-product-gallery-layout-horizontal","15":"ast-product-gallery-with-no-image","16":"ast-product-single-variable","17":"ast-product-tabs-layout-horizontal","18":"ast-qv-on-image","20":"first","21":"instock","22":"sale","23":"shipping-taxable","24":"purchasable","25":"product-type-variable","26":"has-default-attributes"},"tiered_pricing_type":"fixed","tiered_pricing_fixed_rules":{"30":10.42,"60":9.26,"100":8.05,"200":7.8,"500":7.67,"1000":7.38},"tiered_pricing_product_settings":{"layout":"default","base_unit_name":{"singular":null,"plural":null},"default_variation":null},"tiered_pricing_minimum_quantity":null,"tiered_pricing_roles_data":[],"tiered_pricing_percentage_rules":[],"_links":{"self":[{"href":"https:\/\/puffvapestore.com\/it\/wp-json\/wp\/v2\/product\/5304","targetHints":{"allow":["GET"]}}],"collection":[{"href":"https:\/\/puffvapestore.com\/it\/wp-json\/wp\/v2\/product"}],"about":[{"href":"https:\/\/puffvapestore.com\/it\/wp-json\/wp\/v2\/types\/product"}],"replies":[{"embeddable":true,"href":"https:\/\/puffvapestore.com\/it\/wp-json\/wp\/v2\/comments?post=5304"}],"version-history":[{"count":7,"href":"https:\/\/puffvapestore.com\/it\/wp-json\/wp\/v2\/product\/5304\/revisions"}],"predecessor-version":[{"id":10753,"href":"https:\/\/puffvapestore.com\/it\/wp-json\/wp\/v2\/product\/5304\/revisions\/10753"}],"wp:featuredmedia":[{"embeddable":true,"href":"https:\/\/puffvapestore.com\/it\/wp-json\/wp\/v2\/media\/5097"}],"wp:attachment":[{"href":"https:\/\/puffvapestore.com\/it\/wp-json\/wp\/v2\/media?parent=5304"}],"wp:term":[{"taxonomy":"product_brand","embeddable":true,"href":"https:\/\/puffvapestore.com\/it\/wp-json\/wp\/v2\/product_brand?post=5304"},{"taxonomy":"product_cat","embeddable":true,"href":"https:\/\/puffvapestore.com\/it\/wp-json\/wp\/v2\/product_cat?post=5304"},{"taxonomy":"product_tag","embeddable":true,"href":"https:\/\/puffvapestore.com\/it\/wp-json\/wp\/v2\/product_tag?post=5304"}],"curies":[{"name":"wp","href":"https:\/\/api.w.org\/{rel}","templated":true}]}}