{"id":5271,"date":"2025-07-17T06:37:40","date_gmt":"2025-07-17T06:37:40","guid":{"rendered":"https:\/\/puffvapestore.com\/?post_type=product&#038;p=5271"},"modified":"2026-01-19T10:34:40","modified_gmt":"2026-01-19T10:34:40","slug":"watermelon-bubblegum-fumot-leopard-40000-offre-la-fraicheur","status":"publish","type":"product","link":"https:\/\/puffvapestore.com\/it\/product\/cocomero-bubblegum-fumot-leopard-40000-offre-freschezza\/","title":{"rendered":"Anguria Bubblegum - Fumot Leopard 40000"},"content":{"rendered":"<div data-elementor-type=\"wp-post\" data-elementor-id=\"5271\" class=\"elementor elementor-5271\">\n\t\t\t\t<div class=\"elementor-element elementor-element-08c26f9 e-flex e-con-boxed e-con e-parent\" data-id=\"08c26f9\" data-element_type=\"container\" data-e-type=\"container\">\n\t\t\t\t\t<div class=\"e-con-inner\">\n\t\t\t\t<div class=\"elementor-element elementor-element-a005a97 elementor-widget elementor-widget-text-editor\" data-id=\"a005a97\" data-element_type=\"widget\" data-e-type=\"widget\" data-widget_type=\"text-editor.default\">\n\t\t\t\t<div class=\"elementor-widget-container\">\n\t\t\t\t\t\t\t\t\t<p>Questo aroma Watermelon Bubblegum combina la freschezza di una succosa anguria con il dolce aroma di bubblegum. Appena inalato, il fumo rivela la freschezza naturale di un frutteto estivo, seguita dalla dolce fragranza della gomma da masticare rosa, simbolo dell'infanzia. A ogni inalazione, vi sembrer\u00e0 di essere in un giardino all'aperto nel Sud della Francia. Il sole splende e, in un pomeriggio di relax, una sigaretta elettronica Fumot Leopard 40000 al gusto Watermelon Bubblegum in mano vi permette di espirare una boccata di vapore. L'atmosfera sembra tinta da una leggera brezza, particolarmente naturale ed elegante in questo ambiente.<\/p><h2>Anguria dolce e succosa<\/h2><p>Sapore principale: l'anguria \u00e8 il cuore di questo sapore, che rivela le caratteristiche fresche, dolci e succose di un'anguria matura.<\/p><p>Dettagli : L'anguria ha un aroma fresco e fruttato con una consistenza leggermente polposa, come se si stesse sorseggiando un succo di anguria. Questa dolcezza \u00e8 immediatamente percepibile durante l'inalazione, offrendo una freschezza estiva alle papille gustative.<\/p><h2>La dolcezza e la nostalgia di Bubblegum<\/h2><p>Gusto secondario: Bubblegum aggiunge un tocco dolce e leggermente cremoso a questo gusto, evocando ricordi nostalgici delle gomme da masticare della vostra infanzia. Leggermente pi\u00f9 dolce dell'anguria, ha un leggero aroma di caramella, simile alle classiche gomme da masticare Bubblicious o Hubba Bubba.<\/p><p>Dettagli : Il gusto di gomma da masticare \u00e8 pi\u00f9 pronunciato quando viene espirato, offrendo un finale morbido e dolce.<\/p>\t\t\t\t\t\t\t\t<\/div>\n\t\t\t\t<\/div>\n\t\t\t\t\t<\/div>\n\t\t\t\t<\/div>\n\t\t<div class=\"elementor-element elementor-element-718b380 e-flex e-con-boxed e-con e-parent\" data-id=\"718b380\" data-element_type=\"container\" data-e-type=\"container\">\n\t\t\t\t\t<div class=\"e-con-inner\">\n\t\t\t\t<div class=\"elementor-element elementor-element-d2cc8fa elementor-widget elementor-widget-text-editor\" data-id=\"d2cc8fa\" data-element_type=\"widget\" data-e-type=\"widget\" data-widget_type=\"text-editor.default\">\n\t\t\t\t<div class=\"elementor-widget-container\">\n\t\t\t\t\t\t\t\t\t<h2>Caratteristiche di Fumot Leopard 40000 Watermelon Bubblegum:<\/h2><p>Getti e batteria: dotato di una batteria ricaricabile da 700 mAh che si ricarica tramite USB-C per un massimo di 40.000 getti.<\/p><p>Sistema di resistenza a doppia maglia: dotato di una resistenza a doppia maglia che si riscalda continuamente e produce un vapore ricco e cremoso per tutta la sua durata.<\/p><p>LED e display digitale: dotato di una serie di luci RGB e di un doppio display digitale a tubo: un lato mostra il livello di e-liquid rimanente, l'altro il livello della batteria.<\/p><p>Livelli di nicotina e gusti: disponibili con livelli di nicotina 0 %, 2 %, 3 % o 5 %.<\/p><p>Design: guscio trasparente con accattivante stampa leopardata, luci interne colorate che ruotano a ogni soffio.<\/p><h2>Vantaggi del Fumot Leopard 40000 Watermelon Bubblegum:<\/h2><p>\u00c8 ricaricabile, quindi non \u00e8 necessario gettarlo via prima del tempo.<\/p><p>Elegante grafica a LED + design chiaro e accattivante.<\/p><p>Facile monitoraggio dell'e-liquid rimanente e del livello della batteria.<\/p>\t\t\t\t\t\t\t\t<\/div>\n\t\t\t\t<\/div>\n\t\t\t\t\t<\/div>\n\t\t\t\t<\/div>\n\t\t\t\t<\/div>","protected":false},"excerpt":{"rendered":"<p>Ce go\u00fbt Past\u00e8que Bubblegum allie avec raffinement la fra\u00eecheur d&rsquo;une past\u00e8que juteuse \u00e0 l&rsquo;ar\u00f4me sucr\u00e9 du bubblegum. D\u00e8s l&rsquo;inhalation, la fum\u00e9e r\u00e9v\u00e8le la fra\u00eecheur naturelle d&rsquo;un verger estival, suivie du doux parfum d&rsquo;un bubblegum rose, symbole de l&rsquo;enfance. \u00c0 chaque inhalation, vous vous sentirez comme dans un jardin en plein air du sud de la [&hellip;]<\/p>","protected":false},"featured_media":5096,"comment_status":"open","ping_status":"closed","template":"","meta":{"site-sidebar-layout":"no-sidebar","site-content-layout":"page-builder","ast-site-content-layout":"normal-width-container","site-content-style":"default","site-sidebar-style":"default","ast-global-header-display":"","ast-banner-title-visibility":"","ast-main-header-display":"","ast-hfb-above-header-display":"","ast-hfb-below-header-display":"","ast-hfb-mobile-header-display":"","site-post-title":"disabled","ast-breadcrumbs-content":"","ast-featured-img":"disabled","footer-sml-layout":"","theme-transparent-header-meta":"default","adv-header-id-meta":"","stick-header-meta":"default","header-above-stick-meta":"","header-main-stick-meta":"","header-below-stick-meta":"","astra-migrate-meta-layouts":"set","ast-page-background-enabled":"default","ast-page-background-meta":{"desktop":{"background-color":"","background-image":"","background-repeat":"repeat","background-position":"center center","background-size":"auto","background-attachment":"scroll","background-type":"","background-media":"","overlay-type":"","overlay-color":"","overlay-opacity":"","overlay-gradient":""},"tablet":{"background-color":"","background-image":"","background-repeat":"repeat","background-position":"center center","background-size":"auto","background-attachment":"scroll","background-type":"","background-media":"","overlay-type":"","overlay-color":"","overlay-opacity":"","overlay-gradient":""},"mobile":{"background-color":"","background-image":"","background-repeat":"repeat","background-position":"center center","background-size":"auto","background-attachment":"scroll","background-type":"","background-media":"","overlay-type":"","overlay-color":"","overlay-opacity":"","overlay-gradient":""}},"ast-content-background-meta":{"desktop":{"background-color":"var(--ast-global-color-5)","background-image":"","background-repeat":"repeat","background-position":"center center","background-size":"auto","background-attachment":"scroll","background-type":"","background-media":"","overlay-type":"","overlay-color":"","overlay-opacity":"","overlay-gradient":""},"tablet":{"background-color":"var(--ast-global-color-5)","background-image":"","background-repeat":"repeat","background-position":"center center","background-size":"auto","background-attachment":"scroll","background-type":"","background-media":"","overlay-type":"","overlay-color":"","overlay-opacity":"","overlay-gradient":""},"mobile":{"background-color":"var(--ast-global-color-5)","background-image":"","background-repeat":"repeat","background-position":"center center","background-size":"auto","background-attachment":"scroll","background-type":"","background-media":"","overlay-type":"","overlay-color":"","overlay-opacity":"","overlay-gradient":""}}},"product_brand":[42],"product_cat":[50,88,77,15],"product_tag":[],"class_list":{"0":"post-5271","1":"product","2":"type-product","3":"status-publish","4":"has-post-thumbnail","6":"product_brand-randm-tornado","7":"product_cat-randm-tornado-40000-avec-ecran-led-hd","8":"product_cat-puff-40k","9":"product_cat-entrepot-de-lue","10":"product_cat-magasin-cigarette-electronique","11":"desktop-align-center","12":"tablet-align-center","13":"mobile-align-center","14":"ast-product-gallery-layout-horizontal","15":"ast-product-gallery-with-no-image","16":"ast-product-single-variable","17":"ast-product-tabs-layout-horizontal","18":"ast-qv-on-image","20":"first","21":"instock","22":"sale","23":"shipping-taxable","24":"purchasable","25":"product-type-variable","26":"has-default-attributes"},"tiered_pricing_type":"fixed","tiered_pricing_fixed_rules":{"30":10.42,"60":9.26,"100":8.05,"200":7.8,"500":7.67,"1000":7.38},"tiered_pricing_product_settings":{"layout":"default","base_unit_name":{"singular":null,"plural":null},"default_variation":null},"tiered_pricing_minimum_quantity":null,"tiered_pricing_roles_data":[],"tiered_pricing_percentage_rules":[],"_links":{"self":[{"href":"https:\/\/puffvapestore.com\/it\/wp-json\/wp\/v2\/product\/5271","targetHints":{"allow":["GET"]}}],"collection":[{"href":"https:\/\/puffvapestore.com\/it\/wp-json\/wp\/v2\/product"}],"about":[{"href":"https:\/\/puffvapestore.com\/it\/wp-json\/wp\/v2\/types\/product"}],"replies":[{"embeddable":true,"href":"https:\/\/puffvapestore.com\/it\/wp-json\/wp\/v2\/comments?post=5271"}],"version-history":[{"count":7,"href":"https:\/\/puffvapestore.com\/it\/wp-json\/wp\/v2\/product\/5271\/revisions"}],"predecessor-version":[{"id":10756,"href":"https:\/\/puffvapestore.com\/it\/wp-json\/wp\/v2\/product\/5271\/revisions\/10756"}],"wp:featuredmedia":[{"embeddable":true,"href":"https:\/\/puffvapestore.com\/it\/wp-json\/wp\/v2\/media\/5096"}],"wp:attachment":[{"href":"https:\/\/puffvapestore.com\/it\/wp-json\/wp\/v2\/media?parent=5271"}],"wp:term":[{"taxonomy":"product_brand","embeddable":true,"href":"https:\/\/puffvapestore.com\/it\/wp-json\/wp\/v2\/product_brand?post=5271"},{"taxonomy":"product_cat","embeddable":true,"href":"https:\/\/puffvapestore.com\/it\/wp-json\/wp\/v2\/product_cat?post=5271"},{"taxonomy":"product_tag","embeddable":true,"href":"https:\/\/puffvapestore.com\/it\/wp-json\/wp\/v2\/product_tag?post=5271"}],"curies":[{"name":"wp","href":"https:\/\/api.w.org\/{rel}","templated":true}]}}