{"id":5219,"date":"2025-07-16T08:50:52","date_gmt":"2025-07-16T08:50:52","guid":{"rendered":"https:\/\/puffvapestore.com\/?post_type=product&#038;p=5219"},"modified":"2026-01-19T10:34:40","modified_gmt":"2026-01-19T10:34:40","slug":"randm-40000-pink-lemonade-fruitee-et-rafraichissante","status":"publish","type":"product","link":"https:\/\/puffvapestore.com\/it\/product\/randm-40000-limonata-rosa-fruttata-e-rinfrescante\/","title":{"rendered":"RandM Tornado 40000 - Limonata rosa"},"content":{"rendered":"<div data-elementor-type=\"wp-post\" data-elementor-id=\"5219\" class=\"elementor elementor-5219\">\n\t\t\t\t<div class=\"elementor-element elementor-element-08c26f9 e-flex e-con-boxed e-con e-parent\" data-id=\"08c26f9\" data-element_type=\"container\" data-e-type=\"container\">\n\t\t\t\t\t<div class=\"e-con-inner\">\n\t\t\t\t<div class=\"elementor-element elementor-element-a005a97 elementor-widget elementor-widget-text-editor\" data-id=\"a005a97\" data-element_type=\"widget\" data-e-type=\"widget\" data-widget_type=\"text-editor.default\">\n\t\t\t\t<div class=\"elementor-widget-container\">\n\t\t\t\t\t\t\t\t\t<p>Pink Lemonade \u00e8 una sigaretta elettronica dal sapore fresco e vivace di limone, che combina agrumi aspri e aromi dolci di frutti di bosco per un'esperienza simile a quella della classica limonata rosa. Il suo sapore principale \u00e8 un equilibrio agrodolce, un sapore fruttato ricco e rinfrescante, ideale per i vapers che amano una sensazione fruttata e rinfrescante.<\/p><h2>Note agrumate :<\/h2><p>Quando il fumo entra in bocca, la prima sensazione \u00e8 il gusto acidulo e vivace del limone e del pompelmo, che aggiunge un tocco rinfrescante di agrumi. Questa acidit\u00e0 non \u00e8 eccessivamente stimolante, ma morbida e sottile, simile a quella di un limone appena spremuto, con una leggera sensazione di buccia che aggiunge un tocco di autenticit\u00e0.<\/p><p>L'aggiunta di pompelmo apporta una sottile complessit\u00e0 fruttata al sapore, completando la pronunciata acidit\u00e0 del limone e conferendo all'insieme una consistenza pi\u00f9 tridimensionale.<\/p><h2>Zuccherificio di bacche :<\/h2><p>Dopo l'acidit\u00e0 degli agrumi, emerge gradualmente un aroma dolce di frutti di bosco, che ricorda il lampone, la fragola o un mix di frutti di bosco. Questa dolcezza, delicata e non invadente, neutralizza perfettamente l'acidit\u00e0 degli agrumi e conferisce al vino un sapore dolce che ricorda la limonata rosa.<\/p><p>L'aroma di bacche aggiunge una leggera nota floreale e fruttata all'insieme, con una calda dolcezza di frutta matura, che ricorda un frullato o un succo di frutta estivo.<\/p>\t\t\t\t\t\t\t\t<\/div>\n\t\t\t\t<\/div>\n\t\t\t\t\t<\/div>\n\t\t\t\t<\/div>\n\t\t<div class=\"elementor-element elementor-element-718b380 e-flex e-con-boxed e-con e-parent\" data-id=\"718b380\" data-element_type=\"container\" data-e-type=\"container\">\n\t\t\t\t\t<div class=\"e-con-inner\">\n\t\t\t\t<div class=\"elementor-element elementor-element-d2cc8fa elementor-widget elementor-widget-text-editor\" data-id=\"d2cc8fa\" data-element_type=\"widget\" data-e-type=\"widget\" data-widget_type=\"text-editor.default\">\n\t\t\t\t<div class=\"elementor-widget-container\">\n\t\t\t\t\t\t\t\t\t<h2>Batteria ricaricabile ad alte prestazioni<\/h2><p>Il modello Fumot Leopard (RandM Tornado) 40000 Pink Lemonade \u00e8 dotato di una batteria al litio integrata da 700 mAh, compatibile con la ricarica rapida USB-C, e si ricarica completamente in circa 30-45 minuti.<\/p><p>Sebbene si tratti di una sigaretta elettronica monouso, la batteria pu\u00f2 essere ricaricata pi\u00f9 volte per garantire un utilizzo ottimale di ogni goccia di e-liquid.<\/p><h2>Numerose boccate: fino a 40.000 boccate<\/h2><p>Il modello Fumot Leopard (RandM Tornado) 40000 Pink Lemonade offre un'eccezionale capacit\u00e0 di 40.000 soffi, di gran lunga superiore a quella dei tradizionali monouso (generalmente compresa tra 1.000 e 3.000 soffi).<\/p><p>La durata teorica dell'uso pu\u00f2 essere di diverse settimane o addirittura di diversi mesi (calcolando 500 boccate al giorno, cio\u00e8 circa 80 giorni di utilizzo).<\/p><p>Particolarmente indicato per gli utenti che non vogliono cambiare frequentemente telefono.<\/p><h2>Resistenza a doppia maglia<\/h2><p>Il modello Fumot Leopard (RandM Tornado) 40000 Pink Lemonade adotta un'avanzata struttura di riscaldamento a doppia maglia per un riscaldamento rapido e una nebulizzazione uniforme.<\/p><p>Offre un sapore intenso e un vapore ad alta densit\u00e0 per tutto il ciclo di utilizzo, senza alcuna attenuazione percepibile.<\/p><p>Migliorano l'esperienza di fumo, in particolare per gli utenti che cercano un potente colpo in gola o un gusto morbido.<\/p><h2>Display digitale intelligente a LED<\/h2><p>L'Fumot Leopard 40000 \u00e8 dotato di uno schermo LED integrato ad alta definizione che visualizza :<\/p><p>Percentuale di carica della batteria<\/p><p>E-liquido rimanente<\/p><p>Informare l'utente sullo stato del dispositivo con una sola occhiata, evitando guasti improvvisi alla batteria o problemi di \u00abfumo secco senza e-liquid\u00bb.<\/p><h2>Illuminazione d'atmosfera RGB colorata<\/h2><p>Dotato di effetti luminosi RGB di tendenza, ruota e cambia colore mentre si fuma, aggiungendo un tocco di tecnologia e piacere visivo.<\/p><p>Particolarmente attraente e riconoscibile di sera o di notte.<\/p><h2>Sono disponibili diverse concentrazioni di nicotina<\/h2><p>Sono disponibili diverse concentrazioni di nicotina:<\/p><p>0 % (senza nicotina, gusto puro)<\/p><p>2 %, 3 %, 5 % (rispondono alle diverse esigenze dei fumatori da leggeri a pesanti)<\/p><h2>A chi \u00e8 destinata la limonata rosa Fumot Leopard 40000 (RandM Tornado 40K)?<\/h2><p>Fumatori incalliti alla ricerca di prodotti usa e getta di lunga durata<\/p><p>Gli appassionati di sigarette elettroniche sofisticate e accattivanti<\/p><p>Chi \u00e8 alla ricerca di un dispositivo ricaricabile di facile manutenzione<\/p><h2>Che cos'ha di speciale l'Fumot Leopard 40000 (RandM Tornado 40K) Pink Lemonade?<\/h2><p>Durata di vita: 40.000 boccate, pari a circa 9-12 settimane, ovvero circa 500 boccate al giorno.<\/p><p>Feedback visivo: il display e le spie luminose forniscono informazioni in tempo reale e migliorano l'aspetto estetico.<\/p><p>Prestazioni: le resistenze a doppia maglia garantiscono un sapore e un vapore costanti<\/p>\t\t\t\t\t\t\t\t<\/div>\n\t\t\t\t<\/div>\n\t\t\t\t\t<\/div>\n\t\t\t\t<\/div>\n\t\t\t\t<\/div>","protected":false},"excerpt":{"rendered":"<p>La Limonade Rose est une cigarette \u00e9lectronique au go\u00fbt frais et vif de citron, alliant des ar\u00f4mes d&rsquo;agrumes acidul\u00e9s et de baies sucr\u00e9es pour une exp\u00e9rience similaire \u00e0 celle de la limonade rose classique. Son ar\u00f4me principal se r\u00e9sume \u00e0 un \u00e9quilibre sucr\u00e9-amer, un ar\u00f4me fruit\u00e9 riche et rafra\u00eechissant, id\u00e9al pour les vapoteurs qui appr\u00e9cient [&hellip;]<\/p>\n","protected":false},"featured_media":5092,"comment_status":"open","ping_status":"closed","template":"","meta":{"site-sidebar-layout":"no-sidebar","site-content-layout":"page-builder","ast-site-content-layout":"normal-width-container","site-content-style":"default","site-sidebar-style":"default","ast-global-header-display":"","ast-banner-title-visibility":"","ast-main-header-display":"","ast-hfb-above-header-display":"","ast-hfb-below-header-display":"","ast-hfb-mobile-header-display":"","site-post-title":"disabled","ast-breadcrumbs-content":"","ast-featured-img":"disabled","footer-sml-layout":"","theme-transparent-header-meta":"default","adv-header-id-meta":"","stick-header-meta":"default","header-above-stick-meta":"","header-main-stick-meta":"","header-below-stick-meta":"","astra-migrate-meta-layouts":"set","ast-page-background-enabled":"default","ast-page-background-meta":{"desktop":{"background-color":"","background-image":"","background-repeat":"repeat","background-position":"center center","background-size":"auto","background-attachment":"scroll","background-type":"","background-media":"","overlay-type":"","overlay-color":"","overlay-opacity":"","overlay-gradient":""},"tablet":{"background-color":"","background-image":"","background-repeat":"repeat","background-position":"center center","background-size":"auto","background-attachment":"scroll","background-type":"","background-media":"","overlay-type":"","overlay-color":"","overlay-opacity":"","overlay-gradient":""},"mobile":{"background-color":"","background-image":"","background-repeat":"repeat","background-position":"center center","background-size":"auto","background-attachment":"scroll","background-type":"","background-media":"","overlay-type":"","overlay-color":"","overlay-opacity":"","overlay-gradient":""}},"ast-content-background-meta":{"desktop":{"background-color":"var(--ast-global-color-5)","background-image":"","background-repeat":"repeat","background-position":"center center","background-size":"auto","background-attachment":"scroll","background-type":"","background-media":"","overlay-type":"","overlay-color":"","overlay-opacity":"","overlay-gradient":""},"tablet":{"background-color":"var(--ast-global-color-5)","background-image":"","background-repeat":"repeat","background-position":"center center","background-size":"auto","background-attachment":"scroll","background-type":"","background-media":"","overlay-type":"","overlay-color":"","overlay-opacity":"","overlay-gradient":""},"mobile":{"background-color":"var(--ast-global-color-5)","background-image":"","background-repeat":"repeat","background-position":"center center","background-size":"auto","background-attachment":"scroll","background-type":"","background-media":"","overlay-type":"","overlay-color":"","overlay-opacity":"","overlay-gradient":""}}},"product_brand":[42],"product_cat":[50,88,77,15],"product_tag":[],"class_list":{"0":"post-5219","1":"product","2":"type-product","3":"status-publish","4":"has-post-thumbnail","6":"product_brand-randm-tornado","7":"product_cat-randm-tornado-40000-avec-ecran-led-hd","8":"product_cat-puff-40k","9":"product_cat-entrepot-de-lue","10":"product_cat-magasin-cigarette-electronique","11":"desktop-align-center","12":"tablet-align-center","13":"mobile-align-center","14":"ast-product-gallery-layout-horizontal","15":"ast-product-gallery-with-no-image","16":"ast-product-single-variable","17":"ast-product-tabs-layout-horizontal","18":"ast-qv-on-image","20":"first","21":"instock","22":"sale","23":"shipping-taxable","24":"purchasable","25":"product-type-variable","26":"has-default-attributes"},"tiered_pricing_type":"fixed","tiered_pricing_fixed_rules":{"30":10.42,"60":9.26,"100":8.05,"200":7.8,"500":7.67,"1000":7.38},"tiered_pricing_product_settings":{"layout":"default","base_unit_name":{"singular":null,"plural":null},"default_variation":null},"tiered_pricing_minimum_quantity":null,"tiered_pricing_roles_data":[],"tiered_pricing_percentage_rules":[],"_links":{"self":[{"href":"https:\/\/puffvapestore.com\/it\/wp-json\/wp\/v2\/product\/5219","targetHints":{"allow":["GET"]}}],"collection":[{"href":"https:\/\/puffvapestore.com\/it\/wp-json\/wp\/v2\/product"}],"about":[{"href":"https:\/\/puffvapestore.com\/it\/wp-json\/wp\/v2\/types\/product"}],"replies":[{"embeddable":true,"href":"https:\/\/puffvapestore.com\/it\/wp-json\/wp\/v2\/comments?post=5219"}],"version-history":[{"count":7,"href":"https:\/\/puffvapestore.com\/it\/wp-json\/wp\/v2\/product\/5219\/revisions"}],"predecessor-version":[{"id":10751,"href":"https:\/\/puffvapestore.com\/it\/wp-json\/wp\/v2\/product\/5219\/revisions\/10751"}],"wp:featuredmedia":[{"embeddable":true,"href":"https:\/\/puffvapestore.com\/it\/wp-json\/wp\/v2\/media\/5092"}],"wp:attachment":[{"href":"https:\/\/puffvapestore.com\/it\/wp-json\/wp\/v2\/media?parent=5219"}],"wp:term":[{"taxonomy":"product_brand","embeddable":true,"href":"https:\/\/puffvapestore.com\/it\/wp-json\/wp\/v2\/product_brand?post=5219"},{"taxonomy":"product_cat","embeddable":true,"href":"https:\/\/puffvapestore.com\/it\/wp-json\/wp\/v2\/product_cat?post=5219"},{"taxonomy":"product_tag","embeddable":true,"href":"https:\/\/puffvapestore.com\/it\/wp-json\/wp\/v2\/product_tag?post=5219"}],"curies":[{"name":"wp","href":"https:\/\/api.w.org\/{rel}","templated":true}]}}