{"id":5208,"date":"2025-07-16T07:39:57","date_gmt":"2025-07-16T07:39:57","guid":{"rendered":"https:\/\/puffvapestore.com\/?post_type=product&#038;p=5208"},"modified":"2026-01-19T10:34:40","modified_gmt":"2026-01-19T10:34:40","slug":"randm-40000-kiwi-passionfruit-guava-une-fraicheur-naturelle","status":"publish","type":"product","link":"https:\/\/puffvapestore.com\/it\/product\/randm-40000-kiwi-passionfruit-guava-freschezza-naturale\/","title":{"rendered":"RandM Tornado 40000 - Kiwi Pompelmo Guava"},"content":{"rendered":"<div data-elementor-type=\"wp-post\" data-elementor-id=\"5208\" class=\"elementor elementor-5208\">\n\t\t\t\t<div class=\"elementor-element elementor-element-08c26f9 e-flex e-con-boxed e-con e-parent\" data-id=\"08c26f9\" data-element_type=\"container\" data-e-type=\"container\">\n\t\t\t\t\t<div class=\"e-con-inner\">\n\t\t\t\t<div class=\"elementor-element elementor-element-a005a97 elementor-widget elementor-widget-text-editor\" data-id=\"a005a97\" data-element_type=\"widget\" data-e-type=\"widget\" data-widget_type=\"text-editor.default\">\n\t\t\t\t<div class=\"elementor-widget-container\">\n\t\t\t\t\t\t\t\t\t<p>La prima boccata offre un rinfrescante sapore agrodolce di kiwi, come se il sole facesse breccia tra le nuvole parigine e accarezzasse dolcemente le papille gustative. Seguono gli aromi tropicali del frutto della passione, come una brezza mediterranea. Infine, il finale si conclude con la dolce guava, che regala una lunga e pura soddisfazione, come un respiro pigro al tramonto su una spiaggia di Nizza.<\/p><p><strong>Kiwi<\/strong><br \/>Questo gusto agrodolce e rinfrescante ha una leggera nota di erbe, che costituisce la base del sapore e gli conferisce una freschezza naturale.<\/p><p><strong>Frutto della passione<\/strong><br \/>L'aroma tropicale \u00e8 potente: l'acidit\u00e0 sale immediatamente quando il fumo entra in bocca e al naso emerge una fragranza potente che crea dipendenza. Al palato \u00e8 come un succo di frutta che esplode, con un equilibrio leggermente acido e agrodolce e una spiccata acidit\u00e0 fruttata che rinfresca.<\/p><p><strong>Guava<\/strong><br \/>Apporta una dolcezza delicata e un equilibrio: la guava ha un sapore delicato, una dolcezza naturale senza essere grassa, con un leggero sapore lattiginoso e terroso, che bilancia l'acidit\u00e0 del kiwi e del frutto della passione.<\/p>\t\t\t\t\t\t\t\t<\/div>\n\t\t\t\t<\/div>\n\t\t\t\t\t<\/div>\n\t\t\t\t<\/div>\n\t\t<div class=\"elementor-element elementor-element-718b380 e-flex e-con-boxed e-con e-parent\" data-id=\"718b380\" data-element_type=\"container\" data-e-type=\"container\">\n\t\t\t\t\t<div class=\"e-con-inner\">\n\t\t\t\t<div class=\"elementor-element elementor-element-d2cc8fa elementor-widget elementor-widget-text-editor\" data-id=\"d2cc8fa\" data-element_type=\"widget\" data-e-type=\"widget\" data-widget_type=\"text-editor.default\">\n\t\t\t\t<div class=\"elementor-widget-container\">\n\t\t\t\t\t\t\t\t\t<h2>Batteria ricaricabile ad alte prestazioni<\/h2><p>Il modello Fumot Leopard (RandM Tornado) 40000 Kiwifruit Passionfruit Guava \u00e8 dotato di una batteria al litio integrata da 700 mAh, compatibile con la ricarica rapida USB-C e si ricarica completamente in circa 30-45 minuti.<\/p><p>Sebbene si tratti di una sigaretta elettronica monouso, la batteria pu\u00f2 essere ricaricata pi\u00f9 volte per garantire un utilizzo ottimale di ogni goccia di e-liquid.<\/p><h2>Numerose boccate: fino a 40.000 boccate<\/h2><p>Il modello Fumot Leopard (RandM Tornado) 40000 Kiwi Passionfruit Guava offre un'eccezionale capacit\u00e0 di 40.000 soffi, di gran lunga superiore a quella dei tradizionali monouso (generalmente compresa tra 1.000 e 3.000 soffi).<\/p><p>La durata teorica dell'uso pu\u00f2 essere di diverse settimane o addirittura di diversi mesi (calcolando 500 boccate al giorno, cio\u00e8 circa 80 giorni di utilizzo).<\/p><p>Particolarmente indicato per gli utenti che non vogliono cambiare frequentemente telefono.<\/p><h2>Resistenza a doppia maglia<\/h2><p>L'Fumot Leopard (RandM Tornado) 40000 Kiwi Passionfruit Guava adotta un'avanzata struttura di riscaldamento a doppia maglia per un riscaldamento rapido e una nebulizzazione uniforme.<\/p><p>Offre un sapore intenso e un vapore ad alta densit\u00e0 per tutto il ciclo di utilizzo, senza alcuna attenuazione percepibile.<\/p><p>Migliorano l'esperienza di fumo, in particolare per gli utenti che cercano un potente colpo in gola o un gusto morbido.<\/p><h2>Display digitale intelligente a LED<\/h2><p>L'Fumot Leopard 40000 Kiwifruit Passionfruit Guava \u00e8 dotato di uno schermo LED integrato ad alta definizione che visualizza :<\/p><p>Percentuale di carica della batteria<\/p><p>E-liquido rimanente<\/p><p>Informare l'utente sullo stato del dispositivo con una sola occhiata, evitando guasti improvvisi alla batteria o problemi di \u00abfumo secco senza e-liquid\u00bb.<\/p><h2>Illuminazione d'atmosfera RGB colorata<\/h2><p>Dotato di effetti luminosi RGB di tendenza, ruota e cambia colore mentre si fuma, aggiungendo un tocco di tecnologia e piacere visivo.<\/p><p>Particolarmente attraente e riconoscibile di sera o di notte.<\/p><h2>Sono disponibili diverse concentrazioni di nicotina<\/h2><p>Sono disponibili diverse concentrazioni di nicotina:<\/p><p>0 % (senza nicotina, gusto puro)<\/p><p>2 %, 3 %, 5 % (rispondono alle diverse esigenze dei fumatori da leggeri a pesanti)<\/p><h2>Chi dovrebbe comprare Fumot Leopard 40000 (RandM Tornado 40K) Kiwi Passionfruit Guava?<\/h2><p>Fumatori incalliti alla ricerca di prodotti usa e getta di lunga durata<\/p><p>Gli appassionati di sigarette elettroniche sofisticate e accattivanti<\/p><p>Chi \u00e8 alla ricerca di un dispositivo ricaricabile di facile manutenzione<\/p><h2>Che cos'ha di speciale Fumot Leopard 40000 (RandM Tornado 40K) Kiwi Passionfruit Guava?<\/h2><p>Durata di vita: 40.000 boccate, pari a circa 9-12 settimane, ovvero circa 500 boccate al giorno.<\/p><p>Feedback visivo: il display e le spie luminose forniscono informazioni in tempo reale e migliorano l'aspetto estetico.<\/p><p>Prestazioni: le resistenze a doppia maglia garantiscono un sapore e un vapore costanti<\/p>\t\t\t\t\t\t\t\t<\/div>\n\t\t\t\t<\/div>\n\t\t\t\t\t<\/div>\n\t\t\t\t<\/div>\n\t\t\t\t<\/div>","protected":false},"excerpt":{"rendered":"<p>La premi\u00e8re bouff\u00e9e offre un go\u00fbt aigre-doux rafra\u00eechissant de kiwi, comme si le soleil per\u00e7ait les nuages \u200b\u200bparisiens et caressait d\u00e9licatement les papilles. Suivent les ar\u00f4mes tropicaux du fruit de la passion, comme une brise m\u00e9diterran\u00e9enne. Enfin, la finale se termine par une douce goyave, procurant une satisfaction longue et pure, telle une haleine paresseuse [&hellip;]<\/p>","protected":false},"featured_media":5088,"comment_status":"open","ping_status":"closed","template":"","meta":{"site-sidebar-layout":"no-sidebar","site-content-layout":"page-builder","ast-site-content-layout":"normal-width-container","site-content-style":"default","site-sidebar-style":"default","ast-global-header-display":"","ast-banner-title-visibility":"","ast-main-header-display":"","ast-hfb-above-header-display":"","ast-hfb-below-header-display":"","ast-hfb-mobile-header-display":"","site-post-title":"disabled","ast-breadcrumbs-content":"","ast-featured-img":"disabled","footer-sml-layout":"","theme-transparent-header-meta":"default","adv-header-id-meta":"","stick-header-meta":"default","header-above-stick-meta":"","header-main-stick-meta":"","header-below-stick-meta":"","astra-migrate-meta-layouts":"set","ast-page-background-enabled":"default","ast-page-background-meta":{"desktop":{"background-color":"","background-image":"","background-repeat":"repeat","background-position":"center center","background-size":"auto","background-attachment":"scroll","background-type":"","background-media":"","overlay-type":"","overlay-color":"","overlay-opacity":"","overlay-gradient":""},"tablet":{"background-color":"","background-image":"","background-repeat":"repeat","background-position":"center center","background-size":"auto","background-attachment":"scroll","background-type":"","background-media":"","overlay-type":"","overlay-color":"","overlay-opacity":"","overlay-gradient":""},"mobile":{"background-color":"","background-image":"","background-repeat":"repeat","background-position":"center center","background-size":"auto","background-attachment":"scroll","background-type":"","background-media":"","overlay-type":"","overlay-color":"","overlay-opacity":"","overlay-gradient":""}},"ast-content-background-meta":{"desktop":{"background-color":"var(--ast-global-color-5)","background-image":"","background-repeat":"repeat","background-position":"center center","background-size":"auto","background-attachment":"scroll","background-type":"","background-media":"","overlay-type":"","overlay-color":"","overlay-opacity":"","overlay-gradient":""},"tablet":{"background-color":"var(--ast-global-color-5)","background-image":"","background-repeat":"repeat","background-position":"center center","background-size":"auto","background-attachment":"scroll","background-type":"","background-media":"","overlay-type":"","overlay-color":"","overlay-opacity":"","overlay-gradient":""},"mobile":{"background-color":"var(--ast-global-color-5)","background-image":"","background-repeat":"repeat","background-position":"center center","background-size":"auto","background-attachment":"scroll","background-type":"","background-media":"","overlay-type":"","overlay-color":"","overlay-opacity":"","overlay-gradient":""}}},"product_brand":[42],"product_cat":[50,88,77,15],"product_tag":[],"class_list":{"0":"post-5208","1":"product","2":"type-product","3":"status-publish","4":"has-post-thumbnail","6":"product_brand-randm-tornado","7":"product_cat-randm-tornado-40000-avec-ecran-led-hd","8":"product_cat-puff-40k","9":"product_cat-entrepot-de-lue","10":"product_cat-magasin-cigarette-electronique","11":"desktop-align-center","12":"tablet-align-center","13":"mobile-align-center","14":"ast-product-gallery-layout-horizontal","15":"ast-product-gallery-with-no-image","16":"ast-product-single-variable","17":"ast-product-tabs-layout-horizontal","18":"ast-qv-on-image","20":"first","21":"instock","22":"sale","23":"shipping-taxable","24":"purchasable","25":"product-type-variable","26":"has-default-attributes"},"tiered_pricing_type":"fixed","tiered_pricing_fixed_rules":{"30":10.42,"60":9.26,"100":8.05,"200":7.8,"500":7.67,"1000":7.38},"tiered_pricing_product_settings":{"layout":"default","base_unit_name":{"singular":null,"plural":null},"default_variation":null},"tiered_pricing_minimum_quantity":null,"tiered_pricing_roles_data":[],"tiered_pricing_percentage_rules":[],"_links":{"self":[{"href":"https:\/\/puffvapestore.com\/it\/wp-json\/wp\/v2\/product\/5208","targetHints":{"allow":["GET"]}}],"collection":[{"href":"https:\/\/puffvapestore.com\/it\/wp-json\/wp\/v2\/product"}],"about":[{"href":"https:\/\/puffvapestore.com\/it\/wp-json\/wp\/v2\/types\/product"}],"replies":[{"embeddable":true,"href":"https:\/\/puffvapestore.com\/it\/wp-json\/wp\/v2\/comments?post=5208"}],"version-history":[{"count":7,"href":"https:\/\/puffvapestore.com\/it\/wp-json\/wp\/v2\/product\/5208\/revisions"}],"predecessor-version":[{"id":10752,"href":"https:\/\/puffvapestore.com\/it\/wp-json\/wp\/v2\/product\/5208\/revisions\/10752"}],"wp:featuredmedia":[{"embeddable":true,"href":"https:\/\/puffvapestore.com\/it\/wp-json\/wp\/v2\/media\/5088"}],"wp:attachment":[{"href":"https:\/\/puffvapestore.com\/it\/wp-json\/wp\/v2\/media?parent=5208"}],"wp:term":[{"taxonomy":"product_brand","embeddable":true,"href":"https:\/\/puffvapestore.com\/it\/wp-json\/wp\/v2\/product_brand?post=5208"},{"taxonomy":"product_cat","embeddable":true,"href":"https:\/\/puffvapestore.com\/it\/wp-json\/wp\/v2\/product_cat?post=5208"},{"taxonomy":"product_tag","embeddable":true,"href":"https:\/\/puffvapestore.com\/it\/wp-json\/wp\/v2\/product_tag?post=5208"}],"curies":[{"name":"wp","href":"https:\/\/api.w.org\/{rel}","templated":true}]}}