{"id":5197,"date":"2025-07-15T09:29:08","date_gmt":"2025-07-15T09:29:08","guid":{"rendered":"https:\/\/puffvapestore.com\/?post_type=product&#038;p=5197"},"modified":"2026-01-19T10:34:40","modified_gmt":"2026-01-19T10:34:40","slug":"tornado-40000-black-dragon-ice-presente-un-gout-sucre-et-legerement-acidule","status":"publish","type":"product","link":"https:\/\/puffvapestore.com\/it\/product\/tornado-40000-black-dragon-ice-ha-un-sapore-dolce-e-leggermente-acidulo\/","title":{"rendered":"RandM Tornado 40000 - Drago Nero Ghiaccio"},"content":{"rendered":"<div data-elementor-type=\"wp-post\" data-elementor-id=\"5197\" class=\"elementor elementor-5197\">\n\t\t\t\t<div class=\"elementor-element elementor-element-08c26f9 e-flex e-con-boxed e-con e-parent\" data-id=\"08c26f9\" data-element_type=\"container\" data-e-type=\"container\">\n\t\t\t\t\t<div class=\"e-con-inner\">\n\t\t\t\t<div class=\"elementor-element elementor-element-a005a97 elementor-widget elementor-widget-text-editor\" data-id=\"a005a97\" data-element_type=\"widget\" data-e-type=\"widget\" data-widget_type=\"text-editor.default\">\n\t\t\t\t<div class=\"elementor-widget-container\">\n\t\t\t\t\t\t\t\t\t<p>Black Dragon Ice \u00e8 un aroma che combina il gusto ricco e dolce del ribes nero, l'aroma selvatico e fruttato della mora, la freschezza esotica della pitaya e il sapore vivace e acidulo del limone, il tutto con una forte sensazione di freschezza, per un'esperienza di fumo ricca ed esaltante.<\/p><p>Ribes nero: questo aroma ricco e fruttato di ribes nero ha un sapore dolce e leggermente aspro, simile a quello della marmellata, con l'aggiunta di una nota profonda e leggermente acida. Questo aroma fornisce una base potente all'insieme.<\/p><p>More selvatiche: l'aggiunta di more selvatiche conferisce un sapore acidulo e vivace, che contrasta con il gusto profondo del ribes nero, fornendo un tocco fruttato pi\u00f9 leggero e sottile, che esalta la complessit\u00e0 del gusto.<\/p><p>Frutto del drago: il frutto del drago infonde un sapore esotico, fornendo un aroma leggermente dolce e fruttato con una nota erbacea leggermente rinfrescante. Questo sapore bilancia la forza del ribes nero e della mora, conferendo all'insieme una rotondit\u00e0 pi\u00f9 pronunciata.<\/p><p>Limone: l'acidit\u00e0 del limone aggiunge una vivace nota agrumata, fornendo un tocco rinfrescante di acidit\u00e0, contrastando con gli altri sapori fruttati e accentuando la stratificazione dei sapori.<\/p><p>Ghiaccio: la caratteristica di Black Dragon Ice \u00e8 il suo potente effetto rinfrescante, che d\u00e0 una sensazione di menta fresca o di ghiaccio durante l'espirazione, lasciando un formicolio rinfrescante sulla punta della lingua. Questa sensazione di raffreddamento non solo rafforza la freschezza, ma accentua anche il sapore fruttato, offrendo una sensazione di freschezza estiva.<\/p><h2>Aromi del Drago Nero di Ghiaccio :<\/h2><p>Inalazione: Quando viene inalato, il fumo emana un aroma dolce e fruttato di ribes nero e mora, leggermente acido con note pronunciate di frutti di bosco.<\/p><p>Parte centrale: la dolcezza della pitaya si rivela gradualmente, portando la freschezza dei frutti esotici, mescolandosi con l'acidit\u00e0 del limone, accentuando la complessit\u00e0 del gusto e rompendo la monotonia di un sapore unicamente dolce.<\/p><p>Retrogusto: in fase di espirazione, la freschezza invade rapidamente la bocca, offrendo un finale rinfrescante e conservando un retrogusto fruttato. L'intensit\u00e0 della sensazione di ghiaccio \u00e8 perfetta, non maschera il gusto fruttato e accentua l'esperienza rinfrescante complessiva.<\/p>\t\t\t\t\t\t\t\t<\/div>\n\t\t\t\t<\/div>\n\t\t\t\t\t<\/div>\n\t\t\t\t<\/div>\n\t\t<div class=\"elementor-element elementor-element-718b380 e-flex e-con-boxed e-con e-parent\" data-id=\"718b380\" data-element_type=\"container\" data-e-type=\"container\">\n\t\t\t\t\t<div class=\"e-con-inner\">\n\t\t\t\t<div class=\"elementor-element elementor-element-d2cc8fa elementor-widget elementor-widget-text-editor\" data-id=\"d2cc8fa\" data-element_type=\"widget\" data-e-type=\"widget\" data-widget_type=\"text-editor.default\">\n\t\t\t\t<div class=\"elementor-widget-container\">\n\t\t\t\t\t\t\t\t\t<h2>Batteria ricaricabile ad alte prestazioni<\/h2><p>Il modello Fumot Leopard (RandM Tornado) 40000 \u00e8 dotato di una batteria al litio integrata da 700 mAh, compatibile con la ricarica rapida USB-C, e si ricarica completamente in circa 30-45 minuti.<\/p><p>Sebbene si tratti di una sigaretta elettronica monouso, la batteria pu\u00f2 essere ricaricata pi\u00f9 volte per garantire un utilizzo ottimale di ogni goccia di e-liquid.<\/p><h2>Numerose boccate: fino a 40.000 boccate<\/h2><p>Il modello Fumot Leopard (RandM Tornado) 40000 offre un'eccezionale capacit\u00e0 di 40.000 soffi, di gran lunga superiore a quella dei tradizionali monouso (generalmente compresa tra 1.000 e 3.000 soffi).<\/p><p>La durata teorica dell'uso pu\u00f2 essere di diverse settimane o addirittura di diversi mesi (calcolando 500 boccate al giorno, cio\u00e8 circa 80 giorni di utilizzo).<\/p><p>Particolarmente indicato per gli utenti che non vogliono cambiare frequentemente telefono.<\/p><h2>Resistenza a doppia maglia<\/h2><p>Il modello Fumot Leopard (RandM Tornado) 40000 adotta un'avanzata struttura di riscaldamento a doppia maglia per un riscaldamento rapido e una nebulizzazione uniforme.<\/p><p>Offre un sapore intenso e un vapore ad alta densit\u00e0 per tutto il ciclo di utilizzo, senza alcuna attenuazione percepibile.<\/p><p>Migliorano l'esperienza di fumo, in particolare per gli utenti che cercano un potente colpo in gola o un gusto morbido.<\/p><h2>Display digitale intelligente a LED<\/h2><p>L'Fumot Leopard 40000 \u00e8 dotato di uno schermo LED integrato ad alta definizione che visualizza :<\/p><p>Percentuale di carica della batteria<\/p><p>E-liquido rimanente<\/p><p>Informare l'utente sullo stato del dispositivo con una sola occhiata, evitando guasti improvvisi alla batteria o problemi di \u00abfumo secco senza e-liquid\u00bb.<\/p><h2>Illuminazione d'atmosfera RGB colorata<\/h2><p>Dotato di effetti luminosi RGB di tendenza, ruota e cambia colore mentre si fuma, aggiungendo un tocco di tecnologia e piacere visivo.<\/p><p>Particolarmente attraente e riconoscibile di sera o di notte.<\/p><h2>Sono disponibili diverse concentrazioni di nicotina<\/h2><p>Sono disponibili diverse concentrazioni di nicotina:<\/p><p>0 % (senza nicotina, gusto puro)<\/p><p>2 %, 3 %, 5 % (rispondono alle diverse esigenze dei fumatori da leggeri a pesanti)<\/p><h2>A chi \u00e8 destinato l'Fumot Leopard 40000 (RandM Tornado 40K)?<\/h2><p>Fumatori incalliti alla ricerca di prodotti usa e getta di lunga durata<\/p><p>Gli appassionati di sigarette elettroniche sofisticate e accattivanti<\/p><p>Chi \u00e8 alla ricerca di un dispositivo ricaricabile di facile manutenzione<\/p><h2>Cosa mi piace del modello Fumot Leopard 40000 (RandM Tornado 40K)?<\/h2><p>Durata di vita: 40.000 boccate, pari a circa 9-12 settimane, ovvero circa 500 boccate al giorno.<\/p><p>Feedback visivo: il display e le spie luminose forniscono informazioni in tempo reale e migliorano l'aspetto estetico.<\/p><p>Prestazioni: le resistenze a doppia maglia garantiscono un sapore e un vapore costanti<\/p>\t\t\t\t\t\t\t\t<\/div>\n\t\t\t\t<\/div>\n\t\t\t\t\t<\/div>\n\t\t\t\t<\/div>\n\t\t\t\t<\/div>","protected":false},"excerpt":{"rendered":"<p>Black Dragon Ice est une saveur qui allie la riche saveur sucr\u00e9e-acidul\u00e9 du cassis, l&rsquo;ar\u00f4me fruit\u00e9 et sauvage de la m\u00fbre, la fra\u00eecheur exotique de la pitaya et la saveur vive et acidul\u00e9e du citron, le tout avec une forte sensation de fra\u00eecheur, pour une exp\u00e9rience de fumage riche et exaltante. Cassis\u00a0: Ce go\u00fbt riche [&hellip;]<\/p>","protected":false},"featured_media":5082,"comment_status":"open","ping_status":"closed","template":"","meta":{"site-sidebar-layout":"no-sidebar","site-content-layout":"page-builder","ast-site-content-layout":"normal-width-container","site-content-style":"default","site-sidebar-style":"default","ast-global-header-display":"","ast-banner-title-visibility":"","ast-main-header-display":"","ast-hfb-above-header-display":"","ast-hfb-below-header-display":"","ast-hfb-mobile-header-display":"","site-post-title":"disabled","ast-breadcrumbs-content":"","ast-featured-img":"disabled","footer-sml-layout":"","theme-transparent-header-meta":"default","adv-header-id-meta":"","stick-header-meta":"default","header-above-stick-meta":"","header-main-stick-meta":"","header-below-stick-meta":"","astra-migrate-meta-layouts":"set","ast-page-background-enabled":"default","ast-page-background-meta":{"desktop":{"background-color":"","background-image":"","background-repeat":"repeat","background-position":"center center","background-size":"auto","background-attachment":"scroll","background-type":"","background-media":"","overlay-type":"","overlay-color":"","overlay-opacity":"","overlay-gradient":""},"tablet":{"background-color":"","background-image":"","background-repeat":"repeat","background-position":"center center","background-size":"auto","background-attachment":"scroll","background-type":"","background-media":"","overlay-type":"","overlay-color":"","overlay-opacity":"","overlay-gradient":""},"mobile":{"background-color":"","background-image":"","background-repeat":"repeat","background-position":"center center","background-size":"auto","background-attachment":"scroll","background-type":"","background-media":"","overlay-type":"","overlay-color":"","overlay-opacity":"","overlay-gradient":""}},"ast-content-background-meta":{"desktop":{"background-color":"var(--ast-global-color-5)","background-image":"","background-repeat":"repeat","background-position":"center center","background-size":"auto","background-attachment":"scroll","background-type":"","background-media":"","overlay-type":"","overlay-color":"","overlay-opacity":"","overlay-gradient":""},"tablet":{"background-color":"var(--ast-global-color-5)","background-image":"","background-repeat":"repeat","background-position":"center center","background-size":"auto","background-attachment":"scroll","background-type":"","background-media":"","overlay-type":"","overlay-color":"","overlay-opacity":"","overlay-gradient":""},"mobile":{"background-color":"var(--ast-global-color-5)","background-image":"","background-repeat":"repeat","background-position":"center center","background-size":"auto","background-attachment":"scroll","background-type":"","background-media":"","overlay-type":"","overlay-color":"","overlay-opacity":"","overlay-gradient":""}}},"product_brand":[42],"product_cat":[50,88,77,15],"product_tag":[],"class_list":{"0":"post-5197","1":"product","2":"type-product","3":"status-publish","4":"has-post-thumbnail","6":"product_brand-randm-tornado","7":"product_cat-randm-tornado-40000-avec-ecran-led-hd","8":"product_cat-puff-40k","9":"product_cat-entrepot-de-lue","10":"product_cat-magasin-cigarette-electronique","11":"desktop-align-center","12":"tablet-align-center","13":"mobile-align-center","14":"ast-product-gallery-layout-horizontal","15":"ast-product-gallery-with-no-image","16":"ast-product-single-variable","17":"ast-product-tabs-layout-horizontal","18":"ast-qv-on-image","20":"first","21":"instock","22":"sale","23":"shipping-taxable","24":"purchasable","25":"product-type-variable","26":"has-default-attributes"},"tiered_pricing_type":"fixed","tiered_pricing_fixed_rules":{"30":10.42,"60":9.26,"100":8.05,"200":7.8,"500":7.67,"1000":7.38},"tiered_pricing_product_settings":{"layout":"default","base_unit_name":{"singular":null,"plural":null},"default_variation":null},"tiered_pricing_minimum_quantity":null,"tiered_pricing_roles_data":[],"tiered_pricing_percentage_rules":[],"_links":{"self":[{"href":"https:\/\/puffvapestore.com\/it\/wp-json\/wp\/v2\/product\/5197","targetHints":{"allow":["GET"]}}],"collection":[{"href":"https:\/\/puffvapestore.com\/it\/wp-json\/wp\/v2\/product"}],"about":[{"href":"https:\/\/puffvapestore.com\/it\/wp-json\/wp\/v2\/types\/product"}],"replies":[{"embeddable":true,"href":"https:\/\/puffvapestore.com\/it\/wp-json\/wp\/v2\/comments?post=5197"}],"version-history":[{"count":7,"href":"https:\/\/puffvapestore.com\/it\/wp-json\/wp\/v2\/product\/5197\/revisions"}],"predecessor-version":[{"id":10748,"href":"https:\/\/puffvapestore.com\/it\/wp-json\/wp\/v2\/product\/5197\/revisions\/10748"}],"wp:featuredmedia":[{"embeddable":true,"href":"https:\/\/puffvapestore.com\/it\/wp-json\/wp\/v2\/media\/5082"}],"wp:attachment":[{"href":"https:\/\/puffvapestore.com\/it\/wp-json\/wp\/v2\/media?parent=5197"}],"wp:term":[{"taxonomy":"product_brand","embeddable":true,"href":"https:\/\/puffvapestore.com\/it\/wp-json\/wp\/v2\/product_brand?post=5197"},{"taxonomy":"product_cat","embeddable":true,"href":"https:\/\/puffvapestore.com\/it\/wp-json\/wp\/v2\/product_cat?post=5197"},{"taxonomy":"product_tag","embeddable":true,"href":"https:\/\/puffvapestore.com\/it\/wp-json\/wp\/v2\/product_tag?post=5197"}],"curies":[{"name":"wp","href":"https:\/\/api.w.org\/{rel}","templated":true}]}}