{"id":5121,"date":"2025-07-15T08:12:24","date_gmt":"2025-07-15T08:12:24","guid":{"rendered":"https:\/\/puffvapestore.com\/?post_type=product&#038;p=5121"},"modified":"2026-01-19T10:34:39","modified_gmt":"2026-01-19T10:34:39","slug":"fumot-leopard-40000-offre-40k-bouffees","status":"publish","type":"product","link":"https:\/\/puffvapestore.com\/it\/product\/fumot-leopard-40000-offerte-40k-bouffees\/","title":{"rendered":"Fumot Leopard 40000 (RandM Tornado 40K): 40000 sbuffi di fumo grazie alla batteria da 700 mAh e alle resistenze a doppia maglia"},"content":{"rendered":"<div data-elementor-type=\"wp-post\" data-elementor-id=\"5121\" class=\"elementor elementor-5121\">\n\t\t\t\t<div class=\"elementor-element elementor-element-718b380 e-flex e-con-boxed e-con e-parent\" data-id=\"718b380\" data-element_type=\"container\" data-e-type=\"container\">\n\t\t\t\t\t<div class=\"e-con-inner\">\n\t\t\t\t<div class=\"elementor-element elementor-element-d2cc8fa elementor-widget elementor-widget-text-editor\" data-id=\"d2cc8fa\" data-element_type=\"widget\" data-e-type=\"widget\" data-widget_type=\"text-editor.default\">\n\t\t\t\t<div class=\"elementor-widget-container\">\n\t\t\t\t\t\t\t\t\t<h2>Batteria ricaricabile ad alte prestazioni<\/h2><p>Il modello Fumot Leopard (RandM Tornado) 40000 \u00e8 dotato di una batteria al litio integrata da 700 mAh, compatibile con la ricarica rapida USB-C, e si ricarica completamente in circa 30-45 minuti.<\/p><p>Sebbene si tratti di una sigaretta elettronica monouso, la batteria pu\u00f2 essere ricaricata pi\u00f9 volte per garantire un utilizzo ottimale di ogni goccia di e-liquid.<\/p><h2>Numerose boccate: fino a 40.000 boccate<\/h2><p>Il modello Fumot Leopard (RandM Tornado) 40000 offre un'eccezionale capacit\u00e0 di 40.000 soffi, di gran lunga superiore a quella dei tradizionali monouso (generalmente compresa tra 1.000 e 3.000 soffi).<\/p><p>La durata teorica dell'uso pu\u00f2 essere di diverse settimane o addirittura di diversi mesi (calcolando 500 boccate al giorno, cio\u00e8 circa 80 giorni di utilizzo).<\/p><p>Particolarmente indicato per gli utenti che non vogliono cambiare frequentemente telefono.<\/p><h2>Resistenza a doppia maglia<\/h2><p>Il modello Fumot Leopard (RandM Tornado) 40000 adotta un'avanzata struttura di riscaldamento a doppia maglia per un riscaldamento rapido e una nebulizzazione uniforme.<\/p><p>Offre un sapore intenso e un vapore ad alta densit\u00e0 per tutto il ciclo di utilizzo, senza alcuna attenuazione percepibile.<\/p><p>Migliorano l'esperienza di fumo, in particolare per gli utenti che cercano un potente colpo in gola o un gusto morbido.<\/p><h2>Display digitale intelligente a LED<\/h2><p>L'Fumot Leopard 40000 \u00e8 dotato di uno schermo LED integrato ad alta definizione che visualizza :<\/p><p>Percentuale di carica della batteria<\/p><p>E-liquido rimanente<\/p><p>Informare l'utente sullo stato del dispositivo con una sola occhiata, evitando guasti improvvisi alla batteria o problemi di \u00abfumo secco senza e-liquid\u00bb.<\/p><h2>Illuminazione d'atmosfera RGB colorata<\/h2><p>Dotato di effetti luminosi RGB di tendenza, ruota e cambia colore mentre si fuma, aggiungendo un tocco di tecnologia e piacere visivo.<\/p><p>Particolarmente attraente e riconoscibile di sera o di notte.<\/p><h2>Sono disponibili diverse concentrazioni di nicotina<\/h2><p>Sono disponibili diverse concentrazioni di nicotina:<\/p><p>0 % (senza nicotina, gusto puro)<\/p><p>2 %, 3 %, 5 % (rispondono alle diverse esigenze dei fumatori da leggeri a pesanti)<\/p><h2>A chi \u00e8 destinato l'Fumot Leopard 40000 (RandM Tornado 40K)?<\/h2><p>Fumatori incalliti alla ricerca di prodotti usa e getta di lunga durata<\/p><p>Gli appassionati di sigarette elettroniche sofisticate e accattivanti<\/p><p>Chi \u00e8 alla ricerca di un dispositivo ricaricabile di facile manutenzione<\/p><h2>Cosa mi piace del modello Fumot Leopard 40000 (RandM Tornado 40K)?<\/h2><p>Durata di vita: 40.000 boccate, pari a circa 9-12 settimane, ovvero circa 500 boccate al giorno.<\/p><p>Feedback visivo: il display e le spie luminose forniscono informazioni in tempo reale e migliorano l'aspetto estetico.<\/p><p>Prestazioni: le resistenze a doppia maglia garantiscono un sapore e un vapore costanti<\/p>\t\t\t\t\t\t\t\t<\/div>\n\t\t\t\t<\/div>\n\t\t\t\t\t<\/div>\n\t\t\t\t<\/div>\n\t\t<div class=\"elementor-element elementor-element-08c26f9 e-flex e-con-boxed e-con e-parent\" data-id=\"08c26f9\" data-element_type=\"container\" data-e-type=\"container\">\n\t\t\t\t\t<div class=\"e-con-inner\">\n\t\t\t\t<div class=\"elementor-element elementor-element-a005a97 elementor-widget elementor-widget-text-editor\" data-id=\"a005a97\" data-element_type=\"widget\" data-e-type=\"widget\" data-widget_type=\"text-editor.default\">\n\t\t\t\t<div class=\"elementor-widget-container\">\n\t\t\t\t\t\t\t\t\t<h2>25 gusti di Fumot Leopard 40000<\/h2><p>La Fumot Leopard 40000 \u00e8 una sigaretta elettronica di alta gamma con fino a 25 aromi, pensata per gli utenti che cercano un'esperienza di gusto ricca e rinfrescante. Questi aromi vanno da semplici aromi fruttati a miscele complesse. Lo stile generale \u00e8 prevalentemente una combinazione di frutta e ICE, adatta a una variet\u00e0 di gusti.<\/p><p>Frutta + ghiaccio: ad esempio, Black Dragon Ice, Blueberry on Ice, Cherry Ice, Strawberry Ice e Watermelon Ice. Questi gusti sono tutti rinfrescanti e piaceranno agli amanti della menta o a chi preferisce un gusto pi\u00f9 fresco, soprattutto nella stagione calda. Tra questi, il Black Dragon Ice \u00e8 pi\u00f9 originale e combina frutti scuri come il ribes nero con una base ghiacciata per un sapore pi\u00f9 ricco.<\/p><p>Frutti misti: Ad esempio, Mirtillo Ciliegia Mirtillo, Mirtillo Lampone, Kiwi Pompelmo Guava, Pesca Mango Ananas e Frutti di Bosco. Questi complessi aromi di frutta offrono un equilibrio dolce-amaro e ricchi strati, perfetti per gli amanti dei sapori tropicali o dei succhi di frutta.<\/p><p>Gusti dolci singoli o doppi: ad esempio, Peach Berry, Strawberry Banana, Strawberry Watermelon e Watermelon Bubblegum, questi gusti sono generalmente delicati e cremosi e mettono in risalto la naturale dolcezza della frutta. Watermelon Bubblegum, in particolare, ha un sapore dolce che \u00e8 perfetto per gli amanti dei dessert.<\/p><p>Gusti speciali: Dr Blue e Pink Lemonade sono miscele di sapori unici. Il primo evoca lo stile della bevanda \u00abDr Pepper\u00bb, con il suo aroma unico di spezie e frutta; il secondo, una rinfrescante bevanda gassata con limone e fragola, agrodolce e rinfrescante.<\/p>\t\t\t\t\t\t\t\t<\/div>\n\t\t\t\t<\/div>\n\t\t\t\t\t<\/div>\n\t\t\t\t<\/div>\n\t\t\t\t<\/div>","protected":false},"excerpt":{"rendered":"<p>Batterie rechargeable haute performance La Fumot Leopard (RandM Tornado) 40000 est \u00e9quip\u00e9e d&rsquo;une batterie lithium int\u00e9gr\u00e9e de 700 mAh, compatible avec la charge rapide USB-C, et se recharge compl\u00e8tement en 30 \u00e0 45 minutes environ. Bien qu&rsquo;il s&rsquo;agisse d&rsquo;une cigarette \u00e9lectronique jetable, la batterie peut \u00eatre recharg\u00e9e \u00e0 plusieurs reprises pour garantir une utilisation optimale [&hellip;]<\/p>\n","protected":false},"featured_media":5082,"comment_status":"open","ping_status":"closed","template":"","meta":{"site-sidebar-layout":"no-sidebar","site-content-layout":"page-builder","ast-site-content-layout":"normal-width-container","site-content-style":"default","site-sidebar-style":"default","ast-global-header-display":"","ast-banner-title-visibility":"","ast-main-header-display":"","ast-hfb-above-header-display":"","ast-hfb-below-header-display":"","ast-hfb-mobile-header-display":"","site-post-title":"disabled","ast-breadcrumbs-content":"","ast-featured-img":"disabled","footer-sml-layout":"","theme-transparent-header-meta":"default","adv-header-id-meta":"","stick-header-meta":"default","header-above-stick-meta":"","header-main-stick-meta":"","header-below-stick-meta":"","astra-migrate-meta-layouts":"set","ast-page-background-enabled":"default","ast-page-background-meta":{"desktop":{"background-color":"","background-image":"","background-repeat":"repeat","background-position":"center center","background-size":"auto","background-attachment":"scroll","background-type":"","background-media":"","overlay-type":"","overlay-color":"","overlay-opacity":"","overlay-gradient":""},"tablet":{"background-color":"","background-image":"","background-repeat":"repeat","background-position":"center center","background-size":"auto","background-attachment":"scroll","background-type":"","background-media":"","overlay-type":"","overlay-color":"","overlay-opacity":"","overlay-gradient":""},"mobile":{"background-color":"","background-image":"","background-repeat":"repeat","background-position":"center center","background-size":"auto","background-attachment":"scroll","background-type":"","background-media":"","overlay-type":"","overlay-color":"","overlay-opacity":"","overlay-gradient":""}},"ast-content-background-meta":{"desktop":{"background-color":"var(--ast-global-color-5)","background-image":"","background-repeat":"repeat","background-position":"center center","background-size":"auto","background-attachment":"scroll","background-type":"","background-media":"","overlay-type":"","overlay-color":"","overlay-opacity":"","overlay-gradient":""},"tablet":{"background-color":"var(--ast-global-color-5)","background-image":"","background-repeat":"repeat","background-position":"center center","background-size":"auto","background-attachment":"scroll","background-type":"","background-media":"","overlay-type":"","overlay-color":"","overlay-opacity":"","overlay-gradient":""},"mobile":{"background-color":"var(--ast-global-color-5)","background-image":"","background-repeat":"repeat","background-position":"center center","background-size":"auto","background-attachment":"scroll","background-type":"","background-media":"","overlay-type":"","overlay-color":"","overlay-opacity":"","overlay-gradient":""}}},"product_brand":[42],"product_cat":[50,88,77,15],"product_tag":[],"class_list":{"0":"post-5121","1":"product","2":"type-product","3":"status-publish","4":"has-post-thumbnail","6":"product_brand-randm-tornado","7":"product_cat-randm-tornado-40000-avec-ecran-led-hd","8":"product_cat-puff-40k","9":"product_cat-entrepot-de-lue","10":"product_cat-magasin-cigarette-electronique","11":"desktop-align-center","12":"tablet-align-center","13":"mobile-align-center","14":"ast-product-gallery-layout-horizontal","15":"ast-product-single-variable","16":"ast-product-tabs-layout-horizontal","17":"ast-qv-on-image","19":"first","20":"instock","21":"sale","22":"shipping-taxable","23":"purchasable","24":"product-type-variable","25":"has-default-attributes"},"tiered_pricing_type":"fixed","tiered_pricing_fixed_rules":{"30":10.42,"60":9.26,"100":8.05,"200":7.8,"500":7.67,"1000":7.38},"tiered_pricing_product_settings":{"layout":"default","base_unit_name":{"singular":null,"plural":null},"default_variation":null},"tiered_pricing_minimum_quantity":null,"tiered_pricing_roles_data":[],"tiered_pricing_percentage_rules":[],"_links":{"self":[{"href":"https:\/\/puffvapestore.com\/it\/wp-json\/wp\/v2\/product\/5121","targetHints":{"allow":["GET"]}}],"collection":[{"href":"https:\/\/puffvapestore.com\/it\/wp-json\/wp\/v2\/product"}],"about":[{"href":"https:\/\/puffvapestore.com\/it\/wp-json\/wp\/v2\/types\/product"}],"replies":[{"embeddable":true,"href":"https:\/\/puffvapestore.com\/it\/wp-json\/wp\/v2\/comments?post=5121"}],"version-history":[{"count":11,"href":"https:\/\/puffvapestore.com\/it\/wp-json\/wp\/v2\/product\/5121\/revisions"}],"predecessor-version":[{"id":13908,"href":"https:\/\/puffvapestore.com\/it\/wp-json\/wp\/v2\/product\/5121\/revisions\/13908"}],"wp:featuredmedia":[{"embeddable":true,"href":"https:\/\/puffvapestore.com\/it\/wp-json\/wp\/v2\/media\/5082"}],"wp:attachment":[{"href":"https:\/\/puffvapestore.com\/it\/wp-json\/wp\/v2\/media?parent=5121"}],"wp:term":[{"taxonomy":"product_brand","embeddable":true,"href":"https:\/\/puffvapestore.com\/it\/wp-json\/wp\/v2\/product_brand?post=5121"},{"taxonomy":"product_cat","embeddable":true,"href":"https:\/\/puffvapestore.com\/it\/wp-json\/wp\/v2\/product_cat?post=5121"},{"taxonomy":"product_tag","embeddable":true,"href":"https:\/\/puffvapestore.com\/it\/wp-json\/wp\/v2\/product_tag?post=5121"}],"curies":[{"name":"wp","href":"https:\/\/api.w.org\/{rel}","templated":true}]}}