{"id":5062,"date":"2025-07-15T05:46:14","date_gmt":"2025-07-15T05:46:14","guid":{"rendered":"https:\/\/puffvapestore.com\/?post_type=product&#038;p=5062"},"modified":"2026-01-19T10:31:54","modified_gmt":"2026-01-19T10:31:54","slug":"blueberry-bubblegum-randm-tornado-35000","status":"publish","type":"product","link":"https:\/\/puffvapestore.com\/it\/product\/mirtillo-bubblegum-randm-tornado-35000\/","title":{"rendered":"Fumot Tornado 35000 - Mirtillo Bubblegum"},"content":{"rendered":"<div data-elementor-type=\"wp-post\" data-elementor-id=\"5062\" class=\"elementor elementor-5062\">\n\t\t\t\t<div class=\"elementor-element elementor-element-08c26f9 e-flex e-con-boxed e-con e-parent\" data-id=\"08c26f9\" data-element_type=\"container\" data-e-type=\"container\">\n\t\t\t\t\t<div class=\"e-con-inner\">\n\t\t\t\t<div class=\"elementor-element elementor-element-a005a97 elementor-widget elementor-widget-text-editor\" data-id=\"a005a97\" data-element_type=\"widget\" data-e-type=\"widget\" data-widget_type=\"text-editor.default\">\n\t\t\t\t<div class=\"elementor-widget-container\">\n\t\t\t\t\t\t\t\t\t<p>Appoggiatevi alla poltrona e inalate delicatamente RandM Tornado 35000 Blueberry Bubblegum. L'aroma fruttato del mirtillo sboccia tra le labbra e i denti, seguito a ruota dalla dolcezza della gomma da masticare, come i ricordi dell'infanzia che emergono lentamente, delicatamente avvolti dal ritmo urbano di oggi.<\/p><p>L'unicit\u00e0 del gusto Blueberry Bubblegum risiede nella sua stratificazione: prima l'aroma fresco e fruttato del mirtillo, seguito dalla dolcezza della gomma da masticare, che risulta leggera e non grassa all'espirazione, preservando la freschezza della sigaretta elettronica e offrendo un'esperienza di gusto rilassante e piacevole. Questo gusto non \u00e8 solo piacevole da fumare, ma offre anche un tocco di puro comfort in una vita frenetica.<\/p><h2>Gusto principale: mirtillo<\/h2><p>Aroma fruttato intenso: appena inalato, si percepisce l'intenso aroma fruttato dei mirtilli maturi, simile a quello dei mirtilli freschi leggermente schiacciati.<\/p><p>Dolcezza e acidit\u00e0 equilibrate: a differenza dei mirtilli selvatici, il gusto \u00e8 pi\u00f9 vicino a quello dei mirtilli artificiali, con un'acidit\u00e0 lieve e una dolcezza pi\u00f9 pronunciata.<\/p><p>Sensazione di succo intenso: con una chiara sensazione di esplosione, come se il succo di mirtillo si diffondesse sulla punta della lingua.<\/p><h2>Sapore secondario: gomma da masticare<\/h2><p>Sovrapposizione di dolcezza: non si tratta di un semplice aroma di saccarosio o dolcificante, ma di un classico aroma di gomma da masticare americana, con una dolcezza simile alla fragola, alla vaniglia e alla crema. Nel retrogusto c'\u00e8 un leggero sentore di panna, che aggiunge rotondit\u00e0 all'insieme.<\/p>\t\t\t\t\t\t\t\t<\/div>\n\t\t\t\t<\/div>\n\t\t\t\t\t<\/div>\n\t\t\t\t<\/div>\n\t\t<div class=\"elementor-element elementor-element-718b380 e-flex e-con-boxed e-con e-parent\" data-id=\"718b380\" data-element_type=\"container\" data-e-type=\"container\">\n\t\t\t\t\t<div class=\"e-con-inner\">\n\t\t\t\t<div class=\"elementor-element elementor-element-d2cc8fa elementor-widget elementor-widget-text-editor\" data-id=\"d2cc8fa\" data-element_type=\"widget\" data-e-type=\"widget\" data-widget_type=\"text-editor.default\">\n\t\t\t\t<div class=\"elementor-widget-container\">\n\t\t\t\t\t\t\t\t\t<h2>Gusto e produzione di vapore eccezionali:<\/h2><p>La tecnologia a doppia maglia dei resistori della RandM Tornado 35000 Blueberry Bubblegum garantisce un riscaldamento ottimale dell'e-liquid, offrendo un gusto pi\u00f9 ricco e una nuvola di vapore pi\u00f9 ampia, ideale per gli utenti che cercano sapori intensi ed effetti visivi intensi.<\/p><h2>Design personalizzato e di tendenza:<\/h2><p>Gli effetti luminosi RGB possono essere sincronizzati con la musica, rendendo l'uso ancora pi\u00f9 divertente, particolarmente adatto alle occasioni sociali o agli utenti pi\u00f9 giovani. Gli utenti possono scegliere di disattivare gli effetti luminosi per un uso pi\u00f9 discreto.<\/p><p>Ispirato al design moderno del Digitalbox 12000, unisce estetica e portabilit\u00e0, con una comoda impugnatura per l'uso quotidiano.<\/p><h2>Facile da usare:<\/h2><p>La RandM Tornado 35000 Blueberry Bubblegum non richiede manutenzione n\u00e9 sostituzione di resistenze o serbatoi di e-liquid. Pu\u00f2 essere utilizzata subito, il che la rende ideale per i principianti o per gli utenti meno esigenti.<\/p><p>Il display intelligente mostra in modo intuitivo il livello della batteria e l'e-liquid rimanente, in modo da non doversi preoccupare di interruzioni di corrente o di esaurimento dell'e-liquid.<\/p><p>La ricarica rapida Type-C riduce i tempi di attesa e la batteria di lunga durata garantisce un utilizzo prolungato.<\/p><h2>RandM Tornado 35000 Blueberry Bubblegum Caratteristiche<\/h2><p>Numero di soffi: Fino a 35.000 soffi, una delle maggiori capacit\u00e0 sul mercato, ideale per chi fa un uso intensivo e prolungato.<\/p><p>Capacit\u00e0 della batteria: dotata di una batteria ricaricabile da 700 mAh. La ricarica rapida tramite l'interfaccia Type-C garantisce un utilizzo prolungato e un recupero rapido.<\/p><p>Tecnologia a resistenze: adotta una resistenza a doppia maglia da 1,2 \u03a9 per un riscaldamento pi\u00f9 uniforme, un vapore pi\u00f9 denso e un gusto pi\u00f9 intenso.<\/p><p>Dosaggio della nicotina: \u00e8 possibile scegliere tra 0 %, 2 % o 5 % di nicotina per soddisfare le esigenze di ogni utente.<\/p><p>Funzione display: dotato di uno schermo a LED, visualizza in tempo reale la carica della batteria e il livello di e-liquid rimanente, consentendo agli utenti di monitorare lo stato del dispositivo.<\/p><p>Design e portabilit\u00e0: compatto e leggero, \u00e8 facile da trasportare. Il suo design si ispira al Digitalbox 12000, con un aspetto moderno ed elegante.<\/p>\t\t\t\t\t\t\t\t<\/div>\n\t\t\t\t<\/div>\n\t\t\t\t\t<\/div>\n\t\t\t\t<\/div>\n\t\t\t\t<\/div>","protected":false},"excerpt":{"rendered":"<p>Adoss\u00e9 au dossier de votre fauteuil, inspirez doucement la RandM Tornado 35000 Blueberry Bubblegum. L&rsquo;ar\u00f4me fruit\u00e9 de la myrtille s&rsquo;\u00e9panouit entre vos l\u00e8vres et vos dents, suivi de pr\u00e8s par la douceur du bubblegum, comme des souvenirs d&rsquo;enfance \u00e9mergeant lentement, d\u00e9licatement envelopp\u00e9s par le rythme urbain actuel. La singularit\u00e9 de la saveur Blueberry Bubblegum r\u00e9side [&hellip;]<\/p>\n","protected":false},"featured_media":4760,"comment_status":"open","ping_status":"closed","template":"","meta":{"site-sidebar-layout":"no-sidebar","site-content-layout":"page-builder","ast-site-content-layout":"normal-width-container","site-content-style":"default","site-sidebar-style":"default","ast-global-header-display":"","ast-banner-title-visibility":"","ast-main-header-display":"","ast-hfb-above-header-display":"","ast-hfb-below-header-display":"","ast-hfb-mobile-header-display":"","site-post-title":"disabled","ast-breadcrumbs-content":"","ast-featured-img":"disabled","footer-sml-layout":"","theme-transparent-header-meta":"default","adv-header-id-meta":"","stick-header-meta":"default","header-above-stick-meta":"","header-main-stick-meta":"","header-below-stick-meta":"","astra-migrate-meta-layouts":"set","ast-page-background-enabled":"default","ast-page-background-meta":{"desktop":{"background-color":"","background-image":"","background-repeat":"repeat","background-position":"center center","background-size":"auto","background-attachment":"scroll","background-type":"","background-media":"","overlay-type":"","overlay-color":"","overlay-opacity":"","overlay-gradient":""},"tablet":{"background-color":"","background-image":"","background-repeat":"repeat","background-position":"center center","background-size":"auto","background-attachment":"scroll","background-type":"","background-media":"","overlay-type":"","overlay-color":"","overlay-opacity":"","overlay-gradient":""},"mobile":{"background-color":"","background-image":"","background-repeat":"repeat","background-position":"center center","background-size":"auto","background-attachment":"scroll","background-type":"","background-media":"","overlay-type":"","overlay-color":"","overlay-opacity":"","overlay-gradient":""}},"ast-content-background-meta":{"desktop":{"background-color":"var(--ast-global-color-5)","background-image":"","background-repeat":"repeat","background-position":"center center","background-size":"auto","background-attachment":"scroll","background-type":"","background-media":"","overlay-type":"","overlay-color":"","overlay-opacity":"","overlay-gradient":""},"tablet":{"background-color":"var(--ast-global-color-5)","background-image":"","background-repeat":"repeat","background-position":"center center","background-size":"auto","background-attachment":"scroll","background-type":"","background-media":"","overlay-type":"","overlay-color":"","overlay-opacity":"","overlay-gradient":""},"mobile":{"background-color":"var(--ast-global-color-5)","background-image":"","background-repeat":"repeat","background-position":"center center","background-size":"auto","background-attachment":"scroll","background-type":"","background-media":"","overlay-type":"","overlay-color":"","overlay-opacity":"","overlay-gradient":""}}},"product_brand":[42],"product_cat":[49,105,15],"product_tag":[],"class_list":{"0":"post-5062","1":"product","2":"type-product","3":"status-publish","4":"has-post-thumbnail","6":"product_brand-randm-tornado","7":"product_cat-randm-tornado-35000-offre-35000-bouffees-de-cigarettes","8":"product_cat-puff-35k","9":"product_cat-magasin-cigarette-electronique","10":"desktop-align-center","11":"tablet-align-center","12":"mobile-align-center","13":"ast-product-gallery-layout-horizontal","14":"ast-product-gallery-with-no-image","15":"ast-product-single-variable","16":"ast-product-tabs-layout-horizontal","17":"ast-qv-on-image","19":"first","20":"instock","21":"sale","22":"shipping-taxable","23":"purchasable","24":"product-type-variable","25":"has-default-attributes"},"tiered_pricing_type":"fixed","tiered_pricing_fixed_rules":{"50":12.99,"100":11.39,"200":10.79,"400":10.39},"tiered_pricing_product_settings":{"layout":"default","base_unit_name":{"singular":null,"plural":null},"default_variation":null},"tiered_pricing_minimum_quantity":null,"tiered_pricing_roles_data":[],"tiered_pricing_percentage_rules":[],"_links":{"self":[{"href":"https:\/\/puffvapestore.com\/it\/wp-json\/wp\/v2\/product\/5062","targetHints":{"allow":["GET"]}}],"collection":[{"href":"https:\/\/puffvapestore.com\/it\/wp-json\/wp\/v2\/product"}],"about":[{"href":"https:\/\/puffvapestore.com\/it\/wp-json\/wp\/v2\/types\/product"}],"replies":[{"embeddable":true,"href":"https:\/\/puffvapestore.com\/it\/wp-json\/wp\/v2\/comments?post=5062"}],"version-history":[{"count":6,"href":"https:\/\/puffvapestore.com\/it\/wp-json\/wp\/v2\/product\/5062\/revisions"}],"predecessor-version":[{"id":5071,"href":"https:\/\/puffvapestore.com\/it\/wp-json\/wp\/v2\/product\/5062\/revisions\/5071"}],"wp:featuredmedia":[{"embeddable":true,"href":"https:\/\/puffvapestore.com\/it\/wp-json\/wp\/v2\/media\/4760"}],"wp:attachment":[{"href":"https:\/\/puffvapestore.com\/it\/wp-json\/wp\/v2\/media?parent=5062"}],"wp:term":[{"taxonomy":"product_brand","embeddable":true,"href":"https:\/\/puffvapestore.com\/it\/wp-json\/wp\/v2\/product_brand?post=5062"},{"taxonomy":"product_cat","embeddable":true,"href":"https:\/\/puffvapestore.com\/it\/wp-json\/wp\/v2\/product_cat?post=5062"},{"taxonomy":"product_tag","embeddable":true,"href":"https:\/\/puffvapestore.com\/it\/wp-json\/wp\/v2\/product_tag?post=5062"}],"curies":[{"name":"wp","href":"https:\/\/api.w.org\/{rel}","templated":true}]}}