{"id":5032,"date":"2025-07-14T07:22:58","date_gmt":"2025-07-14T07:22:58","guid":{"rendered":"https:\/\/puffvapestore.com\/?post_type=product&#038;p=5032"},"modified":"2026-01-19T10:52:39","modified_gmt":"2026-01-19T10:52:39","slug":"blue-razz-ice-fumot-tornado-35000-est-un-arome-fruite-complexe-tres-populaire","status":"publish","type":"product","link":"https:\/\/puffvapestore.com\/it\/product\/blue-razz-ice-fumot-tornado-35000-e-un-aroma-fruttato-complesso-molto-popolare\/","title":{"rendered":"Blu Razz Ice - Fumot RandM Tornado 35000"},"content":{"rendered":"<div data-elementor-type=\"wp-post\" data-elementor-id=\"5032\" class=\"elementor elementor-5032\">\n\t\t\t\t<div class=\"elementor-element elementor-element-08c26f9 e-flex e-con-boxed e-con e-parent\" data-id=\"08c26f9\" data-element_type=\"container\" data-e-type=\"container\">\n\t\t\t\t\t<div class=\"e-con-inner\">\n\t\t\t\t<div class=\"elementor-element elementor-element-a005a97 elementor-widget elementor-widget-text-editor\" data-id=\"a005a97\" data-element_type=\"widget\" data-e-type=\"widget\" data-widget_type=\"text-editor.default\">\n\t\t\t\t<div class=\"elementor-widget-container\">\n\t\t\t\t\t\t\t\t\t<p>Blue Razz Ice \u00e8 un aroma fruttato complesso molto popolare nel settore delle sigarette elettroniche, comunemente presente nei prodotti della gamma RandM Tornado (come i modelli Tornado 9000, 15000 e 20000). Offre un sapore agrodolce di mirtillo e lampone, con un fresco effetto menta, per un'esperienza di fumo rinfrescante.<\/p><h2>Ingredienti principali: fusione di mirtilli e lamponi<\/h2><p><strong>Mirtillo :<\/strong><br \/>La nota \u00abblu\u00bb di Blue Razz Ice si ispira alla morbidezza e alla dolcezza del mirtillo. Il mirtillo ha un aroma fruttato naturale quando il fumo entra in bocca, con una dolcezza moderata e un leggero profumo di frutta rossa. Questo aroma, senza essere preponderante, fornisce una base rotonda all'insieme, che ricorda i mirtilli freschi o la marmellata di mirtilli.<\/p><p><strong>Lampone :<\/strong><br \/>\u00abRazz\u00bb rappresenta il lampone, offrendo un brillante contrasto agrodolce. Il gusto del lampone \u00e8 pi\u00f9 pronunciato di quello del mirtillo, con un leggero stimolo fruttato, che ricorda un lampone maturo, ma non troppo dolce. Questa acidit\u00e0 aggiunge un tocco di profondit\u00e0 al gusto ed evita la monotonia di una semplice dolcezza.<\/p><p><strong>Effetto di fusione :<\/strong><br \/>La combinazione di mirtillo e lampone crea un equilibrio agrodolce nel Blue Razz Ice. Al palato, la dolcezza del mirtillo prende il sopravvento, seguita da una leggera acidit\u00e0 del lampone, creando una dinamica progressione di sapori.<\/p><h2>Caratteristiche dell'aroma Ghiaccio\/Mentolo<\/h2><p><strong>Effetto menta fresca:<\/strong><br \/>La parte \u00abIce\u00bb \u00e8 la caratteristica emblematica del gusto Blue Razz Ice. Si riferisce all'aggiunta di ingredienti a base di menta o mentolo, che forniscono una forte sensazione di freschezza. Durante l'inalazione, questa sensazione di freschezza si diffonde rapidamente nella bocca e nella gola, simile a quella che si prova sorseggiando una bevanda ghiacciata o masticando una menta.<\/p><p>Abbinamento con sapori fruttati: La sensazione di freschezza completa perfettamente i sapori aspri del mirtillo e del lampone. La freschezza della menta neutralizza la dolcezza dei sapori fruttati, rendendo il gusto pi\u00f9 leggero, particolarmente adatto alle stagioni calde o ai lunghi sorsi.<\/p><p><strong>Retrogusto :<\/strong><br \/>All'espirazione, la sensazione di freschezza persiste sul palato, accompagnata da una nota di dolcezza di mirtillo e da una leggera acidit\u00e0 di lampone. Il retrogusto \u00e8 pulito e non lascia una sensazione di unto, incoraggiando a continuare la degustazione.<\/p>\t\t\t\t\t\t\t\t<\/div>\n\t\t\t\t<\/div>\n\t\t\t\t\t<\/div>\n\t\t\t\t<\/div>\n\t\t<div class=\"elementor-element elementor-element-718b380 e-flex e-con-boxed e-con e-parent\" data-id=\"718b380\" data-element_type=\"container\" data-e-type=\"container\">\n\t\t\t\t\t<div class=\"e-con-inner\">\n\t\t\t\t<div class=\"elementor-element elementor-element-d2cc8fa elementor-widget elementor-widget-text-editor\" data-id=\"d2cc8fa\" data-element_type=\"widget\" data-e-type=\"widget\" data-widget_type=\"text-editor.default\">\n\t\t\t\t<div class=\"elementor-widget-container\">\n\t\t\t\t\t\t\t\t\t<h2>Gusto e produzione di vapore eccezionali:<\/h2><p>La tecnologia a doppia maglia dei resistori della RandM Tornado 35000 garantisce un riscaldamento ottimale dell'e-liquid, offrendo un gusto pi\u00f9 ricco e una nuvola di vapore pi\u00f9 ampia, ideale per gli utenti che cercano sapori intensi ed effetti visivi intensi.<\/p><h2>Design personalizzato e di tendenza:<\/h2><p>Gli effetti luminosi RGB possono essere sincronizzati con la musica, rendendo l'uso ancora pi\u00f9 divertente, particolarmente adatto alle occasioni sociali o agli utenti pi\u00f9 giovani. Gli utenti possono scegliere di disattivare gli effetti luminosi per un uso pi\u00f9 discreto.<\/p><p>Ispirato al design moderno del Digitalbox 12000, unisce estetica e portabilit\u00e0, con una comoda impugnatura per l'uso quotidiano.<\/p><h2>Facile da usare:<\/h2><p>La RandM Tornado 35000 non richiede alcuna manutenzione, n\u00e9 la sostituzione di resistenze o serbatoi di e-liquid. Pu\u00f2 essere utilizzata subito, il che la rende ideale per i principianti o per gli utenti meno esigenti.<\/p><p>Il display intelligente mostra in modo intuitivo il livello della batteria e l'e-liquid rimanente, in modo da non doversi preoccupare di interruzioni di corrente o di esaurimento dell'e-liquid.<\/p><p>La ricarica rapida Type-C riduce i tempi di attesa e la batteria di lunga durata garantisce un utilizzo prolungato.<\/p><h2>RandM Tornado 35000 caratteristiche<\/h2><p>Numero di soffi: Fino a 35.000 soffi, una delle maggiori capacit\u00e0 sul mercato, ideale per chi fa un uso intensivo e prolungato.<\/p><p>Capacit\u00e0 della batteria: dotata di una batteria ricaricabile da 700 mAh. La ricarica rapida tramite l'interfaccia Type-C garantisce un utilizzo prolungato e un recupero rapido.<\/p><p>Tecnologia a resistenze: adotta una resistenza a doppia maglia da 1,2 \u03a9 per un riscaldamento pi\u00f9 uniforme, un vapore pi\u00f9 denso e un gusto pi\u00f9 intenso.<\/p><p>Dosaggio della nicotina: \u00e8 possibile scegliere tra 0 %, 2 % o 5 % di nicotina per soddisfare le esigenze di ogni utente.<\/p><p>Funzione display: dotato di uno schermo a LED, visualizza in tempo reale la carica della batteria e il livello di e-liquid rimanente, consentendo agli utenti di monitorare lo stato del dispositivo.<\/p><p>Design e portabilit\u00e0: compatto e leggero, \u00e8 facile da trasportare. Il suo design si ispira al Digitalbox 12000, con un aspetto moderno ed elegante.<\/p>\t\t\t\t\t\t\t\t<\/div>\n\t\t\t\t<\/div>\n\t\t\t\t\t<\/div>\n\t\t\t\t<\/div>\n\t\t\t\t<\/div>","protected":false},"excerpt":{"rendered":"<p>Blue Razz Ice est un ar\u00f4me fruit\u00e9 complexe tr\u00e8s populaire dans l&rsquo;industrie de la cigarette \u00e9lectronique, que l&rsquo;on retrouve couramment dans les produits de la gamme RandM Tornado (comme les mod\u00e8les Tornado 9000, 15000 et 20000). Il offre une saveur aigre-douce de myrtille et de framboise, avec un effet menthe fra\u00eeche, pour une exp\u00e9rience de [&hellip;]<\/p>\n","protected":false},"featured_media":4759,"comment_status":"open","ping_status":"closed","template":"","meta":{"site-sidebar-layout":"no-sidebar","site-content-layout":"page-builder","ast-site-content-layout":"normal-width-container","site-content-style":"default","site-sidebar-style":"default","ast-global-header-display":"","ast-banner-title-visibility":"","ast-main-header-display":"","ast-hfb-above-header-display":"","ast-hfb-below-header-display":"","ast-hfb-mobile-header-display":"","site-post-title":"disabled","ast-breadcrumbs-content":"","ast-featured-img":"disabled","footer-sml-layout":"","theme-transparent-header-meta":"default","adv-header-id-meta":"","stick-header-meta":"default","header-above-stick-meta":"","header-main-stick-meta":"","header-below-stick-meta":"","astra-migrate-meta-layouts":"set","ast-page-background-enabled":"default","ast-page-background-meta":{"desktop":{"background-color":"","background-image":"","background-repeat":"repeat","background-position":"center center","background-size":"auto","background-attachment":"scroll","background-type":"","background-media":"","overlay-type":"","overlay-color":"","overlay-opacity":"","overlay-gradient":""},"tablet":{"background-color":"","background-image":"","background-repeat":"repeat","background-position":"center center","background-size":"auto","background-attachment":"scroll","background-type":"","background-media":"","overlay-type":"","overlay-color":"","overlay-opacity":"","overlay-gradient":""},"mobile":{"background-color":"","background-image":"","background-repeat":"repeat","background-position":"center center","background-size":"auto","background-attachment":"scroll","background-type":"","background-media":"","overlay-type":"","overlay-color":"","overlay-opacity":"","overlay-gradient":""}},"ast-content-background-meta":{"desktop":{"background-color":"var(--ast-global-color-5)","background-image":"","background-repeat":"repeat","background-position":"center center","background-size":"auto","background-attachment":"scroll","background-type":"","background-media":"","overlay-type":"","overlay-color":"","overlay-opacity":"","overlay-gradient":""},"tablet":{"background-color":"var(--ast-global-color-5)","background-image":"","background-repeat":"repeat","background-position":"center center","background-size":"auto","background-attachment":"scroll","background-type":"","background-media":"","overlay-type":"","overlay-color":"","overlay-opacity":"","overlay-gradient":""},"mobile":{"background-color":"var(--ast-global-color-5)","background-image":"","background-repeat":"repeat","background-position":"center center","background-size":"auto","background-attachment":"scroll","background-type":"","background-media":"","overlay-type":"","overlay-color":"","overlay-opacity":"","overlay-gradient":""}}},"product_brand":[42],"product_cat":[49,80,105,15],"product_tag":[],"class_list":{"0":"post-5032","1":"product","2":"type-product","3":"status-publish","4":"has-post-thumbnail","6":"product_brand-randm-tornado","7":"product_cat-randm-tornado-35000-offre-35000-bouffees-de-cigarettes","8":"product_cat-puff-15k","9":"product_cat-puff-35k","10":"product_cat-magasin-cigarette-electronique","11":"desktop-align-center","12":"tablet-align-center","13":"mobile-align-center","14":"ast-product-gallery-layout-horizontal","15":"ast-product-gallery-with-no-image","16":"ast-product-single-variable","17":"ast-product-tabs-layout-horizontal","18":"ast-qv-on-image","20":"first","21":"instock","22":"sale","23":"shipping-taxable","24":"purchasable","25":"product-type-variable","26":"has-default-attributes"},"tiered_pricing_type":"fixed","tiered_pricing_fixed_rules":{"50":12.99,"100":11.39,"200":10.79,"400":10.39},"tiered_pricing_product_settings":{"layout":"default","base_unit_name":{"singular":null,"plural":null},"default_variation":null},"tiered_pricing_minimum_quantity":null,"tiered_pricing_roles_data":[],"tiered_pricing_percentage_rules":[],"_links":{"self":[{"href":"https:\/\/puffvapestore.com\/it\/wp-json\/wp\/v2\/product\/5032","targetHints":{"allow":["GET"]}}],"collection":[{"href":"https:\/\/puffvapestore.com\/it\/wp-json\/wp\/v2\/product"}],"about":[{"href":"https:\/\/puffvapestore.com\/it\/wp-json\/wp\/v2\/types\/product"}],"replies":[{"embeddable":true,"href":"https:\/\/puffvapestore.com\/it\/wp-json\/wp\/v2\/comments?post=5032"}],"version-history":[{"count":6,"href":"https:\/\/puffvapestore.com\/it\/wp-json\/wp\/v2\/product\/5032\/revisions"}],"predecessor-version":[{"id":5041,"href":"https:\/\/puffvapestore.com\/it\/wp-json\/wp\/v2\/product\/5032\/revisions\/5041"}],"wp:featuredmedia":[{"embeddable":true,"href":"https:\/\/puffvapestore.com\/it\/wp-json\/wp\/v2\/media\/4759"}],"wp:attachment":[{"href":"https:\/\/puffvapestore.com\/it\/wp-json\/wp\/v2\/media?parent=5032"}],"wp:term":[{"taxonomy":"product_brand","embeddable":true,"href":"https:\/\/puffvapestore.com\/it\/wp-json\/wp\/v2\/product_brand?post=5032"},{"taxonomy":"product_cat","embeddable":true,"href":"https:\/\/puffvapestore.com\/it\/wp-json\/wp\/v2\/product_cat?post=5032"},{"taxonomy":"product_tag","embeddable":true,"href":"https:\/\/puffvapestore.com\/it\/wp-json\/wp\/v2\/product_tag?post=5032"}],"curies":[{"name":"wp","href":"https:\/\/api.w.org\/{rel}","templated":true}]}}