{"id":4998,"date":"2025-07-12T19:33:53","date_gmt":"2025-07-12T19:33:53","guid":{"rendered":"https:\/\/puffvapestore.com\/?post_type=product&#038;p=4998"},"modified":"2026-01-19T10:31:55","modified_gmt":"2026-01-19T10:31:55","slug":"juicy-peach-ice-fumot-tornado-35000-douce-et-fraiche","status":"publish","type":"product","link":"https:\/\/puffvapestore.com\/it\/product\/pesca-succosa-ghiacciata-fumot-tornado-35000-morbida-e-fresca\/","title":{"rendered":"Pesca ghiacciata - Fumot RandM Tornado 35000"},"content":{"rendered":"<div data-elementor-type=\"wp-post\" data-elementor-id=\"4998\" class=\"elementor elementor-4998\">\n\t\t\t\t<div class=\"elementor-element elementor-element-08c26f9 e-flex e-con-boxed e-con e-parent\" data-id=\"08c26f9\" data-element_type=\"container\" data-e-type=\"container\">\n\t\t\t\t\t<div class=\"e-con-inner\">\n\t\t\t\t<div class=\"elementor-element elementor-element-a005a97 elementor-widget elementor-widget-text-editor\" data-id=\"a005a97\" data-element_type=\"widget\" data-e-type=\"widget\" data-widget_type=\"text-editor.default\">\n\t\t\t\t<div class=\"elementor-widget-container\">\n\t\t\t\t\t\t\t\t\t<p>Juicy Iced Peach Fumot RandM Tornado 35000 combina sapientemente il sapore naturale delle pesche con una rinfrescante sensazione di ghiaccio in cubetti. Morbido e fresco, con un pronunciato aroma fruttato e senza untuosit\u00e0, vi ricorder\u00e0 un bicchiere di succo di pesca ghiacciato in una calda giornata estiva.<\/p><h2>Gusto principale : Pesca succosa<\/h2><p>Dolcezza naturale: il sapore dolce delle pesche mature \u00e8 percepibile al palato. La dolcezza \u00e8 intensa, senza essere oleosa, come quella del succo di pesca bianca appena sbucciato, con un leggero sapore di polpa.<\/p><p>Autentico aroma fruttato: l'aroma \u00e8 delicato e naturale. Non \u00e8 il sapore pungente della pesca, ma una miscela di pesca bianca e pesca gialla, come una pesca succosa appena tagliata, fresca e leggermente aspra.<\/p><p>Gusto succoso: quando si inala, si avverte una sensazione di \u00absuccosit\u00e0\u00bb, un po' come se si mordesse una pesca e si vedesse il suo succo riversarsi in bocca, liscio e sottilmente fibroso.<\/p><h2>Aroma secondario : Sensazione di ghiaccio fresco (Ice)<\/h2><p>Livello di sensazione di ghiaccio: la sensazione di ghiaccio non \u00e8 la stessa di un'esplosione di menta che sale sulla fronte, ma si diffonde pi\u00f9 delicatamente con ogni inalazione, come una soda alla pesca con ghiaccio, il fresco si diffonde lentamente dalla gola alla bocca.<\/p>\t\t\t\t\t\t\t\t<\/div>\n\t\t\t\t<\/div>\n\t\t\t\t\t<\/div>\n\t\t\t\t<\/div>\n\t\t<div class=\"elementor-element elementor-element-718b380 e-flex e-con-boxed e-con e-parent\" data-id=\"718b380\" data-element_type=\"container\" data-e-type=\"container\">\n\t\t\t\t\t<div class=\"e-con-inner\">\n\t\t\t\t<div class=\"elementor-element elementor-element-d2cc8fa elementor-widget elementor-widget-text-editor\" data-id=\"d2cc8fa\" data-element_type=\"widget\" data-e-type=\"widget\" data-widget_type=\"text-editor.default\">\n\t\t\t\t<div class=\"elementor-widget-container\">\n\t\t\t\t\t\t\t\t\t<h2>Gusto e produzione di vapore eccezionali:<\/h2><p>La tecnologia a doppia maglia dei resistori della RandM Tornado 35000 garantisce un riscaldamento ottimale dell'e-liquid, offrendo un gusto pi\u00f9 ricco e una nuvola di vapore pi\u00f9 ampia, ideale per gli utenti che cercano sapori intensi ed effetti visivi intensi.<\/p><p>I sapori sono vari e ricchi, che si tratti di frutta, bibite o dessert, per un'esperienza di qualit\u00e0 sempre elevata.<\/p><h2>Design personalizzato e di tendenza:<\/h2><p>Gli effetti luminosi RGB possono essere sincronizzati con la musica, rendendo l'uso ancora pi\u00f9 divertente, particolarmente adatto alle occasioni sociali o agli utenti pi\u00f9 giovani. Gli utenti possono scegliere di disattivare gli effetti luminosi per un uso pi\u00f9 discreto.<\/p><p>Ispirato al design moderno del Digitalbox 12000, unisce estetica e portabilit\u00e0, con una comoda impugnatura per l'uso quotidiano.<\/p><h2>Facile da usare:<\/h2><p>La RandM Tornado 35000 non richiede alcuna manutenzione, n\u00e9 la sostituzione di resistenze o serbatoi di e-liquid. Pu\u00f2 essere utilizzata subito, il che la rende ideale per i principianti o per gli utenti meno esigenti.<\/p><p>Il display intelligente mostra in modo intuitivo il livello della batteria e l'e-liquid rimanente, in modo da non doversi preoccupare di interruzioni di corrente o di esaurimento dell'e-liquid.<\/p><p>La ricarica rapida Type-C riduce i tempi di attesa e la batteria di lunga durata garantisce un utilizzo prolungato.<\/p><h2>RandM Tornado 35000 caratteristiche<\/h2><p>Numero di soffi: Fino a 35.000 soffi, una delle maggiori capacit\u00e0 sul mercato, ideale per chi fa un uso intensivo e prolungato.<\/p><p>Capacit\u00e0 della batteria: dotata di una batteria ricaricabile da 700 mAh. La ricarica rapida tramite l'interfaccia Type-C garantisce un utilizzo prolungato e un recupero rapido.<\/p><p>Tecnologia a resistenze: adotta una resistenza a doppia maglia da 1,2 \u03a9 per un riscaldamento pi\u00f9 uniforme, un vapore pi\u00f9 denso e un gusto pi\u00f9 intenso.<\/p><p>Dosaggio della nicotina: \u00e8 possibile scegliere tra 0 %, 2 % o 5 % di nicotina per soddisfare le esigenze di ogni utente.<\/p><p>Funzione display: dotato di uno schermo a LED, visualizza in tempo reale la carica della batteria e il livello di e-liquid rimanente, consentendo agli utenti di monitorare lo stato del dispositivo.<\/p><p>Design e portabilit\u00e0: compatto e leggero, \u00e8 facile da trasportare. Il suo design si ispira al Digitalbox 12000, con un aspetto moderno ed elegante.<\/p>\t\t\t\t\t\t\t\t<\/div>\n\t\t\t\t<\/div>\n\t\t\t\t\t<\/div>\n\t\t\t\t<\/div>\n\t\t\t\t<\/div>","protected":false},"excerpt":{"rendered":"<p>La saveur P\u00eache Glac\u00e9e Juteuse Fumot RandM Tornado 35000 allie intelligemment l&rsquo;ar\u00f4me naturel de la p\u00eache \u00e0 une sensation rafra\u00eechissante de gla\u00e7ons. Douce et fra\u00eeche, avec un ar\u00f4me fruit\u00e9 prononc\u00e9, sans \u00eatre grasse, elle vous rappellera un verre de jus de p\u00eache glac\u00e9 par une chaude journ\u00e9e d&rsquo;\u00e9t\u00e9. Ar\u00f4me principal : P\u00eache Juteuse Douceur naturelle [&hellip;]<\/p>\n","protected":false},"featured_media":4766,"comment_status":"open","ping_status":"closed","template":"","meta":{"site-sidebar-layout":"no-sidebar","site-content-layout":"page-builder","ast-site-content-layout":"normal-width-container","site-content-style":"default","site-sidebar-style":"default","ast-global-header-display":"","ast-banner-title-visibility":"","ast-main-header-display":"","ast-hfb-above-header-display":"","ast-hfb-below-header-display":"","ast-hfb-mobile-header-display":"","site-post-title":"disabled","ast-breadcrumbs-content":"","ast-featured-img":"disabled","footer-sml-layout":"","theme-transparent-header-meta":"default","adv-header-id-meta":"","stick-header-meta":"default","header-above-stick-meta":"","header-main-stick-meta":"","header-below-stick-meta":"","astra-migrate-meta-layouts":"set","ast-page-background-enabled":"default","ast-page-background-meta":{"desktop":{"background-color":"","background-image":"","background-repeat":"repeat","background-position":"center center","background-size":"auto","background-attachment":"scroll","background-type":"","background-media":"","overlay-type":"","overlay-color":"","overlay-opacity":"","overlay-gradient":""},"tablet":{"background-color":"","background-image":"","background-repeat":"repeat","background-position":"center center","background-size":"auto","background-attachment":"scroll","background-type":"","background-media":"","overlay-type":"","overlay-color":"","overlay-opacity":"","overlay-gradient":""},"mobile":{"background-color":"","background-image":"","background-repeat":"repeat","background-position":"center center","background-size":"auto","background-attachment":"scroll","background-type":"","background-media":"","overlay-type":"","overlay-color":"","overlay-opacity":"","overlay-gradient":""}},"ast-content-background-meta":{"desktop":{"background-color":"var(--ast-global-color-5)","background-image":"","background-repeat":"repeat","background-position":"center center","background-size":"auto","background-attachment":"scroll","background-type":"","background-media":"","overlay-type":"","overlay-color":"","overlay-opacity":"","overlay-gradient":""},"tablet":{"background-color":"var(--ast-global-color-5)","background-image":"","background-repeat":"repeat","background-position":"center center","background-size":"auto","background-attachment":"scroll","background-type":"","background-media":"","overlay-type":"","overlay-color":"","overlay-opacity":"","overlay-gradient":""},"mobile":{"background-color":"var(--ast-global-color-5)","background-image":"","background-repeat":"repeat","background-position":"center center","background-size":"auto","background-attachment":"scroll","background-type":"","background-media":"","overlay-type":"","overlay-color":"","overlay-opacity":"","overlay-gradient":""}}},"product_brand":[42],"product_cat":[49,105,15],"product_tag":[],"class_list":{"0":"post-4998","1":"product","2":"type-product","3":"status-publish","4":"has-post-thumbnail","6":"product_brand-randm-tornado","7":"product_cat-randm-tornado-35000-offre-35000-bouffees-de-cigarettes","8":"product_cat-puff-35k","9":"product_cat-magasin-cigarette-electronique","10":"desktop-align-center","11":"tablet-align-center","12":"mobile-align-center","13":"ast-product-gallery-layout-horizontal","14":"ast-product-gallery-with-no-image","15":"ast-product-single-variable","16":"ast-product-tabs-layout-horizontal","17":"ast-qv-on-image","19":"first","20":"instock","21":"sale","22":"shipping-taxable","23":"purchasable","24":"product-type-variable","25":"has-default-attributes"},"tiered_pricing_type":"fixed","tiered_pricing_fixed_rules":{"50":12.99,"100":11.39,"200":10.79,"400":10.39},"tiered_pricing_product_settings":{"layout":"default","base_unit_name":{"singular":null,"plural":null},"default_variation":null},"tiered_pricing_minimum_quantity":null,"tiered_pricing_roles_data":[],"tiered_pricing_percentage_rules":[],"_links":{"self":[{"href":"https:\/\/puffvapestore.com\/it\/wp-json\/wp\/v2\/product\/4998","targetHints":{"allow":["GET"]}}],"collection":[{"href":"https:\/\/puffvapestore.com\/it\/wp-json\/wp\/v2\/product"}],"about":[{"href":"https:\/\/puffvapestore.com\/it\/wp-json\/wp\/v2\/types\/product"}],"replies":[{"embeddable":true,"href":"https:\/\/puffvapestore.com\/it\/wp-json\/wp\/v2\/comments?post=4998"}],"version-history":[{"count":6,"href":"https:\/\/puffvapestore.com\/it\/wp-json\/wp\/v2\/product\/4998\/revisions"}],"predecessor-version":[{"id":5007,"href":"https:\/\/puffvapestore.com\/it\/wp-json\/wp\/v2\/product\/4998\/revisions\/5007"}],"wp:featuredmedia":[{"embeddable":true,"href":"https:\/\/puffvapestore.com\/it\/wp-json\/wp\/v2\/media\/4766"}],"wp:attachment":[{"href":"https:\/\/puffvapestore.com\/it\/wp-json\/wp\/v2\/media?parent=4998"}],"wp:term":[{"taxonomy":"product_brand","embeddable":true,"href":"https:\/\/puffvapestore.com\/it\/wp-json\/wp\/v2\/product_brand?post=4998"},{"taxonomy":"product_cat","embeddable":true,"href":"https:\/\/puffvapestore.com\/it\/wp-json\/wp\/v2\/product_cat?post=4998"},{"taxonomy":"product_tag","embeddable":true,"href":"https:\/\/puffvapestore.com\/it\/wp-json\/wp\/v2\/product_tag?post=4998"}],"curies":[{"name":"wp","href":"https:\/\/api.w.org\/{rel}","templated":true}]}}