{"id":4914,"date":"2025-07-11T02:19:11","date_gmt":"2025-07-11T02:19:11","guid":{"rendered":"https:\/\/puffvapestore.com\/?post_type=product&#038;p=4914"},"modified":"2026-01-19T10:31:55","modified_gmt":"2026-01-19T10:31:55","slug":"randm-35000-cherry-bomb-limpact-aromatique-puissant","status":"publish","type":"product","link":"https:\/\/puffvapestore.com\/it\/product\/randm-35000-bomba-di-ciliegie-a-potente-impatto-aromatico\/","title":{"rendered":"RandM Tornado 35000 - Cherry Bomb"},"content":{"rendered":"<div data-elementor-type=\"wp-post\" data-elementor-id=\"4914\" class=\"elementor elementor-4914\">\n\t\t\t\t<div class=\"elementor-element elementor-element-08c26f9 e-flex e-con-boxed e-con e-parent\" data-id=\"08c26f9\" data-element_type=\"container\" data-e-type=\"container\">\n\t\t\t\t\t<div class=\"e-con-inner\">\n\t\t\t\t<div class=\"elementor-element elementor-element-a005a97 elementor-widget elementor-widget-text-editor\" data-id=\"a005a97\" data-element_type=\"widget\" data-e-type=\"widget\" data-widget_type=\"text-editor.default\">\n\t\t\t\t<div class=\"elementor-widget-container\">\n\t\t\t\t\t\t\t\t\t<p>RandM Tornado 35000 Cherry Bomb \u00e8 un aroma per sigaretta elettronica dal potente impatto aromatico, pensato per gli amanti della frutta e della dolcezza. Questo aroma, chiamato \u00abCherry Bomb\u00bb, \u00e8 potente, corposo e ricco, come suggerisce il nome.<\/p><h2>Nota principale: aroma di ciliegia rossa matura<\/h2><p>La nota principale \u00e8 quella di una ciliegia rossa scura matura, con la dolcezza della polpa naturale e una leggera acidit\u00e0, come una ciliegia succosa appena raccolta.<\/p><h2>Nota di cuore: dolcezza caramellosa e una leggera sensazione di ghiaccio.<\/h2><p>Cherry Bomb non \u00e8 solo fruttata, ma ha anche un sapore dolce, simile a quello della ciliegia (come Jolly Rancher), con una dolcezza moderata senza essere troppo grassa.<\/p><h2>Nota di fondo: una leggera sensazione di esplosione e aromi suggestivi.<\/h2><p>\u00abSensazione di bomba\u00bb: la nota di base di Cherry Bomb lascia una leggera sensazione di esplosione sul palato, dovuta all'impatto gustativo causato dall'aumento istantaneo della concentrazione olfattiva, come se l'aroma stesse \u00abesplodendo\u00bb sulla lingua. Dopo aver fumato, l'aroma agrodolce di ciliegia permane sul palato, con un retrogusto pulito.<\/p><p>Cherry Bomb offre un'esperienza di gusto potente ed esplosiva, con un sapore fruttato concentrato, una dolcezza simile a una caramella e una leggera freschezza. In parte fruttato, in parte caramella sintetica, mantiene l'aroma naturale di frutta aggiungendo un tocco di \u2019esplosione\u00ab per un risultato pi\u00f9 accattivante. Se siete alla ricerca di un aroma fruttato che non sia insipido e memorabile, questo vale la pena di dare un'occhiata.<\/p>\t\t\t\t\t\t\t\t<\/div>\n\t\t\t\t<\/div>\n\t\t\t\t\t<\/div>\n\t\t\t\t<\/div>\n\t\t<div class=\"elementor-element elementor-element-718b380 e-flex e-con-boxed e-con e-parent\" data-id=\"718b380\" data-element_type=\"container\" data-e-type=\"container\">\n\t\t\t\t\t<div class=\"e-con-inner\">\n\t\t\t\t<div class=\"elementor-element elementor-element-d2cc8fa elementor-widget elementor-widget-text-editor\" data-id=\"d2cc8fa\" data-element_type=\"widget\" data-e-type=\"widget\" data-widget_type=\"text-editor.default\">\n\t\t\t\t<div class=\"elementor-widget-container\">\n\t\t\t\t\t\t\t\t\t<h2>Numerose boccate - fino a 35.000 boccate<\/h2><p>Il modello RandM Tornado 35000 \u00e8 dotato di un sistema di stoccaggio del liquido ad alta capacit\u00e0 e di una tecnologia di gestione della batteria ad alte prestazioni, che consente di effettuare fino a 35.000 boccate. Rispetto alle sigarette elettroniche usa e getta tradizionali, la sua durata \u00e8 notevolmente migliorata, rendendola particolarmente adatta a chi fa un uso intensivo o a chi viaggia a lungo, senza dover sostituire frequentemente l'attrezzatura, per fare lunghe boccate senza stancarsi.<\/p><h2>Elemento riscaldante a doppia maglia - combinazione perfetta di gusto ricco e nebulizzazione efficiente<\/h2><p>Adottando la tecnologia avanzata della resistenza a doppia maglia da 1,2 \u03a9, garantisce un riscaldamento pi\u00f9 uniforme e una nebulizzazione pi\u00f9 completa. Sia che si tratti di sapori dolci, fruttati o ghiacciati, offre un livello di sapore pi\u00f9 pieno e delicato. Allo stesso tempo, produce un fumo pi\u00f9 denso, ideale per gli utenti che cercano un piacere sia gustativo che visivo.<\/p><h2>Batteria ricaricabile integrata da 700 mAh - efficiente e durevole, compatibile con la ricarica rapida Type-C<\/h2><p>Il modello RandM Tornado 35000 \u00e8 dotato di una batteria al litio da 700 mAh ad alte prestazioni per un utilizzo continuo e ininterrotto durante tutta la giornata. L'interfaccia Type-C migliora notevolmente la velocit\u00e0 di ricarica e riduce efficacemente i tempi di attesa. Rispetto alle sigarette elettroniche usa e getta tradizionali, il design ricaricabile \u00e8 anche pi\u00f9 ecologico.<\/p><h2>Display digitale intelligente - Monitoraggio dello stato in tempo reale<\/h2><p>Il modello RandM Tornado 35000 \u00e8 dotato di un display digitale intelligente ad alta definizione che mostra in tempo reale la carica residua e il livello di e-liquid rimanente. In questo modo gli utenti possono tenere sotto controllo lo stato di utilizzo ed evitare interruzioni dovute a interruzioni di corrente o alla mancanza di e-liquid.<\/p><h2>Design elegante e portatile - ispirato al Digitalbox 12000<\/h2><p>Il suo design si ispira alla famosa serie Digitalbox 12000, combinando modernit\u00e0 e futurismo. Compatto e leggero, con angoli arrotondati, offre un comfort ottimale. Facile da trasportare, \u00e8 anche ideale per mostrare la propria personalit\u00e0 e il proprio gusto alla moda.<\/p><h2>Non \u00e8 necessaria alcuna manutenzione: piacere puro fin dall'inizio<\/h2><p>La RandM Tornado 35000 non richiede manutenzione: non \u00e8 necessario aggiungere e-liquid, pulire o sostituire le parti. Pronta all'uso subito dopo l'acquisto, \u00e8 perfetta per gli utenti che cercano praticit\u00e0 e tranquillit\u00e0. \u00c8 ideale per i viaggi, le riunioni o l'uso quotidiano.<\/p><h2>Diverse concentrazioni di nicotina disponibili: per soddisfare le vostre esigenze<\/h2><p>Sono disponibili concentrazioni di nicotina di 0 %, 2 % e 5 % per soddisfare le esigenze di ogni utente. Che si tratti di un utente che desidera ridurre la dose o di un appassionato di sigarette elettroniche alla ricerca di un potente colpo in gola, troverete la concentrazione di nicotina ideale.<\/p>\t\t\t\t\t\t\t\t<\/div>\n\t\t\t\t<\/div>\n\t\t\t\t\t<\/div>\n\t\t\t\t<\/div>\n\t\t\t\t<\/div>","protected":false},"excerpt":{"rendered":"<p>RandM Tornado 35000 Cherry Bomb est un ar\u00f4me de cigarette \u00e9lectronique \u00e0 l&rsquo;impact aromatique puissant, con\u00e7u pour les amateurs de fruits et de sucr\u00e9. Cet ar\u00f4me, appel\u00e9 \u00ab\u00a0Cherry Bomb\u00a0\u00bb, est puissant, ample et riche, comme son nom l&rsquo;indique. Note principale\u00a0: Ar\u00f4me de cerise rouge fonc\u00e9e m\u00fbre La note principale est celle d&rsquo;une cerise rouge fonc\u00e9e [&hellip;]<\/p>","protected":false},"featured_media":4762,"comment_status":"open","ping_status":"closed","template":"","meta":{"site-sidebar-layout":"no-sidebar","site-content-layout":"page-builder","ast-site-content-layout":"normal-width-container","site-content-style":"default","site-sidebar-style":"default","ast-global-header-display":"","ast-banner-title-visibility":"","ast-main-header-display":"","ast-hfb-above-header-display":"","ast-hfb-below-header-display":"","ast-hfb-mobile-header-display":"","site-post-title":"disabled","ast-breadcrumbs-content":"","ast-featured-img":"disabled","footer-sml-layout":"","theme-transparent-header-meta":"default","adv-header-id-meta":"","stick-header-meta":"default","header-above-stick-meta":"","header-main-stick-meta":"","header-below-stick-meta":"","astra-migrate-meta-layouts":"set","ast-page-background-enabled":"default","ast-page-background-meta":{"desktop":{"background-color":"","background-image":"","background-repeat":"repeat","background-position":"center center","background-size":"auto","background-attachment":"scroll","background-type":"","background-media":"","overlay-type":"","overlay-color":"","overlay-opacity":"","overlay-gradient":""},"tablet":{"background-color":"","background-image":"","background-repeat":"repeat","background-position":"center center","background-size":"auto","background-attachment":"scroll","background-type":"","background-media":"","overlay-type":"","overlay-color":"","overlay-opacity":"","overlay-gradient":""},"mobile":{"background-color":"","background-image":"","background-repeat":"repeat","background-position":"center center","background-size":"auto","background-attachment":"scroll","background-type":"","background-media":"","overlay-type":"","overlay-color":"","overlay-opacity":"","overlay-gradient":""}},"ast-content-background-meta":{"desktop":{"background-color":"var(--ast-global-color-5)","background-image":"","background-repeat":"repeat","background-position":"center center","background-size":"auto","background-attachment":"scroll","background-type":"","background-media":"","overlay-type":"","overlay-color":"","overlay-opacity":"","overlay-gradient":""},"tablet":{"background-color":"var(--ast-global-color-5)","background-image":"","background-repeat":"repeat","background-position":"center center","background-size":"auto","background-attachment":"scroll","background-type":"","background-media":"","overlay-type":"","overlay-color":"","overlay-opacity":"","overlay-gradient":""},"mobile":{"background-color":"var(--ast-global-color-5)","background-image":"","background-repeat":"repeat","background-position":"center center","background-size":"auto","background-attachment":"scroll","background-type":"","background-media":"","overlay-type":"","overlay-color":"","overlay-opacity":"","overlay-gradient":""}}},"product_brand":[42],"product_cat":[49,105,15],"product_tag":[],"class_list":{"0":"post-4914","1":"product","2":"type-product","3":"status-publish","4":"has-post-thumbnail","6":"product_brand-randm-tornado","7":"product_cat-randm-tornado-35000-offre-35000-bouffees-de-cigarettes","8":"product_cat-puff-35k","9":"product_cat-magasin-cigarette-electronique","10":"desktop-align-center","11":"tablet-align-center","12":"mobile-align-center","13":"ast-product-gallery-layout-horizontal","14":"ast-product-gallery-with-no-image","15":"ast-product-single-variable","16":"ast-product-tabs-layout-horizontal","17":"ast-qv-on-image","19":"first","20":"instock","21":"sale","22":"shipping-taxable","23":"purchasable","24":"product-type-variable","25":"has-default-attributes"},"tiered_pricing_type":"fixed","tiered_pricing_fixed_rules":{"50":12.99,"100":11.39,"200":10.79,"400":10.39},"tiered_pricing_product_settings":{"layout":"default","base_unit_name":{"singular":null,"plural":null},"default_variation":null},"tiered_pricing_minimum_quantity":null,"tiered_pricing_roles_data":[],"tiered_pricing_percentage_rules":[],"_links":{"self":[{"href":"https:\/\/puffvapestore.com\/it\/wp-json\/wp\/v2\/product\/4914","targetHints":{"allow":["GET"]}}],"collection":[{"href":"https:\/\/puffvapestore.com\/it\/wp-json\/wp\/v2\/product"}],"about":[{"href":"https:\/\/puffvapestore.com\/it\/wp-json\/wp\/v2\/types\/product"}],"replies":[{"embeddable":true,"href":"https:\/\/puffvapestore.com\/it\/wp-json\/wp\/v2\/comments?post=4914"}],"version-history":[{"count":6,"href":"https:\/\/puffvapestore.com\/it\/wp-json\/wp\/v2\/product\/4914\/revisions"}],"predecessor-version":[{"id":4923,"href":"https:\/\/puffvapestore.com\/it\/wp-json\/wp\/v2\/product\/4914\/revisions\/4923"}],"wp:featuredmedia":[{"embeddable":true,"href":"https:\/\/puffvapestore.com\/it\/wp-json\/wp\/v2\/media\/4762"}],"wp:attachment":[{"href":"https:\/\/puffvapestore.com\/it\/wp-json\/wp\/v2\/media?parent=4914"}],"wp:term":[{"taxonomy":"product_brand","embeddable":true,"href":"https:\/\/puffvapestore.com\/it\/wp-json\/wp\/v2\/product_brand?post=4914"},{"taxonomy":"product_cat","embeddable":true,"href":"https:\/\/puffvapestore.com\/it\/wp-json\/wp\/v2\/product_cat?post=4914"},{"taxonomy":"product_tag","embeddable":true,"href":"https:\/\/puffvapestore.com\/it\/wp-json\/wp\/v2\/product_tag?post=4914"}],"curies":[{"name":"wp","href":"https:\/\/api.w.org\/{rel}","templated":true}]}}