{"id":4790,"date":"2025-07-11T01:02:46","date_gmt":"2025-07-11T01:02:46","guid":{"rendered":"https:\/\/puffvapestore.com\/?post_type=product&#038;p=4790"},"modified":"2026-01-19T10:31:54","modified_gmt":"2026-01-19T10:31:54","slug":"randm-tornado-35000-propose-38-saveurs","status":"publish","type":"product","link":"https:\/\/puffvapestore.com\/it\/product\/randm-tornado-35000-offerte-38-gusti\/","title":{"rendered":"RandM Tornado 35000 : 35K soffi, doppia resistenza e display digitale"},"content":{"rendered":"<div data-elementor-type=\"wp-post\" data-elementor-id=\"4790\" class=\"elementor elementor-4790\">\n\t\t\t\t<div class=\"elementor-element elementor-element-718b380 e-flex e-con-boxed e-con e-parent\" data-id=\"718b380\" data-element_type=\"container\" data-e-type=\"container\">\n\t\t\t\t\t<div class=\"e-con-inner\">\n\t\t\t\t<div class=\"elementor-element elementor-element-d2cc8fa elementor-widget elementor-widget-text-editor\" data-id=\"d2cc8fa\" data-element_type=\"widget\" data-e-type=\"widget\" data-widget_type=\"text-editor.default\">\n\t\t\t\t<div class=\"elementor-widget-container\">\n\t\t\t\t\t\t\t\t\t<h2>Numerose boccate - fino a 35.000 boccate<\/h2><p>Il modello RandM Tornado 35000 \u00e8 dotato di un sistema di stoccaggio del liquido ad alta capacit\u00e0 e di una tecnologia di gestione della batteria ad alte prestazioni, che consente di effettuare fino a 35.000 boccate. Rispetto alle sigarette elettroniche usa e getta tradizionali, la sua durata \u00e8 notevolmente migliorata, rendendola particolarmente adatta a chi fa un uso intensivo o a chi viaggia a lungo, senza dover sostituire frequentemente l'attrezzatura, per fare lunghe boccate senza stancarsi.<\/p><h2>Elemento riscaldante a doppia maglia - combinazione perfetta di gusto ricco e nebulizzazione efficiente<\/h2><p>Adottando la tecnologia avanzata della resistenza a doppia maglia da 1,2 \u03a9, garantisce un riscaldamento pi\u00f9 uniforme e una nebulizzazione pi\u00f9 completa. Sia che si tratti di sapori dolci, fruttati o ghiacciati, offre un livello di sapore pi\u00f9 pieno e delicato. Allo stesso tempo, produce un fumo pi\u00f9 denso, ideale per gli utenti che cercano un piacere sia gustativo che visivo.<\/p><h2>Batteria ricaricabile integrata da 700 mAh - efficiente e durevole, compatibile con la ricarica rapida Type-C<\/h2><p>Il modello RandM Tornado 35000 \u00e8 dotato di una batteria al litio da 700 mAh ad alte prestazioni per un utilizzo continuo e ininterrotto durante tutta la giornata. L'interfaccia Type-C migliora notevolmente la velocit\u00e0 di ricarica e riduce efficacemente i tempi di attesa. Rispetto alle sigarette elettroniche usa e getta tradizionali, il design ricaricabile \u00e8 anche pi\u00f9 ecologico.<\/p><h2>Display digitale intelligente - Monitoraggio dello stato in tempo reale<\/h2><p>Il modello RandM Tornado 35000 \u00e8 dotato di un display digitale intelligente ad alta definizione che mostra in tempo reale la carica residua e il livello di e-liquid rimanente. In questo modo gli utenti possono tenere sotto controllo lo stato di utilizzo ed evitare interruzioni dovute a interruzioni di corrente o alla mancanza di e-liquid.<\/p><h2>Design elegante e portatile - ispirato al Digitalbox 12000<\/h2><p>Il suo design si ispira alla famosa serie Digitalbox 12000, combinando modernit\u00e0 e futurismo. Compatto e leggero, con angoli arrotondati, offre un comfort ottimale. Facile da trasportare, \u00e8 anche ideale per mostrare la propria personalit\u00e0 e il proprio gusto alla moda.<\/p><h2>Non \u00e8 necessaria alcuna manutenzione: piacere puro fin dall'inizio<\/h2><p>La RandM Tornado 35000 non richiede manutenzione: non \u00e8 necessario aggiungere e-liquid, pulire o sostituire le parti. Pronta all'uso subito dopo l'acquisto, \u00e8 perfetta per gli utenti che cercano praticit\u00e0 e tranquillit\u00e0. \u00c8 ideale per i viaggi, le riunioni o l'uso quotidiano.<\/p><h2>Diverse concentrazioni di nicotina disponibili: per soddisfare le vostre esigenze<\/h2><p>Sono disponibili concentrazioni di nicotina di 0 %, 2 % e 5 % per soddisfare le esigenze di ogni utente. Che si tratti di un utente che desidera ridurre la dose o di un appassionato di sigarette elettroniche alla ricerca di un potente colpo in gola, troverete la concentrazione di nicotina ideale.<\/p>\t\t\t\t\t\t\t\t<\/div>\n\t\t\t\t<\/div>\n\t\t\t\t\t<\/div>\n\t\t\t\t<\/div>\n\t\t<div class=\"elementor-element elementor-element-08c26f9 e-flex e-con-boxed e-con e-parent\" data-id=\"08c26f9\" data-element_type=\"container\" data-e-type=\"container\">\n\t\t\t\t\t<div class=\"e-con-inner\">\n\t\t\t\t<div class=\"elementor-element elementor-element-a005a97 elementor-widget elementor-widget-text-editor\" data-id=\"a005a97\" data-element_type=\"widget\" data-e-type=\"widget\" data-widget_type=\"text-editor.default\">\n\t\t\t\t<div class=\"elementor-widget-container\">\n\t\t\t\t\t\t\t\t\t<h2>Opzioni di gusto per RandM Tornado 35000<\/h2><p>Il modello RandM Tornado 35000 offre 38 gusti ricchi e variegati, tra cui frutta, ICE, bevande miste e gusti unici e creativi per soddisfare le preferenze degli utenti.<\/p><p>I gusti di frutta sono il cuore della gamma, con gusti semplici come \u00abStrawberry Ice\u00bb e \u00abBlueberry Bubblegum\u00bb e gusti complessi come \u00abPeach Mango Watermelon Ice\u00bb e \u00abStrawberry Kiwi\u00bb. Le opzioni tropicali come \u00abKiwi Passionfruit Guava\u00bb e \u00abMexico Mango Ice\u00bb offrono un'esperienza rinfrescante, mentre \u00abPeachy Mango Pineapple\u00bb offre una moltitudine di gusti.<\/p><p>La serie Iced offre gusti rinfrescanti come \u00abBlack Ice\u00bb, \u00abBlue Razz Ice\u00bb e \u00abSour Apple Pop Ice\u00bb per gli amanti del brivido. I gusti ispirati alle bevande come \u00abFanta\u00bb, \u00abPink Lemonade\u00bb e \u00abCherry Cola\u00bb riprendono il gusto delle bevande classiche. Anche combinazioni innovative come \u00abT\u00e8 verde al limone di Cactus\u00bb e \u00abT\u00e8 limonata alla pesca e ciliegia\u00bb sono uniche e creative.<\/p><p>Alcuni dei nomi dei gusti sono anche umoristici, come \u00abLady Killer\u00bb, \u00abLove 66\u00bb e \u00abMr Blue\u00bb, che suggeriscono sapori dolci o misteriosi. RandM Tornado 35000 tiene conto delle preferenze tradizionali e della freschezza con una variet\u00e0 di opzioni di gusto, su misura per gli utenti che cercano esperienze ricche e personalizzate.<\/p>\t\t\t\t\t\t\t\t<\/div>\n\t\t\t\t<\/div>\n\t\t\t\t\t<\/div>\n\t\t\t\t<\/div>\n\t\t\t\t<\/div>","protected":false},"excerpt":{"rendered":"<p>Nombreuses bouff\u00e9es \u2013 jusqu&rsquo;\u00e0 35000 bouff\u00e9es La RandM Tornado 35000 est \u00e9quip\u00e9e d&rsquo;un syst\u00e8me de stockage de liquide de grande capacit\u00e9 et d&rsquo;une technologie de gestion de batterie performante, permettant d&rsquo;atteindre jusqu&rsquo;\u00e0 35000 bouff\u00e9es. Compar\u00e9e aux cigarettes \u00e9lectroniques jetables classiques, sa dur\u00e9e de vie est consid\u00e9rablement am\u00e9lior\u00e9e, particuli\u00e8rement adapt\u00e9e aux utilisateurs intensifs ou aux longs [&hellip;]<\/p>\n","protected":false},"featured_media":4775,"comment_status":"open","ping_status":"closed","template":"","meta":{"site-sidebar-layout":"no-sidebar","site-content-layout":"page-builder","ast-site-content-layout":"normal-width-container","site-content-style":"default","site-sidebar-style":"default","ast-global-header-display":"","ast-banner-title-visibility":"","ast-main-header-display":"","ast-hfb-above-header-display":"","ast-hfb-below-header-display":"","ast-hfb-mobile-header-display":"","site-post-title":"disabled","ast-breadcrumbs-content":"","ast-featured-img":"disabled","footer-sml-layout":"","theme-transparent-header-meta":"default","adv-header-id-meta":"","stick-header-meta":"default","header-above-stick-meta":"","header-main-stick-meta":"","header-below-stick-meta":"","astra-migrate-meta-layouts":"set","ast-page-background-enabled":"default","ast-page-background-meta":{"desktop":{"background-color":"","background-image":"","background-repeat":"repeat","background-position":"center center","background-size":"auto","background-attachment":"scroll","background-type":"","background-media":"","overlay-type":"","overlay-color":"","overlay-opacity":"","overlay-gradient":""},"tablet":{"background-color":"","background-image":"","background-repeat":"repeat","background-position":"center center","background-size":"auto","background-attachment":"scroll","background-type":"","background-media":"","overlay-type":"","overlay-color":"","overlay-opacity":"","overlay-gradient":""},"mobile":{"background-color":"","background-image":"","background-repeat":"repeat","background-position":"center center","background-size":"auto","background-attachment":"scroll","background-type":"","background-media":"","overlay-type":"","overlay-color":"","overlay-opacity":"","overlay-gradient":""}},"ast-content-background-meta":{"desktop":{"background-color":"var(--ast-global-color-5)","background-image":"","background-repeat":"repeat","background-position":"center center","background-size":"auto","background-attachment":"scroll","background-type":"","background-media":"","overlay-type":"","overlay-color":"","overlay-opacity":"","overlay-gradient":""},"tablet":{"background-color":"var(--ast-global-color-5)","background-image":"","background-repeat":"repeat","background-position":"center center","background-size":"auto","background-attachment":"scroll","background-type":"","background-media":"","overlay-type":"","overlay-color":"","overlay-opacity":"","overlay-gradient":""},"mobile":{"background-color":"var(--ast-global-color-5)","background-image":"","background-repeat":"repeat","background-position":"center center","background-size":"auto","background-attachment":"scroll","background-type":"","background-media":"","overlay-type":"","overlay-color":"","overlay-opacity":"","overlay-gradient":""}}},"product_brand":[42],"product_cat":[49,105,15],"product_tag":[],"class_list":{"0":"post-4790","1":"product","2":"type-product","3":"status-publish","4":"has-post-thumbnail","6":"product_brand-randm-tornado","7":"product_cat-randm-tornado-35000-offre-35000-bouffees-de-cigarettes","8":"product_cat-puff-35k","9":"product_cat-magasin-cigarette-electronique","10":"desktop-align-center","11":"tablet-align-center","12":"mobile-align-center","13":"ast-product-gallery-layout-horizontal","14":"ast-product-single-variable","15":"ast-product-tabs-layout-horizontal","16":"ast-qv-on-image","18":"first","19":"instock","20":"sale","21":"shipping-taxable","22":"purchasable","23":"product-type-variable","24":"has-default-attributes"},"tiered_pricing_type":"fixed","tiered_pricing_fixed_rules":{"50":12.99,"100":11.39,"200":10.79,"400":10.39},"tiered_pricing_product_settings":{"layout":"default","base_unit_name":{"singular":null,"plural":null},"default_variation":null},"tiered_pricing_minimum_quantity":null,"tiered_pricing_roles_data":[],"tiered_pricing_percentage_rules":[],"_links":{"self":[{"href":"https:\/\/puffvapestore.com\/it\/wp-json\/wp\/v2\/product\/4790","targetHints":{"allow":["GET"]}}],"collection":[{"href":"https:\/\/puffvapestore.com\/it\/wp-json\/wp\/v2\/product"}],"about":[{"href":"https:\/\/puffvapestore.com\/it\/wp-json\/wp\/v2\/types\/product"}],"replies":[{"embeddable":true,"href":"https:\/\/puffvapestore.com\/it\/wp-json\/wp\/v2\/comments?post=4790"}],"version-history":[{"count":6,"href":"https:\/\/puffvapestore.com\/it\/wp-json\/wp\/v2\/product\/4790\/revisions"}],"predecessor-version":[{"id":4913,"href":"https:\/\/puffvapestore.com\/it\/wp-json\/wp\/v2\/product\/4790\/revisions\/4913"}],"wp:featuredmedia":[{"embeddable":true,"href":"https:\/\/puffvapestore.com\/it\/wp-json\/wp\/v2\/media\/4775"}],"wp:attachment":[{"href":"https:\/\/puffvapestore.com\/it\/wp-json\/wp\/v2\/media?parent=4790"}],"wp:term":[{"taxonomy":"product_brand","embeddable":true,"href":"https:\/\/puffvapestore.com\/it\/wp-json\/wp\/v2\/product_brand?post=4790"},{"taxonomy":"product_cat","embeddable":true,"href":"https:\/\/puffvapestore.com\/it\/wp-json\/wp\/v2\/product_cat?post=4790"},{"taxonomy":"product_tag","embeddable":true,"href":"https:\/\/puffvapestore.com\/it\/wp-json\/wp\/v2\/product_tag?post=4790"}],"curies":[{"name":"wp","href":"https:\/\/api.w.org\/{rel}","templated":true}]}}