{"id":4725,"date":"2025-07-09T07:15:38","date_gmt":"2025-07-09T07:15:38","guid":{"rendered":"https:\/\/puffvapestore.com\/?post_type=product&#038;p=4725"},"modified":"2026-01-19T10:36:00","modified_gmt":"2026-01-19T10:36:00","slug":"strawberry-ice-randm-tornado-30000","status":"publish","type":"product","link":"https:\/\/puffvapestore.com\/it\/product\/ghiaccio-alla-fragola-randm-tornado-30000\/","title":{"rendered":"Ghiaccio alla fragola - RandM Tornado 30000"},"content":{"rendered":"<div data-elementor-type=\"wp-post\" data-elementor-id=\"4725\" class=\"elementor elementor-4725\">\n\t\t\t\t<div class=\"elementor-element elementor-element-08c26f9 e-flex e-con-boxed e-con e-parent\" data-id=\"08c26f9\" data-element_type=\"container\" data-e-type=\"container\">\n\t\t\t\t\t<div class=\"e-con-inner\">\n\t\t\t\t<div class=\"elementor-element elementor-element-a005a97 elementor-widget elementor-widget-text-editor\" data-id=\"a005a97\" data-element_type=\"widget\" data-e-type=\"widget\" data-widget_type=\"text-editor.default\">\n\t\t\t\t<div class=\"elementor-widget-container\">\n\t\t\t\t\t\t\t\t\t<p>L'aroma Strawberry Ice della sigaretta elettronica RandM Tornado 30000 si concentra sul suo dolce aroma di fragola senza essere unto, come se si stesse raccogliendo un cestino di fragole fresche nella campagna francese, con una fragranza fruttata e un fumo setoso. Poi una fresca brezza di menta, come una brezza alpina, vi avvolge in una sensazione rinfrescante ed edificante. Questo gusto ricco di sfumature \u00e8 ideale per rinfrescarsi nei caldi pomeriggi d'estate e per fornire un confortante tocco di dolcezza nelle fresche giornate autunnali. Sia che stiate passeggiando lungo gli Champs-\u00c9lys\u00e9es o che vi stiate rilassando sulla terrazza di un piccolo caff\u00e8 della Vieux-Lyon, questo gelato alla fragola vi regaler\u00e0 una vera festa francese.<\/p><p><strong>Gusto fragola<\/strong>\u00a0Questa sigaretta elettronica si concentra sulle fragole maturate al sole, offrendo un ricco sapore fruttato e una dolcezza naturale. La fragola \u00e8 succosa e appetitosa, come le fragole fresche raccolte nel frutteto, dolce senza essere unta, piena di freschezza fruttata. Questo aroma di fragola domina durante l'inalazione, offrendo un potente impatto fruttato.<\/p><p><strong>Elementi congelati<\/strong>\u00a0La dolcezza delle fragole si fonde perfettamente con la freschezza della menta o del ghiaccio, offrendo una sensazione di freschezza e di refrigerio. Questa sensazione di ghiaccio \u00e8 particolarmente pronunciata durante l'espirazione, portando un tocco di freschezza alle papille gustative, come se si stesse sorseggiando una bevanda ghiacciata alla fragola o un frullato alla fragola in una calda giornata estiva. La freschezza aggiunta non solo bilancia la dolcezza della fragola, ma aggiunge anche un'esperienza stimolante e rinfrescante.<\/p><h3>Sigaretta elettronica esperienza RandM Tornado 30000<\/h3><ul><li>Un forte senso di stratificazione: prima il dolce, poi il fresco, il dolce con una punta di acidit\u00e0, il fresco senza essere eccessivo, e una struttura distinta.<\/li><li>Gusto autentico: RandM Tornado 30000 Strawberry Ice riproduce una vera bevanda fresca alla fragola e alla menta.<\/li><li>Adatto a: gli appassionati di sigarette elettroniche che amano i sapori fruttati senza essere troppo dolci e che apprezzano una moderata sensazione di freschezza.<\/li><\/ul>\t\t\t\t\t\t\t\t<\/div>\n\t\t\t\t<\/div>\n\t\t\t\t\t<\/div>\n\t\t\t\t<\/div>\n\t\t<div class=\"elementor-element elementor-element-718b380 e-flex e-con-boxed e-con e-parent\" data-id=\"718b380\" data-element_type=\"container\" data-e-type=\"container\">\n\t\t\t\t\t<div class=\"e-con-inner\">\n\t\t\t\t<div class=\"elementor-element elementor-element-d2cc8fa elementor-widget elementor-widget-text-editor\" data-id=\"d2cc8fa\" data-element_type=\"widget\" data-e-type=\"widget\" data-widget_type=\"text-editor.default\">\n\t\t\t\t<div class=\"elementor-widget-container\">\n\t\t\t\t\t\t\t\t\t<h2>Caratteristiche principali del modello RandM Tornado 30000<\/h2><p><strong>Lunga autonomia: fino a 30.000 soffiate<\/strong><br \/>Il modello RandM Tornado 30000 ha un'autonomia di 30.000 soffi, molto superiore a quella dei tradizionali monouso, che lo rende la scelta ideale per gli utilizzatori intensivi.<\/p><p><strong>Batteria ricaricabile, ecologica e pratica<\/strong><br \/>Batteria al litio integrata ad alte prestazioni da 600 mAh, compatibile con la ricarica rapida Type-C, pi\u00f9 resistente e pratica da usare, per ridurre i rifiuti elettronici.<\/p><p><strong>Grande capacit\u00e0 di e-liquid: 25 ml di liquido pre-riempito<\/strong><br \/>e-liquido pre-riempito, non \u00e8 necessario ricaricarlo pi\u00f9 volte, adatto per un uso a lungo termine. Anche con un uso frequente, pu\u00f2 durare diverse settimane e per gli utenti occasionali diversi mesi.<\/p><p><strong>Concentrazione di sale di nicotina opzionale: 2 % \/ 5 %<\/strong><br \/>Adattato alle esigenze di nicotina di ogni utente, dal pi\u00f9 leggero al pi\u00f9 pesante.<\/p><p><strong>Elemento riscaldante a rete: riscaldamento uniforme, sapore incomparabile<\/strong><br \/>Grazie all'avanzata tecnologia delle resistenze a rete, l'e-liquid viene riscaldato in modo pi\u00f9 uniforme, per un'esperienza di fumo completa, fluida e continua.<\/p><h2>Design innovativo ed esperienza divertente del RandM Tornado 30000<\/h2><p><strong>Guscio trasparente e indicatore luminoso dinamico<\/strong><br \/>Il serbatoio dell'olio visivo permette di vedere il livello dell'olio in tempo reale, mentre l'indicatore luminoso dinamico a LED fornisce un feedback in tempo reale sullo stato operativo della macchina: un concentrato di tecnologia.<\/p><p><strong>Effetto luce RGB sincronizzato con la musica: piacere visivo e uditivo<\/strong><br \/>L'esclusivo sistema di illuminazione RGB lampeggia al ritmo della musica, creando un'atmosfera rilassata per feste, serate e altre occasioni, per un'esperienza di intrattenimento senza precedenti.<\/p><p><strong>Aspetto ergonomico: comodo, elegante e portatile in mano<\/strong><br \/>Il suo corpo leggero e il suo design palm-friendly lo rendono ideale per un uso prolungato a casa, al lavoro o in viaggio.<\/p><h2>Vantaggi del modello RandM Tornado 30000<\/h2><p><strong>Non \u00e8 necessaria alcuna manutenzione<\/strong>\u00a0Non \u00e8 necessario aggiungere e-liquid o sostituire parti, ideale per i novizi e gli utenti pigri.<\/p><p><strong>Alta affidabilit\u00e0<\/strong>\u00a0Realizzato con materiali di alta qualit\u00e0, offre un'eccellente durata e un'ottima impermeabilit\u00e0.<\/p><p><strong>Pronto all'uso<\/strong>\u00a0Non c'\u00e8 bisogno di un interruttore, basta inspirare, \u00e8 intuitivo e pratico da usare.<\/p><p><strong>Variet\u00e0 di scelta\u00a0<\/strong>Aromi e concentrazioni di nicotina diversi per soddisfare tutti i gusti.<\/p>\t\t\t\t\t\t\t\t<\/div>\n\t\t\t\t<\/div>\n\t\t\t\t\t<\/div>\n\t\t\t\t<\/div>\n\t\t\t\t<\/div>","protected":false},"excerpt":{"rendered":"<p>La saveur Glace \u00e0 la fraise de la cigarette \u00e9lectronique RandM Tornado 30000 est centr\u00e9e sur son ar\u00f4me de fraise sucr\u00e9 sans \u00eatre gras, comme si vous cueilliez un panier de fraises fra\u00eeches dans la campagne fran\u00e7aise, avec un parfum fruit\u00e9 et une fum\u00e9e soyeuse. Puis, une brise fra\u00eeche de menthe, telle une brise alpine, [&hellip;]<\/p>\n","protected":false},"featured_media":4504,"comment_status":"open","ping_status":"closed","template":"","meta":{"site-sidebar-layout":"no-sidebar","site-content-layout":"page-builder","ast-site-content-layout":"normal-width-container","site-content-style":"default","site-sidebar-style":"default","ast-global-header-display":"","ast-banner-title-visibility":"","ast-main-header-display":"","ast-hfb-above-header-display":"","ast-hfb-below-header-display":"","ast-hfb-mobile-header-display":"","site-post-title":"disabled","ast-breadcrumbs-content":"","ast-featured-img":"disabled","footer-sml-layout":"","theme-transparent-header-meta":"default","adv-header-id-meta":"","stick-header-meta":"default","header-above-stick-meta":"","header-main-stick-meta":"","header-below-stick-meta":"","astra-migrate-meta-layouts":"set","ast-page-background-enabled":"default","ast-page-background-meta":{"desktop":{"background-color":"","background-image":"","background-repeat":"repeat","background-position":"center center","background-size":"auto","background-attachment":"scroll","background-type":"","background-media":"","overlay-type":"","overlay-color":"","overlay-opacity":"","overlay-gradient":""},"tablet":{"background-color":"","background-image":"","background-repeat":"repeat","background-position":"center center","background-size":"auto","background-attachment":"scroll","background-type":"","background-media":"","overlay-type":"","overlay-color":"","overlay-opacity":"","overlay-gradient":""},"mobile":{"background-color":"","background-image":"","background-repeat":"repeat","background-position":"center center","background-size":"auto","background-attachment":"scroll","background-type":"","background-media":"","overlay-type":"","overlay-color":"","overlay-opacity":"","overlay-gradient":""}},"ast-content-background-meta":{"desktop":{"background-color":"var(--ast-global-color-5)","background-image":"","background-repeat":"repeat","background-position":"center center","background-size":"auto","background-attachment":"scroll","background-type":"","background-media":"","overlay-type":"","overlay-color":"","overlay-opacity":"","overlay-gradient":""},"tablet":{"background-color":"var(--ast-global-color-5)","background-image":"","background-repeat":"repeat","background-position":"center center","background-size":"auto","background-attachment":"scroll","background-type":"","background-media":"","overlay-type":"","overlay-color":"","overlay-opacity":"","overlay-gradient":""},"mobile":{"background-color":"var(--ast-global-color-5)","background-image":"","background-repeat":"repeat","background-position":"center center","background-size":"auto","background-attachment":"scroll","background-type":"","background-media":"","overlay-type":"","overlay-color":"","overlay-opacity":"","overlay-gradient":""}}},"product_brand":[42],"product_cat":[48,86,15],"product_tag":[],"class_list":{"0":"post-4725","1":"product","2":"type-product","3":"status-publish","4":"has-post-thumbnail","6":"product_brand-randm-tornado","7":"product_cat-randm-tornado-30000-concentre-de-fun","8":"product_cat-puff-30k","9":"product_cat-magasin-cigarette-electronique","10":"desktop-align-center","11":"tablet-align-center","12":"mobile-align-center","13":"ast-product-gallery-layout-horizontal","14":"ast-product-gallery-with-no-image","15":"ast-product-single-variable","16":"ast-product-tabs-layout-horizontal","17":"ast-qv-on-image","19":"first","20":"instock","21":"sale","22":"shipping-taxable","23":"purchasable","24":"product-type-variable","25":"has-default-attributes"},"tiered_pricing_type":"fixed","tiered_pricing_fixed_rules":{"50":9.38,"100":8.45,"200":7.95,"400":7.59},"tiered_pricing_product_settings":{"layout":"default","base_unit_name":{"singular":null,"plural":null},"default_variation":null},"tiered_pricing_minimum_quantity":null,"tiered_pricing_roles_data":[],"tiered_pricing_percentage_rules":[],"_links":{"self":[{"href":"https:\/\/puffvapestore.com\/it\/wp-json\/wp\/v2\/product\/4725","targetHints":{"allow":["GET"]}}],"collection":[{"href":"https:\/\/puffvapestore.com\/it\/wp-json\/wp\/v2\/product"}],"about":[{"href":"https:\/\/puffvapestore.com\/it\/wp-json\/wp\/v2\/types\/product"}],"replies":[{"embeddable":true,"href":"https:\/\/puffvapestore.com\/it\/wp-json\/wp\/v2\/comments?post=4725"}],"version-history":[{"count":6,"href":"https:\/\/puffvapestore.com\/it\/wp-json\/wp\/v2\/product\/4725\/revisions"}],"predecessor-version":[{"id":4733,"href":"https:\/\/puffvapestore.com\/it\/wp-json\/wp\/v2\/product\/4725\/revisions\/4733"}],"wp:featuredmedia":[{"embeddable":true,"href":"https:\/\/puffvapestore.com\/it\/wp-json\/wp\/v2\/media\/4504"}],"wp:attachment":[{"href":"https:\/\/puffvapestore.com\/it\/wp-json\/wp\/v2\/media?parent=4725"}],"wp:term":[{"taxonomy":"product_brand","embeddable":true,"href":"https:\/\/puffvapestore.com\/it\/wp-json\/wp\/v2\/product_brand?post=4725"},{"taxonomy":"product_cat","embeddable":true,"href":"https:\/\/puffvapestore.com\/it\/wp-json\/wp\/v2\/product_cat?post=4725"},{"taxonomy":"product_tag","embeddable":true,"href":"https:\/\/puffvapestore.com\/it\/wp-json\/wp\/v2\/product_tag?post=4725"}],"curies":[{"name":"wp","href":"https:\/\/api.w.org\/{rel}","templated":true}]}}