{"id":4716,"date":"2025-07-09T06:07:13","date_gmt":"2025-07-09T06:07:13","guid":{"rendered":"https:\/\/puffvapestore.com\/?post_type=product&#038;p=4716"},"modified":"2026-01-19T10:36:00","modified_gmt":"2026-01-19T10:36:00","slug":"vimto-randm-tornado-30000","status":"publish","type":"product","link":"https:\/\/puffvapestore.com\/it\/product\/vimto-randm-tornado-30000\/","title":{"rendered":"Vimto - RandM Tornado 30000"},"content":{"rendered":"<div data-elementor-type=\"wp-post\" data-elementor-id=\"4716\" class=\"elementor elementor-4716\">\n\t\t\t\t<div class=\"elementor-element elementor-element-08c26f9 e-flex e-con-boxed e-con e-parent\" data-id=\"08c26f9\" data-element_type=\"container\" data-e-type=\"container\">\n\t\t\t\t\t<div class=\"e-con-inner\">\n\t\t\t\t<div class=\"elementor-element elementor-element-a005a97 elementor-widget elementor-widget-text-editor\" data-id=\"a005a97\" data-element_type=\"widget\" data-e-type=\"widget\" data-widget_type=\"text-editor.default\">\n\t\t\t\t<div class=\"elementor-widget-container\">\n\t\t\t\t\t\t\t\t\t<p>In Francia, terra di romanticismo e natura, la sigaretta elettronica aromatizzata Vimto RandM Tornado 30000 \u00e8 diventata un'ottima compagna per esplorare i sapori e l'arte di vivere, grazie al suo sapore unico e alle sue eccellenti prestazioni. Immaginate di camminare lungo un sentiero non segnato nella campagna francese, circondati da grano dorato e lavanda in fiore, con una leggera brezza e il profumo di terra e fiori. Poi tirate fuori dalla tasca il leggero RandM Tornado 30000. Il suo guscio trasparente riflette la luce cristallina del sole. Premete il pulsante di avvio e un tocco dell'aroma dolce e fruttato di Vimto sboccia all'istante, accompagnandovi in un meraviglioso viaggio gustativo e visivo.<\/p><h2>Aroma Vimto: un fascino dolce e fruttato che risveglia i sensi<\/h2><h3>Ingredienti principali del gusto Vimto :<\/h3><ul><li>Uva: il gusto Vimto si basa su aromi intensi, dolci e succosi di uva. Questo aroma di uva apporta una dolcezza ricca e rotonda all'insieme, fornendo un familiare aroma fruttato, come se si stesse sorseggiando una vera bevanda Vimto.<\/li><li>Lamponi: i lamponi aggiungono un'acidit\u00e0 vivace e fruttata al gusto. Questo sapore agrodolce bilancia la dolcezza dell'uva, aggiungendo complessit\u00e0 e vivacit\u00e0 a ogni boccata.<\/li><li>Ribes nero: il ribes nero aggiunge un sapore profondo e ricco di frutta con un retrogusto leggermente aspro. Questo ingrediente approfondisce la complessit\u00e0 del sapore complessivo, rendendolo meno dolce e stucchevole, pur mantenendo una soddisfacente ricchezza di gusto.<\/li><\/ul><p>Ispirato al classico aroma inglese di frutta mista, Vimto combina l'intensa dolcezza del ribes nero, del lampone e dell'uva con una nota di fresca acidit\u00e0, come se una festa estiva stesse sbocciando sulla punta della lingua. Questa fragranza \u00e8 particolarmente apprezzata nel mondo francese, dove i francesi sostengono uno stile di vita raffinato e ricercano il perfetto connubio tra gusto ed estetica. Il sapore unico di Vimto non solo soddisfa le papille gourmet e la voglia di dolce, ma corrisponde anche agli elevati standard dei francesi in fatto di cibo e bevande. Su una strada di campagna, una leggera boccata di sigaretta elettronica e l'aroma fruttato di Vimto si diffonde lentamente sul palato, regalando un piacere familiare ma nuovo, come se si stesse gustando un frullato preparato con cura, dolce senza essere unto, rinfrescante e piacevole.<\/p>\t\t\t\t\t\t\t\t<\/div>\n\t\t\t\t<\/div>\n\t\t\t\t\t<\/div>\n\t\t\t\t<\/div>\n\t\t<div class=\"elementor-element elementor-element-718b380 e-flex e-con-boxed e-con e-parent\" data-id=\"718b380\" data-element_type=\"container\" data-e-type=\"container\">\n\t\t\t\t\t<div class=\"e-con-inner\">\n\t\t\t\t<div class=\"elementor-element elementor-element-d2cc8fa elementor-widget elementor-widget-text-editor\" data-id=\"d2cc8fa\" data-element_type=\"widget\" data-e-type=\"widget\" data-widget_type=\"text-editor.default\">\n\t\t\t\t<div class=\"elementor-widget-container\">\n\t\t\t\t\t\t\t\t\t<h2>Caratteristiche principali del modello RandM Tornado 30000<\/h2><p><strong>Lunga autonomia: fino a 30.000 soffiate<\/strong><br \/>Il modello RandM Tornado 30000 ha un'autonomia di 30.000 soffi, molto superiore a quella dei tradizionali monouso, che lo rende la scelta ideale per gli utilizzatori intensivi.<\/p><p><strong>Batteria ricaricabile, ecologica e pratica<\/strong><br \/>Batteria al litio integrata ad alte prestazioni da 600 mAh, compatibile con la ricarica rapida Type-C, pi\u00f9 resistente e pratica da usare, per ridurre i rifiuti elettronici.<\/p><p><strong>Grande capacit\u00e0 di e-liquid: 25 ml di liquido pre-riempito<\/strong><br \/>e-liquido pre-riempito, non \u00e8 necessario ricaricarlo pi\u00f9 volte, adatto per un uso a lungo termine. Anche con un uso frequente, pu\u00f2 durare diverse settimane e per gli utenti occasionali diversi mesi.<\/p><p><strong>Concentrazione di sale di nicotina opzionale: 2 % \/ 5 %<\/strong><br \/>Adattato alle esigenze di nicotina di ogni utente, dal pi\u00f9 leggero al pi\u00f9 pesante.<\/p><p><strong>Elemento riscaldante a rete: riscaldamento uniforme, sapore incomparabile<\/strong><br \/>Grazie all'avanzata tecnologia delle resistenze a rete, l'e-liquid viene riscaldato in modo pi\u00f9 uniforme, per un'esperienza di fumo completa, fluida e continua.<\/p><h2>Design innovativo ed esperienza divertente del RandM Tornado 30000<\/h2><p><strong>Guscio trasparente e indicatore luminoso dinamico<\/strong><br \/>Il serbatoio dell'olio visivo permette di vedere il livello dell'olio in tempo reale, mentre l'indicatore luminoso dinamico a LED fornisce un feedback in tempo reale sullo stato operativo della macchina: un concentrato di tecnologia.<\/p><p><strong>Effetto luce RGB sincronizzato con la musica: piacere visivo e uditivo<\/strong><br \/>L'esclusivo sistema di illuminazione RGB lampeggia al ritmo della musica, creando un'atmosfera rilassata per feste, serate e altre occasioni, per un'esperienza di intrattenimento senza precedenti.<\/p><p><strong>Aspetto ergonomico: comodo, elegante e portatile in mano<\/strong><br \/>Il suo corpo leggero e il suo design palm-friendly lo rendono ideale per un uso prolungato a casa, al lavoro o in viaggio.<\/p><h2>Vantaggi del modello RandM Tornado 30000<\/h2><p><strong>Non \u00e8 necessaria alcuna manutenzione<\/strong>\u00a0Non \u00e8 necessario aggiungere e-liquid o sostituire parti, ideale per i novizi e gli utenti pigri.<\/p><p><strong>Alta affidabilit\u00e0<\/strong>\u00a0Realizzato con materiali di alta qualit\u00e0, offre un'eccellente durata e un'ottima impermeabilit\u00e0.<\/p><p><strong>Pronto all'uso<\/strong>\u00a0Non c'\u00e8 bisogno di un interruttore, basta inspirare, \u00e8 intuitivo e pratico da usare.<\/p><p><strong>Variet\u00e0 di scelta\u00a0<\/strong>Aromi e concentrazioni di nicotina diversi per soddisfare tutti i gusti.<\/p>\t\t\t\t\t\t\t\t<\/div>\n\t\t\t\t<\/div>\n\t\t\t\t\t<\/div>\n\t\t\t\t<\/div>\n\t\t\t\t<\/div>","protected":false},"excerpt":{"rendered":"<p>En France, terre de romantisme et de nature, la cigarette \u00e9lectronique RandM Tornado 30000 aromatis\u00e9e Vimto est devenue un excellent compagnon pour explorer les saveurs et l&rsquo;art de vivre gr\u00e2ce \u00e0 son ar\u00f4me unique et ses excellentes performances. Imaginez-vous marcher sur un chemin non balis\u00e9 dans la campagne fran\u00e7aise, entour\u00e9 de bl\u00e9s dor\u00e9s et de [&hellip;]<\/p>","protected":false},"featured_media":4507,"comment_status":"open","ping_status":"closed","template":"","meta":{"site-sidebar-layout":"no-sidebar","site-content-layout":"page-builder","ast-site-content-layout":"normal-width-container","site-content-style":"default","site-sidebar-style":"default","ast-global-header-display":"","ast-banner-title-visibility":"","ast-main-header-display":"","ast-hfb-above-header-display":"","ast-hfb-below-header-display":"","ast-hfb-mobile-header-display":"","site-post-title":"disabled","ast-breadcrumbs-content":"","ast-featured-img":"disabled","footer-sml-layout":"","theme-transparent-header-meta":"default","adv-header-id-meta":"","stick-header-meta":"default","header-above-stick-meta":"","header-main-stick-meta":"","header-below-stick-meta":"","astra-migrate-meta-layouts":"set","ast-page-background-enabled":"default","ast-page-background-meta":{"desktop":{"background-color":"","background-image":"","background-repeat":"repeat","background-position":"center center","background-size":"auto","background-attachment":"scroll","background-type":"","background-media":"","overlay-type":"","overlay-color":"","overlay-opacity":"","overlay-gradient":""},"tablet":{"background-color":"","background-image":"","background-repeat":"repeat","background-position":"center center","background-size":"auto","background-attachment":"scroll","background-type":"","background-media":"","overlay-type":"","overlay-color":"","overlay-opacity":"","overlay-gradient":""},"mobile":{"background-color":"","background-image":"","background-repeat":"repeat","background-position":"center center","background-size":"auto","background-attachment":"scroll","background-type":"","background-media":"","overlay-type":"","overlay-color":"","overlay-opacity":"","overlay-gradient":""}},"ast-content-background-meta":{"desktop":{"background-color":"var(--ast-global-color-5)","background-image":"","background-repeat":"repeat","background-position":"center center","background-size":"auto","background-attachment":"scroll","background-type":"","background-media":"","overlay-type":"","overlay-color":"","overlay-opacity":"","overlay-gradient":""},"tablet":{"background-color":"var(--ast-global-color-5)","background-image":"","background-repeat":"repeat","background-position":"center center","background-size":"auto","background-attachment":"scroll","background-type":"","background-media":"","overlay-type":"","overlay-color":"","overlay-opacity":"","overlay-gradient":""},"mobile":{"background-color":"var(--ast-global-color-5)","background-image":"","background-repeat":"repeat","background-position":"center center","background-size":"auto","background-attachment":"scroll","background-type":"","background-media":"","overlay-type":"","overlay-color":"","overlay-opacity":"","overlay-gradient":""}}},"product_brand":[42],"product_cat":[48,86,15],"product_tag":[],"class_list":{"0":"post-4716","1":"product","2":"type-product","3":"status-publish","4":"has-post-thumbnail","6":"product_brand-randm-tornado","7":"product_cat-randm-tornado-30000-concentre-de-fun","8":"product_cat-puff-30k","9":"product_cat-magasin-cigarette-electronique","10":"desktop-align-center","11":"tablet-align-center","12":"mobile-align-center","13":"ast-product-gallery-layout-horizontal","14":"ast-product-gallery-with-no-image","15":"ast-product-single-variable","16":"ast-product-tabs-layout-horizontal","17":"ast-qv-on-image","19":"first","20":"instock","21":"sale","22":"shipping-taxable","23":"purchasable","24":"product-type-variable","25":"has-default-attributes"},"tiered_pricing_type":"fixed","tiered_pricing_fixed_rules":{"50":9.38,"100":8.45,"200":7.95,"400":7.59},"tiered_pricing_product_settings":{"layout":"default","base_unit_name":{"singular":null,"plural":null},"default_variation":null},"tiered_pricing_minimum_quantity":null,"tiered_pricing_roles_data":[],"tiered_pricing_percentage_rules":[],"_links":{"self":[{"href":"https:\/\/puffvapestore.com\/it\/wp-json\/wp\/v2\/product\/4716","targetHints":{"allow":["GET"]}}],"collection":[{"href":"https:\/\/puffvapestore.com\/it\/wp-json\/wp\/v2\/product"}],"about":[{"href":"https:\/\/puffvapestore.com\/it\/wp-json\/wp\/v2\/types\/product"}],"replies":[{"embeddable":true,"href":"https:\/\/puffvapestore.com\/it\/wp-json\/wp\/v2\/comments?post=4716"}],"version-history":[{"count":6,"href":"https:\/\/puffvapestore.com\/it\/wp-json\/wp\/v2\/product\/4716\/revisions"}],"predecessor-version":[{"id":4724,"href":"https:\/\/puffvapestore.com\/it\/wp-json\/wp\/v2\/product\/4716\/revisions\/4724"}],"wp:featuredmedia":[{"embeddable":true,"href":"https:\/\/puffvapestore.com\/it\/wp-json\/wp\/v2\/media\/4507"}],"wp:attachment":[{"href":"https:\/\/puffvapestore.com\/it\/wp-json\/wp\/v2\/media?parent=4716"}],"wp:term":[{"taxonomy":"product_brand","embeddable":true,"href":"https:\/\/puffvapestore.com\/it\/wp-json\/wp\/v2\/product_brand?post=4716"},{"taxonomy":"product_cat","embeddable":true,"href":"https:\/\/puffvapestore.com\/it\/wp-json\/wp\/v2\/product_cat?post=4716"},{"taxonomy":"product_tag","embeddable":true,"href":"https:\/\/puffvapestore.com\/it\/wp-json\/wp\/v2\/product_tag?post=4716"}],"curies":[{"name":"wp","href":"https:\/\/api.w.org\/{rel}","templated":true}]}}