{"id":4698,"date":"2025-07-09T03:51:03","date_gmt":"2025-07-09T03:51:03","guid":{"rendered":"https:\/\/puffvapestore.com\/?post_type=product&#038;p=4698"},"modified":"2026-01-19T10:36:00","modified_gmt":"2026-01-19T10:36:00","slug":"r-and-m-tornado-30000-cool-mint","status":"publish","type":"product","link":"https:\/\/puffvapestore.com\/it\/product\/r-e-m-tornado-30000-cool-mint\/","title":{"rendered":"Menta fresca - RandM Tornado 30000"},"content":{"rendered":"<div data-elementor-type=\"wp-post\" data-elementor-id=\"4698\" class=\"elementor elementor-4698\">\n\t\t\t\t<div class=\"elementor-element elementor-element-08c26f9 e-flex e-con-boxed e-con e-parent\" data-id=\"08c26f9\" data-element_type=\"container\" data-e-type=\"container\">\n\t\t\t\t\t<div class=\"e-con-inner\">\n\t\t\t\t<div class=\"elementor-element elementor-element-a005a97 elementor-widget elementor-widget-text-editor\" data-id=\"a005a97\" data-element_type=\"widget\" data-e-type=\"widget\" data-widget_type=\"text-editor.default\">\n\t\t\t\t<div class=\"elementor-widget-container\">\n\t\t\t\t\t\t\t\t\t<p>Menthe Fra\u00eeche, con il suo puro aroma di menta fresca, offre una sensazione di freschezza, come la mattina presto sulle Alpi, ideale per i consumatori che cercano individualit\u00e0 e relax nel contesto sociale francese. Il suo aroma di menta fresca rinfresca immediatamente la mente e risveglia tutti i sensi. Per i francesi, questa fragranza \u00e8 facilmente associabile ai dolci alla menta e all'aria mattutina delle foreste estive, un soffio di libert\u00e0 e natura, particolarmente adatto ai momenti di tranquillit\u00e0 nel ritmo frenetico della vita urbana. Sulla terrazza di un caff\u00e8 parigino o all'angolo di un mercato coperto, la R and M Tornado 30000, con il suo design e le sue caratteristiche uniche, offre un piacere incomparabile a ogni sigaretta.<\/p><h2>Menta fresca, una delizia per i sensi<\/h2><p>Il gusto Fresh Mint si concentra sul suo aroma fresco e di menta. Non appena si tira una boccata, si avverte una leggera freschezza, come se una foglia di menta stesse sbocciando sulla lingua. Ogni boccata regala una rinvigorente sensazione di freschezza, combinando dolcezza e freschezza. Ideale per rinfrescarsi nelle calde giornate estive, pu\u00f2 anche portare un tocco di comfort negli angoli dei mercati coperti in inverno. Immaginate un vivace mercato coperto francese, le cui bancarelle profumano di pane fresco e spezie. Appoggiatevi all'angolo, estraete la R e M Tornado 30000 e inspirate delicatamente. Il fumo fresco di Fresh Mint sale lentamente, permettendovi immediatamente di allontanarvi dal rumore e di immergervi nella vostra tranquillit\u00e0 e freschezza.<\/p>\t\t\t\t\t\t\t\t<\/div>\n\t\t\t\t<\/div>\n\t\t\t\t\t<\/div>\n\t\t\t\t<\/div>\n\t\t<div class=\"elementor-element elementor-element-718b380 e-flex e-con-boxed e-con e-parent\" data-id=\"718b380\" data-element_type=\"container\" data-e-type=\"container\">\n\t\t\t\t\t<div class=\"e-con-inner\">\n\t\t\t\t<div class=\"elementor-element elementor-element-d2cc8fa elementor-widget elementor-widget-text-editor\" data-id=\"d2cc8fa\" data-element_type=\"widget\" data-e-type=\"widget\" data-widget_type=\"text-editor.default\">\n\t\t\t\t<div class=\"elementor-widget-container\">\n\t\t\t\t\t\t\t\t\t<h2>Caratteristiche principali del modello RandM Tornado 30000<\/h2><p><strong>Lunga autonomia: fino a 30.000 soffiate<\/strong><br \/>Il modello RandM Tornado 30000 ha un'autonomia di 30.000 soffi, molto superiore a quella dei tradizionali monouso, che lo rende la scelta ideale per gli utilizzatori intensivi.<\/p><p><strong>Batteria ricaricabile, ecologica e pratica<\/strong><br \/>Batteria al litio integrata ad alte prestazioni da 600 mAh, compatibile con la ricarica rapida Type-C, pi\u00f9 resistente e pratica da usare, per ridurre i rifiuti elettronici.<\/p><p><strong>Grande capacit\u00e0 di e-liquid: 25 ml di liquido pre-riempito<\/strong><br \/>e-liquido pre-riempito, non \u00e8 necessario ricaricarlo pi\u00f9 volte, adatto per un uso a lungo termine. Anche con un uso frequente, pu\u00f2 durare diverse settimane e per gli utenti occasionali diversi mesi.<\/p><p><strong>Concentrazione di sale di nicotina opzionale: 2 % \/ 5 %<\/strong><br \/>Adattato alle esigenze di nicotina di ogni utente, dal pi\u00f9 leggero al pi\u00f9 pesante.<\/p><p><strong>Elemento riscaldante a rete: riscaldamento uniforme, sapore incomparabile<\/strong><br \/>Grazie all'avanzata tecnologia delle resistenze a rete, l'e-liquid viene riscaldato in modo pi\u00f9 uniforme, per un'esperienza di fumo completa, fluida e continua.<\/p><h2>Design innovativo ed esperienza divertente del RandM Tornado 30000<\/h2><p><strong>Guscio trasparente e indicatore luminoso dinamico<\/strong><br \/>Il serbatoio dell'olio visivo permette di vedere il livello dell'olio in tempo reale, mentre l'indicatore luminoso dinamico a LED fornisce un feedback in tempo reale sullo stato operativo della macchina: un concentrato di tecnologia.<\/p><p><strong>Effetto luce RGB sincronizzato con la musica: piacere visivo e uditivo<\/strong><br \/>L'esclusivo sistema di illuminazione RGB lampeggia al ritmo della musica, creando un'atmosfera rilassata per feste, serate e altre occasioni, per un'esperienza di intrattenimento senza precedenti.<\/p><p><strong>Aspetto ergonomico: comodo, elegante e portatile in mano<\/strong><br \/>Il suo corpo leggero e il suo design palm-friendly lo rendono ideale per un uso prolungato a casa, al lavoro o in viaggio.<\/p><h2>Vantaggi del modello RandM Tornado 30000<\/h2><p><strong>Non \u00e8 necessaria alcuna manutenzione<\/strong>\u00a0Non \u00e8 necessario aggiungere e-liquid o sostituire parti, ideale per i novizi e gli utenti pigri.<\/p><p><strong>Alta affidabilit\u00e0<\/strong>\u00a0Realizzato con materiali di alta qualit\u00e0, offre un'eccellente durata e un'ottima impermeabilit\u00e0.<\/p><p><strong>Pronto all'uso<\/strong>\u00a0Non c'\u00e8 bisogno di un interruttore, basta inspirare, \u00e8 intuitivo e pratico da usare.<\/p><p><strong>Variet\u00e0 di scelta\u00a0<\/strong>Aromi e concentrazioni di nicotina diversi per soddisfare tutti i gusti.<\/p>\t\t\t\t\t\t\t\t<\/div>\n\t\t\t\t<\/div>\n\t\t\t\t\t<\/div>\n\t\t\t\t<\/div>\n\t\t\t\t<\/div>","protected":false},"excerpt":{"rendered":"<p>L&rsquo;ar\u00f4me Menthe Fra\u00eeche, avec son ar\u00f4me pur de menthe fra\u00eeche, procure une sensation de fra\u00eecheur, comme au petit matin dans les Alpes, id\u00e9al pour les consommateurs en qu\u00eate d&rsquo;individualit\u00e9 et de d\u00e9tente dans le contexte social fran\u00e7ais. Son ar\u00f4me de menthe fra\u00eeche rafra\u00eechit instantan\u00e9ment l&rsquo;esprit et \u00e9veille tous les sens. Pour les Fran\u00e7ais, ce parfum [&hellip;]<\/p>","protected":false},"featured_media":4487,"comment_status":"open","ping_status":"closed","template":"","meta":{"site-sidebar-layout":"no-sidebar","site-content-layout":"page-builder","ast-site-content-layout":"normal-width-container","site-content-style":"default","site-sidebar-style":"default","ast-global-header-display":"","ast-banner-title-visibility":"","ast-main-header-display":"","ast-hfb-above-header-display":"","ast-hfb-below-header-display":"","ast-hfb-mobile-header-display":"","site-post-title":"disabled","ast-breadcrumbs-content":"","ast-featured-img":"disabled","footer-sml-layout":"","theme-transparent-header-meta":"default","adv-header-id-meta":"","stick-header-meta":"default","header-above-stick-meta":"","header-main-stick-meta":"","header-below-stick-meta":"","astra-migrate-meta-layouts":"set","ast-page-background-enabled":"default","ast-page-background-meta":{"desktop":{"background-color":"","background-image":"","background-repeat":"repeat","background-position":"center center","background-size":"auto","background-attachment":"scroll","background-type":"","background-media":"","overlay-type":"","overlay-color":"","overlay-opacity":"","overlay-gradient":""},"tablet":{"background-color":"","background-image":"","background-repeat":"repeat","background-position":"center center","background-size":"auto","background-attachment":"scroll","background-type":"","background-media":"","overlay-type":"","overlay-color":"","overlay-opacity":"","overlay-gradient":""},"mobile":{"background-color":"","background-image":"","background-repeat":"repeat","background-position":"center center","background-size":"auto","background-attachment":"scroll","background-type":"","background-media":"","overlay-type":"","overlay-color":"","overlay-opacity":"","overlay-gradient":""}},"ast-content-background-meta":{"desktop":{"background-color":"var(--ast-global-color-5)","background-image":"","background-repeat":"repeat","background-position":"center center","background-size":"auto","background-attachment":"scroll","background-type":"","background-media":"","overlay-type":"","overlay-color":"","overlay-opacity":"","overlay-gradient":""},"tablet":{"background-color":"var(--ast-global-color-5)","background-image":"","background-repeat":"repeat","background-position":"center center","background-size":"auto","background-attachment":"scroll","background-type":"","background-media":"","overlay-type":"","overlay-color":"","overlay-opacity":"","overlay-gradient":""},"mobile":{"background-color":"var(--ast-global-color-5)","background-image":"","background-repeat":"repeat","background-position":"center center","background-size":"auto","background-attachment":"scroll","background-type":"","background-media":"","overlay-type":"","overlay-color":"","overlay-opacity":"","overlay-gradient":""}}},"product_brand":[42],"product_cat":[48,86,15],"product_tag":[],"class_list":{"0":"post-4698","1":"product","2":"type-product","3":"status-publish","4":"has-post-thumbnail","6":"product_brand-randm-tornado","7":"product_cat-randm-tornado-30000-concentre-de-fun","8":"product_cat-puff-30k","9":"product_cat-magasin-cigarette-electronique","10":"desktop-align-center","11":"tablet-align-center","12":"mobile-align-center","13":"ast-product-gallery-layout-horizontal","14":"ast-product-gallery-with-no-image","15":"ast-product-single-variable","16":"ast-product-tabs-layout-horizontal","17":"ast-qv-on-image","19":"first","20":"instock","21":"sale","22":"shipping-taxable","23":"purchasable","24":"product-type-variable","25":"has-default-attributes"},"tiered_pricing_type":"fixed","tiered_pricing_fixed_rules":{"50":9.38,"100":8.45,"200":7.95,"400":7.59},"tiered_pricing_product_settings":{"layout":"default","base_unit_name":{"singular":null,"plural":null},"default_variation":null},"tiered_pricing_minimum_quantity":null,"tiered_pricing_roles_data":[],"tiered_pricing_percentage_rules":[],"_links":{"self":[{"href":"https:\/\/puffvapestore.com\/it\/wp-json\/wp\/v2\/product\/4698","targetHints":{"allow":["GET"]}}],"collection":[{"href":"https:\/\/puffvapestore.com\/it\/wp-json\/wp\/v2\/product"}],"about":[{"href":"https:\/\/puffvapestore.com\/it\/wp-json\/wp\/v2\/types\/product"}],"replies":[{"embeddable":true,"href":"https:\/\/puffvapestore.com\/it\/wp-json\/wp\/v2\/comments?post=4698"}],"version-history":[{"count":6,"href":"https:\/\/puffvapestore.com\/it\/wp-json\/wp\/v2\/product\/4698\/revisions"}],"predecessor-version":[{"id":4706,"href":"https:\/\/puffvapestore.com\/it\/wp-json\/wp\/v2\/product\/4698\/revisions\/4706"}],"wp:featuredmedia":[{"embeddable":true,"href":"https:\/\/puffvapestore.com\/it\/wp-json\/wp\/v2\/media\/4487"}],"wp:attachment":[{"href":"https:\/\/puffvapestore.com\/it\/wp-json\/wp\/v2\/media?parent=4698"}],"wp:term":[{"taxonomy":"product_brand","embeddable":true,"href":"https:\/\/puffvapestore.com\/it\/wp-json\/wp\/v2\/product_brand?post=4698"},{"taxonomy":"product_cat","embeddable":true,"href":"https:\/\/puffvapestore.com\/it\/wp-json\/wp\/v2\/product_cat?post=4698"},{"taxonomy":"product_tag","embeddable":true,"href":"https:\/\/puffvapestore.com\/it\/wp-json\/wp\/v2\/product_tag?post=4698"}],"curies":[{"name":"wp","href":"https:\/\/api.w.org\/{rel}","templated":true}]}}