{"id":4667,"date":"2025-07-08T08:15:28","date_gmt":"2025-07-08T08:15:28","guid":{"rendered":"https:\/\/puffvapestore.com\/?post_type=product&#038;p=4667"},"modified":"2026-01-19T10:36:01","modified_gmt":"2026-01-19T10:36:01","slug":"randm-30000-puff-lush-ice","status":"publish","type":"product","link":"https:\/\/puffvapestore.com\/it\/product\/randm-30000-puff-ghiaccio-lussureggiante\/","title":{"rendered":"Lush Ice - RandM Tornado 30000"},"content":{"rendered":"<div data-elementor-type=\"wp-post\" data-elementor-id=\"4667\" class=\"elementor elementor-4667\">\n\t\t\t\t<div class=\"elementor-element elementor-element-08c26f9 e-flex e-con-boxed e-con e-parent\" data-id=\"08c26f9\" data-element_type=\"container\" data-e-type=\"container\">\n\t\t\t\t\t<div class=\"e-con-inner\">\n\t\t\t\t<div class=\"elementor-element elementor-element-a005a97 elementor-widget elementor-widget-text-editor\" data-id=\"a005a97\" data-element_type=\"widget\" data-e-type=\"widget\" data-widget_type=\"text-editor.default\">\n\t\t\t\t<div class=\"elementor-widget-container\">\n\t\t\t\t\t\t\t\t\t<p>Lush Ice \u00e8 un classico aroma di sigaretta elettronica, fruttato e rinfrescante, dominato dalla dolce anguria, con un fresco retrogusto di menta, per un'esperienza di fumo esaltante. Questo aroma \u00e8 pensato sia per le calde giornate estive che per l'uso quotidiano, per chi cerca una sensazione rinfrescante, combinando la dolcezza della frutta con la freschezza del ghiaccio.<\/p><h2>Nota principale: aroma di anguria succosa.<\/h2><p>Dolcezza naturale: il fumo emana un aroma molto realistico di polpa di anguria, lontano dal sapore artificiale delle caramelle, ma vicino alla dolcezza succosa e leggermente profumata di una vera anguria matura.<\/p><p>Polpa di frutta: Si sente la polpa del frutto in bocca, come se si stesse masticando un'anguria, con il succo che sgorga. La dolcezza \u00e8 accompagnata da un leggero tocco di verde, per un gusto ben bilanciato.<\/p><h2>Note secondarie : Menta fresca<\/h2><p>Sensazione di ghiaccio da media a forte: durante l'inalazione, la gola viene immediatamente colpita dal freddo. Questa sensazione di raffreddamento non \u00e8 un freddo intenso che trafigge la gola, ma una sensazione di ghiaccio rinfrescante che si diffonde gradualmente, scivolando dalla bocca alla gola.<\/p><p>Freschezza e dolcezza: questa freschezza si fonde perfettamente con la dolcezza e non interrompe la continuit\u00e0 del gusto fruttato, ma rende il sapore dell'anguria pi\u00f9 rinfrescante.<\/p><h2>Nota di fondo e retrogusto<\/h2><p>Aroma persistente: Pochi secondi dopo l'inalazione, si percepisce ancora un leggero aroma fruttato di anguria e una sensazione di freschezza al palato, senza sensazione di unto, ideale per un consumo prolungato.<\/p><p>Pulita e non unta: a differenza di alcune sigarette elettroniche fruttate dal gusto \u00abunto\u00bb o \u00absciropposo\u00bb, Lush Ice tende ad essere pi\u00f9 fruttata e pulita, con un sottile sapore di erbe, offrendo una vera esperienza di anguria ghiacciata in estate.<\/p><h2>Dettagli ed esperienza<\/h2><p>Rinfrescante e dissetante: Lush Ice \u00e8 descritto come \u00abuna perfetta fusione di anguria tropicale e menta fresca\u00bb, particolarmente adatto agli utenti in cerca di freschezza. La sua sensazione rinfrescante \u00e8 paragonabile a quella di un bicchiere di succo d'anguria ghiacciato in una calda giornata d'estate, offrendo un'immediata sensazione di benessere.<\/p><p>Uso: questo aroma \u00e8 ideale per l'uso quotidiano, in particolare durante le attivit\u00e0 all'aperto, gli eventi sociali o come rinfrescante. La sua miscela fresca e fruttata lo rende un aroma versatile, adatto sia ai principianti che agli utenti esperti.<\/p>\t\t\t\t\t\t\t\t<\/div>\n\t\t\t\t<\/div>\n\t\t\t\t\t<\/div>\n\t\t\t\t<\/div>\n\t\t<div class=\"elementor-element elementor-element-718b380 e-flex e-con-boxed e-con e-parent\" data-id=\"718b380\" data-element_type=\"container\" data-e-type=\"container\">\n\t\t\t\t\t<div class=\"e-con-inner\">\n\t\t\t\t<div class=\"elementor-element elementor-element-d2cc8fa elementor-widget elementor-widget-text-editor\" data-id=\"d2cc8fa\" data-element_type=\"widget\" data-e-type=\"widget\" data-widget_type=\"text-editor.default\">\n\t\t\t\t<div class=\"elementor-widget-container\">\n\t\t\t\t\t\t\t\t\t<h2>Specifiche del modello RandM Tornado 30000 :<\/h2><p>Numero di boccate: Fino a 30.000 boccate, che la rendono una delle sigarette elettroniche usa e getta pi\u00f9 longeve sul mercato.<\/p><p>Batteria: dotata di una batteria ricaricabile da 600 mAh, si ricarica tramite una porta Type-C per una ricarica rapida ed efficiente.<\/p><p>Capacit\u00e0 del serbatoio : Contiene 25 ml di e-liquid pre-riempito.<\/p><p>Dosaggio della nicotina: disponibile in 2 sali di nicotina % o 5 sali di nicotina % per soddisfare tutte le esigenze.<\/p><p>Tecnologia Mesh Coil: garantisce un'esperienza di svapo omogenea e deliziosa grazie al riscaldamento uniforme dell'e-liquid.<\/p><p>Design: l'involucro leggero e trasparente monitora il livello dell'e-liquid e dispone di indicatori luminosi dinamici che mostrano l'attivit\u00e0 della resistenza a rete.<\/p><p>Funzione musicale: dotata di un esclusivo set di luci RGB sincronizzate con la musica, aggiunge un tocco visivo e divertente alle sigarette elettroniche.<\/p><p>Durata: realizzato con materiali all'avanguardia, \u00e8 altamente affidabile e dotato di una tecnologia e-liquid a prova di perdite, che lo rende ideale per l'uso quotidiano e per i viaggi.<\/p><h2>Prestazioni e vantaggi del modello RandM Tornado 30000<\/h2><p>Durata del liquido: 25 ml di liquido preriempito consentono un uso prolungato senza ricarica, ma la durata varia a seconda dell'uso. Gli utilizzatori abituali di sigarette elettroniche possono usarlo per settimane, mentre gli utilizzatori abituali possono usarlo per mesi.<\/p><p>Gusto: grazie alla tecnologia di resistenza delle maglie, il gusto \u00e8 naturalmente ricco e il volume di fumo stabile.<\/p><p>Facile da usare: Nessun pulsante o impostazione complicata, basta aspirare per attivare, facile da usare anche per i meno esperti. Non richiede manutenzione (non \u00e8 necessario ricaricare o sostituire l'elemento riscaldante), il che \u00e8 ancora pi\u00f9 pratico.<\/p><p>Design: l'illuminazione a LED e la scocca ergonomica ne aumentano il fascino.<\/p>\t\t\t\t\t\t\t\t<\/div>\n\t\t\t\t<\/div>\n\t\t\t\t\t<\/div>\n\t\t\t\t<\/div>\n\t\t\t\t<\/div>","protected":false},"excerpt":{"rendered":"<p>Lush Ice est un ar\u00f4me classique de cigarette \u00e9lectronique, fruit\u00e9 et rafra\u00eechissant, domin\u00e9 par la past\u00e8que sucr\u00e9e, avec un arri\u00e8re-go\u00fbt menthol\u00e9 frais, pour une exp\u00e9rience de fumage exaltante. Cet ar\u00f4me est con\u00e7u pour les chaudes journ\u00e9es d&rsquo;\u00e9t\u00e9 comme pour une utilisation quotidienne, pour ceux qui recherchent une sensation de fra\u00eecheur, alliant la douceur des fruits [&hellip;]<\/p>","protected":false},"featured_media":4494,"comment_status":"open","ping_status":"closed","template":"","meta":{"site-sidebar-layout":"no-sidebar","site-content-layout":"page-builder","ast-site-content-layout":"normal-width-container","site-content-style":"default","site-sidebar-style":"default","ast-global-header-display":"","ast-banner-title-visibility":"","ast-main-header-display":"","ast-hfb-above-header-display":"","ast-hfb-below-header-display":"","ast-hfb-mobile-header-display":"","site-post-title":"disabled","ast-breadcrumbs-content":"","ast-featured-img":"disabled","footer-sml-layout":"","theme-transparent-header-meta":"default","adv-header-id-meta":"","stick-header-meta":"default","header-above-stick-meta":"","header-main-stick-meta":"","header-below-stick-meta":"","astra-migrate-meta-layouts":"set","ast-page-background-enabled":"default","ast-page-background-meta":{"desktop":{"background-color":"","background-image":"","background-repeat":"repeat","background-position":"center center","background-size":"auto","background-attachment":"scroll","background-type":"","background-media":"","overlay-type":"","overlay-color":"","overlay-opacity":"","overlay-gradient":""},"tablet":{"background-color":"","background-image":"","background-repeat":"repeat","background-position":"center center","background-size":"auto","background-attachment":"scroll","background-type":"","background-media":"","overlay-type":"","overlay-color":"","overlay-opacity":"","overlay-gradient":""},"mobile":{"background-color":"","background-image":"","background-repeat":"repeat","background-position":"center center","background-size":"auto","background-attachment":"scroll","background-type":"","background-media":"","overlay-type":"","overlay-color":"","overlay-opacity":"","overlay-gradient":""}},"ast-content-background-meta":{"desktop":{"background-color":"var(--ast-global-color-5)","background-image":"","background-repeat":"repeat","background-position":"center center","background-size":"auto","background-attachment":"scroll","background-type":"","background-media":"","overlay-type":"","overlay-color":"","overlay-opacity":"","overlay-gradient":""},"tablet":{"background-color":"var(--ast-global-color-5)","background-image":"","background-repeat":"repeat","background-position":"center center","background-size":"auto","background-attachment":"scroll","background-type":"","background-media":"","overlay-type":"","overlay-color":"","overlay-opacity":"","overlay-gradient":""},"mobile":{"background-color":"var(--ast-global-color-5)","background-image":"","background-repeat":"repeat","background-position":"center center","background-size":"auto","background-attachment":"scroll","background-type":"","background-media":"","overlay-type":"","overlay-color":"","overlay-opacity":"","overlay-gradient":""}}},"product_brand":[42],"product_cat":[48,86,15],"product_tag":[],"class_list":{"0":"post-4667","1":"product","2":"type-product","3":"status-publish","4":"has-post-thumbnail","6":"product_brand-randm-tornado","7":"product_cat-randm-tornado-30000-concentre-de-fun","8":"product_cat-puff-30k","9":"product_cat-magasin-cigarette-electronique","10":"desktop-align-center","11":"tablet-align-center","12":"mobile-align-center","13":"ast-product-gallery-layout-horizontal","14":"ast-product-gallery-with-no-image","15":"ast-product-single-variable","16":"ast-product-tabs-layout-horizontal","17":"ast-qv-on-image","19":"first","20":"instock","21":"sale","22":"shipping-taxable","23":"purchasable","24":"product-type-variable","25":"has-default-attributes"},"tiered_pricing_type":"fixed","tiered_pricing_fixed_rules":{"50":9.38,"100":8.45,"200":7.95,"400":7.59},"tiered_pricing_product_settings":{"layout":"default","base_unit_name":{"singular":null,"plural":null},"default_variation":null},"tiered_pricing_minimum_quantity":null,"tiered_pricing_roles_data":[],"tiered_pricing_percentage_rules":[],"_links":{"self":[{"href":"https:\/\/puffvapestore.com\/it\/wp-json\/wp\/v2\/product\/4667","targetHints":{"allow":["GET"]}}],"collection":[{"href":"https:\/\/puffvapestore.com\/it\/wp-json\/wp\/v2\/product"}],"about":[{"href":"https:\/\/puffvapestore.com\/it\/wp-json\/wp\/v2\/types\/product"}],"replies":[{"embeddable":true,"href":"https:\/\/puffvapestore.com\/it\/wp-json\/wp\/v2\/comments?post=4667"}],"version-history":[{"count":6,"href":"https:\/\/puffvapestore.com\/it\/wp-json\/wp\/v2\/product\/4667\/revisions"}],"predecessor-version":[{"id":4675,"href":"https:\/\/puffvapestore.com\/it\/wp-json\/wp\/v2\/product\/4667\/revisions\/4675"}],"wp:featuredmedia":[{"embeddable":true,"href":"https:\/\/puffvapestore.com\/it\/wp-json\/wp\/v2\/media\/4494"}],"wp:attachment":[{"href":"https:\/\/puffvapestore.com\/it\/wp-json\/wp\/v2\/media?parent=4667"}],"wp:term":[{"taxonomy":"product_brand","embeddable":true,"href":"https:\/\/puffvapestore.com\/it\/wp-json\/wp\/v2\/product_brand?post=4667"},{"taxonomy":"product_cat","embeddable":true,"href":"https:\/\/puffvapestore.com\/it\/wp-json\/wp\/v2\/product_cat?post=4667"},{"taxonomy":"product_tag","embeddable":true,"href":"https:\/\/puffvapestore.com\/it\/wp-json\/wp\/v2\/product_tag?post=4667"}],"curies":[{"name":"wp","href":"https:\/\/api.w.org\/{rel}","templated":true}]}}