{"id":4658,"date":"2025-07-08T07:09:18","date_gmt":"2025-07-08T07:09:18","guid":{"rendered":"https:\/\/puffvapestore.com\/?post_type=product&#038;p=4658"},"modified":"2026-01-19T10:36:01","modified_gmt":"2026-01-19T10:36:01","slug":"peach-ice-randm-tornado-30000","status":"publish","type":"product","link":"https:\/\/puffvapestore.com\/it\/product\/ghiaccio-alla-pesca-randm-tornado-30000\/","title":{"rendered":"Ghiaccio alla pesca - RandM Tornado 30000"},"content":{"rendered":"<div data-elementor-type=\"wp-post\" data-elementor-id=\"4658\" class=\"elementor elementor-4658\">\n\t\t\t\t<div class=\"elementor-element elementor-element-08c26f9 e-flex e-con-boxed e-con e-parent\" data-id=\"08c26f9\" data-element_type=\"container\" data-e-type=\"container\">\n\t\t\t\t\t<div class=\"e-con-inner\">\n\t\t\t\t<div class=\"elementor-element elementor-element-a005a97 elementor-widget elementor-widget-text-editor\" data-id=\"a005a97\" data-element_type=\"widget\" data-e-type=\"widget\" data-widget_type=\"text-editor.default\">\n\t\t\t\t<div class=\"elementor-widget-container\">\n\t\t\t\t\t\t\t\t\t<h2>Nota di fondo di pesca dolce:<\/h2><p>Il sapore principale \u00e8 la dolcezza naturale delle pesche mature, con una leggera nota agrodolce, che cattura perfettamente l'essenza delle pesche fresche estive. Ad ogni boccata di fumo, l'aroma fruttato delle pesche invade l'olfatto, regalando una ricca esperienza fruttata, facendovi sentire come in un frutteto assolato.<\/p><h2>Nota di fondo di menta fresca:<\/h2><p>In espirazione, la freschezza della menta emerge gradualmente, aggiungendo un tocco rinfrescante alla dolcezza delle pesche. Questa freschezza permane per qualche secondo sul palato, un po' come il retrogusto delle pesche glassate o di un succo estivo ghiacciato.<\/p><h2>Caratteristiche generali del sapore :<\/h2><ul><li>Equilibrio delle note principali: si raggiunge un buon equilibrio tra dolcezza e freschezza, senza esagerare in nessuna delle due.<\/li><li>Sapore naturale: pi\u00f9 vicino alla \u00abvera frutta\u00bb che alle caramelle, ideale per gli amanti dei sapori fruttati autentici.<\/li><li>Leggera e facile da fumare: n\u00e9 pesante n\u00e9 grassa, ideale per un consumo prolungato, soprattutto in estate o per rinfrescarsi.<\/li><li>Sensazione di gola dolce: leggero colpo in gola, ideale per gli amanti dei sapori dolci.<\/li><\/ul>\t\t\t\t\t\t\t\t<\/div>\n\t\t\t\t<\/div>\n\t\t\t\t\t<\/div>\n\t\t\t\t<\/div>\n\t\t<div class=\"elementor-element elementor-element-718b380 e-flex e-con-boxed e-con e-parent\" data-id=\"718b380\" data-element_type=\"container\" data-e-type=\"container\">\n\t\t\t\t\t<div class=\"e-con-inner\">\n\t\t\t\t<div class=\"elementor-element elementor-element-d2cc8fa elementor-widget elementor-widget-text-editor\" data-id=\"d2cc8fa\" data-element_type=\"widget\" data-e-type=\"widget\" data-widget_type=\"text-editor.default\">\n\t\t\t\t<div class=\"elementor-widget-container\">\n\t\t\t\t\t\t\t\t\t<h2>Specifiche del modello RandM Tornado 30000 :<\/h2><p>Numero di boccate: Fino a 30.000 boccate, che la rendono una delle sigarette elettroniche usa e getta pi\u00f9 longeve sul mercato.<\/p><p>Batteria: dotata di una batteria ricaricabile da 600 mAh, si ricarica tramite una porta Type-C per una ricarica rapida ed efficiente.<\/p><p>Capacit\u00e0 del serbatoio : Contiene 25 ml di e-liquid pre-riempito.<\/p><p>Dosaggio della nicotina: disponibile in 2 sali di nicotina % o 5 sali di nicotina % per soddisfare tutte le esigenze.<\/p><p>Tecnologia Mesh Coil: garantisce un'esperienza di svapo omogenea e deliziosa grazie al riscaldamento uniforme dell'e-liquid.<\/p><p>Design: l'involucro leggero e trasparente monitora il livello dell'e-liquid e dispone di indicatori luminosi dinamici che mostrano l'attivit\u00e0 della resistenza a rete.<\/p><p>Funzione musicale: dotata di un esclusivo set di luci RGB sincronizzate con la musica, aggiunge un tocco visivo e divertente alle sigarette elettroniche.<\/p><p>Durata: realizzato con materiali all'avanguardia, \u00e8 altamente affidabile e dotato di una tecnologia e-liquid a prova di perdite, che lo rende ideale per l'uso quotidiano e per i viaggi.<\/p><h2>Prestazioni e vantaggi del modello RandM Tornado 30000<\/h2><p>Durata del liquido: 25 ml di liquido preriempito consentono un uso prolungato senza ricarica, ma la durata varia a seconda dell'uso. Gli utilizzatori abituali di sigarette elettroniche possono usarlo per settimane, mentre gli utilizzatori abituali possono usarlo per mesi.<\/p><p>Gusto: grazie alla tecnologia di resistenza delle maglie, il gusto \u00e8 naturalmente ricco e il volume di fumo stabile.<\/p><p>Facile da usare: Nessun pulsante o impostazione complicata, basta aspirare per attivare, facile da usare anche per i meno esperti. Non richiede manutenzione (non \u00e8 necessario ricaricare o sostituire l'elemento riscaldante), il che \u00e8 ancora pi\u00f9 pratico.<\/p><p>Design: l'illuminazione a LED e la scocca ergonomica ne aumentano il fascino.<\/p>\t\t\t\t\t\t\t\t<\/div>\n\t\t\t\t<\/div>\n\t\t\t\t\t<\/div>\n\t\t\t\t<\/div>\n\t\t\t\t<\/div>","protected":false},"excerpt":{"rendered":"<p>Note de fond de p\u00eache sucr\u00e9e : La saveur principale est la douceur naturelle des p\u00eaches m\u00fbres, avec une l\u00e9g\u00e8re note aigre-douce, capturant parfaitement l&rsquo;essence des p\u00eaches fra\u00eeches d&rsquo;\u00e9t\u00e9. \u00c0 chaque bouff\u00e9e de fum\u00e9e, l&rsquo;ar\u00f4me fruit\u00e9 de la p\u00eache envahit votre nez, vous offrant une exp\u00e9rience fruit\u00e9e riche, vous donnant l&rsquo;impression d&rsquo;\u00eatre dans un verger [&hellip;]<\/p>","protected":false},"featured_media":4497,"comment_status":"open","ping_status":"closed","template":"","meta":{"site-sidebar-layout":"no-sidebar","site-content-layout":"page-builder","ast-site-content-layout":"normal-width-container","site-content-style":"default","site-sidebar-style":"default","ast-global-header-display":"","ast-banner-title-visibility":"","ast-main-header-display":"","ast-hfb-above-header-display":"","ast-hfb-below-header-display":"","ast-hfb-mobile-header-display":"","site-post-title":"disabled","ast-breadcrumbs-content":"","ast-featured-img":"disabled","footer-sml-layout":"","theme-transparent-header-meta":"default","adv-header-id-meta":"","stick-header-meta":"default","header-above-stick-meta":"","header-main-stick-meta":"","header-below-stick-meta":"","astra-migrate-meta-layouts":"set","ast-page-background-enabled":"default","ast-page-background-meta":{"desktop":{"background-color":"","background-image":"","background-repeat":"repeat","background-position":"center center","background-size":"auto","background-attachment":"scroll","background-type":"","background-media":"","overlay-type":"","overlay-color":"","overlay-opacity":"","overlay-gradient":""},"tablet":{"background-color":"","background-image":"","background-repeat":"repeat","background-position":"center center","background-size":"auto","background-attachment":"scroll","background-type":"","background-media":"","overlay-type":"","overlay-color":"","overlay-opacity":"","overlay-gradient":""},"mobile":{"background-color":"","background-image":"","background-repeat":"repeat","background-position":"center center","background-size":"auto","background-attachment":"scroll","background-type":"","background-media":"","overlay-type":"","overlay-color":"","overlay-opacity":"","overlay-gradient":""}},"ast-content-background-meta":{"desktop":{"background-color":"var(--ast-global-color-5)","background-image":"","background-repeat":"repeat","background-position":"center center","background-size":"auto","background-attachment":"scroll","background-type":"","background-media":"","overlay-type":"","overlay-color":"","overlay-opacity":"","overlay-gradient":""},"tablet":{"background-color":"var(--ast-global-color-5)","background-image":"","background-repeat":"repeat","background-position":"center center","background-size":"auto","background-attachment":"scroll","background-type":"","background-media":"","overlay-type":"","overlay-color":"","overlay-opacity":"","overlay-gradient":""},"mobile":{"background-color":"var(--ast-global-color-5)","background-image":"","background-repeat":"repeat","background-position":"center center","background-size":"auto","background-attachment":"scroll","background-type":"","background-media":"","overlay-type":"","overlay-color":"","overlay-opacity":"","overlay-gradient":""}}},"product_brand":[42],"product_cat":[48,86,15],"product_tag":[],"class_list":{"0":"post-4658","1":"product","2":"type-product","3":"status-publish","4":"has-post-thumbnail","6":"product_brand-randm-tornado","7":"product_cat-randm-tornado-30000-concentre-de-fun","8":"product_cat-puff-30k","9":"product_cat-magasin-cigarette-electronique","10":"desktop-align-center","11":"tablet-align-center","12":"mobile-align-center","13":"ast-product-gallery-layout-horizontal","14":"ast-product-gallery-with-no-image","15":"ast-product-single-variable","16":"ast-product-tabs-layout-horizontal","17":"ast-qv-on-image","19":"first","20":"instock","21":"sale","22":"shipping-taxable","23":"purchasable","24":"product-type-variable","25":"has-default-attributes"},"tiered_pricing_type":"fixed","tiered_pricing_fixed_rules":{"50":9.38,"100":8.45,"200":7.95,"400":7.59},"tiered_pricing_product_settings":{"layout":"default","base_unit_name":{"singular":null,"plural":null},"default_variation":null},"tiered_pricing_minimum_quantity":null,"tiered_pricing_roles_data":[],"tiered_pricing_percentage_rules":[],"_links":{"self":[{"href":"https:\/\/puffvapestore.com\/it\/wp-json\/wp\/v2\/product\/4658","targetHints":{"allow":["GET"]}}],"collection":[{"href":"https:\/\/puffvapestore.com\/it\/wp-json\/wp\/v2\/product"}],"about":[{"href":"https:\/\/puffvapestore.com\/it\/wp-json\/wp\/v2\/types\/product"}],"replies":[{"embeddable":true,"href":"https:\/\/puffvapestore.com\/it\/wp-json\/wp\/v2\/comments?post=4658"}],"version-history":[{"count":6,"href":"https:\/\/puffvapestore.com\/it\/wp-json\/wp\/v2\/product\/4658\/revisions"}],"predecessor-version":[{"id":4666,"href":"https:\/\/puffvapestore.com\/it\/wp-json\/wp\/v2\/product\/4658\/revisions\/4666"}],"wp:featuredmedia":[{"embeddable":true,"href":"https:\/\/puffvapestore.com\/it\/wp-json\/wp\/v2\/media\/4497"}],"wp:attachment":[{"href":"https:\/\/puffvapestore.com\/it\/wp-json\/wp\/v2\/media?parent=4658"}],"wp:term":[{"taxonomy":"product_brand","embeddable":true,"href":"https:\/\/puffvapestore.com\/it\/wp-json\/wp\/v2\/product_brand?post=4658"},{"taxonomy":"product_cat","embeddable":true,"href":"https:\/\/puffvapestore.com\/it\/wp-json\/wp\/v2\/product_cat?post=4658"},{"taxonomy":"product_tag","embeddable":true,"href":"https:\/\/puffvapestore.com\/it\/wp-json\/wp\/v2\/product_tag?post=4658"}],"curies":[{"name":"wp","href":"https:\/\/api.w.org\/{rel}","templated":true}]}}