{"id":4648,"date":"2025-07-08T05:57:41","date_gmt":"2025-07-08T05:57:41","guid":{"rendered":"https:\/\/puffvapestore.com\/?post_type=product&#038;p=4648"},"modified":"2026-01-19T10:36:00","modified_gmt":"2026-01-19T10:36:00","slug":"randm-tornado-30000-puff-blue-razz-ice","status":"publish","type":"product","link":"https:\/\/puffvapestore.com\/it\/product\/randm-tornado-30000-puff-blue-razz-ice\/","title":{"rendered":"Blu Razz Ice - RandM Tornado 30000"},"content":{"rendered":"<div data-elementor-type=\"wp-post\" data-elementor-id=\"4648\" class=\"elementor elementor-4648\">\n\t\t\t\t<div class=\"elementor-element elementor-element-08c26f9 e-flex e-con-boxed e-con e-parent\" data-id=\"08c26f9\" data-element_type=\"container\" data-e-type=\"container\">\n\t\t\t\t\t<div class=\"e-con-inner\">\n\t\t\t\t<div class=\"elementor-element elementor-element-a005a97 elementor-widget elementor-widget-text-editor\" data-id=\"a005a97\" data-element_type=\"widget\" data-e-type=\"widget\" data-widget_type=\"text-editor.default\">\n\t\t\t\t<div class=\"elementor-widget-container\">\n\t\t\t\t\t\t\t\t\t<p>RandM Tornado 30000 Blue Razz Ice \u00e8 un aroma per sigaretta elettronica con i sapori principali di mirtillo e lampone, combinati con note rinfrescanti di mentolo. Questo aroma \u00e8 apprezzato da molti utenti per la sua miscela unica di dolcezza, acidit\u00e0 e freschezza:<\/p><h2>1. Gusto principale : Mirtillo e lampone (Blue Razz)<\/h2><p>Base dolce: il cuore di Blue Razz Ice \u00e8 una fusione di mirtillo e lampone, che offre un'esperienza fruttata morbida e non grassa. Il mirtillo aggiunge una dolcezza morbida e rotonda con un leggero aroma di frutti di bosco, mentre il lampone aggiunge un tocco di dolcezza e acidit\u00e0 croccante, dando al gusto una sensazione pi\u00f9 complessa.<\/p><p>Caratteristiche aspre e rinfrescanti: L'acidit\u00e0 dei lamponi \u00e8 uno dei punti forti di questo gusto. Al primo sorso si avverte una leggera acidit\u00e0, come se si mordesse una bacca fresca. Questa acidit\u00e0 \u00e8 bilanciata dalla dolcezza dei mirtilli, evitando la monotonia di un unico gusto dolce.<\/p><h2>2. Esperienza rinfrescante al mentolo<\/h2><p>Sensazione rinfrescante: la sensazione rinfrescante di Blue Razz Ice deriva dall'aggiunta di mentolo. Questo effetto rinfrescante si sviluppa gradualmente durante l'inspirazione, raggiungendo l'apice durante l'espirazione. La sensazione di raffreddamento del mentolo non \u00e8 eccessivamente fastidiosa, ma avvolge la bocca e la gola con una dolcezza cremosa, offrendo una rinfrescante sensazione di ghiaccio.<\/p><p>Retrogusto persistente: Dopo l'espirazione, la freschezza del mentolo persiste sul palato, accompagnata da un leggero retrogusto fruttato, per un finale pulito e rinfrescante.<\/p><p>Blue Razz Ice \u00e8 un gusto molto equilibrato, che offre tre sensazioni: dolce, aspro e fresco.<\/p><ul><li>Adatto agli amanti dei sapori fruttati senza essere troppo dolce.<\/li><li>La sensazione di raffreddamento \u00e8 rinfrescante ma non eccessivamente stimolante, rendendola adatta al fumo quotidiano.<\/li><li>La transizione tra le note di testa, di cuore e di fondo \u00e8 naturale, con un forte senso di stratificazione.<\/li><\/ul><p>Se vi piace la combinazione di bacche rinfrescanti e sensazione di ghiaccio, questo gusto \u00e8 la scelta ideale.<\/p>\t\t\t\t\t\t\t\t<\/div>\n\t\t\t\t<\/div>\n\t\t\t\t\t<\/div>\n\t\t\t\t<\/div>\n\t\t<div class=\"elementor-element elementor-element-718b380 e-flex e-con-boxed e-con e-parent\" data-id=\"718b380\" data-element_type=\"container\" data-e-type=\"container\">\n\t\t\t\t\t<div class=\"e-con-inner\">\n\t\t\t\t<div class=\"elementor-element elementor-element-d2cc8fa elementor-widget elementor-widget-text-editor\" data-id=\"d2cc8fa\" data-element_type=\"widget\" data-e-type=\"widget\" data-widget_type=\"text-editor.default\">\n\t\t\t\t<div class=\"elementor-widget-container\">\n\t\t\t\t\t\t\t\t\t<h2>Specifiche del modello RandM Tornado 30000 :<\/h2><p>Numero di boccate: Fino a 30.000 boccate, che la rendono una delle sigarette elettroniche usa e getta pi\u00f9 longeve sul mercato.<\/p><p>Batteria: dotata di una batteria ricaricabile da 600 mAh, si ricarica tramite una porta Type-C per una ricarica rapida ed efficiente.<\/p><p>Capacit\u00e0 del serbatoio : Contiene 25 ml di e-liquid pre-riempito.<\/p><p>Dosaggio della nicotina: disponibile in 2 sali di nicotina % o 5 sali di nicotina % per soddisfare tutte le esigenze.<\/p><p>Tecnologia Mesh Coil: garantisce un'esperienza di svapo omogenea e deliziosa grazie al riscaldamento uniforme dell'e-liquid.<\/p><p>Design: l'involucro leggero e trasparente monitora il livello dell'e-liquid e dispone di indicatori luminosi dinamici che mostrano l'attivit\u00e0 della resistenza a rete.<\/p><p>Funzione musicale: dotata di un esclusivo set di luci RGB sincronizzate con la musica, aggiunge un tocco visivo e divertente alle sigarette elettroniche.<\/p><p>Durata: realizzato con materiali all'avanguardia, \u00e8 altamente affidabile e dotato di una tecnologia e-liquid a prova di perdite, che lo rende ideale per l'uso quotidiano e per i viaggi.<\/p><h2>Prestazioni e vantaggi del modello RandM Tornado 30000<\/h2><p>Durata del liquido: 25 ml di liquido preriempito consentono un uso prolungato senza ricarica, ma la durata varia a seconda dell'uso. Gli utilizzatori abituali di sigarette elettroniche possono usarlo per settimane, mentre gli utilizzatori abituali possono usarlo per mesi.<\/p><p>Gusto: grazie alla tecnologia di resistenza delle maglie, il gusto \u00e8 naturalmente ricco e il volume di fumo stabile.<\/p><p>Facile da usare: Nessun pulsante o impostazione complicata, basta aspirare per attivare, facile da usare anche per i meno esperti. Non richiede manutenzione (non \u00e8 necessario ricaricare o sostituire l'elemento riscaldante), il che \u00e8 ancora pi\u00f9 pratico.<\/p><p>Design: l'illuminazione a LED e la scocca ergonomica ne aumentano il fascino.<\/p>\t\t\t\t\t\t\t\t<\/div>\n\t\t\t\t<\/div>\n\t\t\t\t\t<\/div>\n\t\t\t\t<\/div>\n\t\t\t\t<\/div>","protected":false},"excerpt":{"rendered":"<p>RandM Tornado 30000 Blue Razz Ice est un ar\u00f4me pour cigarette \u00e9lectronique aux ar\u00f4mes principaux de myrtille et de framboise, associ\u00e9s \u00e0 des notes menthol\u00e9es rafra\u00eechissantes. Cet ar\u00f4me est appr\u00e9ci\u00e9 par de nombreux utilisateurs pour son m\u00e9lange unique de douceur, d&rsquo;acidit\u00e9 et de fra\u00eecheur\u00a0: 1. Ar\u00f4me principal\u00a0: Myrtille et framboise (Blue Razz) Base sucr\u00e9e\u00a0: Le [&hellip;]<\/p>\n","protected":false},"featured_media":4480,"comment_status":"open","ping_status":"closed","template":"","meta":{"site-sidebar-layout":"no-sidebar","site-content-layout":"page-builder","ast-site-content-layout":"normal-width-container","site-content-style":"default","site-sidebar-style":"default","ast-global-header-display":"","ast-banner-title-visibility":"","ast-main-header-display":"","ast-hfb-above-header-display":"","ast-hfb-below-header-display":"","ast-hfb-mobile-header-display":"","site-post-title":"disabled","ast-breadcrumbs-content":"","ast-featured-img":"disabled","footer-sml-layout":"","theme-transparent-header-meta":"default","adv-header-id-meta":"","stick-header-meta":"default","header-above-stick-meta":"","header-main-stick-meta":"","header-below-stick-meta":"","astra-migrate-meta-layouts":"set","ast-page-background-enabled":"default","ast-page-background-meta":{"desktop":{"background-color":"","background-image":"","background-repeat":"repeat","background-position":"center center","background-size":"auto","background-attachment":"scroll","background-type":"","background-media":"","overlay-type":"","overlay-color":"","overlay-opacity":"","overlay-gradient":""},"tablet":{"background-color":"","background-image":"","background-repeat":"repeat","background-position":"center center","background-size":"auto","background-attachment":"scroll","background-type":"","background-media":"","overlay-type":"","overlay-color":"","overlay-opacity":"","overlay-gradient":""},"mobile":{"background-color":"","background-image":"","background-repeat":"repeat","background-position":"center center","background-size":"auto","background-attachment":"scroll","background-type":"","background-media":"","overlay-type":"","overlay-color":"","overlay-opacity":"","overlay-gradient":""}},"ast-content-background-meta":{"desktop":{"background-color":"var(--ast-global-color-5)","background-image":"","background-repeat":"repeat","background-position":"center center","background-size":"auto","background-attachment":"scroll","background-type":"","background-media":"","overlay-type":"","overlay-color":"","overlay-opacity":"","overlay-gradient":""},"tablet":{"background-color":"var(--ast-global-color-5)","background-image":"","background-repeat":"repeat","background-position":"center center","background-size":"auto","background-attachment":"scroll","background-type":"","background-media":"","overlay-type":"","overlay-color":"","overlay-opacity":"","overlay-gradient":""},"mobile":{"background-color":"var(--ast-global-color-5)","background-image":"","background-repeat":"repeat","background-position":"center center","background-size":"auto","background-attachment":"scroll","background-type":"","background-media":"","overlay-type":"","overlay-color":"","overlay-opacity":"","overlay-gradient":""}}},"product_brand":[42],"product_cat":[48,86,15],"product_tag":[],"class_list":{"0":"post-4648","1":"product","2":"type-product","3":"status-publish","4":"has-post-thumbnail","6":"product_brand-randm-tornado","7":"product_cat-randm-tornado-30000-concentre-de-fun","8":"product_cat-puff-30k","9":"product_cat-magasin-cigarette-electronique","10":"desktop-align-center","11":"tablet-align-center","12":"mobile-align-center","13":"ast-product-gallery-layout-horizontal","14":"ast-product-gallery-with-no-image","15":"ast-product-single-variable","16":"ast-product-tabs-layout-horizontal","17":"ast-qv-on-image","19":"first","20":"instock","21":"sale","22":"shipping-taxable","23":"purchasable","24":"product-type-variable","25":"has-default-attributes"},"tiered_pricing_type":"fixed","tiered_pricing_fixed_rules":{"50":9.38,"100":8.45,"200":7.95,"400":7.59},"tiered_pricing_product_settings":{"layout":"default","base_unit_name":{"singular":null,"plural":null},"default_variation":null},"tiered_pricing_minimum_quantity":null,"tiered_pricing_roles_data":[],"tiered_pricing_percentage_rules":[],"_links":{"self":[{"href":"https:\/\/puffvapestore.com\/it\/wp-json\/wp\/v2\/product\/4648","targetHints":{"allow":["GET"]}}],"collection":[{"href":"https:\/\/puffvapestore.com\/it\/wp-json\/wp\/v2\/product"}],"about":[{"href":"https:\/\/puffvapestore.com\/it\/wp-json\/wp\/v2\/types\/product"}],"replies":[{"embeddable":true,"href":"https:\/\/puffvapestore.com\/it\/wp-json\/wp\/v2\/comments?post=4648"}],"version-history":[{"count":7,"href":"https:\/\/puffvapestore.com\/it\/wp-json\/wp\/v2\/product\/4648\/revisions"}],"predecessor-version":[{"id":4657,"href":"https:\/\/puffvapestore.com\/it\/wp-json\/wp\/v2\/product\/4648\/revisions\/4657"}],"wp:featuredmedia":[{"embeddable":true,"href":"https:\/\/puffvapestore.com\/it\/wp-json\/wp\/v2\/media\/4480"}],"wp:attachment":[{"href":"https:\/\/puffvapestore.com\/it\/wp-json\/wp\/v2\/media?parent=4648"}],"wp:term":[{"taxonomy":"product_brand","embeddable":true,"href":"https:\/\/puffvapestore.com\/it\/wp-json\/wp\/v2\/product_brand?post=4648"},{"taxonomy":"product_cat","embeddable":true,"href":"https:\/\/puffvapestore.com\/it\/wp-json\/wp\/v2\/product_cat?post=4648"},{"taxonomy":"product_tag","embeddable":true,"href":"https:\/\/puffvapestore.com\/it\/wp-json\/wp\/v2\/product_tag?post=4648"}],"curies":[{"name":"wp","href":"https:\/\/api.w.org\/{rel}","templated":true}]}}