{"id":4518,"date":"2025-07-07T09:40:14","date_gmt":"2025-07-07T09:40:14","guid":{"rendered":"https:\/\/puffvapestore.com\/?post_type=product&#038;p=4518"},"modified":"2026-01-19T10:36:00","modified_gmt":"2026-01-19T10:36:00","slug":"randm-tornado-30000-propose-30-saveurs","status":"publish","type":"product","link":"https:\/\/puffvapestore.com\/it\/product\/randm-tornado-30000-offerte-di-30-gusti\/","title":{"rendered":"RandM Tornado 30000: 30000 sbuffi di fumo, ricarica tramite porta Type-C"},"content":{"rendered":"<div data-elementor-type=\"wp-post\" data-elementor-id=\"4518\" class=\"elementor elementor-4518\">\n\t\t\t\t<div class=\"elementor-element elementor-element-718b380 e-flex e-con-boxed e-con e-parent\" data-id=\"718b380\" data-element_type=\"container\" data-e-type=\"container\">\n\t\t\t\t\t<div class=\"e-con-inner\">\n\t\t\t\t<div class=\"elementor-element elementor-element-d2cc8fa elementor-widget elementor-widget-text-editor\" data-id=\"d2cc8fa\" data-element_type=\"widget\" data-e-type=\"widget\" data-widget_type=\"text-editor.default\">\n\t\t\t\t<div class=\"elementor-widget-container\">\n\t\t\t\t\t\t\t\t\t<h2>Specifiche del modello RandM Tornado 30000 :<\/h2><p>Numero di boccate: Fino a 30.000 boccate, che la rendono una delle sigarette elettroniche usa e getta pi\u00f9 longeve sul mercato.<\/p><p>Batteria: dotata di una batteria ricaricabile da 600 mAh, si ricarica tramite una porta Type-C per una ricarica rapida ed efficiente.<\/p><p>Capacit\u00e0 del serbatoio : Contiene 25 ml di e-liquid pre-riempito.<\/p><p>Dosaggio della nicotina: disponibile in 2 sali di nicotina % o 5 sali di nicotina % per soddisfare tutte le esigenze.<\/p><p>Tecnologia Mesh Coil: garantisce un'esperienza di svapo omogenea e deliziosa grazie al riscaldamento uniforme dell'e-liquid.<\/p><p>Design: l'involucro leggero e trasparente monitora il livello dell'e-liquid e dispone di indicatori luminosi dinamici che mostrano l'attivit\u00e0 della resistenza a rete.<\/p><p>Funzione musicale: dotata di un esclusivo set di luci RGB sincronizzate con la musica, aggiunge un tocco visivo e divertente alle sigarette elettroniche.<\/p><p>Durata: realizzato con materiali all'avanguardia, \u00e8 altamente affidabile e dotato di una tecnologia e-liquid a prova di perdite, che lo rende ideale per l'uso quotidiano e per i viaggi.<\/p><h2>Prestazioni e vantaggi del modello RandM Tornado 30000<\/h2><p>Durata del liquido: 25 ml di liquido preriempito consentono un uso prolungato senza ricarica, ma la durata varia a seconda dell'uso. Gli utilizzatori abituali di sigarette elettroniche possono usarlo per settimane, mentre gli utilizzatori abituali possono usarlo per mesi.<\/p><p>Gusto: grazie alla tecnologia di resistenza delle maglie, il gusto \u00e8 naturalmente ricco e il volume di fumo stabile.<\/p><p>Facile da usare: Nessun pulsante o impostazione complicata, basta aspirare per attivare, facile da usare anche per i meno esperti. Non richiede manutenzione (non \u00e8 necessario ricaricare o sostituire l'elemento riscaldante), il che \u00e8 ancora pi\u00f9 pratico.<\/p><p>Design: l'illuminazione a LED e la scocca ergonomica ne aumentano il fascino.<\/p>\t\t\t\t\t\t\t\t<\/div>\n\t\t\t\t<\/div>\n\t\t\t\t\t<\/div>\n\t\t\t\t<\/div>\n\t\t<div class=\"elementor-element elementor-element-08c26f9 e-flex e-con-boxed e-con e-parent\" data-id=\"08c26f9\" data-element_type=\"container\" data-e-type=\"container\">\n\t\t\t\t\t<div class=\"e-con-inner\">\n\t\t\t\t<div class=\"elementor-element elementor-element-a005a97 elementor-widget elementor-widget-text-editor\" data-id=\"a005a97\" data-element_type=\"widget\" data-e-type=\"widget\" data-widget_type=\"text-editor.default\">\n\t\t\t\t<div class=\"elementor-widget-container\">\n\t\t\t\t\t\t\t\t\t<h2>Il modello RandM Tornado 30000 offre 30 gusti ricchi e variegati<\/h2><p>Il modello RandM Tornado 30000 offre 30 gusti ricchi e variegati per soddisfare le preferenze di ogni utente. Questi gusti possono essere suddivisi in diverse categorie: gelato alla frutta, frutta mista e bevande classiche. I gusti del gelato alla frutta sono principalmente rinfrescanti: \u00abBanana Ice\u00bb, \u00abBlueberry Ice\u00bb, \u00abGrape Ice\u00bb, ecc. aggiungono un tocco rinfrescante ai tradizionali gusti alla frutta. Lush Ice\u00ab e \u00bbIce Pop\u00ab offrono un'esperienza rinfrescante pi\u00f9 intensa. La gamma di gusti fruttati, come \u00bbMirtillo lampone\u00ab, \u00bbPesca mango ananas\u00ab e \u00bbFragola anguria\u00ab, enfatizza la stratificazione dei sapori fruttati e bilancia l'acidit\u00e0-dolcezza.<\/p><p>I gusti classici della gamma replicano le bevande pi\u00f9 popolari, come \u00abCherry Cola\u00bb e \u00abCola Ice\u00bb, che riproducono la dolcezza della cola, mentre \u00abPink Lemonade\u00bb e \u00abVimto\u00bb portano il familiare sapore piccante delle bevande. Inoltre, gusti unici come \u00abSkittles\u00bb e \u00abLove 66\u00bb (melone + frutto della passione + anguria) aggiungono un tocco di fantasia, mentre \u00abCool Mint\u00bb e \u00abBlack Ice\u00bb sono perfetti per gli amanti della freschezza intensa. Nel complesso, RandM Tornado 30000 copre un'ampia gamma di gusti, da quelli freschi a quelli ricchi, da un singolo sapore di frutta a una miscela complessa, in grado di soddisfare le esigenze di diversi scenari e papille gustative.<\/p>\t\t\t\t\t\t\t\t<\/div>\n\t\t\t\t<\/div>\n\t\t\t\t\t<\/div>\n\t\t\t\t<\/div>\n\t\t\t\t<\/div>","protected":false},"excerpt":{"rendered":"<p>Sp\u00e9cifications de la RandM Tornado 30000\u00a0: Nombre de bouff\u00e9es\u00a0: Jusqu&rsquo;\u00e0 30000 bouff\u00e9es, ce qui en fait l&rsquo;une des cigarettes \u00e9lectroniques jetables les plus durables du march\u00e9. Batterie : \u00c9quip\u00e9e d&rsquo;une batterie rechargeable de 600 mAh, elle se recharge via un port Type-C pour une charge rapide et efficace. Capacit\u00e9 du r\u00e9servoir\u00a0: Contient 25\u00a0ml d&rsquo;e-liquide pr\u00e9rempli. [&hellip;]<\/p>","protected":false},"featured_media":4508,"comment_status":"open","ping_status":"closed","template":"","meta":{"site-sidebar-layout":"no-sidebar","site-content-layout":"page-builder","ast-site-content-layout":"normal-width-container","site-content-style":"default","site-sidebar-style":"default","ast-global-header-display":"","ast-banner-title-visibility":"","ast-main-header-display":"","ast-hfb-above-header-display":"","ast-hfb-below-header-display":"","ast-hfb-mobile-header-display":"","site-post-title":"disabled","ast-breadcrumbs-content":"","ast-featured-img":"disabled","footer-sml-layout":"","theme-transparent-header-meta":"default","adv-header-id-meta":"","stick-header-meta":"default","header-above-stick-meta":"","header-main-stick-meta":"","header-below-stick-meta":"","astra-migrate-meta-layouts":"set","ast-page-background-enabled":"default","ast-page-background-meta":{"desktop":{"background-color":"","background-image":"","background-repeat":"repeat","background-position":"center center","background-size":"auto","background-attachment":"scroll","background-type":"","background-media":"","overlay-type":"","overlay-color":"","overlay-opacity":"","overlay-gradient":""},"tablet":{"background-color":"","background-image":"","background-repeat":"repeat","background-position":"center center","background-size":"auto","background-attachment":"scroll","background-type":"","background-media":"","overlay-type":"","overlay-color":"","overlay-opacity":"","overlay-gradient":""},"mobile":{"background-color":"","background-image":"","background-repeat":"repeat","background-position":"center center","background-size":"auto","background-attachment":"scroll","background-type":"","background-media":"","overlay-type":"","overlay-color":"","overlay-opacity":"","overlay-gradient":""}},"ast-content-background-meta":{"desktop":{"background-color":"var(--ast-global-color-5)","background-image":"","background-repeat":"repeat","background-position":"center center","background-size":"auto","background-attachment":"scroll","background-type":"","background-media":"","overlay-type":"","overlay-color":"","overlay-opacity":"","overlay-gradient":""},"tablet":{"background-color":"var(--ast-global-color-5)","background-image":"","background-repeat":"repeat","background-position":"center center","background-size":"auto","background-attachment":"scroll","background-type":"","background-media":"","overlay-type":"","overlay-color":"","overlay-opacity":"","overlay-gradient":""},"mobile":{"background-color":"var(--ast-global-color-5)","background-image":"","background-repeat":"repeat","background-position":"center center","background-size":"auto","background-attachment":"scroll","background-type":"","background-media":"","overlay-type":"","overlay-color":"","overlay-opacity":"","overlay-gradient":""}}},"product_brand":[42],"product_cat":[48,86,15],"product_tag":[],"class_list":{"0":"post-4518","1":"product","2":"type-product","3":"status-publish","4":"has-post-thumbnail","6":"product_brand-randm-tornado","7":"product_cat-randm-tornado-30000-concentre-de-fun","8":"product_cat-puff-30k","9":"product_cat-magasin-cigarette-electronique","10":"desktop-align-center","11":"tablet-align-center","12":"mobile-align-center","13":"ast-product-gallery-layout-horizontal","14":"ast-product-single-variable","15":"ast-product-tabs-layout-horizontal","16":"ast-qv-on-image","18":"first","19":"instock","20":"sale","21":"shipping-taxable","22":"purchasable","23":"product-type-variable","24":"has-default-attributes"},"tiered_pricing_type":"fixed","tiered_pricing_fixed_rules":{"50":9.38,"100":8.45,"200":7.95,"400":7.59},"tiered_pricing_product_settings":{"layout":"default","base_unit_name":{"singular":null,"plural":null},"default_variation":null},"tiered_pricing_minimum_quantity":null,"tiered_pricing_roles_data":[],"tiered_pricing_percentage_rules":[],"_links":{"self":[{"href":"https:\/\/puffvapestore.com\/it\/wp-json\/wp\/v2\/product\/4518","targetHints":{"allow":["GET"]}}],"collection":[{"href":"https:\/\/puffvapestore.com\/it\/wp-json\/wp\/v2\/product"}],"about":[{"href":"https:\/\/puffvapestore.com\/it\/wp-json\/wp\/v2\/types\/product"}],"replies":[{"embeddable":true,"href":"https:\/\/puffvapestore.com\/it\/wp-json\/wp\/v2\/comments?post=4518"}],"version-history":[{"count":7,"href":"https:\/\/puffvapestore.com\/it\/wp-json\/wp\/v2\/product\/4518\/revisions"}],"predecessor-version":[{"id":4647,"href":"https:\/\/puffvapestore.com\/it\/wp-json\/wp\/v2\/product\/4518\/revisions\/4647"}],"wp:featuredmedia":[{"embeddable":true,"href":"https:\/\/puffvapestore.com\/it\/wp-json\/wp\/v2\/media\/4508"}],"wp:attachment":[{"href":"https:\/\/puffvapestore.com\/it\/wp-json\/wp\/v2\/media?parent=4518"}],"wp:term":[{"taxonomy":"product_brand","embeddable":true,"href":"https:\/\/puffvapestore.com\/it\/wp-json\/wp\/v2\/product_brand?post=4518"},{"taxonomy":"product_cat","embeddable":true,"href":"https:\/\/puffvapestore.com\/it\/wp-json\/wp\/v2\/product_cat?post=4518"},{"taxonomy":"product_tag","embeddable":true,"href":"https:\/\/puffvapestore.com\/it\/wp-json\/wp\/v2\/product_tag?post=4518"}],"curies":[{"name":"wp","href":"https:\/\/api.w.org\/{rel}","templated":true}]}}