{"id":4451,"date":"2025-07-07T03:16:25","date_gmt":"2025-07-07T03:16:25","guid":{"rendered":"https:\/\/puffvapestore.com\/?post_type=product&#038;p=4451"},"modified":"2026-01-19T10:35:08","modified_gmt":"2026-01-19T10:35:08","slug":"strawberry-mint-candy-randm-tornado-25000","status":"publish","type":"product","link":"https:\/\/puffvapestore.com\/it\/product\/caramelle-alla-fragola-e-menta-randm-tornado-25000\/","title":{"rendered":"RandM Tornado 25000 - Caramella alla menta e fragola"},"content":{"rendered":"<div data-elementor-type=\"wp-post\" data-elementor-id=\"4451\" class=\"elementor elementor-4451\">\n\t\t\t\t<div class=\"elementor-element elementor-element-08c26f9 e-flex e-con-boxed e-con e-parent\" data-id=\"08c26f9\" data-element_type=\"container\" data-e-type=\"container\">\n\t\t\t\t\t<div class=\"e-con-inner\">\n\t\t\t\t<div class=\"elementor-element elementor-element-a005a97 elementor-widget elementor-widget-text-editor\" data-id=\"a005a97\" data-element_type=\"widget\" data-e-type=\"widget\" data-widget_type=\"text-editor.default\">\n\t\t\t\t<div class=\"elementor-widget-container\">\n\t\t\t\t\t\t\t\t\t<p>Nel sud della Francia, dove il cielo azzurro e il blu del Mediterraneo si mescolano, il sole splende sulle antiche ed eleganti strade acciottolate di Nizza. Un giovane uomo si china davanti a un caff\u00e8 in stile Champs-\u00c9lys\u00e9es e sorseggia delicatamente la caramella alla menta e fragola della RandM Tornado 25000, che si adatta perfettamente al comfort e alla raffinatezza di questa citt\u00e0.<\/p><p>La caramella alla menta e fragola di questa sigaretta elettronica \u00e8 dolce e rinfrescante, come una prelibatezza francese, che si scioglie lentamente in bocca. L'attacco \u00e8 ricco e dolce, con un profumo di fragole mature, seguito da una freschezza di menta, come una dolce brezza marina che accarezza le papille gustative. Non \u00e8 solo un sapore, \u00e8 anche un riflesso dello stile di vita francese: dolce senza essere unto, leggero senza essere insipido, naturale, romantico e un po' giocoso. Ci\u00f2 che rende la Fraise Menthe cos\u00ec speciale \u00e8 la sua capacit\u00e0 di adattarsi perfettamente alla vita sociale francese. Sulla Promenade des Anglais di Nizza, alcuni amici erano seduti sulla terrazza di un caff\u00e8, sorridendo e condividendo questa sigaretta elettronica. Il dolce profumo di fragole e la freschezza della menta si mescolavano nell'aria, creando un'atmosfera rilassata e piacevole.<\/p>\t\t\t\t\t\t\t\t<\/div>\n\t\t\t\t<\/div>\n\t\t\t\t\t<\/div>\n\t\t\t\t<\/div>\n\t\t<div class=\"elementor-element elementor-element-718b380 e-flex e-con-boxed e-con e-parent\" data-id=\"718b380\" data-element_type=\"container\" data-e-type=\"container\">\n\t\t\t\t\t<div class=\"e-con-inner\">\n\t\t\t\t<div class=\"elementor-element elementor-element-d2cc8fa elementor-widget elementor-widget-text-editor\" data-id=\"d2cc8fa\" data-element_type=\"widget\" data-e-type=\"widget\" data-widget_type=\"text-editor.default\">\n\t\t\t\t<div class=\"elementor-widget-container\">\n\t\t\t\t\t\t\t\t\t<h2>Specifiche del prodotto<\/h2><p>Numero di boccate: Fino a 25.000 boccate, progettato per gli utilizzatori intensivi o per chi cerca un'autonomia ultra-lunga, senza dover sostituire frequentemente il dispositivo.<\/p><p>Capacit\u00e0 della batteria: batteria ricaricabile ad alte prestazioni da 700 mAh integrata, compatibile con la ricarica rapida Type-C, elevata efficienza di ricarica e tempi di attesa ridotti.<\/p><p>Capacit\u00e0 del liquido: 20 ml di e-liquid con sali di nicotina di alta qualit\u00e0 preinstallati, che offrono concentrazioni di nicotina di 2 % o 5 % per soddisfare le esigenze di ogni utente.<\/p><p>Tecnologia di resistenza: tecnologia avanzata di resistenza a doppia maglia per un gusto ricco e un fumo stabile dalla prima all'ultima boccata.<\/p><p>Display: dotato di un touch screen TFT ad alta definizione, visualizza in tempo reale la carica della batteria, l'e-liquid rimanente e le impostazioni di alimentazione, per un uso intuitivo e informazioni chiare a colpo d'occhio.<\/p><p>Funzionamento a sfioramento: interruttore a sfioramento innovativo e facile da usare:<\/p><ul><li>Fare doppio clic per avviare il dispositivo;<\/li><li>Tre clic per cambiare la modalit\u00e0 di uscita della potenza; quattro clic per accedere alla modalit\u00e0 mini-gioco integrata;<\/li><li>Basta un clic per avviare il gioco.<\/li><\/ul><p>Design: leggero, elegante e moderno, facile da trasportare, attraente e pratico.<\/p><p>Caratteristiche aggiuntive: gli esclusivi mini-giochi incorporati (come i clicker game) offrono agli utenti un'esperienza di intrattenimento unica, allontanandosi dalla singola funzione delle tradizionali sigarette elettroniche usa e getta.<\/p><h2>Caratteristiche e vantaggi del prodotto<\/h2><p>Pronto all'uso: non richiede impostazioni complicate o manutenzione, per cui \u00e8 possibile utilizzarlo subito, adatto sia ai principianti che agli utenti attivi.<\/p><p>Gusto eccellente: la tecnologia di resistenza a doppia maglia offre un gusto morbido e ricco, e ogni boccata mantiene un sapore costante per la massima soddisfazione.<\/p><p>Lunga durata della batteria: la batteria da 700 mAh, combinata con la ricarica rapida Type-C, garantisce un utilizzo prolungato, ottimizza l'uso dell'e-liquid ed evita gli sprechi.<\/p><p>Portabilit\u00e0: compatto e leggero, facile da infilare in tasca o in borsa, per poterne usufruire in qualsiasi momento e ovunque.<\/p><p>Esperienza di intrattenimento: l'esclusiva funzione di mini-gioco integrata per un divertimento ancora maggiore, fa s\u00ec che l'RandM Tornado 25000 si distingua dalla massa.<\/p><p>Personalizzazione: il flusso d'aria regolabile e le molteplici opzioni di concentrazione di nicotina offrono agli utenti la libert\u00e0 di adattarsi alle proprie preferenze per soddisfare una variet\u00e0 di esigenze.<\/p>\t\t\t\t\t\t\t\t<\/div>\n\t\t\t\t<\/div>\n\t\t\t\t\t<\/div>\n\t\t\t\t<\/div>\n\t\t\t\t<\/div>","protected":false},"excerpt":{"rendered":"<p>Dans le sud de la France, o\u00f9 le ciel bleu et le bleu de la M\u00e9diterran\u00e9e se m\u00ealent, le soleil brille sur les rues pav\u00e9es anciennes et \u00e9l\u00e9gantes de Nice. Un jeune homme se penche devant un caf\u00e9 aux allures de Champs-\u00c9lys\u00e9es et sirote d\u00e9licatement une gorg\u00e9e du bonbon Fraise Menthe de la RandM Tornado [&hellip;]<\/p>\n","protected":false},"featured_media":4278,"comment_status":"open","ping_status":"closed","template":"","meta":{"site-sidebar-layout":"no-sidebar","site-content-layout":"page-builder","ast-site-content-layout":"normal-width-container","site-content-style":"default","site-sidebar-style":"default","ast-global-header-display":"","ast-banner-title-visibility":"","ast-main-header-display":"","ast-hfb-above-header-display":"","ast-hfb-below-header-display":"","ast-hfb-mobile-header-display":"","site-post-title":"disabled","ast-breadcrumbs-content":"","ast-featured-img":"disabled","footer-sml-layout":"","theme-transparent-header-meta":"default","adv-header-id-meta":"","stick-header-meta":"default","header-above-stick-meta":"","header-main-stick-meta":"","header-below-stick-meta":"","astra-migrate-meta-layouts":"set","ast-page-background-enabled":"default","ast-page-background-meta":{"desktop":{"background-color":"","background-image":"","background-repeat":"repeat","background-position":"center center","background-size":"auto","background-attachment":"scroll","background-type":"","background-media":"","overlay-type":"","overlay-color":"","overlay-opacity":"","overlay-gradient":""},"tablet":{"background-color":"","background-image":"","background-repeat":"repeat","background-position":"center center","background-size":"auto","background-attachment":"scroll","background-type":"","background-media":"","overlay-type":"","overlay-color":"","overlay-opacity":"","overlay-gradient":""},"mobile":{"background-color":"","background-image":"","background-repeat":"repeat","background-position":"center center","background-size":"auto","background-attachment":"scroll","background-type":"","background-media":"","overlay-type":"","overlay-color":"","overlay-opacity":"","overlay-gradient":""}},"ast-content-background-meta":{"desktop":{"background-color":"var(--ast-global-color-5)","background-image":"","background-repeat":"repeat","background-position":"center center","background-size":"auto","background-attachment":"scroll","background-type":"","background-media":"","overlay-type":"","overlay-color":"","overlay-opacity":"","overlay-gradient":""},"tablet":{"background-color":"var(--ast-global-color-5)","background-image":"","background-repeat":"repeat","background-position":"center center","background-size":"auto","background-attachment":"scroll","background-type":"","background-media":"","overlay-type":"","overlay-color":"","overlay-opacity":"","overlay-gradient":""},"mobile":{"background-color":"var(--ast-global-color-5)","background-image":"","background-repeat":"repeat","background-position":"center center","background-size":"auto","background-attachment":"scroll","background-type":"","background-media":"","overlay-type":"","overlay-color":"","overlay-opacity":"","overlay-gradient":""}}},"product_brand":[42],"product_cat":[47,87,15],"product_tag":[],"class_list":{"0":"post-4451","1":"product","2":"type-product","3":"status-publish","4":"has-post-thumbnail","6":"product_brand-randm-tornado","7":"product_cat-randm-tornado-25000-allie-portabilite-et-personnalisation","8":"product_cat-puff-25k","9":"product_cat-magasin-cigarette-electronique","10":"desktop-align-center","11":"tablet-align-center","12":"mobile-align-center","13":"ast-product-gallery-layout-horizontal","14":"ast-product-single-variable","15":"ast-product-tabs-layout-horizontal","16":"ast-qv-on-image","18":"first","19":"instock","20":"sale","21":"shipping-taxable","22":"purchasable","23":"product-type-variable","24":"has-default-attributes"},"tiered_pricing_type":"fixed","tiered_pricing_fixed_rules":{"30":10.17,"60":9.22,"100":8.38,"200":8.08,"500":7.88,"1000":7.48},"tiered_pricing_product_settings":{"layout":"default","base_unit_name":{"singular":null,"plural":null},"default_variation":null},"tiered_pricing_minimum_quantity":null,"tiered_pricing_roles_data":[],"tiered_pricing_percentage_rules":[],"_links":{"self":[{"href":"https:\/\/puffvapestore.com\/it\/wp-json\/wp\/v2\/product\/4451","targetHints":{"allow":["GET"]}}],"collection":[{"href":"https:\/\/puffvapestore.com\/it\/wp-json\/wp\/v2\/product"}],"about":[{"href":"https:\/\/puffvapestore.com\/it\/wp-json\/wp\/v2\/types\/product"}],"replies":[{"embeddable":true,"href":"https:\/\/puffvapestore.com\/it\/wp-json\/wp\/v2\/comments?post=4451"}],"version-history":[{"count":7,"href":"https:\/\/puffvapestore.com\/it\/wp-json\/wp\/v2\/product\/4451\/revisions"}],"predecessor-version":[{"id":10744,"href":"https:\/\/puffvapestore.com\/it\/wp-json\/wp\/v2\/product\/4451\/revisions\/10744"}],"wp:featuredmedia":[{"embeddable":true,"href":"https:\/\/puffvapestore.com\/it\/wp-json\/wp\/v2\/media\/4278"}],"wp:attachment":[{"href":"https:\/\/puffvapestore.com\/it\/wp-json\/wp\/v2\/media?parent=4451"}],"wp:term":[{"taxonomy":"product_brand","embeddable":true,"href":"https:\/\/puffvapestore.com\/it\/wp-json\/wp\/v2\/product_brand?post=4451"},{"taxonomy":"product_cat","embeddable":true,"href":"https:\/\/puffvapestore.com\/it\/wp-json\/wp\/v2\/product_cat?post=4451"},{"taxonomy":"product_tag","embeddable":true,"href":"https:\/\/puffvapestore.com\/it\/wp-json\/wp\/v2\/product_tag?post=4451"}],"curies":[{"name":"wp","href":"https:\/\/api.w.org\/{rel}","templated":true}]}}