{"id":4433,"date":"2025-07-05T07:01:03","date_gmt":"2025-07-05T07:01:03","guid":{"rendered":"https:\/\/puffvapestore.com\/?post_type=product&#038;p=4433"},"modified":"2026-01-19T10:35:08","modified_gmt":"2026-01-19T10:35:08","slug":"banana-ice-randm-tornado-25000","status":"publish","type":"product","link":"https:\/\/puffvapestore.com\/it\/product\/banana-ice-randm-tornado-25000\/","title":{"rendered":"RandM Tornado 25000 - Ghiaccio alla banana"},"content":{"rendered":"<div data-elementor-type=\"wp-post\" data-elementor-id=\"4433\" class=\"elementor elementor-4433\">\n\t\t\t\t<div class=\"elementor-element elementor-element-08c26f9 e-flex e-con-boxed e-con e-parent\" data-id=\"08c26f9\" data-element_type=\"container\" data-e-type=\"container\">\n\t\t\t\t\t<div class=\"e-con-inner\">\n\t\t\t\t<div class=\"elementor-element elementor-element-a005a97 elementor-widget elementor-widget-text-editor\" data-id=\"a005a97\" data-element_type=\"widget\" data-e-type=\"widget\" data-widget_type=\"text-editor.default\">\n\t\t\t\t<div class=\"elementor-widget-container\">\n\t\t\t\t\t\t\t\t\t<p>Estraete la sigaretta elettronica RandM Tornado 25000 Banana Ice e fate una leggera boccata, come per aggiungere un tocco di fresca dolcezza a questa scena romantica. Questa sigaretta elettronica con banana ice come aroma principale combina l'intensa dolcezza della frutta tropicale con la freschezza della menta ghiacciata, per un'esperienza di gusto inebriante, come se la brezza accarezzasse il vostro viso in un mercato notturno della campagna francese.<\/p><h2>Gusto: il fascino unico del Banana Ice<\/h2><p>L'aroma Banana Ice si ispira alla dolcezza setosa delle banane mature. Al palato, il fumo emana un potente sapore tropicale, come se si mordesse una banana appena colta, con un intenso aroma fruttato e note distinte. Poi subentra un morbido profumo di menta, come una fresca brezza che soffia in un mercato notturno, che risveglia istantaneamente i sensi, rendendo ogni boccata rinfrescante e non grassa. Questo meraviglioso equilibrio di dolcezza e freschezza \u00e8 ideale per rilassarsi nell'atmosfera vivace di un mercato notturno della campagna francese, e fornisce anche un piacevole tocco di freschezza nelle lunghe notti estive.<\/p><p>Grazie all'avanzata tecnologia di resistenza a doppia maglia dell'RandM Tornado 25000, ogni boccata dell'aroma Frozen Banana RandM Tornado 25000 rilascia un aroma ricco e fruttato di banana e un fumo stabile e ghiacciato. Dalla prima alla 25.000esima boccata, il gusto \u00e8 costante e la miscela di dolcezza e freschezza \u00e8 sempre soddisfacente. Che stiate passeggiando da soli lungo il sentiero acciottolato del mercato notturno o che siate seduti intorno a un bar all'aperto con gli amici, questa sigaretta elettronica pu\u00f2 rendervi la presenza pi\u00f9 coinvolgente nella notte della campagna francese.<\/p>\t\t\t\t\t\t\t\t<\/div>\n\t\t\t\t<\/div>\n\t\t\t\t\t<\/div>\n\t\t\t\t<\/div>\n\t\t<div class=\"elementor-element elementor-element-718b380 e-flex e-con-boxed e-con e-parent\" data-id=\"718b380\" data-element_type=\"container\" data-e-type=\"container\">\n\t\t\t\t\t<div class=\"e-con-inner\">\n\t\t\t\t<div class=\"elementor-element elementor-element-d2cc8fa elementor-widget elementor-widget-text-editor\" data-id=\"d2cc8fa\" data-element_type=\"widget\" data-e-type=\"widget\" data-widget_type=\"text-editor.default\">\n\t\t\t\t<div class=\"elementor-widget-container\">\n\t\t\t\t\t\t\t\t\t<h2>Specifiche del prodotto<\/h2><p>Numero di boccate: Fino a 25.000 boccate, progettato per gli utilizzatori intensivi o per chi cerca un'autonomia ultra-lunga, senza dover sostituire frequentemente il dispositivo.<\/p><p>Capacit\u00e0 della batteria: batteria ricaricabile ad alte prestazioni da 700 mAh integrata, compatibile con la ricarica rapida Type-C, elevata efficienza di ricarica e tempi di attesa ridotti.<\/p><p>Capacit\u00e0 del liquido: 20 ml di e-liquid con sali di nicotina di alta qualit\u00e0 preinstallati, che offrono concentrazioni di nicotina di 2 % o 5 % per soddisfare le esigenze di ogni utente.<\/p><p>Tecnologia di resistenza: tecnologia avanzata di resistenza a doppia maglia per un gusto ricco e un fumo stabile dalla prima all'ultima boccata.<\/p><p>Display: dotato di un touch screen TFT ad alta definizione, visualizza in tempo reale la carica della batteria, l'e-liquid rimanente e le impostazioni di alimentazione, per un uso intuitivo e informazioni chiare a colpo d'occhio.<\/p><p>Funzionamento a sfioramento: interruttore a sfioramento innovativo e facile da usare:<\/p><ul><li>Fare doppio clic per avviare il dispositivo;<\/li><li>Tre clic per cambiare la modalit\u00e0 di uscita della potenza; quattro clic per accedere alla modalit\u00e0 mini-gioco integrata;<\/li><li>Basta un clic per avviare il gioco.<\/li><\/ul><p>Design: leggero, elegante e moderno, facile da trasportare, attraente e pratico.<\/p><p>Caratteristiche aggiuntive: gli esclusivi mini-giochi incorporati (come i clicker game) offrono agli utenti un'esperienza di intrattenimento unica, allontanandosi dalla singola funzione delle tradizionali sigarette elettroniche usa e getta.<\/p><h2>Caratteristiche e vantaggi del prodotto<\/h2><p>Pronto all'uso: non richiede impostazioni complicate o manutenzione, per cui \u00e8 possibile utilizzarlo subito, adatto sia ai principianti che agli utenti attivi.<\/p><p>Gusto eccellente: la tecnologia di resistenza a doppia maglia offre un gusto morbido e ricco, e ogni boccata mantiene un sapore costante per la massima soddisfazione.<\/p><p>Lunga durata della batteria: la batteria da 700 mAh, combinata con la ricarica rapida Type-C, garantisce un utilizzo prolungato, ottimizza l'uso dell'e-liquid ed evita gli sprechi.<\/p><p>Portabilit\u00e0: compatto e leggero, facile da infilare in tasca o in borsa, per poterne usufruire in qualsiasi momento e ovunque.<\/p><p>Esperienza di intrattenimento: l'esclusiva funzione di mini-gioco integrata per un divertimento ancora maggiore, fa s\u00ec che l'RandM Tornado 25000 si distingua dalla massa.<\/p><p>Personalizzazione: il flusso d'aria regolabile e le molteplici opzioni di concentrazione di nicotina offrono agli utenti la libert\u00e0 di adattarsi alle proprie preferenze per soddisfare una variet\u00e0 di esigenze.<\/p>\t\t\t\t\t\t\t\t<\/div>\n\t\t\t\t<\/div>\n\t\t\t\t\t<\/div>\n\t\t\t\t<\/div>\n\t\t\t\t<\/div>","protected":false},"excerpt":{"rendered":"<p>Sortez la cigarette \u00e9lectronique RandM Tornado 25000 Banana Ice et prenez une l\u00e9g\u00e8re bouff\u00e9e, comme pour ajouter une touche de douceur fra\u00eeche \u00e0 cette sc\u00e8ne romantique. Cette cigarette \u00e9lectronique \u00e0 la banane glac\u00e9e comme saveur principale allie la douceur intense des fruits tropicaux \u00e0 la fra\u00eecheur de la menthe glac\u00e9e, pour une exp\u00e9rience gustative enivrante, [&hellip;]<\/p>\n","protected":false},"featured_media":4238,"comment_status":"open","ping_status":"closed","template":"","meta":{"site-sidebar-layout":"no-sidebar","site-content-layout":"page-builder","ast-site-content-layout":"normal-width-container","site-content-style":"default","site-sidebar-style":"default","ast-global-header-display":"","ast-banner-title-visibility":"","ast-main-header-display":"","ast-hfb-above-header-display":"","ast-hfb-below-header-display":"","ast-hfb-mobile-header-display":"","site-post-title":"disabled","ast-breadcrumbs-content":"","ast-featured-img":"disabled","footer-sml-layout":"","theme-transparent-header-meta":"default","adv-header-id-meta":"","stick-header-meta":"default","header-above-stick-meta":"","header-main-stick-meta":"","header-below-stick-meta":"","astra-migrate-meta-layouts":"set","ast-page-background-enabled":"default","ast-page-background-meta":{"desktop":{"background-color":"","background-image":"","background-repeat":"repeat","background-position":"center center","background-size":"auto","background-attachment":"scroll","background-type":"","background-media":"","overlay-type":"","overlay-color":"","overlay-opacity":"","overlay-gradient":""},"tablet":{"background-color":"","background-image":"","background-repeat":"repeat","background-position":"center center","background-size":"auto","background-attachment":"scroll","background-type":"","background-media":"","overlay-type":"","overlay-color":"","overlay-opacity":"","overlay-gradient":""},"mobile":{"background-color":"","background-image":"","background-repeat":"repeat","background-position":"center center","background-size":"auto","background-attachment":"scroll","background-type":"","background-media":"","overlay-type":"","overlay-color":"","overlay-opacity":"","overlay-gradient":""}},"ast-content-background-meta":{"desktop":{"background-color":"var(--ast-global-color-5)","background-image":"","background-repeat":"repeat","background-position":"center center","background-size":"auto","background-attachment":"scroll","background-type":"","background-media":"","overlay-type":"","overlay-color":"","overlay-opacity":"","overlay-gradient":""},"tablet":{"background-color":"var(--ast-global-color-5)","background-image":"","background-repeat":"repeat","background-position":"center center","background-size":"auto","background-attachment":"scroll","background-type":"","background-media":"","overlay-type":"","overlay-color":"","overlay-opacity":"","overlay-gradient":""},"mobile":{"background-color":"var(--ast-global-color-5)","background-image":"","background-repeat":"repeat","background-position":"center center","background-size":"auto","background-attachment":"scroll","background-type":"","background-media":"","overlay-type":"","overlay-color":"","overlay-opacity":"","overlay-gradient":""}}},"product_brand":[42],"product_cat":[47,87,15],"product_tag":[],"class_list":{"0":"post-4433","1":"product","2":"type-product","3":"status-publish","4":"has-post-thumbnail","6":"product_brand-randm-tornado","7":"product_cat-randm-tornado-25000-allie-portabilite-et-personnalisation","8":"product_cat-puff-25k","9":"product_cat-magasin-cigarette-electronique","10":"desktop-align-center","11":"tablet-align-center","12":"mobile-align-center","13":"ast-product-gallery-layout-horizontal","14":"ast-product-single-variable","15":"ast-product-tabs-layout-horizontal","16":"ast-qv-on-image","18":"first","19":"instock","20":"sale","21":"shipping-taxable","22":"purchasable","23":"product-type-variable","24":"has-default-attributes"},"tiered_pricing_type":"fixed","tiered_pricing_fixed_rules":{"30":10.17,"60":9.22,"100":8.38,"200":8.08,"500":7.88,"1000":7.48},"tiered_pricing_product_settings":{"layout":"default","base_unit_name":{"singular":null,"plural":null},"default_variation":null},"tiered_pricing_minimum_quantity":null,"tiered_pricing_roles_data":[],"tiered_pricing_percentage_rules":[],"_links":{"self":[{"href":"https:\/\/puffvapestore.com\/it\/wp-json\/wp\/v2\/product\/4433","targetHints":{"allow":["GET"]}}],"collection":[{"href":"https:\/\/puffvapestore.com\/it\/wp-json\/wp\/v2\/product"}],"about":[{"href":"https:\/\/puffvapestore.com\/it\/wp-json\/wp\/v2\/types\/product"}],"replies":[{"embeddable":true,"href":"https:\/\/puffvapestore.com\/it\/wp-json\/wp\/v2\/comments?post=4433"}],"version-history":[{"count":7,"href":"https:\/\/puffvapestore.com\/it\/wp-json\/wp\/v2\/product\/4433\/revisions"}],"predecessor-version":[{"id":10741,"href":"https:\/\/puffvapestore.com\/it\/wp-json\/wp\/v2\/product\/4433\/revisions\/10741"}],"wp:featuredmedia":[{"embeddable":true,"href":"https:\/\/puffvapestore.com\/it\/wp-json\/wp\/v2\/media\/4238"}],"wp:attachment":[{"href":"https:\/\/puffvapestore.com\/it\/wp-json\/wp\/v2\/media?parent=4433"}],"wp:term":[{"taxonomy":"product_brand","embeddable":true,"href":"https:\/\/puffvapestore.com\/it\/wp-json\/wp\/v2\/product_brand?post=4433"},{"taxonomy":"product_cat","embeddable":true,"href":"https:\/\/puffvapestore.com\/it\/wp-json\/wp\/v2\/product_cat?post=4433"},{"taxonomy":"product_tag","embeddable":true,"href":"https:\/\/puffvapestore.com\/it\/wp-json\/wp\/v2\/product_tag?post=4433"}],"curies":[{"name":"wp","href":"https:\/\/api.w.org\/{rel}","templated":true}]}}