{"id":4398,"date":"2025-07-05T02:27:59","date_gmt":"2025-07-05T02:27:59","guid":{"rendered":"https:\/\/puffvapestore.com\/?post_type=product&#038;p=4398"},"modified":"2026-01-19T10:35:08","modified_gmt":"2026-01-19T10:35:08","slug":"fumot-randm-tornado-25000-miami-mint","status":"publish","type":"product","link":"https:\/\/puffvapestore.com\/it\/product\/fumot-randm-tornado-25000-miami-mint\/","title":{"rendered":"RandM Tornado 25000 - Zecca di Miami"},"content":{"rendered":"<div data-elementor-type=\"wp-post\" data-elementor-id=\"4398\" class=\"elementor elementor-4398\">\n\t\t\t\t<div class=\"elementor-element elementor-element-08c26f9 e-flex e-con-boxed e-con e-parent\" data-id=\"08c26f9\" data-element_type=\"container\" data-e-type=\"container\">\n\t\t\t\t\t<div class=\"e-con-inner\">\n\t\t\t\t<div class=\"elementor-element elementor-element-a005a97 elementor-widget elementor-widget-text-editor\" data-id=\"a005a97\" data-element_type=\"widget\" data-e-type=\"widget\" data-widget_type=\"text-editor.default\">\n\t\t\t\t<div class=\"elementor-widget-container\">\n\t\t\t\t\t\t\t\t\t<p>La sigaretta elettronica Fumot RandM Tornado 25000 Mint Miami \u00e8 una sigaretta elettronica a dominante di menta fresca, che combina un rinfrescante sapore di mentolo con un tocco di dolcezza per un'esperienza di fumo rinfrescante e pura. Descritto come \u00abcome essere su una spiaggia estiva a Miami\u00bb, questo aroma combina menta fresca e sottile dolcezza per gli amanti della sigaretta elettronica alla ricerca di un gusto rinfrescante.<\/p><h2>Caratteristiche e dettagli del sapore<\/h2><h3>Menta fresca<\/h3><p>Mint Miami ha un intenso sapore di mentolo che offre un gusto fresco e dissetante. Durante l'inalazione, l'alito fresco di menta risveglia rapidamente le papille gustative, offrendo un formicolio rinfrescante simile a quello delle caramelle o delle gomme da masticare alla menta. Questa sensazione di freschezza permane in bocca e lascia un retrogusto rinfrescante, ideale per aggiungere un tocco di freschezza nella stagione calda.<\/p><h3>Dolcezza sottile<\/h3><p>Questo aroma incorpora un tocco di dolcezza su una base di menta fresca. Questa dolcezza non \u00e8 quella di una caramella forte, ma piuttosto morbida e sottile, simile alla dolcezza leggera della menta fresca. Aggiunge un tocco di profondit\u00e0 alla freschezza della menta, evitando la monotonia di un semplice aroma di menta. Questo leggero tocco di dolcezza rende Mint Miami pi\u00f9 adatto a un consumo prolungato e riduce l'affaticamento delle papille gustative.<\/p>\t\t\t\t\t\t\t\t<\/div>\n\t\t\t\t<\/div>\n\t\t\t\t\t<\/div>\n\t\t\t\t<\/div>\n\t\t<div class=\"elementor-element elementor-element-718b380 e-flex e-con-boxed e-con e-parent\" data-id=\"718b380\" data-element_type=\"container\" data-e-type=\"container\">\n\t\t\t\t\t<div class=\"e-con-inner\">\n\t\t\t\t<div class=\"elementor-element elementor-element-d2cc8fa elementor-widget elementor-widget-text-editor\" data-id=\"d2cc8fa\" data-element_type=\"widget\" data-e-type=\"widget\" data-widget_type=\"text-editor.default\">\n\t\t\t\t<div class=\"elementor-widget-container\">\n\t\t\t\t\t\t\t\t\t<h2>Specifiche del modello Fumot RandM Tornado 25000 :<\/h2><p>Numero di boccate: Fino a 25.000, ideale per i fumatori accaniti o per chi desidera un uso prolungato senza frequenti sostituzioni.<\/p><p>Batteria: 700 mAh ricaricabile con ricarica rapida Type-C.<\/p><p>E-liquido: pre-riempito con 20 ml di e-liquido, concentrazione di sali di nicotina pari a 2 % o 5 %.<\/p><p>Tecnologia a resistenze: le resistenze a doppia maglia garantiscono un sapore ricco e costante e un vapore denso per tutta la durata della loro vita.<\/p><p>Display: dotato di un touch screen TFT ad alta definizione, visualizza in tempo reale il livello della batteria, il livello di e-liquid rimanente e le impostazioni di potenza.<\/p><p>Controllo tattile: un innovativo interruttore tattile facilita la regolazione della potenza (doppio clic per attivare, triplo clic per modificare la potenza, quadruplo clic per passare alla modalit\u00e0 di gioco, singolo clic per iniziare a giocare).<\/p><p>Design: compatto e leggero, facile da trasportare, elegante e moderno.<\/p><p>Flusso d'aria regolabile: flusso di vapore personalizzabile per soddisfare le vostre preferenze di fumatori.<\/p><h2>Caratteristiche e vantaggi del modello Fumot RandM Tornado 25000 :<\/h2><p>Facile da usare: Non \u00e8 necessaria alcuna manutenzione, ricarica o sostituzione di parti; basta aprire la confezione e utilizzare questa sigaretta elettronica.<\/p><p>Gusto: gli utenti apprezzano il sapore ricco e costante e il vapore cremoso, esaltato dalla resistenza a doppia maglia.<\/p><p>Autonomia: la batteria da 700 mAh, combinata con la funzione di ricarica rapida, consente ricariche e utilizzi ripetuti, evitando sprechi di e-liquid a causa della batteria scarica.<\/p><p>Portabilit\u00e0: il suo design leggero e compatto lo rende facile da spostare.<\/p><p>Funzione mini-giochi incorporata: supporta piccoli giochi, come i mini-giochi click-to-play, per un'esperienza di intrattenimento unica che raramente si trova su altre sigarette elettroniche usa e getta presenti sul mercato.<\/p>\t\t\t\t\t\t\t\t<\/div>\n\t\t\t\t<\/div>\n\t\t\t\t\t<\/div>\n\t\t\t\t<\/div>\n\t\t\t\t<\/div>","protected":false},"excerpt":{"rendered":"<p>La Fumot RandM Tornado 25000 Menthe Miami est une cigarette \u00e9lectronique \u00e0 dominante menthe fra\u00eeche, alliant une saveur menthol\u00e9e rafra\u00eechissante \u00e0 une touche sucr\u00e9e pour une exp\u00e9rience de fumeur rafra\u00eechissante et pure. D\u00e9crit comme \u00ab\u00a0comme \u00eatre sur une plage d&rsquo;\u00e9t\u00e9 \u00e0 Miami\u00a0\u00bb, cet ar\u00f4me allie menthe fra\u00eeche et douceur subtile pour les amateurs de cigarettes [&hellip;]<\/p>","protected":false},"featured_media":4266,"comment_status":"open","ping_status":"closed","template":"","meta":{"site-sidebar-layout":"no-sidebar","site-content-layout":"page-builder","ast-site-content-layout":"normal-width-container","site-content-style":"default","site-sidebar-style":"default","ast-global-header-display":"","ast-banner-title-visibility":"","ast-main-header-display":"","ast-hfb-above-header-display":"","ast-hfb-below-header-display":"","ast-hfb-mobile-header-display":"","site-post-title":"disabled","ast-breadcrumbs-content":"","ast-featured-img":"disabled","footer-sml-layout":"","theme-transparent-header-meta":"default","adv-header-id-meta":"","stick-header-meta":"default","header-above-stick-meta":"","header-main-stick-meta":"","header-below-stick-meta":"","astra-migrate-meta-layouts":"set","ast-page-background-enabled":"default","ast-page-background-meta":{"desktop":{"background-color":"","background-image":"","background-repeat":"repeat","background-position":"center center","background-size":"auto","background-attachment":"scroll","background-type":"","background-media":"","overlay-type":"","overlay-color":"","overlay-opacity":"","overlay-gradient":""},"tablet":{"background-color":"","background-image":"","background-repeat":"repeat","background-position":"center center","background-size":"auto","background-attachment":"scroll","background-type":"","background-media":"","overlay-type":"","overlay-color":"","overlay-opacity":"","overlay-gradient":""},"mobile":{"background-color":"","background-image":"","background-repeat":"repeat","background-position":"center center","background-size":"auto","background-attachment":"scroll","background-type":"","background-media":"","overlay-type":"","overlay-color":"","overlay-opacity":"","overlay-gradient":""}},"ast-content-background-meta":{"desktop":{"background-color":"var(--ast-global-color-5)","background-image":"","background-repeat":"repeat","background-position":"center center","background-size":"auto","background-attachment":"scroll","background-type":"","background-media":"","overlay-type":"","overlay-color":"","overlay-opacity":"","overlay-gradient":""},"tablet":{"background-color":"var(--ast-global-color-5)","background-image":"","background-repeat":"repeat","background-position":"center center","background-size":"auto","background-attachment":"scroll","background-type":"","background-media":"","overlay-type":"","overlay-color":"","overlay-opacity":"","overlay-gradient":""},"mobile":{"background-color":"var(--ast-global-color-5)","background-image":"","background-repeat":"repeat","background-position":"center center","background-size":"auto","background-attachment":"scroll","background-type":"","background-media":"","overlay-type":"","overlay-color":"","overlay-opacity":"","overlay-gradient":""}}},"product_brand":[42],"product_cat":[47,87,15],"product_tag":[],"class_list":{"0":"post-4398","1":"product","2":"type-product","3":"status-publish","4":"has-post-thumbnail","6":"product_brand-randm-tornado","7":"product_cat-randm-tornado-25000-allie-portabilite-et-personnalisation","8":"product_cat-puff-25k","9":"product_cat-magasin-cigarette-electronique","10":"desktop-align-center","11":"tablet-align-center","12":"mobile-align-center","13":"ast-product-gallery-layout-horizontal","14":"ast-product-single-variable","15":"ast-product-tabs-layout-horizontal","16":"ast-qv-on-image","18":"first","19":"instock","20":"sale","21":"shipping-taxable","22":"purchasable","23":"product-type-variable","24":"has-default-attributes"},"tiered_pricing_type":"fixed","tiered_pricing_fixed_rules":{"30":10.17,"60":9.22,"100":8.38,"200":8.08,"500":7.88,"1000":7.48},"tiered_pricing_product_settings":{"layout":"default","base_unit_name":{"singular":null,"plural":null},"default_variation":null},"tiered_pricing_minimum_quantity":null,"tiered_pricing_roles_data":[],"tiered_pricing_percentage_rules":[],"_links":{"self":[{"href":"https:\/\/puffvapestore.com\/it\/wp-json\/wp\/v2\/product\/4398","targetHints":{"allow":["GET"]}}],"collection":[{"href":"https:\/\/puffvapestore.com\/it\/wp-json\/wp\/v2\/product"}],"about":[{"href":"https:\/\/puffvapestore.com\/it\/wp-json\/wp\/v2\/types\/product"}],"replies":[{"embeddable":true,"href":"https:\/\/puffvapestore.com\/it\/wp-json\/wp\/v2\/comments?post=4398"}],"version-history":[{"count":11,"href":"https:\/\/puffvapestore.com\/it\/wp-json\/wp\/v2\/product\/4398\/revisions"}],"predecessor-version":[{"id":10739,"href":"https:\/\/puffvapestore.com\/it\/wp-json\/wp\/v2\/product\/4398\/revisions\/10739"}],"wp:featuredmedia":[{"embeddable":true,"href":"https:\/\/puffvapestore.com\/it\/wp-json\/wp\/v2\/media\/4266"}],"wp:attachment":[{"href":"https:\/\/puffvapestore.com\/it\/wp-json\/wp\/v2\/media?parent=4398"}],"wp:term":[{"taxonomy":"product_brand","embeddable":true,"href":"https:\/\/puffvapestore.com\/it\/wp-json\/wp\/v2\/product_brand?post=4398"},{"taxonomy":"product_cat","embeddable":true,"href":"https:\/\/puffvapestore.com\/it\/wp-json\/wp\/v2\/product_cat?post=4398"},{"taxonomy":"product_tag","embeddable":true,"href":"https:\/\/puffvapestore.com\/it\/wp-json\/wp\/v2\/product_tag?post=4398"}],"curies":[{"name":"wp","href":"https:\/\/api.w.org\/{rel}","templated":true}]}}