{"id":4370,"date":"2025-07-04T06:50:46","date_gmt":"2025-07-04T06:50:46","guid":{"rendered":"https:\/\/puffvapestore.com\/?post_type=product&#038;p=4370"},"modified":"2026-01-19T10:35:08","modified_gmt":"2026-01-19T10:35:08","slug":"puff-tornado-25000-blueberry-raspberry","status":"publish","type":"product","link":"https:\/\/puffvapestore.com\/it\/product\/puff-tornado-25000-mirtillo-lampone\/","title":{"rendered":"RandM Tornado 25000 - Mirtillo Lampone"},"content":{"rendered":"<div data-elementor-type=\"wp-post\" data-elementor-id=\"4370\" class=\"elementor elementor-4370\">\n\t\t\t\t<div class=\"elementor-element elementor-element-08c26f9 e-flex e-con-boxed e-con e-parent\" data-id=\"08c26f9\" data-element_type=\"container\" data-e-type=\"container\">\n\t\t\t\t\t<div class=\"e-con-inner\">\n\t\t\t\t<div class=\"elementor-element elementor-element-a005a97 elementor-widget elementor-widget-text-editor\" data-id=\"a005a97\" data-element_type=\"widget\" data-e-type=\"widget\" data-widget_type=\"text-editor.default\">\n\t\t\t\t<div class=\"elementor-widget-container\">\n\t\t\t\t\t\t\t\t\t<p>Il gusto di RandM Tornado 25000 Mirtillo e Lampone \u00e8 complesso ed equilibrato, e fonde il sapore unico di mirtilli e lamponi. L'esperienza \u00e8 agrodolce, ricca di sfumature.<\/p><h2>Caratteristiche del gusto<\/h2><p><strong>La dolcezza dei mirtilli :<\/strong><br \/>L'aroma di mirtillo domina, il gusto \u00e8 rotondo e pieno, con aromi fruttati naturali e una nota di marmellata, un sottile aroma dolce che ricorda i mirtilli maturi. Il sapore del mirtillo \u00e8 morbido e denso, con un aroma setoso di frutti di bosco.<\/p><p><strong>Lamponi freschi e aspri:<\/strong><br \/>Dopo la dolcezza dei mirtilli, il sapore del lampone emerge gradualmente, apportando una nota di vivace acidit\u00e0 e un fresco aroma fruttato. Le note dolci e aspre dei lamponi aggiungono un tocco di freschezza, come se si stessero assaporando lamponi appena colti.<\/p><h3>Un'esperienza armoniosa di equilibrio agrodolce:<\/h3><ul><li>Gusto complessivo: il gusto di Mirtillo e Lampone \u00e8 descritto come una \u00abarmonia fruttata\u00bb, in cui la dolcezza dei mirtilli completa l'acidit\u00e0 dei lamponi per creare un'esperienza gustativa morbida e rinfrescante.<\/li><li>Elementi: All'inspirazione, la dolcezza dei mirtilli domina, apportando dolcezza; poi l'acidit\u00e0 dei lamponi emerge gradualmente, apportando vitalit\u00e0; all'espirazione, i sapori dei due frutti si fondono, lasciando un retrogusto rinfrescante.<\/li><li>Dettagli: L'equilibrio di questo aroma consente un consumo quotidiano, soddisfacendo la voglia di dolce senza essere stucchevole. L'interazione tra dolce e acido rende ogni boccata di fumo piena di freschezza.<\/li><\/ul>\t\t\t\t\t\t\t\t<\/div>\n\t\t\t\t<\/div>\n\t\t\t\t\t<\/div>\n\t\t\t\t<\/div>\n\t\t<div class=\"elementor-element elementor-element-718b380 e-flex e-con-boxed e-con e-parent\" data-id=\"718b380\" data-element_type=\"container\" data-e-type=\"container\">\n\t\t\t\t\t<div class=\"e-con-inner\">\n\t\t\t\t<div class=\"elementor-element elementor-element-d2cc8fa elementor-widget elementor-widget-text-editor\" data-id=\"d2cc8fa\" data-element_type=\"widget\" data-e-type=\"widget\" data-widget_type=\"text-editor.default\">\n\t\t\t\t<div class=\"elementor-widget-container\">\n\t\t\t\t\t\t\t\t\t<h2>Specifiche del modello RandM Tornado 25K Blueberry Raspberry:<\/h2><p>Numero di boccate: Fino a 25.000, ideale per i fumatori accaniti o per chi desidera un uso prolungato senza frequenti sostituzioni.<\/p><p>Batteria: 700 mAh ricaricabile con ricarica rapida Type-C.<\/p><p>E-liquido: pre-riempito con 20 ml di e-liquido, concentrazione di sali di nicotina pari a 2 % o 5 %.<\/p><p>Tecnologia a resistenze: le resistenze a doppia maglia garantiscono un sapore ricco e costante e un vapore denso per tutta la durata della loro vita.<\/p><p>Display: dotato di un touch screen TFT ad alta definizione, visualizza in tempo reale il livello della batteria, il livello di e-liquid rimanente e le impostazioni di potenza.<\/p><p>Controllo tattile: un innovativo interruttore tattile facilita la regolazione della potenza (doppio clic per attivare, triplo clic per modificare la potenza, quadruplo clic per passare alla modalit\u00e0 di gioco, singolo clic per iniziare a giocare).<\/p><p>Design: compatto e leggero, facile da trasportare, elegante e moderno.<\/p><p>Flusso d'aria regolabile: flusso di vapore personalizzabile per soddisfare le vostre preferenze di fumatori.<\/p><h2>Caratteristiche e vantaggi del modello RandM Tornado 25000 :<\/h2><p>Facile da usare: Non \u00e8 necessaria alcuna manutenzione, ricarica o sostituzione di parti; basta aprire la confezione e utilizzare questa sigaretta elettronica.<\/p><p>Gusto: gli utenti apprezzano il sapore ricco e costante e il vapore cremoso, esaltato dalla resistenza a doppia maglia.<\/p><p>Autonomia: la batteria da 700 mAh, combinata con la funzione di ricarica rapida, consente ricariche e utilizzi ripetuti, evitando sprechi di e-liquid a causa della batteria scarica.<\/p><p>Portabilit\u00e0: il suo design leggero e compatto lo rende facile da spostare.<\/p><p>Funzione mini-giochi incorporata: supporta piccoli giochi, come i mini-giochi click-to-play, per un'esperienza di intrattenimento unica che raramente si trova su altre sigarette elettroniche usa e getta presenti sul mercato.<\/p>\t\t\t\t\t\t\t\t<\/div>\n\t\t\t\t<\/div>\n\t\t\t\t\t<\/div>\n\t\t\t\t<\/div>\n\t\t\t\t<\/div>","protected":false},"excerpt":{"rendered":"<p>Le go\u00fbt de la RandM Tornado 25000 Myrtille Framboise est complexe et \u00e9quilibr\u00e9, m\u00ealant l&rsquo;ar\u00f4me unique des myrtilles et des framboises. L&rsquo;exp\u00e9rience est aigre-douce, riche en nuances. Caract\u00e9ristiques gustatives La douceur des myrtilles\u00a0: L&rsquo;ar\u00f4me des myrtilles domine, le go\u00fbt est rond et ample, avec des ar\u00f4mes fruit\u00e9s naturels et une touche de confiture, un subtil [&hellip;]<\/p>\n","protected":false},"featured_media":4244,"comment_status":"open","ping_status":"closed","template":"","meta":{"site-sidebar-layout":"no-sidebar","site-content-layout":"page-builder","ast-site-content-layout":"normal-width-container","site-content-style":"default","site-sidebar-style":"default","ast-global-header-display":"","ast-banner-title-visibility":"","ast-main-header-display":"","ast-hfb-above-header-display":"","ast-hfb-below-header-display":"","ast-hfb-mobile-header-display":"","site-post-title":"disabled","ast-breadcrumbs-content":"","ast-featured-img":"disabled","footer-sml-layout":"","theme-transparent-header-meta":"default","adv-header-id-meta":"","stick-header-meta":"default","header-above-stick-meta":"","header-main-stick-meta":"","header-below-stick-meta":"","astra-migrate-meta-layouts":"set","ast-page-background-enabled":"default","ast-page-background-meta":{"desktop":{"background-color":"","background-image":"","background-repeat":"repeat","background-position":"center center","background-size":"auto","background-attachment":"scroll","background-type":"","background-media":"","overlay-type":"","overlay-color":"","overlay-opacity":"","overlay-gradient":""},"tablet":{"background-color":"","background-image":"","background-repeat":"repeat","background-position":"center center","background-size":"auto","background-attachment":"scroll","background-type":"","background-media":"","overlay-type":"","overlay-color":"","overlay-opacity":"","overlay-gradient":""},"mobile":{"background-color":"","background-image":"","background-repeat":"repeat","background-position":"center center","background-size":"auto","background-attachment":"scroll","background-type":"","background-media":"","overlay-type":"","overlay-color":"","overlay-opacity":"","overlay-gradient":""}},"ast-content-background-meta":{"desktop":{"background-color":"var(--ast-global-color-5)","background-image":"","background-repeat":"repeat","background-position":"center center","background-size":"auto","background-attachment":"scroll","background-type":"","background-media":"","overlay-type":"","overlay-color":"","overlay-opacity":"","overlay-gradient":""},"tablet":{"background-color":"var(--ast-global-color-5)","background-image":"","background-repeat":"repeat","background-position":"center center","background-size":"auto","background-attachment":"scroll","background-type":"","background-media":"","overlay-type":"","overlay-color":"","overlay-opacity":"","overlay-gradient":""},"mobile":{"background-color":"var(--ast-global-color-5)","background-image":"","background-repeat":"repeat","background-position":"center center","background-size":"auto","background-attachment":"scroll","background-type":"","background-media":"","overlay-type":"","overlay-color":"","overlay-opacity":"","overlay-gradient":""}}},"product_brand":[42],"product_cat":[47,87,15],"product_tag":[],"class_list":{"0":"post-4370","1":"product","2":"type-product","3":"status-publish","4":"has-post-thumbnail","6":"product_brand-randm-tornado","7":"product_cat-randm-tornado-25000-allie-portabilite-et-personnalisation","8":"product_cat-puff-25k","9":"product_cat-magasin-cigarette-electronique","10":"desktop-align-center","11":"tablet-align-center","12":"mobile-align-center","13":"ast-product-gallery-layout-horizontal","14":"ast-product-single-variable","15":"ast-product-tabs-layout-horizontal","16":"ast-qv-on-image","18":"first","19":"instock","20":"sale","21":"shipping-taxable","22":"purchasable","23":"product-type-variable","24":"has-default-attributes"},"tiered_pricing_type":"fixed","tiered_pricing_fixed_rules":{"30":10.17,"60":9.22,"100":8.38,"200":8.08,"500":7.88,"1000":7.48},"tiered_pricing_product_settings":{"layout":"default","base_unit_name":{"singular":null,"plural":null},"default_variation":null},"tiered_pricing_minimum_quantity":null,"tiered_pricing_roles_data":[],"tiered_pricing_percentage_rules":[],"_links":{"self":[{"href":"https:\/\/puffvapestore.com\/it\/wp-json\/wp\/v2\/product\/4370","targetHints":{"allow":["GET"]}}],"collection":[{"href":"https:\/\/puffvapestore.com\/it\/wp-json\/wp\/v2\/product"}],"about":[{"href":"https:\/\/puffvapestore.com\/it\/wp-json\/wp\/v2\/types\/product"}],"replies":[{"embeddable":true,"href":"https:\/\/puffvapestore.com\/it\/wp-json\/wp\/v2\/comments?post=4370"}],"version-history":[{"count":7,"href":"https:\/\/puffvapestore.com\/it\/wp-json\/wp\/v2\/product\/4370\/revisions"}],"predecessor-version":[{"id":10737,"href":"https:\/\/puffvapestore.com\/it\/wp-json\/wp\/v2\/product\/4370\/revisions\/10737"}],"wp:featuredmedia":[{"embeddable":true,"href":"https:\/\/puffvapestore.com\/it\/wp-json\/wp\/v2\/media\/4244"}],"wp:attachment":[{"href":"https:\/\/puffvapestore.com\/it\/wp-json\/wp\/v2\/media?parent=4370"}],"wp:term":[{"taxonomy":"product_brand","embeddable":true,"href":"https:\/\/puffvapestore.com\/it\/wp-json\/wp\/v2\/product_brand?post=4370"},{"taxonomy":"product_cat","embeddable":true,"href":"https:\/\/puffvapestore.com\/it\/wp-json\/wp\/v2\/product_cat?post=4370"},{"taxonomy":"product_tag","embeddable":true,"href":"https:\/\/puffvapestore.com\/it\/wp-json\/wp\/v2\/product_tag?post=4370"}],"curies":[{"name":"wp","href":"https:\/\/api.w.org\/{rel}","templated":true}]}}