{"id":4302,"date":"2025-07-03T22:27:59","date_gmt":"2025-07-03T22:27:59","guid":{"rendered":"https:\/\/puffvapestore.com\/?post_type=product&#038;p=4302"},"modified":"2026-01-19T10:35:08","modified_gmt":"2026-01-19T10:35:08","slug":"randm-tornado-25000-mode-jeu-integre-et-puissance-reglable","status":"publish","type":"product","link":"https:\/\/puffvapestore.com\/it\/product\/randm-tornado-25000-modalita-di-riproduzione-integrata-e-potenza-regolabile\/","title":{"rendered":"RandM Tornado 25000 : 25000 soffi, modalit\u00e0 di gioco integrata e potenza regolabile"},"content":{"rendered":"<div data-elementor-type=\"wp-post\" data-elementor-id=\"4302\" class=\"elementor elementor-4302\">\n\t\t\t\t<div class=\"elementor-element elementor-element-718b380 e-flex e-con-boxed e-con e-parent\" data-id=\"718b380\" data-element_type=\"container\" data-e-type=\"container\">\n\t\t\t\t\t<div class=\"e-con-inner\">\n\t\t\t\t<div class=\"elementor-element elementor-element-d2cc8fa elementor-widget elementor-widget-text-editor\" data-id=\"d2cc8fa\" data-element_type=\"widget\" data-e-type=\"widget\" data-widget_type=\"text-editor.default\">\n\t\t\t\t<div class=\"elementor-widget-container\">\n\t\t\t\t\t\t\t\t\t<h2>Specifiche del modello RandM Tornado 25000 :<\/h2><p>Numero di boccate: Fino a 25.000, ideale per i fumatori accaniti o per chi desidera un uso prolungato senza frequenti sostituzioni.<\/p><p>Batteria: 700 mAh ricaricabile con ricarica rapida Type-C.<\/p><p>E-liquido: pre-riempito con 20 ml di e-liquido, concentrazione di sali di nicotina pari a 2 % o 5 %.<\/p><p>Tecnologia a resistenze: le resistenze a doppia maglia garantiscono un sapore ricco e costante e un vapore denso per tutta la durata della loro vita.<\/p><p>Display: dotato di un touch screen TFT ad alta definizione, visualizza in tempo reale il livello della batteria, il livello di e-liquid rimanente e le impostazioni di potenza.<\/p><p>Controllo tattile: un innovativo interruttore tattile facilita la regolazione della potenza (doppio clic per attivare, triplo clic per modificare la potenza, quadruplo clic per passare alla modalit\u00e0 di gioco, singolo clic per iniziare a giocare).<\/p><p>Design: compatto e leggero, facile da trasportare, elegante e moderno.<\/p><p>Flusso d'aria regolabile: flusso di vapore personalizzabile per soddisfare le vostre preferenze di fumatori.<\/p><h2>Caratteristiche e vantaggi del modello RandM Tornado 25000 :<\/h2><p>Facile da usare: Non \u00e8 necessaria alcuna manutenzione, ricarica o sostituzione di parti; basta aprire la confezione e utilizzare questa sigaretta elettronica.<\/p><p>Gusto: gli utenti apprezzano il sapore ricco e costante e il vapore cremoso, esaltato dalla resistenza a doppia maglia.<\/p><p>Autonomia: la batteria da 700 mAh, combinata con la funzione di ricarica rapida, consente ricariche e utilizzi ripetuti, evitando sprechi di e-liquid a causa della batteria scarica.<\/p><p>Portabilit\u00e0: il suo design leggero e compatto lo rende facile da spostare.<\/p><p>Funzione mini-giochi incorporata: supporta piccoli giochi, come i mini-giochi click-to-play, per un'esperienza di intrattenimento unica che raramente si trova su altre sigarette elettroniche usa e getta presenti sul mercato.<\/p>\t\t\t\t\t\t\t\t<\/div>\n\t\t\t\t<\/div>\n\t\t\t\t\t<\/div>\n\t\t\t\t<\/div>\n\t\t<div class=\"elementor-element elementor-element-08c26f9 e-flex e-con-boxed e-con e-parent\" data-id=\"08c26f9\" data-element_type=\"container\" data-e-type=\"container\">\n\t\t\t\t\t<div class=\"e-con-inner\">\n\t\t\t\t<div class=\"elementor-element elementor-element-a005a97 elementor-widget elementor-widget-text-editor\" data-id=\"a005a97\" data-element_type=\"widget\" data-e-type=\"widget\" data-widget_type=\"text-editor.default\">\n\t\t\t\t<div class=\"elementor-widget-container\">\n\t\t\t\t\t\t\t\t\t<h2>Il modello Fumot RandM Tornado 25000 offre fino a 25 gusti<\/h2><p>Il modello Fumot RandM Tornado 25000 offre fino a 25 gusti, che coprono una variet\u00e0 di sapori come frutta, fresco e dessert, per soddisfare le preferenze di ogni utente. I gusti frutta includono \u00abBanana congelata\u00bb, \u00abPesca succosa congelata\u00bb, \u00abAnanas congelato\u00bb, \u00abFragola anguria\u00bb, ecc. che offrono un ricco aroma fruttato e una sensazione di freschezza; \u00abLampone mirtillo\u00bb, \u00abUva limone\u00bb e \u00abPesca mango anguria\u00bb offrono una ricca esperienza con vari gusti di frutta. Inoltre, \u00abKiwi Passionfruit Guava\u00bb e \u00abTropical Rainbow Blast\u00bb offrono un'esperienza di gusto complessa e tropicale per gli amanti dei sapori esotici.<\/p><p>Gusti rinfrescanti come \u00abCool Mint\u00bb, \u00abMiami Mint\u00bb, \u00abBlack Ice\u00bb e \u00abLush Ice\u00bb sono rinfrescanti con una base di menta o ghiaccio, ideali per chi cerca una sensazione di freschezza. \u00abBlueberry Ice\u00bb, \u00abGrape Ice\u00bb e \u00abWatermelon Ice\u00bb aggiungono note ghiacciate alla base fruttata per esaltare la freschezza del gusto. I gusti unici di dessert e bevande come Cherry Cola, Strawberry Mint Candy e White Gummy Ice offrono opzioni dolci e originali per un'esperienza pi\u00f9 indulgente.<\/p><p>Inoltre, \u00abDouble Apple\u00bb e \u00abCherry Bomb\u00bb evidenziano il sapore intenso di un singolo frutto, mentre Dr. Blue \u00e8 noto per la sua misteriosa miscela di frutti blu, che offre un'esperienza unica.<\/p>\t\t\t\t\t\t\t\t<\/div>\n\t\t\t\t<\/div>\n\t\t\t\t\t<\/div>\n\t\t\t\t<\/div>\n\t\t\t\t<\/div>","protected":false},"excerpt":{"rendered":"<p>Sp\u00e9cifications du RandM Tornado 25000\u00a0: Nombre de bouff\u00e9es\u00a0: Jusqu\u2019\u00e0 25000, id\u00e9al pour les gros fumeurs ou ceux qui recherchent une utilisation longue dur\u00e9e sans remplacements fr\u00e9quents. Batterie\u00a0: Batterie rechargeable de 700\u00a0mAh avec charge rapide Type-C. E-liquide\u00a0: Pr\u00e9rempli de 20\u00a0ml d\u2019e-liquide, concentration en sels de nicotine de 2\u00a0% ou 5\u00a0%. Technologie de r\u00e9sistance\u00a0: Les r\u00e9sistances \u00e0 [&hellip;]<\/p>\n","protected":false},"featured_media":4238,"comment_status":"open","ping_status":"closed","template":"","meta":{"site-sidebar-layout":"no-sidebar","site-content-layout":"page-builder","ast-site-content-layout":"normal-width-container","site-content-style":"default","site-sidebar-style":"default","ast-global-header-display":"","ast-banner-title-visibility":"","ast-main-header-display":"","ast-hfb-above-header-display":"","ast-hfb-below-header-display":"","ast-hfb-mobile-header-display":"","site-post-title":"disabled","ast-breadcrumbs-content":"","ast-featured-img":"disabled","footer-sml-layout":"","theme-transparent-header-meta":"default","adv-header-id-meta":"","stick-header-meta":"default","header-above-stick-meta":"","header-main-stick-meta":"","header-below-stick-meta":"","astra-migrate-meta-layouts":"set","ast-page-background-enabled":"default","ast-page-background-meta":{"desktop":{"background-color":"","background-image":"","background-repeat":"repeat","background-position":"center center","background-size":"auto","background-attachment":"scroll","background-type":"","background-media":"","overlay-type":"","overlay-color":"","overlay-opacity":"","overlay-gradient":""},"tablet":{"background-color":"","background-image":"","background-repeat":"repeat","background-position":"center center","background-size":"auto","background-attachment":"scroll","background-type":"","background-media":"","overlay-type":"","overlay-color":"","overlay-opacity":"","overlay-gradient":""},"mobile":{"background-color":"","background-image":"","background-repeat":"repeat","background-position":"center center","background-size":"auto","background-attachment":"scroll","background-type":"","background-media":"","overlay-type":"","overlay-color":"","overlay-opacity":"","overlay-gradient":""}},"ast-content-background-meta":{"desktop":{"background-color":"var(--ast-global-color-5)","background-image":"","background-repeat":"repeat","background-position":"center center","background-size":"auto","background-attachment":"scroll","background-type":"","background-media":"","overlay-type":"","overlay-color":"","overlay-opacity":"","overlay-gradient":""},"tablet":{"background-color":"var(--ast-global-color-5)","background-image":"","background-repeat":"repeat","background-position":"center center","background-size":"auto","background-attachment":"scroll","background-type":"","background-media":"","overlay-type":"","overlay-color":"","overlay-opacity":"","overlay-gradient":""},"mobile":{"background-color":"var(--ast-global-color-5)","background-image":"","background-repeat":"repeat","background-position":"center center","background-size":"auto","background-attachment":"scroll","background-type":"","background-media":"","overlay-type":"","overlay-color":"","overlay-opacity":"","overlay-gradient":""}}},"product_brand":[42],"product_cat":[47,87,15],"product_tag":[],"class_list":{"0":"post-4302","1":"product","2":"type-product","3":"status-publish","4":"has-post-thumbnail","6":"product_brand-randm-tornado","7":"product_cat-randm-tornado-25000-allie-portabilite-et-personnalisation","8":"product_cat-puff-25k","9":"product_cat-magasin-cigarette-electronique","10":"desktop-align-center","11":"tablet-align-center","12":"mobile-align-center","13":"ast-product-gallery-layout-horizontal","14":"ast-product-single-variable","15":"ast-product-tabs-layout-horizontal","16":"ast-qv-on-image","18":"first","19":"instock","20":"sale","21":"shipping-taxable","22":"purchasable","23":"product-type-variable","24":"has-default-attributes"},"tiered_pricing_type":"fixed","tiered_pricing_fixed_rules":{"30":10.17,"60":9.22,"100":8.38,"200":8.08,"500":7.88,"1000":7.48},"tiered_pricing_product_settings":{"layout":"default","base_unit_name":{"singular":null,"plural":null},"default_variation":null},"tiered_pricing_minimum_quantity":null,"tiered_pricing_roles_data":[],"tiered_pricing_percentage_rules":[],"_links":{"self":[{"href":"https:\/\/puffvapestore.com\/it\/wp-json\/wp\/v2\/product\/4302","targetHints":{"allow":["GET"]}}],"collection":[{"href":"https:\/\/puffvapestore.com\/it\/wp-json\/wp\/v2\/product"}],"about":[{"href":"https:\/\/puffvapestore.com\/it\/wp-json\/wp\/v2\/types\/product"}],"replies":[{"embeddable":true,"href":"https:\/\/puffvapestore.com\/it\/wp-json\/wp\/v2\/comments?post=4302"}],"version-history":[{"count":7,"href":"https:\/\/puffvapestore.com\/it\/wp-json\/wp\/v2\/product\/4302\/revisions"}],"predecessor-version":[{"id":10746,"href":"https:\/\/puffvapestore.com\/it\/wp-json\/wp\/v2\/product\/4302\/revisions\/10746"}],"wp:featuredmedia":[{"embeddable":true,"href":"https:\/\/puffvapestore.com\/it\/wp-json\/wp\/v2\/media\/4238"}],"wp:attachment":[{"href":"https:\/\/puffvapestore.com\/it\/wp-json\/wp\/v2\/media?parent=4302"}],"wp:term":[{"taxonomy":"product_brand","embeddable":true,"href":"https:\/\/puffvapestore.com\/it\/wp-json\/wp\/v2\/product_brand?post=4302"},{"taxonomy":"product_cat","embeddable":true,"href":"https:\/\/puffvapestore.com\/it\/wp-json\/wp\/v2\/product_cat?post=4302"},{"taxonomy":"product_tag","embeddable":true,"href":"https:\/\/puffvapestore.com\/it\/wp-json\/wp\/v2\/product_tag?post=4302"}],"curies":[{"name":"wp","href":"https:\/\/api.w.org\/{rel}","templated":true}]}}