{"id":4229,"date":"2025-07-03T08:20:32","date_gmt":"2025-07-03T08:20:32","guid":{"rendered":"https:\/\/puffvapestore.com\/?post_type=product&#038;p=4229"},"modified":"2026-01-19T10:36:52","modified_gmt":"2026-01-19T10:36:52","slug":"puff-20000-taf-randm-tornado-20k-peach-berry","status":"publish","type":"product","link":"https:\/\/puffvapestore.com\/it\/product\/puff-20000-taf-randm-tornado-20k-bacca-di-pesca\/","title":{"rendered":"RandM Tornado 20000 - Bacca di pesca"},"content":{"rendered":"<div data-elementor-type=\"wp-post\" data-elementor-id=\"4229\" class=\"elementor elementor-4229\">\n\t\t\t\t<div class=\"elementor-element elementor-element-08c26f9 e-flex e-con-boxed e-con e-parent\" data-id=\"08c26f9\" data-element_type=\"container\" data-e-type=\"container\">\n\t\t\t\t\t<div class=\"e-con-inner\">\n\t\t\t\t<div class=\"elementor-element elementor-element-a005a97 elementor-widget elementor-widget-text-editor\" data-id=\"a005a97\" data-element_type=\"widget\" data-e-type=\"widget\" data-widget_type=\"text-editor.default\">\n\t\t\t\t<div class=\"elementor-widget-container\">\n\t\t\t\t\t\t\t\t\t<p>L'aroma Peach &amp; Berry \u00e8 ideale per l'uso quotidiano grazie alle sue note dolci e rinfrescanti, soprattutto in estate o per sollevare il morale. Il suo sapore ricco e fruttato, senza essere irritante, \u00e8 ideale per fumare tutto il giorno e offre una piacevole esperienza, sia per rilassarsi che per socializzare. Durante l'inalazione, il gusto dolce e succoso della pesca evoca un frutteto, mentre durante l'espirazione, la freschezza delle bacche evoca l'alito fresco del bosco.<\/p><h2>Caratteristiche del sapore della pesca :<\/h2><p>Appena si apre la bocca, si percepisce l'intensa dolcezza di una pesca gialla matura, come la polpa succosa di un frutto appena tagliato. Dolce senza essere unta, ha un aroma naturale di frutta e una consistenza liscia, leggermente simile alla pectina. L'aroma di pesca permane a lungo, mentre il retrogusto \u00e8 fresco e morbido, fornendo una base rotonda all'esperienza complessiva.<\/p><h2>Caratteristiche gustative delle bacche :<\/h2><p>L'armonia delle note leggermente aspre di mirtillo, lampone e fragola esalta l'insieme. La fresca acidit\u00e0 dei frutti di bosco si avverte fin dalla prima inspirazione, per poi diventare dolce nel cuore, aiutando a conciliare la dolcezza della pesca.<\/p><h2>Caratteristiche del gusto :<\/h2><ul><li>Una nota principale dolce, una nota secondaria piccante: la dolcezza pronunciata della pesca domina, mentre l'acidit\u00e0 dei frutti di bosco costituisce la base, creando una fragranza complementare.<\/li><li>Un palato ricco e complesso: la nota di testa \u00e8 dominata dalla pesca, la nota centrale \u00e8 una fusione di pesca e frutti di bosco, mentre la nota di fondo \u00e8 costituita da frutti di bosco dolci e aspri.<\/li><li>Adatto a: persone che amano i sapori fruttati e dolci, ma sperano che il gusto non sia troppo monotono.<\/li><\/ul>\t\t\t\t\t\t\t\t<\/div>\n\t\t\t\t<\/div>\n\t\t\t\t\t<\/div>\n\t\t\t\t<\/div>\n\t\t<div class=\"elementor-element elementor-element-718b380 e-flex e-con-boxed e-con e-parent\" data-id=\"718b380\" data-element_type=\"container\" data-e-type=\"container\">\n\t\t\t\t\t<div class=\"e-con-inner\">\n\t\t\t\t<div class=\"elementor-element elementor-element-d2cc8fa elementor-widget elementor-widget-text-editor\" data-id=\"d2cc8fa\" data-element_type=\"widget\" data-e-type=\"widget\" data-widget_type=\"text-editor.default\">\n\t\t\t\t<div class=\"elementor-widget-container\">\n\t\t\t\t\t\t\t\t\t<p><strong>Capacit\u00e0 di fumo superiore<\/strong><br \/>Il modello RandM Tornado 20000 ridefinisce la sigaretta elettronica usa e getta con un'eccezionale capacit\u00e0 fino a 20.000 boccate. Progettata per durare pi\u00f9 a lungo delle sigarette elettroniche usa e getta tradizionali, \u00e8 ideale per i vapers pi\u00f9 assidui, per chi viaggia spesso e per tutti coloro che cercano una soluzione affidabile e di lunga durata senza dover sostituire frequentemente la sigaretta elettronica.<\/p><p><strong>Potente batteria ricaricabile<\/strong><br \/>La Tornado 20000 \u00e8 dotata di una potente batteria al litio ricaricabile da 850 mAh per un utilizzo duraturo, anche con carichi pesanti. La compatibilit\u00e0 con la ricarica rapida USB-C consente di caricarla in modo rapido, efficiente e stabile, massimizzando la capacit\u00e0 dell'e-liquid e riducendo al minimo i tempi di inattivit\u00e0.<\/p><p><strong>Grande riserva di e-liquid da 20 ml<\/strong><br \/>Pre-riempito con 20 ml di e-liquid premium, disponibile in concentrazioni di nicotina di 2 % (20 mg) e 5 % (50 mg) per soddisfare le esigenze di ogni utente. Realizzato con materie prime di qualit\u00e0 alimentare che soddisfano gli standard di sicurezza internazionali, questo e-liquid \u00e8 ricco di sapore e aumenta notevolmente il piacere e la soddisfazione dell'inalazione.<\/p><p><strong>Riscaldamento a doppia maglia + sistema di aspirazione regolabile<\/strong><br \/>Dotata di tecnologia a doppia maglia di resistenze, migliora notevolmente l'uniformit\u00e0 di riscaldamento e l'efficienza di atomizzazione, offrendo un'esperienza di gusto pi\u00f9 densa e pi\u00f9 fluida, pi\u00f9 vicina al fumo reale. Grazie al sistema di tiraggio regolabile, gli utenti possono passare liberamente dalla modalit\u00e0 single coil (bassa potenza) a quella dual coil (alta potenza) per un'esperienza di tiraggio personalizzata.<\/p><p><strong>Display LED intelligente, chiaro a colpo d'occhio<\/strong><br \/>Il display LED intelligente integrato mostra l'alimentazione e il livello di e-liquid rimanente in tempo reale. Gli utenti possono vedere chiaramente lo stato del dispositivo per evitare improvvise interruzioni di corrente o l'esaurimento dell'e-liquid. Il design intuitivo e la facilit\u00e0 d'uso lo rendono adatto a tutti gli utenti, soprattutto ai principianti.<\/p><p><strong>Squisito, portatile ed elegante<\/strong><br \/>Il modello Tornado 20000 combina funzionalit\u00e0 pratica ed eleganza. Il suo design compatto e leggero si infila facilmente in tasca o in borsa, rendendola la compagna perfetta per gli spostamenti quotidiani, i viaggi o le serate fuori casa. Disponibile in una variet\u00e0 di colori vivaci e design alla moda, non \u00e8 solo una sigaretta elettronica elegante, ma anche un accessorio di moda irrinunciabile.<\/p><p><strong>Un'esperienza davvero pronta per l'uso fin dalla confezione<\/strong><br \/>Non \u00e8 necessario aggiungere e-liquid, sostituire i nuclei degli atomizzatori o pulire il dispositivo. Il modello RandM Tornado 20000 non richiede manutenzione e utilizza un sistema di attivazione automatica dell'inalazione. \u00c8 facile e veloce da usare fin dall'inizio. \u00c8 particolarmente indicata per i principianti, per chi lavora in ufficio o per chi vuole liberarsi dai vincoli delle sigarette tradizionali.<\/p><p><strong>Altri punti salienti :<\/strong><\/p><ul><li>Struttura a prova di perdite: tecnologia a prova di perdite con guarnizioni multiple, niente pi\u00f9 perdite di e-liquid.<\/li><li>Gestione automatica del risparmio energetico: standby automatico in caso di inattivit\u00e0 per prolungare la durata della batteria.<\/li><\/ul>\t\t\t\t\t\t\t\t<\/div>\n\t\t\t\t<\/div>\n\t\t\t\t\t<\/div>\n\t\t\t\t<\/div>\n\t\t\t\t<\/div>","protected":false},"excerpt":{"rendered":"<p>L&rsquo;ar\u00f4me P\u00eache et Baies est id\u00e9al pour un usage quotidien gr\u00e2ce \u00e0 ses notes sucr\u00e9es et rafra\u00eechissantes, notamment en \u00e9t\u00e9 ou pour se remonter le moral. Son ar\u00f4me riche et fruit\u00e9, sans \u00eatre irritant, est id\u00e9al pour fumer toute la journ\u00e9e et offre une exp\u00e9rience agr\u00e9able, que ce soit pour se d\u00e9tendre ou pour des [&hellip;]<\/p>","protected":false},"featured_media":8451,"comment_status":"open","ping_status":"closed","template":"","meta":{"site-sidebar-layout":"no-sidebar","site-content-layout":"page-builder","ast-site-content-layout":"normal-width-container","site-content-style":"default","site-sidebar-style":"default","ast-global-header-display":"","ast-banner-title-visibility":"","ast-main-header-display":"","ast-hfb-above-header-display":"","ast-hfb-below-header-display":"","ast-hfb-mobile-header-display":"","site-post-title":"disabled","ast-breadcrumbs-content":"","ast-featured-img":"disabled","footer-sml-layout":"","theme-transparent-header-meta":"default","adv-header-id-meta":"","stick-header-meta":"default","header-above-stick-meta":"","header-main-stick-meta":"","header-below-stick-meta":"","astra-migrate-meta-layouts":"set","ast-page-background-enabled":"default","ast-page-background-meta":{"desktop":{"background-color":"","background-image":"","background-repeat":"repeat","background-position":"center center","background-size":"auto","background-attachment":"scroll","background-type":"","background-media":"","overlay-type":"","overlay-color":"","overlay-opacity":"","overlay-gradient":""},"tablet":{"background-color":"","background-image":"","background-repeat":"repeat","background-position":"center center","background-size":"auto","background-attachment":"scroll","background-type":"","background-media":"","overlay-type":"","overlay-color":"","overlay-opacity":"","overlay-gradient":""},"mobile":{"background-color":"","background-image":"","background-repeat":"repeat","background-position":"center center","background-size":"auto","background-attachment":"scroll","background-type":"","background-media":"","overlay-type":"","overlay-color":"","overlay-opacity":"","overlay-gradient":""}},"ast-content-background-meta":{"desktop":{"background-color":"var(--ast-global-color-5)","background-image":"","background-repeat":"repeat","background-position":"center center","background-size":"auto","background-attachment":"scroll","background-type":"","background-media":"","overlay-type":"","overlay-color":"","overlay-opacity":"","overlay-gradient":""},"tablet":{"background-color":"var(--ast-global-color-5)","background-image":"","background-repeat":"repeat","background-position":"center center","background-size":"auto","background-attachment":"scroll","background-type":"","background-media":"","overlay-type":"","overlay-color":"","overlay-opacity":"","overlay-gradient":""},"mobile":{"background-color":"var(--ast-global-color-5)","background-image":"","background-repeat":"repeat","background-position":"center center","background-size":"auto","background-attachment":"scroll","background-type":"","background-media":"","overlay-type":"","overlay-color":"","overlay-opacity":"","overlay-gradient":""}}},"product_brand":[42],"product_cat":[46,85,77,15],"product_tag":[],"class_list":{"0":"post-4229","1":"product","2":"type-product","3":"status-publish","4":"has-post-thumbnail","6":"product_brand-randm-tornado","7":"product_cat-randm-tornado-20000-performances-fiables","8":"product_cat-puff-20k","9":"product_cat-entrepot-de-lue","10":"product_cat-magasin-cigarette-electronique","11":"desktop-align-center","12":"tablet-align-center","13":"mobile-align-center","14":"ast-product-gallery-layout-horizontal","15":"ast-product-single-variable","16":"ast-product-tabs-layout-horizontal","17":"ast-qv-on-image","19":"first","20":"instock","21":"sale","22":"shipping-taxable","23":"purchasable","24":"product-type-variable","25":"has-default-attributes"},"tiered_pricing_type":"fixed","tiered_pricing_fixed_rules":{"30":10.37,"60":9.19,"100":7.85,"200":7.69,"500":7.19,"1000":7.09},"tiered_pricing_product_settings":{"layout":"default","base_unit_name":{"singular":null,"plural":null},"default_variation":null},"tiered_pricing_minimum_quantity":null,"tiered_pricing_roles_data":[],"tiered_pricing_percentage_rules":[],"_links":{"self":[{"href":"https:\/\/puffvapestore.com\/it\/wp-json\/wp\/v2\/product\/4229","targetHints":{"allow":["GET"]}}],"collection":[{"href":"https:\/\/puffvapestore.com\/it\/wp-json\/wp\/v2\/product"}],"about":[{"href":"https:\/\/puffvapestore.com\/it\/wp-json\/wp\/v2\/types\/product"}],"replies":[{"embeddable":true,"href":"https:\/\/puffvapestore.com\/it\/wp-json\/wp\/v2\/comments?post=4229"}],"version-history":[{"count":8,"href":"https:\/\/puffvapestore.com\/it\/wp-json\/wp\/v2\/product\/4229\/revisions"}],"predecessor-version":[{"id":10323,"href":"https:\/\/puffvapestore.com\/it\/wp-json\/wp\/v2\/product\/4229\/revisions\/10323"}],"wp:featuredmedia":[{"embeddable":true,"href":"https:\/\/puffvapestore.com\/it\/wp-json\/wp\/v2\/media\/8451"}],"wp:attachment":[{"href":"https:\/\/puffvapestore.com\/it\/wp-json\/wp\/v2\/media?parent=4229"}],"wp:term":[{"taxonomy":"product_brand","embeddable":true,"href":"https:\/\/puffvapestore.com\/it\/wp-json\/wp\/v2\/product_brand?post=4229"},{"taxonomy":"product_cat","embeddable":true,"href":"https:\/\/puffvapestore.com\/it\/wp-json\/wp\/v2\/product_cat?post=4229"},{"taxonomy":"product_tag","embeddable":true,"href":"https:\/\/puffvapestore.com\/it\/wp-json\/wp\/v2\/product_tag?post=4229"}],"curies":[{"name":"wp","href":"https:\/\/api.w.org\/{rel}","templated":true}]}}