{"id":4193,"date":"2025-07-02T11:47:04","date_gmt":"2025-07-02T11:47:04","guid":{"rendered":"https:\/\/puffvapestore.com\/?post_type=product&#038;p=4193"},"modified":"2026-01-19T10:36:52","modified_gmt":"2026-01-19T10:36:52","slug":"puff-tornado-20000-cherry","status":"publish","type":"product","link":"https:\/\/puffvapestore.com\/it\/product\/soffio-tornado-20000-ciliegia\/","title":{"rendered":"RandM Tornado 20000 - Ciliegia"},"content":{"rendered":"<div data-elementor-type=\"wp-post\" data-elementor-id=\"4193\" class=\"elementor elementor-4193\">\n\t\t\t\t<div class=\"elementor-element elementor-element-08c26f9 e-flex e-con-boxed e-con e-parent\" data-id=\"08c26f9\" data-element_type=\"container\" data-e-type=\"container\">\n\t\t\t\t\t<div class=\"e-con-inner\">\n\t\t\t\t<div class=\"elementor-element elementor-element-a005a97 elementor-widget elementor-widget-text-editor\" data-id=\"a005a97\" data-element_type=\"widget\" data-e-type=\"widget\" data-widget_type=\"text-editor.default\">\n\t\t\t\t<div class=\"elementor-widget-container\">\n\t\t\t\t\t\t\t\t\t<p>In una notte romantica in Francia, mentre la notte copre la terra, il treno canta dolcemente sulle rotaie e la luce della luna attraverso il finestrino illumina i vigneti e i campi di lavanda. Prendete in mano una RandM Tornado 20000 aroma di ciliegia, appoggiatevi al finestrino della carrozza notturna, fate una leggera boccata e immergete immediatamente le vostre papille gustative nel dolce e succoso sapore delle ciliegie. Con il suo design unico e le sue eccellenti prestazioni, questa sigaretta elettronica si adatta perfettamente all'atmosfera elegante e rilassata della Francia, diventando un prodotto essenziale per i viaggi.<\/p><h3>Aroma di ciliegia: un mix perfetto di dolcezza e freschezza<\/h3><p>L'aroma di ciliegia \u00e8 una delle caratteristiche principali di RandM Tornado 20000. Ogni morso offre l'intensa dolcezza delle ciliegie mature, accompagnata da una nota di fresca acidit\u00e0 fruttata, come se si stesse cogliendo una ciliegia fresca da un frutteto provenzale in estate, e il succo sbocciasse tra le labbra e i denti. Che siate soli al finestrino di uno scompartimento del treno, a godervi la brezza notturna, o a chiacchierare con gli amici sulla terrazza di un caff\u00e8 parigino, questo aroma di ciliegia vi regaler\u00e0 un piacevole piacere sensoriale. Il suo gusto \u00e8 ricco senza essere unto, morbido e sottilmente fresco, in perfetta armonia con la ricerca francese di raffinatezza ed equilibrio.<\/p>\t\t\t\t\t\t\t\t<\/div>\n\t\t\t\t<\/div>\n\t\t\t\t\t<\/div>\n\t\t\t\t<\/div>\n\t\t<div class=\"elementor-element elementor-element-718b380 e-flex e-con-boxed e-con e-parent\" data-id=\"718b380\" data-element_type=\"container\" data-e-type=\"container\">\n\t\t\t\t\t<div class=\"e-con-inner\">\n\t\t\t\t<div class=\"elementor-element elementor-element-d2cc8fa elementor-widget elementor-widget-text-editor\" data-id=\"d2cc8fa\" data-element_type=\"widget\" data-e-type=\"widget\" data-widget_type=\"text-editor.default\">\n\t\t\t\t<div class=\"elementor-widget-container\">\n\t\t\t\t\t\t\t\t\t<p><strong>Capacit\u00e0 di fumo superiore<\/strong><br \/>Il modello RandM Tornado 20000 Cherry ridefinisce il concetto di sigaretta elettronica usa e getta con un'eccezionale capacit\u00e0 fino a 20.000 boccate. Progettata per durare pi\u00f9 a lungo delle sigarette elettroniche usa e getta tradizionali, \u00e8 ideale per i vapers pi\u00f9 assidui, per chi viaggia spesso e per tutti coloro che cercano una soluzione affidabile e di lunga durata senza dover sostituire frequentemente la sigaretta elettronica.<\/p><p><strong>Potente batteria ricaricabile<\/strong><br \/>La Tornado 20000 \u00e8 dotata di una potente batteria al litio ricaricabile da 850 mAh per un utilizzo duraturo, anche con carichi pesanti. La compatibilit\u00e0 con la ricarica rapida USB-C consente di caricarla in modo rapido, efficiente e stabile, massimizzando la capacit\u00e0 dell'e-liquid e riducendo al minimo i tempi di inattivit\u00e0.<\/p><p><strong>Grande riserva di e-liquid da 20 ml<\/strong><br \/>Pre-riempito con 20 ml di e-liquid premium, disponibile in concentrazioni di nicotina di 2 % (20 mg) e 5 % (50 mg) per soddisfare le esigenze di ogni utente. Realizzato con materie prime di qualit\u00e0 alimentare che soddisfano gli standard di sicurezza internazionali, questo e-liquid \u00e8 ricco di sapore e aumenta notevolmente il piacere e la soddisfazione dell'inalazione.<\/p><p><strong>Riscaldamento a doppia maglia + sistema di aspirazione regolabile<\/strong><br \/>Dotata di tecnologia a doppia maglia di resistenze, migliora notevolmente l'uniformit\u00e0 di riscaldamento e l'efficienza di atomizzazione, offrendo un'esperienza di gusto pi\u00f9 densa e pi\u00f9 fluida, pi\u00f9 vicina al fumo reale. Grazie al sistema di tiraggio regolabile, gli utenti possono passare liberamente dalla modalit\u00e0 single coil (bassa potenza) a quella dual coil (alta potenza) per un'esperienza di tiraggio personalizzata.<\/p><p><strong>Display LED intelligente, chiaro a colpo d'occhio<\/strong><br \/>Il display LED intelligente integrato mostra l'alimentazione e il livello di e-liquid rimanente in tempo reale. Gli utenti possono vedere chiaramente lo stato del dispositivo per evitare improvvise interruzioni di corrente o l'esaurimento dell'e-liquid. Il design intuitivo e la facilit\u00e0 d'uso lo rendono adatto a tutti gli utenti, soprattutto ai principianti.<\/p><p><strong>Squisito, portatile ed elegante<\/strong><br \/>Il modello Tornado 20000 Cherry combina funzionalit\u00e0 pratica ed eleganza. Il suo design compatto e leggero si infila facilmente in tasca o in borsa, rendendola la compagna perfetta per gli spostamenti quotidiani, i viaggi o le serate fuori casa. Disponibile in una variet\u00e0 di colori vivaci e design alla moda, non \u00e8 solo una sigaretta elettronica elegante, ma anche un accessorio di moda irrinunciabile.<\/p><p><strong>Un'esperienza davvero pronta per l'uso fin dalla confezione<\/strong><br \/>Non \u00e8 necessario aggiungere e-liquid, sostituire i nuclei degli atomizzatori o pulire il dispositivo. Il modello RandM Tornado 20000 non richiede manutenzione e utilizza un sistema di attivazione automatica dell'inalazione. \u00c8 facile e veloce da usare fin dall'inizio. \u00c8 particolarmente indicata per i principianti, per chi lavora in ufficio o per chi vuole liberarsi dai vincoli delle sigarette tradizionali.<\/p><p><strong>Altri punti salienti :<\/strong><\/p><ul><li>Struttura a prova di perdite: tecnologia a prova di perdite con guarnizioni multiple, niente pi\u00f9 perdite di e-liquid.<\/li><li>Gestione automatica del risparmio energetico: standby automatico in caso di inattivit\u00e0 per prolungare la durata della batteria.<\/li><\/ul>\t\t\t\t\t\t\t\t<\/div>\n\t\t\t\t<\/div>\n\t\t\t\t\t<\/div>\n\t\t\t\t<\/div>\n\t\t\t\t<\/div>","protected":false},"excerpt":{"rendered":"<p>Par une nuit romantique en France, alors que la nuit recouvre la terre, le train chante doucement sur les rails et que le clair de lune par la fen\u00eatre \u00e9claire les vignobles et les champs de lavande. Tenez une RandM Tornado 20000 saveur cerise, adoss\u00e9e \u00e0 la fen\u00eatre du wagon de nuit, prenez une l\u00e9g\u00e8re [&hellip;]<\/p>","protected":false},"featured_media":8439,"comment_status":"open","ping_status":"closed","template":"","meta":{"site-sidebar-layout":"no-sidebar","site-content-layout":"page-builder","ast-site-content-layout":"normal-width-container","site-content-style":"default","site-sidebar-style":"default","ast-global-header-display":"","ast-banner-title-visibility":"","ast-main-header-display":"","ast-hfb-above-header-display":"","ast-hfb-below-header-display":"","ast-hfb-mobile-header-display":"","site-post-title":"disabled","ast-breadcrumbs-content":"","ast-featured-img":"disabled","footer-sml-layout":"","theme-transparent-header-meta":"default","adv-header-id-meta":"","stick-header-meta":"default","header-above-stick-meta":"","header-main-stick-meta":"","header-below-stick-meta":"","astra-migrate-meta-layouts":"set","ast-page-background-enabled":"default","ast-page-background-meta":{"desktop":{"background-color":"","background-image":"","background-repeat":"repeat","background-position":"center center","background-size":"auto","background-attachment":"scroll","background-type":"","background-media":"","overlay-type":"","overlay-color":"","overlay-opacity":"","overlay-gradient":""},"tablet":{"background-color":"","background-image":"","background-repeat":"repeat","background-position":"center center","background-size":"auto","background-attachment":"scroll","background-type":"","background-media":"","overlay-type":"","overlay-color":"","overlay-opacity":"","overlay-gradient":""},"mobile":{"background-color":"","background-image":"","background-repeat":"repeat","background-position":"center center","background-size":"auto","background-attachment":"scroll","background-type":"","background-media":"","overlay-type":"","overlay-color":"","overlay-opacity":"","overlay-gradient":""}},"ast-content-background-meta":{"desktop":{"background-color":"var(--ast-global-color-5)","background-image":"","background-repeat":"repeat","background-position":"center center","background-size":"auto","background-attachment":"scroll","background-type":"","background-media":"","overlay-type":"","overlay-color":"","overlay-opacity":"","overlay-gradient":""},"tablet":{"background-color":"var(--ast-global-color-5)","background-image":"","background-repeat":"repeat","background-position":"center center","background-size":"auto","background-attachment":"scroll","background-type":"","background-media":"","overlay-type":"","overlay-color":"","overlay-opacity":"","overlay-gradient":""},"mobile":{"background-color":"var(--ast-global-color-5)","background-image":"","background-repeat":"repeat","background-position":"center center","background-size":"auto","background-attachment":"scroll","background-type":"","background-media":"","overlay-type":"","overlay-color":"","overlay-opacity":"","overlay-gradient":""}}},"product_brand":[42],"product_cat":[46,85,77,15],"product_tag":[],"class_list":{"0":"post-4193","1":"product","2":"type-product","3":"status-publish","4":"has-post-thumbnail","6":"product_brand-randm-tornado","7":"product_cat-randm-tornado-20000-performances-fiables","8":"product_cat-puff-20k","9":"product_cat-entrepot-de-lue","10":"product_cat-magasin-cigarette-electronique","11":"desktop-align-center","12":"tablet-align-center","13":"mobile-align-center","14":"ast-product-gallery-layout-horizontal","15":"ast-product-single-variable","16":"ast-product-tabs-layout-horizontal","17":"ast-qv-on-image","19":"first","20":"instock","21":"sale","22":"shipping-taxable","23":"purchasable","24":"product-type-variable","25":"has-default-attributes"},"tiered_pricing_type":"fixed","tiered_pricing_fixed_rules":{"30":10.37,"60":9.19,"100":7.85,"200":7.69,"500":7.19,"1000":7.09},"tiered_pricing_product_settings":{"layout":"default","base_unit_name":{"singular":null,"plural":null},"default_variation":null},"tiered_pricing_minimum_quantity":null,"tiered_pricing_roles_data":[],"tiered_pricing_percentage_rules":[],"_links":{"self":[{"href":"https:\/\/puffvapestore.com\/it\/wp-json\/wp\/v2\/product\/4193","targetHints":{"allow":["GET"]}}],"collection":[{"href":"https:\/\/puffvapestore.com\/it\/wp-json\/wp\/v2\/product"}],"about":[{"href":"https:\/\/puffvapestore.com\/it\/wp-json\/wp\/v2\/types\/product"}],"replies":[{"embeddable":true,"href":"https:\/\/puffvapestore.com\/it\/wp-json\/wp\/v2\/comments?post=4193"}],"version-history":[{"count":7,"href":"https:\/\/puffvapestore.com\/it\/wp-json\/wp\/v2\/product\/4193\/revisions"}],"predecessor-version":[{"id":10326,"href":"https:\/\/puffvapestore.com\/it\/wp-json\/wp\/v2\/product\/4193\/revisions\/10326"}],"wp:featuredmedia":[{"embeddable":true,"href":"https:\/\/puffvapestore.com\/it\/wp-json\/wp\/v2\/media\/8439"}],"wp:attachment":[{"href":"https:\/\/puffvapestore.com\/it\/wp-json\/wp\/v2\/media?parent=4193"}],"wp:term":[{"taxonomy":"product_brand","embeddable":true,"href":"https:\/\/puffvapestore.com\/it\/wp-json\/wp\/v2\/product_brand?post=4193"},{"taxonomy":"product_cat","embeddable":true,"href":"https:\/\/puffvapestore.com\/it\/wp-json\/wp\/v2\/product_cat?post=4193"},{"taxonomy":"product_tag","embeddable":true,"href":"https:\/\/puffvapestore.com\/it\/wp-json\/wp\/v2\/product_tag?post=4193"}],"curies":[{"name":"wp","href":"https:\/\/api.w.org\/{rel}","templated":true}]}}