{"id":4171,"date":"2025-07-02T07:46:25","date_gmt":"2025-07-02T07:46:25","guid":{"rendered":"https:\/\/puffvapestore.com\/?post_type=product&#038;p=4171"},"modified":"2026-01-19T10:36:52","modified_gmt":"2026-01-19T10:36:52","slug":"fumot-tornado-20000-cherry-berry","status":"publish","type":"product","link":"https:\/\/puffvapestore.com\/it\/product\/fumot-tornado-20000-bacche-di-ciliegia\/","title":{"rendered":"RandM Tornado 20000 - Bacca di ciliegia"},"content":{"rendered":"<div data-elementor-type=\"wp-post\" data-elementor-id=\"4171\" class=\"elementor elementor-4171\">\n\t\t\t\t<div class=\"elementor-element elementor-element-08c26f9 e-flex e-con-boxed e-con e-parent\" data-id=\"08c26f9\" data-element_type=\"container\" data-e-type=\"container\">\n\t\t\t\t\t<div class=\"e-con-inner\">\n\t\t\t\t<div class=\"elementor-element elementor-element-a005a97 elementor-widget elementor-widget-text-editor\" data-id=\"a005a97\" data-element_type=\"widget\" data-e-type=\"widget\" data-widget_type=\"text-editor.default\">\n\t\t\t\t<div class=\"elementor-widget-container\">\n\t\t\t\t\t\t\t\t\t<p>L'aroma di ciliegia e bacche della RandM Fumot Tornado 20000 aggiunge un gusto fruttato unico alla vostra esperienza. Con le sue eccellenti prestazioni e il suo design elegante, questa sigaretta elettronica incorpora l'eleganza e la libert\u00e0 delle strade parigine, rendendola un must per esplorare la citt\u00e0.<\/p><p>L'aroma di ciliegia e frutti di bosco combina la dolcezza delle ciliegie con la freschezza dei frutti di bosco. Ogni boccata di fumo \u00e8 come assaporare la frutta fresca raccolta nei frutteti della campagna francese. L'intensa dolcezza delle ciliegie \u00e8 inebriante come il primo amore, mentre le bacche leggermente aspre aggiungono un tocco di freschezza, proprio come il comfort di un frullato di frutta sulla terrazza di un caff\u00e8 parigino. Immaginate di passeggiare per le strade di Parigi, cullati dalla brezza che soffia tra i platani degli Champs-\u00c9lys\u00e9es. Con la vostra sigaretta elettronica in mano, aspirate una leggera boccata di fumo. L'aroma fruttato delle ciliegie sboccia sulla punta della lingua, mentre le persistenti sfumature di vapore si mescolano all'atmosfera romantica che vi circonda, immergendovi istantaneamente nell'eleganza e nella libert\u00e0 della Francia.<\/p>\t\t\t\t\t\t\t\t<\/div>\n\t\t\t\t<\/div>\n\t\t\t\t\t<\/div>\n\t\t\t\t<\/div>\n\t\t<div class=\"elementor-element elementor-element-718b380 e-flex e-con-boxed e-con e-parent\" data-id=\"718b380\" data-element_type=\"container\" data-e-type=\"container\">\n\t\t\t\t\t<div class=\"e-con-inner\">\n\t\t\t\t<div class=\"elementor-element elementor-element-d2cc8fa elementor-widget elementor-widget-text-editor\" data-id=\"d2cc8fa\" data-element_type=\"widget\" data-e-type=\"widget\" data-widget_type=\"text-editor.default\">\n\t\t\t\t<div class=\"elementor-widget-container\">\n\t\t\t\t\t\t\t\t\t<h2>20.000 boccate per un uso prolungato<\/h2><p>L'unit\u00e0 RandM Tornado 20000 Cherry Berry \u00e8 preimpostata per un massimo di 20.000 utilizzi, molto pi\u00f9 delle sigarette elettroniche usa e getta tradizionali. Soddisfa l'esigenza di un uso prolungato senza frequenti sostituzioni del dispositivo, rendendolo particolarmente adatto a chi fa un uso intensivo o a chi viaggia a lungo.<\/p><h2>Lunga durata della batteria e comoda ricarica<\/h2><p>Batteria al litio ricaricabile integrata ad alta capacit\u00e0 da 850 mAh, compatibile con la ricarica rapida USB-C, per una ricarica pi\u00f9 efficiente e stabile. Garantisce un'autonomia prolungata anche durante l'uso intensivo, in modo da poter sfruttare al meglio l'e-liquid contenuto all'interno.<\/p><h2>Elevata riserva di e-liquid<\/h2><p>La RandM Tornado 20000 Cherry Berry \u00e8 preinstallata con 20 ml di e-liquid di alta qualit\u00e0, che offre concentrazioni di nicotina di 2 % o 5 % per soddisfare i gusti e le esigenze di ogni utente. L'e-liquid utilizza una formula di alta qualit\u00e0 per garantire un gusto puro e ricco ad ogni boccata, offrendo un'esperienza di fumo fluida e soddisfacente.<\/p><h2>Resistenza a doppia maglia e flusso d'aria regolabile<\/h2><p>Adottando l'avanzata tecnologia di resistenza a doppia maglia, migliora notevolmente l'efficienza di riscaldamento e la densit\u00e0 del fumo, per un gusto pi\u00f9 morbido e intenso. Grazie al sistema di resistenza regolabile integrato, gli utenti possono passare dalla modalit\u00e0 di resistenza singola a quella doppia in base alle proprie preferenze e regolare liberamente tra aspirazione leggera e forte. La resistenza \u00e8 facilmente modificabile sul touch screen.<\/p><h2>Display LED intelligente<\/h2><p>Il modello RandM Tornado 20000 \u00e8 dotato di un display LED intelligente che mostra in tempo reale la carica della batteria e il livello di e-liquid rimanente. Ci\u00f2 significa che \u00e8 possibile monitorare lo stato del dispositivo in ogni momento, evitando interruzioni di corrente o l'esaurimento dell'e-liquid. Il suo design intuitivo lo rende facile da usare, anche per i principianti.<\/p><h2>Design moderno e portatile<\/h2><p>Il suo design elegante e moderno e la sua custodia leggera e facile da trasportare si infilano facilmente in tasca o in borsa, rendendolo ideale per l'uso quotidiano, i viaggi o le serate fuori casa. I colori ricchi e il design elegante sottolineano il suo stile unico.<\/p><h2>Pronto all'uso subito dopo l'acquisto, non richiede manutenzione<\/h2><p>Non \u00e8 necessario aggiungere e-liquid, sostituire il nucleo dell'atomizzatore o pulirlo; non richiede manutenzione. \u00c8 pronta per l'uso subito dopo averla tolta dalla scatola e l'attivazione automatica del puff semplifica e velocizza il processo, rendendola ideale per i principianti o per gli utenti che cercano un'alternativa alle sigarette tradizionali.<\/p>\t\t\t\t\t\t\t\t<\/div>\n\t\t\t\t<\/div>\n\t\t\t\t\t<\/div>\n\t\t\t\t<\/div>\n\t\t\t\t<\/div>","protected":false},"excerpt":{"rendered":"<p>La saveur cerise et baies de la RandM Fumot Tornado 20000 ajoute une saveur fruit\u00e9e unique \u00e0 votre exp\u00e9rience. Avec ses excellentes performances et son design \u00e9l\u00e9gant, cette cigarette \u00e9lectronique int\u00e8gre l&rsquo;\u00e9l\u00e9gance et la libert\u00e9 des rues parisiennes, ce qui en fait un incontournable pour explorer la ville. La saveur cerise et baies allie la [&hellip;]<\/p>","protected":false},"featured_media":8440,"comment_status":"open","ping_status":"closed","template":"","meta":{"site-sidebar-layout":"no-sidebar","site-content-layout":"page-builder","ast-site-content-layout":"normal-width-container","site-content-style":"default","site-sidebar-style":"default","ast-global-header-display":"","ast-banner-title-visibility":"","ast-main-header-display":"","ast-hfb-above-header-display":"","ast-hfb-below-header-display":"","ast-hfb-mobile-header-display":"","site-post-title":"disabled","ast-breadcrumbs-content":"","ast-featured-img":"disabled","footer-sml-layout":"","theme-transparent-header-meta":"default","adv-header-id-meta":"","stick-header-meta":"default","header-above-stick-meta":"","header-main-stick-meta":"","header-below-stick-meta":"","astra-migrate-meta-layouts":"set","ast-page-background-enabled":"default","ast-page-background-meta":{"desktop":{"background-color":"","background-image":"","background-repeat":"repeat","background-position":"center center","background-size":"auto","background-attachment":"scroll","background-type":"","background-media":"","overlay-type":"","overlay-color":"","overlay-opacity":"","overlay-gradient":""},"tablet":{"background-color":"","background-image":"","background-repeat":"repeat","background-position":"center center","background-size":"auto","background-attachment":"scroll","background-type":"","background-media":"","overlay-type":"","overlay-color":"","overlay-opacity":"","overlay-gradient":""},"mobile":{"background-color":"","background-image":"","background-repeat":"repeat","background-position":"center center","background-size":"auto","background-attachment":"scroll","background-type":"","background-media":"","overlay-type":"","overlay-color":"","overlay-opacity":"","overlay-gradient":""}},"ast-content-background-meta":{"desktop":{"background-color":"var(--ast-global-color-5)","background-image":"","background-repeat":"repeat","background-position":"center center","background-size":"auto","background-attachment":"scroll","background-type":"","background-media":"","overlay-type":"","overlay-color":"","overlay-opacity":"","overlay-gradient":""},"tablet":{"background-color":"var(--ast-global-color-5)","background-image":"","background-repeat":"repeat","background-position":"center center","background-size":"auto","background-attachment":"scroll","background-type":"","background-media":"","overlay-type":"","overlay-color":"","overlay-opacity":"","overlay-gradient":""},"mobile":{"background-color":"var(--ast-global-color-5)","background-image":"","background-repeat":"repeat","background-position":"center center","background-size":"auto","background-attachment":"scroll","background-type":"","background-media":"","overlay-type":"","overlay-color":"","overlay-opacity":"","overlay-gradient":""}}},"product_brand":[42],"product_cat":[46,85,77,15],"product_tag":[],"class_list":{"0":"post-4171","1":"product","2":"type-product","3":"status-publish","4":"has-post-thumbnail","6":"product_brand-randm-tornado","7":"product_cat-randm-tornado-20000-performances-fiables","8":"product_cat-puff-20k","9":"product_cat-entrepot-de-lue","10":"product_cat-magasin-cigarette-electronique","11":"desktop-align-center","12":"tablet-align-center","13":"mobile-align-center","14":"ast-product-gallery-layout-horizontal","15":"ast-product-single-variable","16":"ast-product-tabs-layout-horizontal","17":"ast-qv-on-image","19":"first","20":"instock","21":"sale","22":"shipping-taxable","23":"purchasable","24":"product-type-variable","25":"has-default-attributes"},"tiered_pricing_type":"fixed","tiered_pricing_fixed_rules":{"30":10.37,"60":9.19,"100":7.85,"200":7.69,"500":7.19,"1000":7.09},"tiered_pricing_product_settings":{"layout":"default","base_unit_name":{"singular":null,"plural":null},"default_variation":null},"tiered_pricing_minimum_quantity":null,"tiered_pricing_roles_data":[],"tiered_pricing_percentage_rules":[],"_links":{"self":[{"href":"https:\/\/puffvapestore.com\/it\/wp-json\/wp\/v2\/product\/4171","targetHints":{"allow":["GET"]}}],"collection":[{"href":"https:\/\/puffvapestore.com\/it\/wp-json\/wp\/v2\/product"}],"about":[{"href":"https:\/\/puffvapestore.com\/it\/wp-json\/wp\/v2\/types\/product"}],"replies":[{"embeddable":true,"href":"https:\/\/puffvapestore.com\/it\/wp-json\/wp\/v2\/comments?post=4171"}],"version-history":[{"count":8,"href":"https:\/\/puffvapestore.com\/it\/wp-json\/wp\/v2\/product\/4171\/revisions"}],"predecessor-version":[{"id":10322,"href":"https:\/\/puffvapestore.com\/it\/wp-json\/wp\/v2\/product\/4171\/revisions\/10322"}],"wp:featuredmedia":[{"embeddable":true,"href":"https:\/\/puffvapestore.com\/it\/wp-json\/wp\/v2\/media\/8440"}],"wp:attachment":[{"href":"https:\/\/puffvapestore.com\/it\/wp-json\/wp\/v2\/media?parent=4171"}],"wp:term":[{"taxonomy":"product_brand","embeddable":true,"href":"https:\/\/puffvapestore.com\/it\/wp-json\/wp\/v2\/product_brand?post=4171"},{"taxonomy":"product_cat","embeddable":true,"href":"https:\/\/puffvapestore.com\/it\/wp-json\/wp\/v2\/product_cat?post=4171"},{"taxonomy":"product_tag","embeddable":true,"href":"https:\/\/puffvapestore.com\/it\/wp-json\/wp\/v2\/product_tag?post=4171"}],"curies":[{"name":"wp","href":"https:\/\/api.w.org\/{rel}","templated":true}]}}