{"id":4153,"date":"2025-07-02T17:30:47","date_gmt":"2025-07-02T17:30:47","guid":{"rendered":"https:\/\/puffvapestore.com\/?post_type=product&#038;p=4153"},"modified":"2026-01-19T10:36:53","modified_gmt":"2026-01-19T10:36:53","slug":"mixed-berry-randm-tornado-20000","status":"publish","type":"product","link":"https:\/\/puffvapestore.com\/it\/product\/frutti-di-bosco-randm-tornado-20000\/","title":{"rendered":"RandM Tornado 20000 - Bacche miste"},"content":{"rendered":"<div data-elementor-type=\"wp-post\" data-elementor-id=\"4153\" class=\"elementor elementor-4153\">\n\t\t\t\t<div class=\"elementor-element elementor-element-08c26f9 e-flex e-con-boxed e-con e-parent\" data-id=\"08c26f9\" data-element_type=\"container\" data-e-type=\"container\">\n\t\t\t\t\t<div class=\"e-con-inner\">\n\t\t\t\t<div class=\"elementor-element elementor-element-a005a97 elementor-widget elementor-widget-text-editor\" data-id=\"a005a97\" data-element_type=\"widget\" data-e-type=\"widget\" data-widget_type=\"text-editor.default\">\n\t\t\t\t<div class=\"elementor-widget-container\">\n\t\t\t\t\t\t\t\t\t<h2>Carnevale di frutta con frutti di bosco<\/h2><p>Il gusto Fruits rouges, con la sua esperienza fruttata ricca e complessa, riflette il romanticismo e la libert\u00e0 della Francia. Questo aroma combina la dolcezza delle fragole, la freschezza dei mirtilli e l'acidit\u00e0 delle more, offrendo una festa gustativa degna di un frutteto estivo. Ogni boccata di fumo \u00e8 untuosa, dolce senza essere untuosa, e l'aroma fruttato si afferra sulla punta della lingua, come se si stesse ballando al ritmo delle luci al neon di un festival musicale. Che si tratti della melodia appassionata del rock o dell'atmosfera psichedelica della musica elettronica, il sapore fresco e fruttato della miscela di frutti rossi regala una sensazione di freschezza e benessere, unendo l'entusiasmo carnevalesco alla pace interiore.<\/p>\t\t\t\t\t\t\t\t<\/div>\n\t\t\t\t<\/div>\n\t\t\t\t\t<\/div>\n\t\t\t\t<\/div>\n\t\t<div class=\"elementor-element elementor-element-718b380 e-flex e-con-boxed e-con e-parent\" data-id=\"718b380\" data-element_type=\"container\" data-e-type=\"container\">\n\t\t\t\t\t<div class=\"e-con-inner\">\n\t\t\t\t<div class=\"elementor-element elementor-element-d2cc8fa elementor-widget elementor-widget-text-editor\" data-id=\"d2cc8fa\" data-element_type=\"widget\" data-e-type=\"widget\" data-widget_type=\"text-editor.default\">\n\t\t\t\t<div class=\"elementor-widget-container\">\n\t\t\t\t\t\t\t\t\t<h2>20.000 boccate per un uso prolungato<\/h2><p>La Bacca Mista RandM Tornado 20000 \u00e8 preimpostata per un massimo di 20.000 utilizzi, molto pi\u00f9 delle sigarette elettroniche usa e getta tradizionali. Soddisfa l'esigenza di un uso prolungato senza frequenti sostituzioni del dispositivo, rendendolo particolarmente adatto a chi fa un uso intensivo o a chi viaggia a lungo.<\/p><h2>Lunga durata della batteria e comoda ricarica<\/h2><p>Batteria al litio ricaricabile integrata ad alta capacit\u00e0 da 850 mAh, compatibile con la ricarica rapida USB-C, per una ricarica pi\u00f9 efficiente e stabile. Garantisce un'autonomia prolungata anche durante l'uso intensivo, in modo da poter sfruttare al meglio l'e-liquid contenuto all'interno.<\/p><h2>Elevata riserva di e-liquid<\/h2><p>La RandM Tornado 20000 \u00e8 preinstallata con 20 ml di e-liquid di alta qualit\u00e0, che offre concentrazioni di nicotina di 2 % o 5 % per soddisfare i gusti e le esigenze di ogni utente. L'e-liquid utilizza una formula di alta qualit\u00e0 per garantire un gusto puro e ricco ad ogni boccata, offrendo un'esperienza di fumo fluida e soddisfacente.<\/p><h2>Resistenza a doppia maglia e flusso d'aria regolabile<\/h2><p>Adottando l'avanzata tecnologia di resistenza a doppia maglia, migliora notevolmente l'efficienza di riscaldamento e la densit\u00e0 del fumo, per un gusto pi\u00f9 morbido e intenso. Grazie al sistema di resistenza regolabile integrato, gli utenti possono passare dalla modalit\u00e0 di resistenza singola a quella doppia in base alle proprie preferenze e regolare liberamente tra aspirazione leggera e forte. La resistenza \u00e8 facilmente modificabile sul touch screen.<\/p><h2>Display LED intelligente<\/h2><p>Il modello RandM Tornado 20000 Mixed Berry \u00e8 dotato di un display LED intelligente che mostra in tempo reale la carica della batteria e il livello di e-liquid rimanente. Ci\u00f2 significa che \u00e8 possibile monitorare lo stato del dispositivo in ogni momento, evitando interruzioni di corrente o l'esaurimento dell'e-liquido. Il suo design intuitivo lo rende facile da usare, anche per i principianti.<\/p><h2>Design moderno e portatile<\/h2><p>Il suo design elegante e moderno e la sua custodia leggera e facile da trasportare si infilano facilmente in tasca o in borsa, rendendolo ideale per l'uso quotidiano, i viaggi o le serate fuori casa. I colori ricchi e il design elegante sottolineano il suo stile unico.<\/p><h2>Pronto all'uso subito dopo l'acquisto, non richiede manutenzione<\/h2><p>Non \u00e8 necessario aggiungere e-liquid, sostituire il nucleo dell'atomizzatore o pulirlo; non richiede manutenzione. \u00c8 pronta per l'uso subito dopo averla tolta dalla scatola e l'attivazione automatica del puff semplifica e velocizza il processo, rendendola ideale per i principianti o per gli utenti che cercano un'alternativa alle sigarette tradizionali.<\/p>\t\t\t\t\t\t\t\t<\/div>\n\t\t\t\t<\/div>\n\t\t\t\t\t<\/div>\n\t\t\t\t<\/div>\n\t\t\t\t<\/div>","protected":false},"excerpt":{"rendered":"<p>Carnaval de fruits aux Mixed Berry La saveur Fruits rouges, avec son exp\u00e9rience fruit\u00e9e riche et complexe, refl\u00e8te le romantisme et la libert\u00e9 de la France. Ce parfum allie la douceur des fraises, la fra\u00eecheur des myrtilles et l&rsquo;acidit\u00e9 des m\u00fbres, offrant un festin gustatif digne d&rsquo;un verger d&rsquo;\u00e9t\u00e9. Chaque bouff\u00e9e de fum\u00e9e est onctueuse, [&hellip;]<\/p>\n","protected":false},"featured_media":8449,"comment_status":"open","ping_status":"closed","template":"","meta":{"site-sidebar-layout":"no-sidebar","site-content-layout":"page-builder","ast-site-content-layout":"normal-width-container","site-content-style":"default","site-sidebar-style":"default","ast-global-header-display":"","ast-banner-title-visibility":"","ast-main-header-display":"","ast-hfb-above-header-display":"","ast-hfb-below-header-display":"","ast-hfb-mobile-header-display":"","site-post-title":"disabled","ast-breadcrumbs-content":"","ast-featured-img":"disabled","footer-sml-layout":"","theme-transparent-header-meta":"default","adv-header-id-meta":"","stick-header-meta":"default","header-above-stick-meta":"","header-main-stick-meta":"","header-below-stick-meta":"","astra-migrate-meta-layouts":"set","ast-page-background-enabled":"default","ast-page-background-meta":{"desktop":{"background-color":"","background-image":"","background-repeat":"repeat","background-position":"center center","background-size":"auto","background-attachment":"scroll","background-type":"","background-media":"","overlay-type":"","overlay-color":"","overlay-opacity":"","overlay-gradient":""},"tablet":{"background-color":"","background-image":"","background-repeat":"repeat","background-position":"center center","background-size":"auto","background-attachment":"scroll","background-type":"","background-media":"","overlay-type":"","overlay-color":"","overlay-opacity":"","overlay-gradient":""},"mobile":{"background-color":"","background-image":"","background-repeat":"repeat","background-position":"center center","background-size":"auto","background-attachment":"scroll","background-type":"","background-media":"","overlay-type":"","overlay-color":"","overlay-opacity":"","overlay-gradient":""}},"ast-content-background-meta":{"desktop":{"background-color":"var(--ast-global-color-5)","background-image":"","background-repeat":"repeat","background-position":"center center","background-size":"auto","background-attachment":"scroll","background-type":"","background-media":"","overlay-type":"","overlay-color":"","overlay-opacity":"","overlay-gradient":""},"tablet":{"background-color":"var(--ast-global-color-5)","background-image":"","background-repeat":"repeat","background-position":"center center","background-size":"auto","background-attachment":"scroll","background-type":"","background-media":"","overlay-type":"","overlay-color":"","overlay-opacity":"","overlay-gradient":""},"mobile":{"background-color":"var(--ast-global-color-5)","background-image":"","background-repeat":"repeat","background-position":"center center","background-size":"auto","background-attachment":"scroll","background-type":"","background-media":"","overlay-type":"","overlay-color":"","overlay-opacity":"","overlay-gradient":""}}},"product_brand":[42],"product_cat":[46,85,77,15],"product_tag":[],"class_list":{"0":"post-4153","1":"product","2":"type-product","3":"status-publish","4":"has-post-thumbnail","6":"product_brand-randm-tornado","7":"product_cat-randm-tornado-20000-performances-fiables","8":"product_cat-puff-20k","9":"product_cat-entrepot-de-lue","10":"product_cat-magasin-cigarette-electronique","11":"desktop-align-center","12":"tablet-align-center","13":"mobile-align-center","14":"ast-product-gallery-layout-horizontal","15":"ast-product-single-variable","16":"ast-product-tabs-layout-horizontal","17":"ast-qv-on-image","19":"first","20":"instock","21":"sale","22":"shipping-taxable","23":"purchasable","24":"product-type-variable","25":"has-default-attributes"},"tiered_pricing_type":"fixed","tiered_pricing_fixed_rules":{"30":10.37,"60":9.19,"100":7.85,"200":7.69,"500":7.19,"1000":7.09},"tiered_pricing_product_settings":{"layout":"default","base_unit_name":{"singular":null,"plural":null},"default_variation":null},"tiered_pricing_minimum_quantity":null,"tiered_pricing_roles_data":[],"tiered_pricing_percentage_rules":[],"_links":{"self":[{"href":"https:\/\/puffvapestore.com\/it\/wp-json\/wp\/v2\/product\/4153","targetHints":{"allow":["GET"]}}],"collection":[{"href":"https:\/\/puffvapestore.com\/it\/wp-json\/wp\/v2\/product"}],"about":[{"href":"https:\/\/puffvapestore.com\/it\/wp-json\/wp\/v2\/types\/product"}],"replies":[{"embeddable":true,"href":"https:\/\/puffvapestore.com\/it\/wp-json\/wp\/v2\/comments?post=4153"}],"version-history":[{"count":8,"href":"https:\/\/puffvapestore.com\/it\/wp-json\/wp\/v2\/product\/4153\/revisions"}],"predecessor-version":[{"id":10730,"href":"https:\/\/puffvapestore.com\/it\/wp-json\/wp\/v2\/product\/4153\/revisions\/10730"}],"wp:featuredmedia":[{"embeddable":true,"href":"https:\/\/puffvapestore.com\/it\/wp-json\/wp\/v2\/media\/8449"}],"wp:attachment":[{"href":"https:\/\/puffvapestore.com\/it\/wp-json\/wp\/v2\/media?parent=4153"}],"wp:term":[{"taxonomy":"product_brand","embeddable":true,"href":"https:\/\/puffvapestore.com\/it\/wp-json\/wp\/v2\/product_brand?post=4153"},{"taxonomy":"product_cat","embeddable":true,"href":"https:\/\/puffvapestore.com\/it\/wp-json\/wp\/v2\/product_cat?post=4153"},{"taxonomy":"product_tag","embeddable":true,"href":"https:\/\/puffvapestore.com\/it\/wp-json\/wp\/v2\/product_tag?post=4153"}],"curies":[{"name":"wp","href":"https:\/\/api.w.org\/{rel}","templated":true}]}}