{"id":3387,"date":"2025-06-29T03:01:09","date_gmt":"2025-06-29T03:01:09","guid":{"rendered":"https:\/\/puffvapestore.com\/?post_type=product&#038;p=3387"},"modified":"2026-01-19T10:54:04","modified_gmt":"2026-01-19T10:54:04","slug":"randm-tornado-9000-vimto","status":"publish","type":"product","link":"https:\/\/puffvapestore.com\/it\/product\/randm-tornado-9000-vimto\/","title":{"rendered":"RandM Tornado 9000 - Vimto"},"content":{"rendered":"<div data-elementor-type=\"wp-post\" data-elementor-id=\"3387\" class=\"elementor elementor-3387\">\n\t\t\t\t<div class=\"elementor-element elementor-element-d3f3f97 e-flex e-con-boxed e-con e-parent\" data-id=\"d3f3f97\" data-element_type=\"container\" data-e-type=\"container\">\n\t\t\t\t\t<div class=\"e-con-inner\">\n\t\t\t\t<div class=\"elementor-element elementor-element-9600b1d elementor-widget elementor-widget-text-editor\" data-id=\"9600b1d\" data-element_type=\"widget\" data-e-type=\"widget\" data-widget_type=\"text-editor.default\">\n\t\t\t\t<div class=\"elementor-widget-container\">\n\t\t\t\t\t\t\t\t\t<h2>Gusto : Vimto<\/h2><p>Vimto \u00e8 una classica bevanda analcolica britannica, miscelata con ribes nero, uva e lamponi. Il gusto Vimto in RandM Tornado 9000 cattura perfettamente il sapore iconico di questa bevanda, offrendo il gusto agrodolce dei frutti di bosco e le sottili bollicine gassate.<\/p><ul><li><strong>Note di testa: Ricca esplosione di frutti neri<\/strong><br \/>Dominanza del ribes nero: fin dalla prima annusata, il sapore del ribes nero \u00e8 pienamente evidente, con un gusto agrodolce di bacche scure che ricorda la marmellata di ribes nero maturo, con una leggera acidit\u00e0 selvatica. La dolcezza rotonda dell'uva rossa attenua la vivacit\u00e0 del ribes nero e fornisce una base morbida, simile a quella del succo d'uva concentrato.<\/li><li><strong>Note di cuore: Aroma fruttato di lampone e carbonazione.<\/strong><br \/>Vivace acidit\u00e0 del lampone: sulla ricca base di ribes nero e uva, emerge gradualmente l'acidit\u00e0 fruttata del lampone, che aggiunge un tocco di frutta rossa fresca, ammorbidendo il gusto complessivo.<\/li><li><strong>Note di fondo: Un retrogusto di marmellata dolce.<\/strong><br \/>Miele di bacche miste: Alla fine dell'inalazione, il sapore evolve gradualmente verso la dolcezza naturale dei frutti di bosco maturi, con una leggera sensazione di candito.<\/li><\/ul>\t\t\t\t\t\t\t\t<\/div>\n\t\t\t\t<\/div>\n\t\t\t\t\t<\/div>\n\t\t\t\t<\/div>\n\t\t<div class=\"elementor-element elementor-element-08c26f9 e-flex e-con-boxed e-con e-parent\" data-id=\"08c26f9\" data-element_type=\"container\" data-e-type=\"container\">\n\t\t\t\t\t<div class=\"e-con-inner\">\n\t\t\t\t<div class=\"elementor-element elementor-element-a005a97 elementor-widget elementor-widget-text-editor\" data-id=\"a005a97\" data-element_type=\"widget\" data-e-type=\"widget\" data-widget_type=\"text-editor.default\">\n\t\t\t\t<div class=\"elementor-widget-container\">\n\t\t\t\t\t\t\t\t\t<h2>RandM Tornado 9000 Vimto<\/h2><p>La sigaretta elettronica RandM Tornado 9000 Vimto offre fino a 9000 boccate per un piacere prolungato. \u00c8 dotata di una potente batteria ricaricabile da 850 mAh e di una porta di ricarica rapida USB-C per un uso continuo. Il suo design elegante ed ergonomico combina portabilit\u00e0 e stile, rendendola un must per i vapers che cercano prestazioni e praticit\u00e0. Il Vimto Tornado 9000 \u00e8 dotato di un serbatoio da 18 ml per un aroma duraturo senza frequenti ricariche. La resistenza integrata da 0,8 ohm migliora il flusso di vapore per un gusto ricco e cremoso a ogni boccata.<\/p>\t\t\t\t\t\t\t\t<\/div>\n\t\t\t\t<\/div>\n\t\t\t\t\t<\/div>\n\t\t\t\t<\/div>\n\t\t<div class=\"elementor-element elementor-element-4ac287c e-flex e-con-boxed e-con e-parent\" data-id=\"4ac287c\" data-element_type=\"container\" data-e-type=\"container\">\n\t\t\t\t\t<div class=\"e-con-inner\">\n\t\t<div class=\"elementor-element elementor-element-bbd8e4a e-con-full e-flex e-con e-child\" data-id=\"bbd8e4a\" data-element_type=\"container\" data-e-type=\"container\">\n\t\t\t\t<div class=\"elementor-element elementor-element-0dc5338 elementor-widget elementor-widget-text-editor\" data-id=\"0dc5338\" data-element_type=\"widget\" data-e-type=\"widget\" data-widget_type=\"text-editor.default\">\n\t\t\t\t<div class=\"elementor-widget-container\">\n\t\t\t\t\t\t\t\t\t<h2>Caratteristiche del modello RandM Tornado 9K Vimto:<\/h2><ul><li>Capacit\u00e0 di soffio: Fino a 9.000 soffi, ideale per un uso prolungato.<\/li><li>Batteria: batteria ricaricabile da 850 mAh con funzione di ricarica Type-C per una ricarica rapida ed efficiente.<\/li><li>E-liquido: pre-riempito con 18 ml di e-liquido, concentrazione di nicotina 2% o 5% opzionale.<\/li><li>Tecnologia: utilizza resistenze a rete avanzate per un vapore delicato e uniforme e un sapore intenso.<\/li><li>Design: piccola e leggera, elegante e attraente, \u00e8 dotata di LED RGB luminosi per effetti visivi eccellenti. Non \u00e8 necessario alcun pulsante: basta inspirare per iniziare, il che \u00e8 comodo per i principianti.<\/li><\/ul>\t\t\t\t\t\t\t\t<\/div>\n\t\t\t\t<\/div>\n\t\t\t\t<\/div>\n\t\t<div class=\"elementor-element elementor-element-8e0e87d e-con-full e-flex e-con e-child\" data-id=\"8e0e87d\" data-element_type=\"container\" data-e-type=\"container\">\n\t\t\t\t<div class=\"elementor-element elementor-element-63d978d elementor-widget elementor-widget-image-gallery\" data-id=\"63d978d\" data-element_type=\"widget\" data-e-type=\"widget\" data-widget_type=\"image-gallery.default\">\n\t\t\t\t<div class=\"elementor-widget-container\">\n\t\t\t\t\t\t\t<div class=\"elementor-image-gallery\">\n\t\t\t<div id='gallery-1' class='gallery galleryid-3387 gallery-columns-1 gallery-size-medium_large'><figure class='gallery-item'>\n\t\t\t<div class='gallery-icon landscape'>\n\t\t\t\t<img fetchpriority=\"high\" decoding=\"async\" width=\"768\" height=\"768\" src=\"https:\/\/puffvapestore.com\/wp-content\/uploads\/2025\/06\/randm-tornado-vape-9000-vimto-pvafrt9000-768x768.jpg\" class=\"attachment-medium_large size-medium_large\" alt=\"randm tornado 9000 vimto\" aria-describedby=\"gallery-1-3185\" srcset=\"https:\/\/puffvapestore.com\/wp-content\/uploads\/2025\/06\/randm-tornado-vape-9000-vimto-pvafrt9000-768x768.jpg 768w, https:\/\/puffvapestore.com\/wp-content\/uploads\/2025\/06\/randm-tornado-vape-9000-vimto-pvafrt9000-300x300.jpg 300w, https:\/\/puffvapestore.com\/wp-content\/uploads\/2025\/06\/randm-tornado-vape-9000-vimto-pvafrt9000-150x150.jpg 150w, https:\/\/puffvapestore.com\/wp-content\/uploads\/2025\/06\/randm-tornado-vape-9000-vimto-pvafrt9000-600x600.jpg 600w, https:\/\/puffvapestore.com\/wp-content\/uploads\/2025\/06\/randm-tornado-vape-9000-vimto-pvafrt9000-100x100.jpg 100w, https:\/\/puffvapestore.com\/wp-content\/uploads\/2025\/06\/randm-tornado-vape-9000-vimto-pvafrt9000.jpg 1016w\" sizes=\"(max-width: 768px) 100vw, 768px\" \/>\n\t\t\t<\/div>\n\t\t\t\t<figcaption class='wp-caption-text gallery-caption' id='gallery-1-3185'>\n\t\t\t\trandm tornado 9000 vimto\n\t\t\t\t<\/figcaption><\/figure>\n\t\t<\/div>\n\t\t<\/div>\n\t\t\t\t\t\t<\/div>\n\t\t\t\t<\/div>\n\t\t\t\t<\/div>\n\t\t\t\t\t<\/div>\n\t\t\t\t<\/div>\n\t\t<div class=\"elementor-element elementor-element-718b380 e-flex e-con-boxed e-con e-parent\" data-id=\"718b380\" data-element_type=\"container\" data-e-type=\"container\">\n\t\t\t\t\t<div class=\"e-con-inner\">\n\t\t\t\t<div class=\"elementor-element elementor-element-d2cc8fa elementor-widget elementor-widget-text-editor\" data-id=\"d2cc8fa\" data-element_type=\"widget\" data-e-type=\"widget\" data-widget_type=\"text-editor.default\">\n\t\t\t\t<div class=\"elementor-widget-container\">\n\t\t\t\t\t\t\t\t\t<h3>La durata della batteria della RandM Tornado 9000 \u00e8 sufficiente per utilizzare i 18 ml di e-liquid?<\/h3><p>S\u00ec, assolutamente. La sigaretta elettronica RandM Tornado 9000 ha una batteria integrata da 850 mAh. Questa piccola batteria agli ioni di litio garantisce generalmente da 300 a 500 cicli completi di carica e scarica. Per fumare 18 ml di e-liquid e raggiungere 9.000 boccate, con una media di 600 boccate per carica, sono necessarie solo circa 15 cariche complete. Ci\u00f2 rientra nella durata della batteria agli ioni di litio e la sua capacit\u00e0 di ciclaggio \u00e8 sufficiente a coprire la quantit\u00e0 di e-liquid utilizzata. Inoltre, il prodotto supporta la ricarica rapida tramite USB Type-C, rendendolo facile da usare.<\/p><p>Il modello RandM Tornado 9000 \u00e8 dotato di una batteria ricaricabile agli ioni di litio da 850 mAh e supporta la ricarica rapida Type-C. Sebbene il modello RandM Tornado 9000 sia dotato di una batteria da 850 mAh, la capacit\u00e0 di una singola carica completa consente solo circa 200-1.000 boccate, a seconda della durata e dell'intensit\u00e0 di ogni boccata (inalazione leggera o profonda). Quindi, dal punto di vista dell'autonomia, la capacit\u00e0 di una singola carica \u00e8 ovviamente insufficiente per 9.000 boccate o per consumare tutti i 18 ml di e-liquid in una volta sola. Tuttavia, questo non \u00e8 un difetto di progettazione, ma piuttosto il risultato della strategia di segmentazione della durata della batteria RandM: diversi cicli di carica consentono di soddisfare le esigenze di consumo di e-liquid per l'intero ciclo di vita.<\/p><h3>Il sapore di RandM Tornado 9000 svanisce nel tempo?<\/h3><p>Il gusto di RandM Tornado 9000 non svanisce nel tempo.<\/p><p>Il modello RandM Tornado 9000 \u00e8 dotato di un atomizzatore avanzato da 0,8 ohm e di una grande capacit\u00e0 di stoccaggio di e-liquid da 18 ml. Uno dei suoi vantaggi principali \u00e8 la costanza del gusto per tutto il ciclo di utilizzo. Questa tecnologia garantisce un equilibrio ottimale tra la quantit\u00e0 di fumo e il sapore di ogni boccata, evitando il fenomeno dell'alta intensit\u00e0 all'inizio del vaping e dell'attenuazione a met\u00e0 e alla fine del vaping delle sigarette elettroniche tradizionali.<\/p><p>Sebbene la tecnologia del dispositivo garantisca una produzione stabile, l'effettiva esperienza gustativa \u00e8 influenzata anche dalla sensibilit\u00e0 dell'utente. Ad esempio, alcuni gusti \u00abICE\u00bb come \u00abICE Mango\u00bb e \u00abICE Anguria\u00bb danno un'impressione soggettiva di \u00abmaggiore freschezza e minore fruttuosit\u00e0\u00bb dopo un uso prolungato. Va notato che questo cambiamento spesso non \u00e8 dovuto alle prestazioni dell'apparecchio, ma pu\u00f2 essere un'illusione sensoriale causata dall'affaticamento del gusto. L'uso prolungato dello stesso sapore porter\u00e0 a un graduale adattamento del gusto a determinati ingredienti, dando una sensazione \u00abmeno intensa\u00bb.<\/p><p>Se si sente che il gusto \u00e8 diventato pi\u00f9 leggero, verificare innanzitutto se la batteria e l'e-liquid sono esauriti. Si possono quindi provare altri gusti per ridurre l'affaticamento del gusto. Ad esempio, alternare il gusto \u00abICE\u00bb con sapori pi\u00f9 blandi come \u00abmango\u00bb e \u00abcantalupo\u00bb pu\u00f2 aiutare a ripristinare la consistenza complessa del gusto.<\/p>\t\t\t\t\t\t\t\t<\/div>\n\t\t\t\t<\/div>\n\t\t\t\t\t<\/div>\n\t\t\t\t<\/div>\n\t\t\t\t<\/div>","protected":false},"excerpt":{"rendered":"<p>Go\u00fbt\u00a0: Vimto Le Vimto est une boisson gazeuse britannique classique, m\u00e9lang\u00e9e \u00e0 du cassis, du raisin et des framboises. L&rsquo;ar\u00f4me Vimto du RandM Tornado 9000 restitue parfaitement la saveur embl\u00e9matique de cette boisson, offrant le go\u00fbt aigre-doux de baies riches et de subtiles bulles gazeuses. Note de t\u00eate\u00a0: Riche explosion de fruits noirsDominance de cassis\u00a0: [&hellip;]<\/p>","protected":false},"featured_media":3185,"comment_status":"open","ping_status":"closed","template":"","meta":{"site-sidebar-layout":"no-sidebar","site-content-layout":"page-builder","ast-site-content-layout":"normal-width-container","site-content-style":"default","site-sidebar-style":"default","ast-global-header-display":"","ast-banner-title-visibility":"","ast-main-header-display":"","ast-hfb-above-header-display":"","ast-hfb-below-header-display":"","ast-hfb-mobile-header-display":"","site-post-title":"disabled","ast-breadcrumbs-content":"","ast-featured-img":"disabled","footer-sml-layout":"","theme-transparent-header-meta":"default","adv-header-id-meta":"","stick-header-meta":"default","header-above-stick-meta":"","header-main-stick-meta":"","header-below-stick-meta":"","astra-migrate-meta-layouts":"set","ast-page-background-enabled":"default","ast-page-background-meta":{"desktop":{"background-color":"","background-image":"","background-repeat":"repeat","background-position":"center center","background-size":"auto","background-attachment":"scroll","background-type":"","background-media":"","overlay-type":"","overlay-color":"","overlay-opacity":"","overlay-gradient":""},"tablet":{"background-color":"","background-image":"","background-repeat":"repeat","background-position":"center center","background-size":"auto","background-attachment":"scroll","background-type":"","background-media":"","overlay-type":"","overlay-color":"","overlay-opacity":"","overlay-gradient":""},"mobile":{"background-color":"","background-image":"","background-repeat":"repeat","background-position":"center center","background-size":"auto","background-attachment":"scroll","background-type":"","background-media":"","overlay-type":"","overlay-color":"","overlay-opacity":"","overlay-gradient":""}},"ast-content-background-meta":{"desktop":{"background-color":"var(--ast-global-color-5)","background-image":"","background-repeat":"repeat","background-position":"center center","background-size":"auto","background-attachment":"scroll","background-type":"","background-media":"","overlay-type":"","overlay-color":"","overlay-opacity":"","overlay-gradient":""},"tablet":{"background-color":"var(--ast-global-color-5)","background-image":"","background-repeat":"repeat","background-position":"center center","background-size":"auto","background-attachment":"scroll","background-type":"","background-media":"","overlay-type":"","overlay-color":"","overlay-opacity":"","overlay-gradient":""},"mobile":{"background-color":"var(--ast-global-color-5)","background-image":"","background-repeat":"repeat","background-position":"center center","background-size":"auto","background-attachment":"scroll","background-type":"","background-media":"","overlay-type":"","overlay-color":"","overlay-opacity":"","overlay-gradient":""}}},"product_brand":[42],"product_cat":[43,78,15],"product_tag":[],"class_list":{"0":"post-3387","1":"product","2":"type-product","3":"status-publish","4":"has-post-thumbnail","6":"product_brand-randm-tornado","7":"product_cat-randm-tornado-9000","8":"product_cat-puff-9k","9":"product_cat-magasin-cigarette-electronique","10":"desktop-align-center","11":"tablet-align-center","12":"mobile-align-center","13":"ast-product-gallery-layout-horizontal","14":"ast-product-gallery-with-no-image","15":"ast-product-single-variable","16":"ast-product-tabs-layout-horizontal","17":"ast-qv-on-image","19":"first","20":"outofstock","21":"sale","22":"shipping-taxable","23":"purchasable","24":"product-type-variable","25":"has-default-attributes"},"tiered_pricing_type":"fixed","tiered_pricing_fixed_rules":{"30":8.58,"60":8.13,"100":7.61,"200":7.12,"400":6.86},"tiered_pricing_product_settings":{"layout":"default","base_unit_name":{"singular":null,"plural":null},"default_variation":null},"tiered_pricing_minimum_quantity":null,"tiered_pricing_roles_data":[],"tiered_pricing_percentage_rules":[],"_links":{"self":[{"href":"https:\/\/puffvapestore.com\/it\/wp-json\/wp\/v2\/product\/3387","targetHints":{"allow":["GET"]}}],"collection":[{"href":"https:\/\/puffvapestore.com\/it\/wp-json\/wp\/v2\/product"}],"about":[{"href":"https:\/\/puffvapestore.com\/it\/wp-json\/wp\/v2\/types\/product"}],"replies":[{"embeddable":true,"href":"https:\/\/puffvapestore.com\/it\/wp-json\/wp\/v2\/comments?post=3387"}],"version-history":[{"count":7,"href":"https:\/\/puffvapestore.com\/it\/wp-json\/wp\/v2\/product\/3387\/revisions"}],"predecessor-version":[{"id":3999,"href":"https:\/\/puffvapestore.com\/it\/wp-json\/wp\/v2\/product\/3387\/revisions\/3999"}],"wp:featuredmedia":[{"embeddable":true,"href":"https:\/\/puffvapestore.com\/it\/wp-json\/wp\/v2\/media\/3185"}],"wp:attachment":[{"href":"https:\/\/puffvapestore.com\/it\/wp-json\/wp\/v2\/media?parent=3387"}],"wp:term":[{"taxonomy":"product_brand","embeddable":true,"href":"https:\/\/puffvapestore.com\/it\/wp-json\/wp\/v2\/product_brand?post=3387"},{"taxonomy":"product_cat","embeddable":true,"href":"https:\/\/puffvapestore.com\/it\/wp-json\/wp\/v2\/product_cat?post=3387"},{"taxonomy":"product_tag","embeddable":true,"href":"https:\/\/puffvapestore.com\/it\/wp-json\/wp\/v2\/product_tag?post=3387"}],"curies":[{"name":"wp","href":"https:\/\/api.w.org\/{rel}","templated":true}]}}