{"id":3331,"date":"2025-06-24T09:43:46","date_gmt":"2025-06-24T09:43:46","guid":{"rendered":"https:\/\/puffvapestore.com\/?post_type=product&#038;p=3331"},"modified":"2026-01-19T10:54:04","modified_gmt":"2026-01-19T10:54:04","slug":"puff-9000-randm-tornado-9k-guava-ice","status":"publish","type":"product","link":"https:\/\/puffvapestore.com\/it\/product\/puff-9000-randm-tornado-9k-guava-ice\/","title":{"rendered":"Puff 9000 RandM Tornado 9K - Ghiaccio Guava"},"content":{"rendered":"<div data-elementor-type=\"wp-post\" data-elementor-id=\"3331\" class=\"elementor elementor-3331\">\n\t\t\t\t<div class=\"elementor-element elementor-element-d3f3f97 e-flex e-con-boxed e-con e-parent\" data-id=\"d3f3f97\" data-element_type=\"container\" data-e-type=\"container\">\n\t\t\t\t\t<div class=\"e-con-inner\">\n\t\t\t\t<div class=\"elementor-element elementor-element-9600b1d elementor-widget elementor-widget-text-editor\" data-id=\"9600b1d\" data-element_type=\"widget\" data-e-type=\"widget\" data-widget_type=\"text-editor.default\">\n\t\t\t\t<div class=\"elementor-widget-container\">\n\t\t\t\t\t\t\t\t\t<h2>Sapore : Guava Ice<\/h2><p>Il gusto Iced Guava della sigaretta elettronica monouso RandM Tornado 9000 \u00e8 unico, con una nota di guava tropicale e un tocco di menta rinfrescante, progettato per offrire un'esperienza di fumo morbida, rinfrescante e rinvigorente.<\/p><ul><li>Aroma principale: Appena inalato, il naso scopre un ricco aroma di guava, con la dolcezza unica e la leggera acidit\u00e0 della guava matura, come se si stesse assaporando un frutto tropicale appena colto. Il gusto della guava \u00e8 autentico e intenso, con un'atmosfera esotica.<\/li><li>Sensazione di freschezza: dopo l'inalazione, un sentore di menta fresca invade la bocca, offrendo un effetto rinfrescante paragonabile a quello di una bevanda ghiacciata. Questa sensazione di freschezza \u00e8 moderata e non irrita troppo la gola. Al contrario, completa la dolcezza della guava ed esalta il gusto complessivo.<\/li><li>Dolcezza: la dolcezza \u00e8 moderatamente elevata e deriva dal fruttosio naturale della guava. L'aggiunta di menta neutralizza efficacemente la dolcezza e previene l'affaticamento del gusto.<\/li><li>Retrogusto: in fase di espirazione, l'aroma fruttato della guava e la freschezza della menta si mescolano, lasciando un retrogusto rinfrescante e puro. Questo retrogusto \u00e8 particolarmente adatto ai climi caldi o alle inalazioni prolungate.<\/li><li>Stratificazione: Guava Ice presenta strati di sapore distinti. All'inizio domina il sapore dolce e fruttato della guava, seguito dalla freschezza della menta, che emerge gradualmente. In espirazione, i due si fondono, offrendo un doppio piacere tropicale e fresco. Gli utilizzatori lo descrivono spesso come un \u00abassaggio di succo di guava ghiacciato su una spiaggia tropicale\u00bb.<\/li><\/ul>\t\t\t\t\t\t\t\t<\/div>\n\t\t\t\t<\/div>\n\t\t\t\t\t<\/div>\n\t\t\t\t<\/div>\n\t\t<div class=\"elementor-element elementor-element-08c26f9 e-flex e-con-boxed e-con e-parent\" data-id=\"08c26f9\" data-element_type=\"container\" data-e-type=\"container\">\n\t\t\t\t\t<div class=\"e-con-inner\">\n\t\t\t\t<div class=\"elementor-element elementor-element-a005a97 elementor-widget elementor-widget-text-editor\" data-id=\"a005a97\" data-element_type=\"widget\" data-e-type=\"widget\" data-widget_type=\"text-editor.default\">\n\t\t\t\t<div class=\"elementor-widget-container\">\n\t\t\t\t\t\t\t\t\t<h2>RandM Tornado 9K Ghiaccio alla Guava<\/h2><p>La sigaretta elettronica RandM Tornado 9000 Guava Ice vanta una durata estremamente lunga (fino a 9.000 boccate), prestazioni elevate e un design unico. \u00c8 dotata di una batteria ricaricabile da 850 mAh e di un'interfaccia di ricarica rapida USB-C, che consente di ricaricarla completamente in circa un'ora per un uso duraturo. Il serbatoio dell'olio integrato contiene circa 18 ml di olio. Inoltre, il modello RandM Tornado 9000 utilizza un atomizzatore a mesh da 0,8 ohm per migliorare efficacemente la concentrazione del fumo e il gusto.<\/p>\t\t\t\t\t\t\t\t<\/div>\n\t\t\t\t<\/div>\n\t\t\t\t\t<\/div>\n\t\t\t\t<\/div>\n\t\t<div class=\"elementor-element elementor-element-4ac287c e-flex e-con-boxed e-con e-parent\" data-id=\"4ac287c\" data-element_type=\"container\" data-e-type=\"container\">\n\t\t\t\t\t<div class=\"e-con-inner\">\n\t\t<div class=\"elementor-element elementor-element-bbd8e4a e-con-full e-flex e-con e-child\" data-id=\"bbd8e4a\" data-element_type=\"container\" data-e-type=\"container\">\n\t\t\t\t<div class=\"elementor-element elementor-element-0dc5338 elementor-widget elementor-widget-text-editor\" data-id=\"0dc5338\" data-element_type=\"widget\" data-e-type=\"widget\" data-widget_type=\"text-editor.default\">\n\t\t\t\t<div class=\"elementor-widget-container\">\n\t\t\t\t\t\t\t\t\t<h2>Caratteristiche del modello RandM Tornado 9000 Guava Ice:<\/h2><ul><li>Capacit\u00e0 di soffio: Fino a 9.000 soffi, ideale per un uso prolungato.<\/li><li>Batteria: batteria ricaricabile da 850 mAh con funzione di ricarica Type-C per una ricarica rapida ed efficiente.<\/li><li>E-liquido: pre-riempito con 18 ml di e-liquido, concentrazione di nicotina 2% o 5% opzionale.<\/li><li>Tecnologia: utilizza resistenze a rete avanzate per un vapore delicato e uniforme e un sapore intenso.<\/li><li>Design: piccola e leggera, elegante e attraente, \u00e8 dotata di LED RGB luminosi per effetti visivi eccellenti. Non \u00e8 necessario alcun pulsante: basta inspirare per iniziare, il che \u00e8 comodo per i principianti.<\/li><\/ul>\t\t\t\t\t\t\t\t<\/div>\n\t\t\t\t<\/div>\n\t\t\t\t<\/div>\n\t\t<div class=\"elementor-element elementor-element-8e0e87d e-con-full e-flex e-con e-child\" data-id=\"8e0e87d\" data-element_type=\"container\" data-e-type=\"container\">\n\t\t\t\t<div class=\"elementor-element elementor-element-63d978d elementor-widget elementor-widget-image-gallery\" data-id=\"63d978d\" data-element_type=\"widget\" data-e-type=\"widget\" data-widget_type=\"image-gallery.default\">\n\t\t\t\t<div class=\"elementor-widget-container\">\n\t\t\t\t\t\t\t<div class=\"elementor-image-gallery\">\n\t\t\t<div id='gallery-1' class='gallery galleryid-3331 gallery-columns-1 gallery-size-medium_large'><figure class='gallery-item'>\n\t\t\t<div class='gallery-icon landscape'>\n\t\t\t\t<img fetchpriority=\"high\" decoding=\"async\" width=\"768\" height=\"768\" src=\"https:\/\/puffvapestore.com\/wp-content\/uploads\/2025\/06\/RandM-Tornado-Vape-9000-Guava-Ice-pvafrt9000-768x768.jpg\" class=\"attachment-medium_large size-medium_large\" alt=\"Guava Ice RandM Tornado 9000\" aria-describedby=\"gallery-1-3154\" srcset=\"https:\/\/puffvapestore.com\/wp-content\/uploads\/2025\/06\/RandM-Tornado-Vape-9000-Guava-Ice-pvafrt9000-768x768.jpg 768w, https:\/\/puffvapestore.com\/wp-content\/uploads\/2025\/06\/RandM-Tornado-Vape-9000-Guava-Ice-pvafrt9000-300x300.jpg 300w, https:\/\/puffvapestore.com\/wp-content\/uploads\/2025\/06\/RandM-Tornado-Vape-9000-Guava-Ice-pvafrt9000-150x150.jpg 150w, https:\/\/puffvapestore.com\/wp-content\/uploads\/2025\/06\/RandM-Tornado-Vape-9000-Guava-Ice-pvafrt9000-600x600.jpg 600w, https:\/\/puffvapestore.com\/wp-content\/uploads\/2025\/06\/RandM-Tornado-Vape-9000-Guava-Ice-pvafrt9000-100x100.jpg 100w, https:\/\/puffvapestore.com\/wp-content\/uploads\/2025\/06\/RandM-Tornado-Vape-9000-Guava-Ice-pvafrt9000.jpg 1016w\" sizes=\"(max-width: 768px) 100vw, 768px\" \/>\n\t\t\t<\/div>\n\t\t\t\t<figcaption class='wp-caption-text gallery-caption' id='gallery-1-3154'>\n\t\t\t\tGuava Ice RandM Tornado 9000\n\t\t\t\t<\/figcaption><\/figure>\n\t\t<\/div>\n\t\t<\/div>\n\t\t\t\t\t\t<\/div>\n\t\t\t\t<\/div>\n\t\t\t\t<\/div>\n\t\t\t\t\t<\/div>\n\t\t\t\t<\/div>\n\t\t<div class=\"elementor-element elementor-element-718b380 e-flex e-con-boxed e-con e-parent\" data-id=\"718b380\" data-element_type=\"container\" data-e-type=\"container\">\n\t\t\t\t\t<div class=\"e-con-inner\">\n\t\t\t\t<div class=\"elementor-element elementor-element-d2cc8fa elementor-widget elementor-widget-text-editor\" data-id=\"d2cc8fa\" data-element_type=\"widget\" data-e-type=\"widget\" data-widget_type=\"text-editor.default\">\n\t\t\t\t<div class=\"elementor-widget-container\">\n\t\t\t\t\t\t\t\t\t<h3>La durata della batteria della RandM Tornado 9000 Guava Ice \u00e8 sufficiente per utilizzare i 18 ml di e-liquid?<\/h3><p>La batteria da 850 mAh della RandM Tornado 9000 Guava Ice vi dar\u00e0 9.000 boccate di 18 ml di e-liquid dopo diverse ricariche.<\/p><p>Il modello RandM Tornado 9000 Guava Ice \u00e8 dotato di una batteria ricaricabile da 850 mAh e di 18 ml di e-liquid pre-riempito, che offre circa 9.000 boccate. La batteria da 850 mAh offre una capacit\u00e0 superiore a quella degli usa e getta e consente una ricarica rapida tramite la porta Type-C. La batteria da 850 mAh della RandM Tornado 9000 Guava Ice pu\u00f2 supportare circa 200-1000 puff con una singola carica completa (a seconda della durata dei puff). Una singola carica di 850 mAh non \u00e8 sufficiente a coprire i 9000 puff, ma diverse cariche possono compensare questa mancanza. Inoltre, le batterie agli ioni di litio (come quelle da 850 mAh) resistono generalmente a 300-500 cicli di carica completa (da 0 % a 100 %), il che significa che l'autonomia totale supera di gran lunga le esigenze dei dispositivi usa e getta.<\/p><h3>Il sapore di RandM Tornado 9000 svanisce nel tempo?<\/h3><p>Il gusto di RandM Tornado 9000 non svanisce nel tempo.<\/p><p>La RandM Tornado 9000 offre un'esperienza di gusto molto costante per tutto il ciclo di utilizzo. L'ampia capacit\u00e0 di 18 ml di e-liquid e la tecnologia mesh core da 0,8 ohm assicurano una dose costante e duratura. I sapori fruttati come \u00abICE\u00bb e \u00abBlueberry Raspberry\u00bb mantengono la loro freschezza e non svaniscono dopo settimane di utilizzo.<\/p><h5>Esperienze d'uso diverse per persone diverse<\/h5><p>Sebbene la tecnologia sia progettata per mantenere un gusto costante, l'esperienza dell'utente varia da persona a persona. Alcuni utenti riferiscono che alcuni sapori (come quelli contenenti elementi \u00abICE\u00bb) possono subire cambiamenti nel gusto dopo un uso prolungato, come una maggiore freschezza e sapori fruttati leggermente pi\u00f9 leggeri. Questo potrebbe essere legato all'affaticamento del gusto. La maggior parte degli utenti della sigaretta elettronica RandM Tornado 9000 ritiene che il sapore della sigaretta elettronica RandM Tornado 9000 rimanga stabile per tutto il suo ciclo di vita. Se ci si stanca del gusto, si pu\u00f2 cambiare aroma. Cambiare spesso aroma \u00e8 un buon modo per alleviare la stanchezza del gusto.<\/p>\t\t\t\t\t\t\t\t<\/div>\n\t\t\t\t<\/div>\n\t\t\t\t\t<\/div>\n\t\t\t\t<\/div>\n\t\t\t\t<\/div>","protected":false},"excerpt":{"rendered":"<p>Ar\u00f4me\u00a0: Guava Ice La saveur Goyave Glac\u00e9e de la cigarette \u00e9lectronique jetable RandM Tornado 9000 est unique, avec une note de goyave tropicale et une touche de menthe rafra\u00eechissante, con\u00e7ue pour offrir une exp\u00e9rience de fumage douce, rafra\u00eechissante et vivifiante. Ar\u00f4me principal\u00a0: D\u00e8s l&rsquo;inhalation, le nez d\u00e9couvre un ar\u00f4me riche de goyave, avec la douceur [&hellip;]<\/p>","protected":false},"featured_media":3154,"comment_status":"open","ping_status":"closed","template":"","meta":{"site-sidebar-layout":"no-sidebar","site-content-layout":"page-builder","ast-site-content-layout":"normal-width-container","site-content-style":"default","site-sidebar-style":"default","ast-global-header-display":"","ast-banner-title-visibility":"","ast-main-header-display":"","ast-hfb-above-header-display":"","ast-hfb-below-header-display":"","ast-hfb-mobile-header-display":"","site-post-title":"disabled","ast-breadcrumbs-content":"","ast-featured-img":"disabled","footer-sml-layout":"","theme-transparent-header-meta":"default","adv-header-id-meta":"","stick-header-meta":"default","header-above-stick-meta":"","header-main-stick-meta":"","header-below-stick-meta":"","astra-migrate-meta-layouts":"set","ast-page-background-enabled":"default","ast-page-background-meta":{"desktop":{"background-color":"","background-image":"","background-repeat":"repeat","background-position":"center center","background-size":"auto","background-attachment":"scroll","background-type":"","background-media":"","overlay-type":"","overlay-color":"","overlay-opacity":"","overlay-gradient":""},"tablet":{"background-color":"","background-image":"","background-repeat":"repeat","background-position":"center center","background-size":"auto","background-attachment":"scroll","background-type":"","background-media":"","overlay-type":"","overlay-color":"","overlay-opacity":"","overlay-gradient":""},"mobile":{"background-color":"","background-image":"","background-repeat":"repeat","background-position":"center center","background-size":"auto","background-attachment":"scroll","background-type":"","background-media":"","overlay-type":"","overlay-color":"","overlay-opacity":"","overlay-gradient":""}},"ast-content-background-meta":{"desktop":{"background-color":"var(--ast-global-color-5)","background-image":"","background-repeat":"repeat","background-position":"center center","background-size":"auto","background-attachment":"scroll","background-type":"","background-media":"","overlay-type":"","overlay-color":"","overlay-opacity":"","overlay-gradient":""},"tablet":{"background-color":"var(--ast-global-color-5)","background-image":"","background-repeat":"repeat","background-position":"center center","background-size":"auto","background-attachment":"scroll","background-type":"","background-media":"","overlay-type":"","overlay-color":"","overlay-opacity":"","overlay-gradient":""},"mobile":{"background-color":"var(--ast-global-color-5)","background-image":"","background-repeat":"repeat","background-position":"center center","background-size":"auto","background-attachment":"scroll","background-type":"","background-media":"","overlay-type":"","overlay-color":"","overlay-opacity":"","overlay-gradient":""}}},"product_brand":[42],"product_cat":[43,78,15],"product_tag":[],"class_list":{"0":"post-3331","1":"product","2":"type-product","3":"status-publish","4":"has-post-thumbnail","6":"product_brand-randm-tornado","7":"product_cat-randm-tornado-9000","8":"product_cat-puff-9k","9":"product_cat-magasin-cigarette-electronique","10":"desktop-align-center","11":"tablet-align-center","12":"mobile-align-center","13":"ast-product-gallery-layout-horizontal","14":"ast-product-gallery-with-no-image","15":"ast-product-single-variable","16":"ast-product-tabs-layout-horizontal","17":"ast-qv-on-image","19":"first","20":"outofstock","21":"sale","22":"shipping-taxable","23":"purchasable","24":"product-type-variable","25":"has-default-attributes"},"tiered_pricing_type":"fixed","tiered_pricing_fixed_rules":{"30":8.58,"60":8.13,"100":7.61,"200":7.12,"400":6.86},"tiered_pricing_product_settings":{"layout":"default","base_unit_name":{"singular":null,"plural":null},"default_variation":null},"tiered_pricing_minimum_quantity":null,"tiered_pricing_roles_data":[],"tiered_pricing_percentage_rules":[],"_links":{"self":[{"href":"https:\/\/puffvapestore.com\/it\/wp-json\/wp\/v2\/product\/3331","targetHints":{"allow":["GET"]}}],"collection":[{"href":"https:\/\/puffvapestore.com\/it\/wp-json\/wp\/v2\/product"}],"about":[{"href":"https:\/\/puffvapestore.com\/it\/wp-json\/wp\/v2\/types\/product"}],"replies":[{"embeddable":true,"href":"https:\/\/puffvapestore.com\/it\/wp-json\/wp\/v2\/comments?post=3331"}],"version-history":[{"count":8,"href":"https:\/\/puffvapestore.com\/it\/wp-json\/wp\/v2\/product\/3331\/revisions"}],"predecessor-version":[{"id":7250,"href":"https:\/\/puffvapestore.com\/it\/wp-json\/wp\/v2\/product\/3331\/revisions\/7250"}],"wp:featuredmedia":[{"embeddable":true,"href":"https:\/\/puffvapestore.com\/it\/wp-json\/wp\/v2\/media\/3154"}],"wp:attachment":[{"href":"https:\/\/puffvapestore.com\/it\/wp-json\/wp\/v2\/media?parent=3331"}],"wp:term":[{"taxonomy":"product_brand","embeddable":true,"href":"https:\/\/puffvapestore.com\/it\/wp-json\/wp\/v2\/product_brand?post=3331"},{"taxonomy":"product_cat","embeddable":true,"href":"https:\/\/puffvapestore.com\/it\/wp-json\/wp\/v2\/product_cat?post=3331"},{"taxonomy":"product_tag","embeddable":true,"href":"https:\/\/puffvapestore.com\/it\/wp-json\/wp\/v2\/product_tag?post=3331"}],"curies":[{"name":"wp","href":"https:\/\/api.w.org\/{rel}","templated":true}]}}