{"id":3204,"date":"2025-06-22T09:07:42","date_gmt":"2025-06-22T09:07:42","guid":{"rendered":"https:\/\/puffvapestore.com\/?post_type=product&#038;p=3204"},"modified":"2026-01-19T10:54:03","modified_gmt":"2026-01-19T10:54:03","slug":"randm-tornado-9000-vape-propose-une-variete-de-saveurs-pour-repondre-a-tous-les-gouts","status":"publish","type":"product","link":"https:\/\/puffvapestore.com\/it\/product\/randm-tornado-9000-vape-offre-una-gamma-di-sapori-per-tutti-i-gusti\/","title":{"rendered":"RandM Tornado 9000 \u00e8 disponibile in oltre 50 gusti per soddisfare tutti i gusti."},"content":{"rendered":"<div data-elementor-type=\"wp-post\" data-elementor-id=\"3204\" class=\"elementor elementor-3204\">\n\t\t\t\t<div class=\"elementor-element elementor-element-08c26f9 e-flex e-con-boxed e-con e-parent\" data-id=\"08c26f9\" data-element_type=\"container\" data-e-type=\"container\">\n\t\t\t\t\t<div class=\"e-con-inner\">\n\t\t\t\t<div class=\"elementor-element elementor-element-a005a97 elementor-widget elementor-widget-text-editor\" data-id=\"a005a97\" data-element_type=\"widget\" data-e-type=\"widget\" data-widget_type=\"text-editor.default\">\n\t\t\t\t<div class=\"elementor-widget-container\">\n\t\t\t\t\t\t\t\t\t<p>La sigaretta elettronica RandM Tornado 9000 vanta una durata estremamente lunga (fino a 9.000 boccate), prestazioni elevate e un design unico. \u00c8 dotata di una batteria ricaricabile da 850 mAh e di un'interfaccia di ricarica rapida USB-C, che consente di ricaricarla completamente in circa un'ora per un uso duraturo. Il serbatoio dell'olio integrato contiene circa 18 ml di olio. Inoltre, la RandM Tornado 9000 utilizza un atomizzatore a mesh da 0,8 ohm per migliorare efficacemente la concentrazione del fumo e il gusto.<\/p>\t\t\t\t\t\t\t\t<\/div>\n\t\t\t\t<\/div>\n\t\t\t\t\t<\/div>\n\t\t\t\t<\/div>\n\t\t<div class=\"elementor-element elementor-element-4ac287c e-flex e-con-boxed e-con e-parent\" data-id=\"4ac287c\" data-element_type=\"container\" data-e-type=\"container\">\n\t\t\t\t\t<div class=\"e-con-inner\">\n\t\t<div class=\"elementor-element elementor-element-bbd8e4a e-con-full e-flex e-con e-child\" data-id=\"bbd8e4a\" data-element_type=\"container\" data-e-type=\"container\">\n\t\t\t\t<div class=\"elementor-element elementor-element-0dc5338 elementor-widget elementor-widget-text-editor\" data-id=\"0dc5338\" data-element_type=\"widget\" data-e-type=\"widget\" data-widget_type=\"text-editor.default\">\n\t\t\t\t<div class=\"elementor-widget-container\">\n\t\t\t\t\t\t\t\t\t<h2>Caratteristiche del modello RandM Tornado 9000 :<\/h2><ul><li>Capacit\u00e0 di soffio: Fino a 9.000 soffi, ideale per un uso prolungato.<\/li><li>Batteria: batteria ricaricabile da 850 mAh con funzione di ricarica Type-C per una ricarica rapida ed efficiente.<\/li><li>E-liquido: pre-riempito con 18 ml di e-liquido, concentrazione di nicotina 2% o 5% opzionale.<\/li><li>Tecnologia: utilizza resistenze a rete avanzate per un vapore delicato e uniforme e un sapore intenso.<\/li><li>Design: piccola e leggera, elegante e attraente, \u00e8 dotata di LED RGB luminosi per effetti visivi eccellenti. Non \u00e8 necessario alcun pulsante: basta inspirare per iniziare, il che \u00e8 comodo per i principianti.<\/li><\/ul>\t\t\t\t\t\t\t\t<\/div>\n\t\t\t\t<\/div>\n\t\t\t\t<\/div>\n\t\t<div class=\"elementor-element elementor-element-8e0e87d e-con-full e-flex e-con e-child\" data-id=\"8e0e87d\" data-element_type=\"container\" data-e-type=\"container\">\n\t\t\t\t<div class=\"elementor-element elementor-element-63d978d elementor-widget elementor-widget-image-gallery\" data-id=\"63d978d\" data-element_type=\"widget\" data-e-type=\"widget\" data-widget_type=\"image-gallery.default\">\n\t\t\t\t<div class=\"elementor-widget-container\">\n\t\t\t\t\t\t\t<div class=\"elementor-image-gallery\">\n\t\t\t<div id='gallery-1' class='gallery galleryid-3204 gallery-columns-1 gallery-size-medium_large'><figure class='gallery-item'>\n\t\t\t<div class='gallery-icon landscape'>\n\t\t\t\t<img fetchpriority=\"high\" decoding=\"async\" width=\"768\" height=\"768\" src=\"https:\/\/puffvapestore.com\/wp-content\/uploads\/2025\/06\/18ml-liquid-inhalt-randm-tornado-vape-9000-pvafrt9000-768x768.jpg\" class=\"attachment-medium_large size-medium_large\" alt=\"randm tornado 9000 18ml liquido\" aria-describedby=\"gallery-1-3190\" srcset=\"https:\/\/puffvapestore.com\/wp-content\/uploads\/2025\/06\/18ml-liquid-inhalt-randm-tornado-vape-9000-pvafrt9000-768x768.jpg 768w, https:\/\/puffvapestore.com\/wp-content\/uploads\/2025\/06\/18ml-liquid-inhalt-randm-tornado-vape-9000-pvafrt9000-300x300.jpg 300w, https:\/\/puffvapestore.com\/wp-content\/uploads\/2025\/06\/18ml-liquid-inhalt-randm-tornado-vape-9000-pvafrt9000-150x150.jpg 150w, https:\/\/puffvapestore.com\/wp-content\/uploads\/2025\/06\/18ml-liquid-inhalt-randm-tornado-vape-9000-pvafrt9000-600x600.jpg 600w, https:\/\/puffvapestore.com\/wp-content\/uploads\/2025\/06\/18ml-liquid-inhalt-randm-tornado-vape-9000-pvafrt9000-100x100.jpg 100w, https:\/\/puffvapestore.com\/wp-content\/uploads\/2025\/06\/18ml-liquid-inhalt-randm-tornado-vape-9000-pvafrt9000.jpg 1016w\" sizes=\"(max-width: 768px) 100vw, 768px\" \/>\n\t\t\t<\/div>\n\t\t\t\t<figcaption class='wp-caption-text gallery-caption' id='gallery-1-3190'>\n\t\t\t\trandm tornado 9000 18ml liquido\n\t\t\t\t<\/figcaption><\/figure>\n\t\t<\/div>\n\t\t<\/div>\n\t\t\t\t\t\t<\/div>\n\t\t\t\t<\/div>\n\t\t\t\t<\/div>\n\t\t\t\t\t<\/div>\n\t\t\t\t<\/div>\n\t\t<div class=\"elementor-element elementor-element-d3f3f97 e-flex e-con-boxed e-con e-parent\" data-id=\"d3f3f97\" data-element_type=\"container\" data-e-type=\"container\">\n\t\t\t\t\t<div class=\"e-con-inner\">\n\t\t\t\t<div class=\"elementor-element elementor-element-9600b1d elementor-widget elementor-widget-text-editor\" data-id=\"9600b1d\" data-element_type=\"widget\" data-e-type=\"widget\" data-widget_type=\"text-editor.default\">\n\t\t\t\t<div class=\"elementor-widget-container\">\n\t\t\t\t\t\t\t\t\t<h2>Il modello RandM Tornado 9000 offre una variet\u00e0 di gusti per tutti i gusti.<\/h2><p>La RandM Tornado 9000 offre 54 gusti, dai pi\u00f9 rinfrescanti ai pi\u00f9 forti, dai pi\u00f9 classici ai pi\u00f9 innovativi, per soddisfare tutti i gusti, soprattutto quelli che amano i sapori complessi, ghiacciati o fruttati.<\/p><p>Tornado 9000 offre una ricca variet\u00e0 di sapori fruttati, in versioni fruttate sia semplici che complesse. Aloe Grape\u00ab combina l'aloe rinfrescante con l'uva dolce, mentre \u00bbBlueberry Raspberry\u00ab e \u00bbBlueberry Cherry Cranberry\u00ab offrono aromi fruttati complessi. I gusti classici come \u00bbUva\u00ab, \u00bbAnanas\u00ab e \u00bbCiliegia\u00ab catturano la pura esperienza fruttata, mentre \u00bbRainbow Candy\u00ab e \u00bbSkittles\u00ab riproducono la dolcezza delle caramelle.<\/p><p>La gamma Ice \u00e8 la pi\u00f9 popolare e offre quasi tutti i gusti fruttati pi\u00f9 diffusi. \u00abBlue Razz Ice\u00bb, \u00abWatermelon Ice\u00bb e \u00abPeach Ice\u00bb aggiungono un tocco ghiacciato al gusto fruttato, perfetto per chi preferisce un gusto fresco. \u00abBlack Ice\u00bb e \u00abCool Mint\u00bb hanno un forte effetto rinfrescante, mentre \u00abLush Ice\u00bb (solitamente un mix di anguria e menta) e \u00abWatermelon Brazz Ice\u00bb aggiungono ancora pi\u00f9 opzioni ghiacciate.<\/p><p>Alcuni gusti imitano bevande o dessert popolari, come \u00abCherry Cola\u00bb, \u00abOrange Soda\u00bb e \u00abPink Lemonade\u00bb, che offrono la sensazione rinfrescante delle bevande gassate. La \u00abLimonata alla pesca\u00bb e la \u00abLimonata alla fragola\u00bb offrono un equilibrio dolce e aspro, mentre il \u00abVimto\u00bb cattura il sapore unico del classico ribes nero britannico. I dessert come \u00abBanana Custard\u00bb e \u00abStrawberry Cream\u00bb aggiungono un sapore ricco e cremoso.<\/p><p>Le combinazioni di frutta tropicale come \u00abKiwi, Passion Fruit, Guava\u00bb e \u00abPesca, Mango e Ananas\u00bb sono ricche di sapori esotici. I gusti dolci come \u00abGummy Bear\u00bb, \u00abSour Candy\u00bb e \u00abWatermelon Bubblegum\u00bb offrono sapori dolci o aspri, mentre \u00abStrawberry Watermelon Bubblegum\u00bb e \u00abWatermelon Skittles\u00bb combinano due gusti popolari per gli amanti del divertimento.<\/p>\t\t\t\t\t\t\t\t<\/div>\n\t\t\t\t<\/div>\n\t\t\t\t\t<\/div>\n\t\t\t\t<\/div>\n\t\t<div class=\"elementor-element elementor-element-718b380 e-flex e-con-boxed e-con e-parent\" data-id=\"718b380\" data-element_type=\"container\" data-e-type=\"container\">\n\t\t\t\t\t<div class=\"e-con-inner\">\n\t\t\t\t<div class=\"elementor-element elementor-element-d2cc8fa elementor-widget elementor-widget-text-editor\" data-id=\"d2cc8fa\" data-element_type=\"widget\" data-e-type=\"widget\" data-widget_type=\"text-editor.default\">\n\t\t\t\t<div class=\"elementor-widget-container\">\n\t\t\t\t\t\t\t\t\t<h3>La durata della batteria della RandM Tornado 9000 \u00e8 sufficiente per utilizzare i 18 ml di e-liquid?<\/h3><p>La batteria da 850 mAh della RandM Tornado 9000 vi dar\u00e0 9.000 boccate di 18 ml di e-liquid dopo diverse ricariche.<\/p><p>Il modello RandM Tornado 9000 \u00e8 dotato di una batteria ricaricabile da 850 mAh e di 18 ml di e-liquid pre-riempito, che offre circa 9.000 boccate. La batteria da 850 mAh offre una capacit\u00e0 superiore a quella dei prodotti usa e getta e consente una ricarica rapida tramite la porta Type-C. La batteria da 850 mAh della RandM Tornado 9000 pu\u00f2 supportare circa 200-1000 puff con una singola carica completa (a seconda della durata del puff). Una singola carica di 850 mAh non \u00e8 sufficiente a coprire i 9000 soffi, ma diverse cariche possono compensare questa mancanza. Inoltre, le batterie agli ioni di litio (come quelle da 850 mAh) resistono generalmente a 300-500 cicli di carica completa (da 0 % a 100 %), il che significa che l'autonomia totale supera di gran lunga le esigenze dei dispositivi usa e getta.<\/p><h3>Il sapore di RandM Tornado 9000 svanisce nel tempo?<\/h3><p>Il gusto di RandM Tornado 9000 non svanisce nel tempo.<\/p><p>La RandM Tornado 9000 offre un'esperienza di gusto molto costante per tutto il ciclo di utilizzo. L'ampia capacit\u00e0 di 18 ml di e-liquid e la tecnologia mesh core da 0,8 ohm assicurano una dose costante e duratura. I sapori fruttati come \u00abICE\u00bb e \u00abBlueberry Raspberry\u00bb mantengono la loro freschezza e non svaniscono dopo settimane di utilizzo.<\/p><h5>Esperienze d'uso diverse per persone diverse<\/h5><p>Sebbene la tecnologia sia progettata per mantenere un gusto costante, l'esperienza dell'utente varia da persona a persona. Alcuni utenti riferiscono che alcuni sapori (come quelli contenenti elementi \u00abICE\u00bb) possono subire cambiamenti nel gusto dopo un uso prolungato, come una maggiore freschezza e sapori fruttati leggermente pi\u00f9 leggeri. Questo potrebbe essere legato all'affaticamento del gusto. La maggior parte degli utenti della sigaretta elettronica RandM Tornado 9000 ritiene che il sapore della sigaretta elettronica RandM Tornado 9000 rimanga stabile per tutto il suo ciclo di vita. Se ci si stanca del gusto, si pu\u00f2 cambiare aroma. Cambiare spesso aroma \u00e8 un buon modo per alleviare la stanchezza del gusto.<\/p>\t\t\t\t\t\t\t\t<\/div>\n\t\t\t\t<\/div>\n\t\t\t\t\t<\/div>\n\t\t\t\t<\/div>\n\t\t\t\t<\/div>","protected":false},"excerpt":{"rendered":"<p>La cigarette \u00e9lectronique RandM Tornado 9000 se distingue par sa tr\u00e8s longue dur\u00e9e de vie (jusqu&rsquo;\u00e0 9000 bouff\u00e9es), ses performances \u00e9lev\u00e9es et son design unique. Elle est \u00e9quip\u00e9e d&rsquo;une batterie rechargeable de 850 mAh et d&rsquo;une interface de charge rapide USB-C, permettant une charge compl\u00e8te en environ une heure pour une utilisation longue dur\u00e9e. Le [&hellip;]<\/p>","protected":false},"featured_media":3189,"comment_status":"open","ping_status":"closed","template":"","meta":{"site-sidebar-layout":"no-sidebar","site-content-layout":"page-builder","ast-site-content-layout":"normal-width-container","site-content-style":"default","site-sidebar-style":"default","ast-global-header-display":"","ast-banner-title-visibility":"","ast-main-header-display":"","ast-hfb-above-header-display":"","ast-hfb-below-header-display":"","ast-hfb-mobile-header-display":"","site-post-title":"disabled","ast-breadcrumbs-content":"","ast-featured-img":"disabled","footer-sml-layout":"","theme-transparent-header-meta":"default","adv-header-id-meta":"","stick-header-meta":"default","header-above-stick-meta":"","header-main-stick-meta":"","header-below-stick-meta":"","astra-migrate-meta-layouts":"set","ast-page-background-enabled":"default","ast-page-background-meta":{"desktop":{"background-color":"","background-image":"","background-repeat":"repeat","background-position":"center center","background-size":"auto","background-attachment":"scroll","background-type":"","background-media":"","overlay-type":"","overlay-color":"","overlay-opacity":"","overlay-gradient":""},"tablet":{"background-color":"","background-image":"","background-repeat":"repeat","background-position":"center center","background-size":"auto","background-attachment":"scroll","background-type":"","background-media":"","overlay-type":"","overlay-color":"","overlay-opacity":"","overlay-gradient":""},"mobile":{"background-color":"","background-image":"","background-repeat":"repeat","background-position":"center center","background-size":"auto","background-attachment":"scroll","background-type":"","background-media":"","overlay-type":"","overlay-color":"","overlay-opacity":"","overlay-gradient":""}},"ast-content-background-meta":{"desktop":{"background-color":"var(--ast-global-color-5)","background-image":"","background-repeat":"repeat","background-position":"center center","background-size":"auto","background-attachment":"scroll","background-type":"","background-media":"","overlay-type":"","overlay-color":"","overlay-opacity":"","overlay-gradient":""},"tablet":{"background-color":"var(--ast-global-color-5)","background-image":"","background-repeat":"repeat","background-position":"center center","background-size":"auto","background-attachment":"scroll","background-type":"","background-media":"","overlay-type":"","overlay-color":"","overlay-opacity":"","overlay-gradient":""},"mobile":{"background-color":"var(--ast-global-color-5)","background-image":"","background-repeat":"repeat","background-position":"center center","background-size":"auto","background-attachment":"scroll","background-type":"","background-media":"","overlay-type":"","overlay-color":"","overlay-opacity":"","overlay-gradient":""}}},"product_brand":[42],"product_cat":[43,78,15],"product_tag":[],"class_list":{"0":"post-3204","1":"product","2":"type-product","3":"status-publish","4":"has-post-thumbnail","6":"product_brand-randm-tornado","7":"product_cat-randm-tornado-9000","8":"product_cat-puff-9k","9":"product_cat-magasin-cigarette-electronique","10":"desktop-align-center","11":"tablet-align-center","12":"mobile-align-center","13":"ast-product-gallery-layout-horizontal","14":"ast-product-single-variable","15":"ast-product-tabs-layout-horizontal","16":"ast-qv-on-image","18":"first","19":"outofstock","20":"sale","21":"shipping-taxable","22":"purchasable","23":"product-type-variable","24":"has-default-attributes"},"tiered_pricing_type":"fixed","tiered_pricing_fixed_rules":{"30":8.58,"60":8.13,"100":7.61,"200":7.12,"400":6.86},"tiered_pricing_product_settings":{"layout":"default","base_unit_name":{"singular":null,"plural":null},"default_variation":null},"tiered_pricing_minimum_quantity":null,"tiered_pricing_roles_data":[],"tiered_pricing_percentage_rules":[],"_links":{"self":[{"href":"https:\/\/puffvapestore.com\/it\/wp-json\/wp\/v2\/product\/3204","targetHints":{"allow":["GET"]}}],"collection":[{"href":"https:\/\/puffvapestore.com\/it\/wp-json\/wp\/v2\/product"}],"about":[{"href":"https:\/\/puffvapestore.com\/it\/wp-json\/wp\/v2\/types\/product"}],"replies":[{"embeddable":true,"href":"https:\/\/puffvapestore.com\/it\/wp-json\/wp\/v2\/comments?post=3204"}],"version-history":[{"count":8,"href":"https:\/\/puffvapestore.com\/it\/wp-json\/wp\/v2\/product\/3204\/revisions"}],"predecessor-version":[{"id":3718,"href":"https:\/\/puffvapestore.com\/it\/wp-json\/wp\/v2\/product\/3204\/revisions\/3718"}],"wp:featuredmedia":[{"embeddable":true,"href":"https:\/\/puffvapestore.com\/it\/wp-json\/wp\/v2\/media\/3189"}],"wp:attachment":[{"href":"https:\/\/puffvapestore.com\/it\/wp-json\/wp\/v2\/media?parent=3204"}],"wp:term":[{"taxonomy":"product_brand","embeddable":true,"href":"https:\/\/puffvapestore.com\/it\/wp-json\/wp\/v2\/product_brand?post=3204"},{"taxonomy":"product_cat","embeddable":true,"href":"https:\/\/puffvapestore.com\/it\/wp-json\/wp\/v2\/product_cat?post=3204"},{"taxonomy":"product_tag","embeddable":true,"href":"https:\/\/puffvapestore.com\/it\/wp-json\/wp\/v2\/product_tag?post=3204"}],"curies":[{"name":"wp","href":"https:\/\/api.w.org\/{rel}","templated":true}]}}