{"id":2535,"date":"2025-06-21T08:42:06","date_gmt":"2025-06-21T08:42:06","guid":{"rendered":"https:\/\/puffvapestore.com\/?post_type=product&#038;p=2535"},"modified":"2026-01-19T10:32:53","modified_gmt":"2026-01-19T10:32:53","slug":"puff-7000-randm-tornado-strawberry-banana","status":"publish","type":"product","link":"https:\/\/puffvapestore.com\/it\/product\/puff-7000-randm-tornado-fragola-banana\/","title":{"rendered":"Puff 7000 Taff RandM Tornado 7K - Fragola Banana"},"content":{"rendered":"<div data-elementor-type=\"wp-post\" data-elementor-id=\"2535\" class=\"elementor elementor-2535\">\n\t\t\t\t<div class=\"elementor-element elementor-element-d3f3f97 e-flex e-con-boxed e-con e-parent\" data-id=\"d3f3f97\" data-element_type=\"container\" data-e-type=\"container\">\n\t\t\t\t\t<div class=\"e-con-inner\">\n\t\t\t\t<div class=\"elementor-element elementor-element-9600b1d elementor-widget elementor-widget-text-editor\" data-id=\"9600b1d\" data-element_type=\"widget\" data-e-type=\"widget\" data-widget_type=\"text-editor.default\">\n\t\t\t\t<div class=\"elementor-widget-container\">\n\t\t\t\t\t\t\t\t\t<h2>Sapore : Fragola e banana<\/h2><p>Il gusto Strawberry Banana di RandM Tornado 7000 \u00e8 una miscela fruttata classica e delicata, con fragola e banana come aromi principali, studiata per offrire un sapore di dessert tropicale morbido e naturale.<\/p><ul><li><strong>Douce Fraise :<\/strong><br \/>Il sapore principale \u00e8 quello delle fragole mature, con una dolcezza succosa e naturale che ricorda le fragole appena raccolte. Il sapore della fragola \u00e8 ricco e morbido, offre un intenso aroma fruttato con una nota di acidit\u00e0 che sottolinea la purezza del suo gusto.<\/li><li><strong>Il gusto cremoso delle banane :<\/strong><br \/>La banana \u00e8 un aroma secondario, che fornisce una dolcezza morbida e setosa che completa il sapore della fragola. Il sapore di banana si avverte chiaramente nell'espirazione, con un gusto cremoso e setoso, ricco e morbido ma non troppo pesante.<\/li><\/ul>\t\t\t\t\t\t\t\t<\/div>\n\t\t\t\t<\/div>\n\t\t\t\t\t<\/div>\n\t\t\t\t<\/div>\n\t\t<div class=\"elementor-element elementor-element-08c26f9 e-flex e-con-boxed e-con e-parent\" data-id=\"08c26f9\" data-element_type=\"container\" data-e-type=\"container\">\n\t\t\t\t\t<div class=\"e-con-inner\">\n\t\t\t\t<div class=\"elementor-element elementor-element-a005a97 elementor-widget elementor-widget-text-editor\" data-id=\"a005a97\" data-element_type=\"widget\" data-e-type=\"widget\" data-widget_type=\"text-editor.default\">\n\t\t\t\t<div class=\"elementor-widget-container\">\n\t\t\t\t\t\t\t\t\t<h2>RandM Tornado 7K Fragola e Banana<\/h2><p>La sigaretta elettronica monouso RandM Tornado 7000 Strawberry Banana \u00e8 precaricata con 14 ml di e-liquid premium con sali di nicotina, con due concentrazioni di nicotina: 2 % e 5 %, per soddisfare le esigenze sia dei vapers occasionali che di quelli che cercano un'esperienza pi\u00f9 intensa. La batteria integrata \u00e8 dotata di un'affidabile porta di ricarica Type-C per un'alimentazione continua, che consente agli utenti di godersi ogni boccata. Il suo design elegante e portatile combina la praticit\u00e0 con prestazioni di lunga durata, rendendola una scelta ideale per gli appassionati di sigarette elettroniche.<\/p>\t\t\t\t\t\t\t\t<\/div>\n\t\t\t\t<\/div>\n\t\t\t\t\t<\/div>\n\t\t\t\t<\/div>\n\t\t<div class=\"elementor-element elementor-element-4ac287c e-flex e-con-boxed e-con e-parent\" data-id=\"4ac287c\" data-element_type=\"container\" data-e-type=\"container\">\n\t\t\t\t\t<div class=\"e-con-inner\">\n\t\t<div class=\"elementor-element elementor-element-bbd8e4a e-con-full e-flex e-con e-child\" data-id=\"bbd8e4a\" data-element_type=\"container\" data-e-type=\"container\">\n\t\t\t\t<div class=\"elementor-element elementor-element-0dc5338 elementor-widget elementor-widget-text-editor\" data-id=\"0dc5338\" data-element_type=\"widget\" data-e-type=\"widget\" data-widget_type=\"text-editor.default\">\n\t\t\t\t<div class=\"elementor-widget-container\">\n\t\t\t\t\t\t\t\t\t<h2>Caratteristiche del RandM Tornado 7000 Strawberry Banana:<\/h2><ul><li><strong>Numero di soffi<\/strong>\u00a0Ciascun dispositivo pu\u00f2 sopportare fino a 7.000 boccate, l'ideale per un uso prolungato.<\/li><li><strong>Batteria\u00a0<\/strong>Batteria ricaricabile da 850 mAh con porta di ricarica di tipo C per una ricarica rapida (da 30 a 60 minuti).<\/li><li><strong>Capacit\u00e0 del liquido elettronico<\/strong>\u00a0Serbatoi pre-riempiti da 14 ml con una scelta di 2 % o 5 % sali di nicotina.<\/li><li><strong>Design\u00a0<\/strong>Portatile, realizzato con materiali resistenti, \u00e8 dotato di un serbatoio dell'olio trasparente per controllare il livello dell'olio rimanente. Le luci RGB e gli indicatori LED aggiungono un tocco di eleganza.<\/li><li><strong>Resistenza delle maglie<\/strong>\u00a0Utilizzare una resistenza Mesh per ottenere un sapore e una produzione di vapore costanti.<\/li><\/ul>\t\t\t\t\t\t\t\t<\/div>\n\t\t\t\t<\/div>\n\t\t\t\t<\/div>\n\t\t<div class=\"elementor-element elementor-element-8e0e87d e-con-full e-flex e-con e-child\" data-id=\"8e0e87d\" data-element_type=\"container\" data-e-type=\"container\">\n\t\t\t\t<div class=\"elementor-element elementor-element-63d978d elementor-widget elementor-widget-image-gallery\" data-id=\"63d978d\" data-element_type=\"widget\" data-e-type=\"widget\" data-widget_type=\"image-gallery.default\">\n\t\t\t\t<div class=\"elementor-widget-container\">\n\t\t\t\t\t\t\t<div class=\"elementor-image-gallery\">\n\t\t\t<div id='gallery-1' class='gallery galleryid-2535 gallery-columns-1 gallery-size-medium_large'><figure class='gallery-item'>\n\t\t\t<div class='gallery-icon landscape'>\n\t\t\t\t<img fetchpriority=\"high\" decoding=\"async\" width=\"768\" height=\"768\" src=\"https:\/\/puffvapestore.com\/wp-content\/uploads\/2025\/06\/RandM-Tornado-7000-Strawberry-Banana-pvafrt7000-768x768.jpg\" class=\"attachment-medium_large size-medium_large\" alt=\"Fragola e banana RandM Tornado 7000\" aria-describedby=\"gallery-1-2287\" srcset=\"https:\/\/puffvapestore.com\/wp-content\/uploads\/2025\/06\/RandM-Tornado-7000-Strawberry-Banana-pvafrt7000-768x768.jpg 768w, https:\/\/puffvapestore.com\/wp-content\/uploads\/2025\/06\/RandM-Tornado-7000-Strawberry-Banana-pvafrt7000-300x300.jpg 300w, https:\/\/puffvapestore.com\/wp-content\/uploads\/2025\/06\/RandM-Tornado-7000-Strawberry-Banana-pvafrt7000-1024x1024.jpg 1024w, https:\/\/puffvapestore.com\/wp-content\/uploads\/2025\/06\/RandM-Tornado-7000-Strawberry-Banana-pvafrt7000-150x150.jpg 150w, https:\/\/puffvapestore.com\/wp-content\/uploads\/2025\/06\/RandM-Tornado-7000-Strawberry-Banana-pvafrt7000-600x600.jpg 600w, https:\/\/puffvapestore.com\/wp-content\/uploads\/2025\/06\/RandM-Tornado-7000-Strawberry-Banana-pvafrt7000-100x100.jpg 100w, https:\/\/puffvapestore.com\/wp-content\/uploads\/2025\/06\/RandM-Tornado-7000-Strawberry-Banana-pvafrt7000.jpg 1039w\" sizes=\"(max-width: 768px) 100vw, 768px\" \/>\n\t\t\t<\/div>\n\t\t\t\t<figcaption class='wp-caption-text gallery-caption' id='gallery-1-2287'>\n\t\t\t\tFragola e banana RandM Tornado 7000 \n\t\t\t\t<\/figcaption><\/figure>\n\t\t<\/div>\n\t\t<\/div>\n\t\t\t\t\t\t<\/div>\n\t\t\t\t<\/div>\n\t\t\t\t<\/div>\n\t\t\t\t\t<\/div>\n\t\t\t\t<\/div>\n\t\t<div class=\"elementor-element elementor-element-718b380 e-flex e-con-boxed e-con e-parent\" data-id=\"718b380\" data-element_type=\"container\" data-e-type=\"container\">\n\t\t\t\t\t<div class=\"e-con-inner\">\n\t\t\t\t<div class=\"elementor-element elementor-element-d2cc8fa elementor-widget elementor-widget-text-editor\" data-id=\"d2cc8fa\" data-element_type=\"widget\" data-e-type=\"widget\" data-widget_type=\"text-editor.default\">\n\t\t\t\t<div class=\"elementor-widget-container\">\n\t\t\t\t\t\t\t\t\t<h3>L'RandM Tornado 7000 Strawberry Banana emette odori o perde?<\/h3><p>RandM Tornado Le sigarette elettroniche 7000 Strawberry Banana sono inodori e non perdono olio durante il normale utilizzo.<\/p><p>La sigaretta elettronica RandM Tornado 7000 Strawberry Banana adotta un design chiuso integrato: componenti come il serbatoio dell'olio, la batteria, la resistenza a rete e il bocchino sono integrati in un guscio solido. Realizzato con materiali ad alta resistenza e lavorato con precisione, questo guscio migliora non solo la sua forza strutturale, ma anche la sua resistenza alle perdite. In particolare, per lo stoccaggio dell'olio vengono utilizzati materiali di grado alimentare e viene applicato un trattamento di tenuta multistrato per prevenire efficacemente la volatilizzazione, l'ossidazione e le perdite di olio.<\/p><p>Per evitare perdite d'olio, il dispositivo RandM Tornado 7000 Strawberry Banana \u00e8 dotato di guarnizioni e cuscinetti in gomma altamente elastici e resistenti alla corrosione in diversi punti chiave, tra cui il collegamento tra il serbatoio dell'olio e il nucleo dell'atomizzatore, il bocchino della sigaretta elettronica, ecc. Inoltre, la parte inferiore del dispositivo \u00e8 dotata di un tappo in silicone o di un adesivo sigillante, che assorbe efficacemente gli urti esterni e le variazioni di pressione dell'aria durante il trasporto o lo stoccaggio, evitando cos\u00ec le perdite di olio. L'intera sigaretta elettronica \u00e8 protetta in vari modi, in particolare per quanto riguarda la struttura di tenuta e la scelta dei materiali, per garantirne la stabilit\u00e0 e la pulizia quotidiana.<\/p><h3>Il modello RandM Tornado 7000 Strawberry Banana \u00e8 compatibile con l'avvio automatico dell'inalazione?<\/h3><p>S\u00ec, la sigaretta elettronica RandM Tornado 7000 Strawberry Banana \u00e8 compatibile con l'attivazione automatica dell'inalazione. Questo design non richiede l'uso di pulsanti. Basta inalare e l'atomizzatore si accende automaticamente, riscalda l'e-liquid e produce fumo. Il suo principio di base \u00e8 l'integrazione di un sensore di pressione dell'aria. Quando si inala, il flusso d'aria attiva il segnale del sensore, che alimenta istantaneamente la batteria e attiva l'elemento riscaldante per completare il processo di atomizzazione. Questa tecnologia \u00abair switch\u00bb \u00e8 uno dei metodi pi\u00f9 comuni e collaudati per controllare le sigarette elettroniche usa e getta.<\/p><p>La tecnologia di attivazione automatica dell'inalazione migliora notevolmente il comfort e l'intuitivit\u00e0 d'uso, in particolare per gli utenti alle prime armi o per chi cerca un'esperienza pronta all'uso. Semplifica l'uso dei pulsanti ed evita noiose regolazioni. \u00c8 ideale per un utilizzo rapido in auto, durante le attivit\u00e0 all'aperto o in situazioni difficili da raggiungere. Inoltre, riduce il rischio di contatti accidentali, migliora la sicurezza generale e prolunga la durata del dispositivo.<\/p><p>Vale la pena di ricordare che il sistema di attivazione automatica delle RandM Tornado 7000 Strawberry Banana \u00e8 stato ottimizzato per mantenere una risposta sensibile e un innesco stabile anche in caso di utilizzo multiplo e continuo, evitando ritardi di innesco o guasti.<\/p>\t\t\t\t\t\t\t\t<\/div>\n\t\t\t\t<\/div>\n\t\t\t\t\t<\/div>\n\t\t\t\t<\/div>\n\t\t\t\t<\/div>","protected":false},"excerpt":{"rendered":"<p>Saveur\u00a0: Strawberry Banana La saveur Fraise Banane du RandM Tornado 7000 est un m\u00e9lange fruit\u00e9 classique et d\u00e9licat, avec la fraise et la banane comme saveurs principales, con\u00e7u pour offrir une saveur de dessert tropical onctueuse et naturelle. Douce Fraise\u00a0:La saveur principale est celle de la fraise m\u00fbre, apportant une douceur juteuse et naturelle, rappelant [&hellip;]<\/p>\n","protected":false},"featured_media":2287,"comment_status":"open","ping_status":"closed","template":"","meta":{"site-sidebar-layout":"no-sidebar","site-content-layout":"page-builder","ast-site-content-layout":"normal-width-container","site-content-style":"default","site-sidebar-style":"default","ast-global-header-display":"","ast-banner-title-visibility":"","ast-main-header-display":"","ast-hfb-above-header-display":"","ast-hfb-below-header-display":"","ast-hfb-mobile-header-display":"","site-post-title":"disabled","ast-breadcrumbs-content":"","ast-featured-img":"disabled","footer-sml-layout":"","theme-transparent-header-meta":"default","adv-header-id-meta":"","stick-header-meta":"default","header-above-stick-meta":"","header-main-stick-meta":"","header-below-stick-meta":"","astra-migrate-meta-layouts":"set","ast-page-background-enabled":"default","ast-page-background-meta":{"desktop":{"background-color":"","background-image":"","background-repeat":"repeat","background-position":"center center","background-size":"auto","background-attachment":"scroll","background-type":"","background-media":"","overlay-type":"","overlay-color":"","overlay-opacity":"","overlay-gradient":""},"tablet":{"background-color":"","background-image":"","background-repeat":"repeat","background-position":"center center","background-size":"auto","background-attachment":"scroll","background-type":"","background-media":"","overlay-type":"","overlay-color":"","overlay-opacity":"","overlay-gradient":""},"mobile":{"background-color":"","background-image":"","background-repeat":"repeat","background-position":"center center","background-size":"auto","background-attachment":"scroll","background-type":"","background-media":"","overlay-type":"","overlay-color":"","overlay-opacity":"","overlay-gradient":""}},"ast-content-background-meta":{"desktop":{"background-color":"var(--ast-global-color-5)","background-image":"","background-repeat":"repeat","background-position":"center center","background-size":"auto","background-attachment":"scroll","background-type":"","background-media":"","overlay-type":"","overlay-color":"","overlay-opacity":"","overlay-gradient":""},"tablet":{"background-color":"var(--ast-global-color-5)","background-image":"","background-repeat":"repeat","background-position":"center center","background-size":"auto","background-attachment":"scroll","background-type":"","background-media":"","overlay-type":"","overlay-color":"","overlay-opacity":"","overlay-gradient":""},"mobile":{"background-color":"var(--ast-global-color-5)","background-image":"","background-repeat":"repeat","background-position":"center center","background-size":"auto","background-attachment":"scroll","background-type":"","background-media":"","overlay-type":"","overlay-color":"","overlay-opacity":"","overlay-gradient":""}}},"product_brand":[42],"product_cat":[41,94,15],"product_tag":[],"class_list":{"0":"post-2535","1":"product","2":"type-product","3":"status-publish","4":"has-post-thumbnail","6":"product_brand-randm-tornado","7":"product_cat-randm-tornado-7000","8":"product_cat-puff-7k","9":"product_cat-magasin-cigarette-electronique","10":"desktop-align-center","11":"tablet-align-center","12":"mobile-align-center","13":"ast-product-gallery-layout-horizontal","14":"ast-product-gallery-with-no-image","15":"ast-product-single-variable","16":"ast-product-tabs-layout-horizontal","17":"ast-qv-on-image","19":"first","20":"outofstock","21":"sale","22":"shipping-taxable","23":"purchasable","24":"product-type-variable","25":"has-default-attributes"},"tiered_pricing_type":"fixed","tiered_pricing_fixed_rules":{"30":8.58,"60":8.12,"100":7.48,"200":6.98},"tiered_pricing_product_settings":{"layout":"default","base_unit_name":{"singular":null,"plural":null},"default_variation":null},"tiered_pricing_minimum_quantity":null,"tiered_pricing_roles_data":[],"tiered_pricing_percentage_rules":[],"_links":{"self":[{"href":"https:\/\/puffvapestore.com\/it\/wp-json\/wp\/v2\/product\/2535","targetHints":{"allow":["GET"]}}],"collection":[{"href":"https:\/\/puffvapestore.com\/it\/wp-json\/wp\/v2\/product"}],"about":[{"href":"https:\/\/puffvapestore.com\/it\/wp-json\/wp\/v2\/types\/product"}],"replies":[{"embeddable":true,"href":"https:\/\/puffvapestore.com\/it\/wp-json\/wp\/v2\/comments?post=2535"}],"version-history":[{"count":7,"href":"https:\/\/puffvapestore.com\/it\/wp-json\/wp\/v2\/product\/2535\/revisions"}],"predecessor-version":[{"id":3716,"href":"https:\/\/puffvapestore.com\/it\/wp-json\/wp\/v2\/product\/2535\/revisions\/3716"}],"wp:featuredmedia":[{"embeddable":true,"href":"https:\/\/puffvapestore.com\/it\/wp-json\/wp\/v2\/media\/2287"}],"wp:attachment":[{"href":"https:\/\/puffvapestore.com\/it\/wp-json\/wp\/v2\/media?parent=2535"}],"wp:term":[{"taxonomy":"product_brand","embeddable":true,"href":"https:\/\/puffvapestore.com\/it\/wp-json\/wp\/v2\/product_brand?post=2535"},{"taxonomy":"product_cat","embeddable":true,"href":"https:\/\/puffvapestore.com\/it\/wp-json\/wp\/v2\/product_cat?post=2535"},{"taxonomy":"product_tag","embeddable":true,"href":"https:\/\/puffvapestore.com\/it\/wp-json\/wp\/v2\/product_tag?post=2535"}],"curies":[{"name":"wp","href":"https:\/\/api.w.org\/{rel}","templated":true}]}}