{"id":2443,"date":"2025-06-12T05:02:51","date_gmt":"2025-06-12T05:02:51","guid":{"rendered":"https:\/\/puffvapestore.com\/?post_type=product&#038;p=2443"},"modified":"2026-01-19T10:32:53","modified_gmt":"2026-01-19T10:32:53","slug":"randm-tornado-7000-vape-blackcurrant-menthol","status":"publish","type":"product","link":"https:\/\/puffvapestore.com\/it\/product\/randm-tornado-7000-vape-ribes-nero-mentolo\/","title":{"rendered":"RandM Tornado 7000 Vape - Ribes nero al mentolo"},"content":{"rendered":"<div data-elementor-type=\"wp-post\" data-elementor-id=\"2443\" class=\"elementor elementor-2443\">\n\t\t\t\t<div class=\"elementor-element elementor-element-d3f3f97 e-flex e-con-boxed e-con e-parent\" data-id=\"d3f3f97\" data-element_type=\"container\" data-e-type=\"container\">\n\t\t\t\t\t<div class=\"e-con-inner\">\n\t\t\t\t<div class=\"elementor-element elementor-element-9600b1d elementor-widget elementor-widget-text-editor\" data-id=\"9600b1d\" data-element_type=\"widget\" data-e-type=\"widget\" data-widget_type=\"text-editor.default\">\n\t\t\t\t<div class=\"elementor-widget-container\">\n\t\t\t\t\t\t\t\t\t<h2>Sapore: Ribes nero e mentolo<\/h2><p>RandM Tornado 7000 Blackcurrant Menthol combina l'aroma fruttato del ribes nero maturo con la menta fresca. Questo gusto agrodolce e fruttato, combinato con una sensazione di freschezza, \u00e8 ideale per gli appassionati di svapo fruttato e rinfrescante.<\/p><ul><li><strong>L'aroma fruttato del ribes nero:<\/strong><br \/>Quando il fumo entra in bocca, l'aroma di ribes nero \u00e8 particolarmente pronunciato, offrendo un'esperienza fruttata agrodolce. Il gusto ricorda quello del ribes nero appena raccolto, con un sapore ricco e succoso, una dolcezza naturale delle bacche e una sottile acidit\u00e0. Questo aroma fruttato crea una base profonda per un gusto complessivamente potente, ma non eccessivamente dolce, e infinito.<\/li><li><strong>Mentolo rinfrescante:<\/strong><br \/>L'effetto rinfrescante del mentolo si avverte progressivamente durante l'espirazione, creando una sensazione di ghiaccio in bocca. L'aggiunta di mentolo apporta una freschezza rinvigorente a ogni inspirazione ed espirazione, dando l'impressione di mordere un frullato di ribes nero ghiacciato in una calda giornata estiva. Questa sensazione rinfrescante non maschera il sapore fruttato, ma convive armoniosamente con esso, esaltandone l'insieme.<\/li><\/ul>\t\t\t\t\t\t\t\t<\/div>\n\t\t\t\t<\/div>\n\t\t\t\t\t<\/div>\n\t\t\t\t<\/div>\n\t\t<div class=\"elementor-element elementor-element-08c26f9 e-flex e-con-boxed e-con e-parent\" data-id=\"08c26f9\" data-element_type=\"container\" data-e-type=\"container\">\n\t\t\t\t\t<div class=\"e-con-inner\">\n\t\t\t\t<div class=\"elementor-element elementor-element-a005a97 elementor-widget elementor-widget-text-editor\" data-id=\"a005a97\" data-element_type=\"widget\" data-e-type=\"widget\" data-widget_type=\"text-editor.default\">\n\t\t\t\t<div class=\"elementor-widget-container\">\n\t\t\t\t\t\t\t\t\t<h2>RandM Tornado 7000 Ribes nero al mentolo<\/h2><p>La RandM Tornado 7000 \u00e8 una sigaretta elettronica ricaricabile monouso, acclamata dagli utenti per la sua durata di 7.000 boccate e per le sue prestazioni di alto livello. \u00c8 precaricata con 14 ml di e-liquid con sali di nicotina, con concentrazioni di nicotina di 2 % e 5 %, per soddisfare le esigenze dei diversi fumatori. Il dispositivo \u00e8 dotato di una batteria ricaricabile e di una porta di ricarica di tipo C.<\/p><p>Un'altra caratteristica importante di questa sigaretta elettronica \u00e8 la resistenza delle maglie, che offre un'esperienza di fumo pi\u00f9 ricca e uniforme. Il dispositivo \u00e8 privo di pulsanti e dispone di un avvio automatico dell'inalazione, per un uso pi\u00f9 semplice.<\/p>\t\t\t\t\t\t\t\t<\/div>\n\t\t\t\t<\/div>\n\t\t\t\t\t<\/div>\n\t\t\t\t<\/div>\n\t\t<div class=\"elementor-element elementor-element-4ac287c e-flex e-con-boxed e-con e-parent\" data-id=\"4ac287c\" data-element_type=\"container\" data-e-type=\"container\">\n\t\t\t\t\t<div class=\"e-con-inner\">\n\t\t<div class=\"elementor-element elementor-element-bbd8e4a e-con-full e-flex e-con e-child\" data-id=\"bbd8e4a\" data-element_type=\"container\" data-e-type=\"container\">\n\t\t\t\t<div class=\"elementor-element elementor-element-0dc5338 elementor-widget elementor-widget-text-editor\" data-id=\"0dc5338\" data-element_type=\"widget\" data-e-type=\"widget\" data-widget_type=\"text-editor.default\">\n\t\t\t\t<div class=\"elementor-widget-container\">\n\t\t\t\t\t\t\t\t\t<h2>Caratteristiche di RandM Tornado 7000 Ribes nero al mentolo:<\/h2><ul><li><strong>Numero di soffi<\/strong>\u00a0Ciascun dispositivo pu\u00f2 sopportare fino a 7.000 boccate, l'ideale per un uso prolungato.<\/li><li><strong>Batteria\u00a0<\/strong>Batteria ricaricabile da 850 mAh con porta di ricarica di tipo C per una ricarica rapida (da 30 a 60 minuti).<\/li><li><strong>Capacit\u00e0 del liquido elettronico<\/strong>\u00a0Serbatoi pre-riempiti da 14 ml con una scelta di 2 % o 5 % sali di nicotina.<\/li><li><strong>Design\u00a0<\/strong>Portatile, realizzato con materiali resistenti, \u00e8 dotato di un serbatoio dell'olio trasparente per controllare il livello dell'olio rimanente. Le luci RGB e gli indicatori LED aggiungono un tocco di eleganza.<\/li><li><strong>Resistenza delle maglie<\/strong>\u00a0Utilizzare una resistenza Mesh per ottenere un sapore e una produzione di vapore costanti.<\/li><\/ul>\t\t\t\t\t\t\t\t<\/div>\n\t\t\t\t<\/div>\n\t\t\t\t<\/div>\n\t\t<div class=\"elementor-element elementor-element-8e0e87d e-con-full e-flex e-con e-child\" data-id=\"8e0e87d\" data-element_type=\"container\" data-e-type=\"container\">\n\t\t\t\t<div class=\"elementor-element elementor-element-63d978d elementor-widget elementor-widget-image-gallery\" data-id=\"63d978d\" data-element_type=\"widget\" data-e-type=\"widget\" data-widget_type=\"image-gallery.default\">\n\t\t\t\t<div class=\"elementor-widget-container\">\n\t\t\t\t\t\t\t<div class=\"elementor-image-gallery\">\n\t\t\t<div id='gallery-1' class='gallery galleryid-2443 gallery-columns-1 gallery-size-medium_large'><figure class='gallery-item'>\n\t\t\t<div class='gallery-icon landscape'>\n\t\t\t\t<img fetchpriority=\"high\" decoding=\"async\" width=\"768\" height=\"768\" src=\"https:\/\/puffvapestore.com\/wp-content\/uploads\/2025\/06\/RandM-Tornado-Vape-7000-Blackcurrant-Menthol-pvafrt7000-768x768.jpg\" class=\"attachment-medium_large size-medium_large\" alt=\"RandM 7000 Vape Ribes Nero Mentolo pvafrt7000\" aria-describedby=\"gallery-1-2256\" srcset=\"https:\/\/puffvapestore.com\/wp-content\/uploads\/2025\/06\/RandM-Tornado-Vape-7000-Blackcurrant-Menthol-pvafrt7000-768x768.jpg 768w, https:\/\/puffvapestore.com\/wp-content\/uploads\/2025\/06\/RandM-Tornado-Vape-7000-Blackcurrant-Menthol-pvafrt7000-300x300.jpg 300w, https:\/\/puffvapestore.com\/wp-content\/uploads\/2025\/06\/RandM-Tornado-Vape-7000-Blackcurrant-Menthol-pvafrt7000-1024x1024.jpg 1024w, https:\/\/puffvapestore.com\/wp-content\/uploads\/2025\/06\/RandM-Tornado-Vape-7000-Blackcurrant-Menthol-pvafrt7000-150x150.jpg 150w, https:\/\/puffvapestore.com\/wp-content\/uploads\/2025\/06\/RandM-Tornado-Vape-7000-Blackcurrant-Menthol-pvafrt7000-600x600.jpg 600w, https:\/\/puffvapestore.com\/wp-content\/uploads\/2025\/06\/RandM-Tornado-Vape-7000-Blackcurrant-Menthol-pvafrt7000-100x100.jpg 100w, https:\/\/puffvapestore.com\/wp-content\/uploads\/2025\/06\/RandM-Tornado-Vape-7000-Blackcurrant-Menthol-pvafrt7000.jpg 1039w\" sizes=\"(max-width: 768px) 100vw, 768px\" \/>\n\t\t\t<\/div>\n\t\t\t\t<figcaption class='wp-caption-text gallery-caption' id='gallery-1-2256'>\n\t\t\t\tRandM 7000 Vape Ribes Nero Mentolo pvafrt7000\n\t\t\t\t<\/figcaption><\/figure>\n\t\t<\/div>\n\t\t<\/div>\n\t\t\t\t\t\t<\/div>\n\t\t\t\t<\/div>\n\t\t\t\t<\/div>\n\t\t\t\t\t<\/div>\n\t\t\t\t<\/div>\n\t\t<div class=\"elementor-element elementor-element-718b380 e-flex e-con-boxed e-con e-parent\" data-id=\"718b380\" data-element_type=\"container\" data-e-type=\"container\">\n\t\t\t\t\t<div class=\"e-con-inner\">\n\t\t\t\t<div class=\"elementor-element elementor-element-d2cc8fa elementor-widget elementor-widget-text-editor\" data-id=\"d2cc8fa\" data-element_type=\"widget\" data-e-type=\"widget\" data-widget_type=\"text-editor.default\">\n\t\t\t\t<div class=\"elementor-widget-container\">\n\t\t\t\t\t\t\t\t\t<h3>L'RandM Tornado 7000 Blackcurrant Menthol emette odori o perde?<\/h3><p>In condizioni normali, la sigaretta elettronica RandM Tornado 7000 Blackcurrant Menthol \u00e8 inodore e senza perdite.<\/p><p>Il modello RandM Tornado 7000 Blackcurrant Menthol \u00e8 caratterizzato da un design integrato e chiuso, che comprende il vano di stoccaggio dell'e-liquid, la resistenza Mesh, la batteria e il canale del flusso d'aria. L'alloggiamento del dispositivo \u00e8 realizzato con materiali altamente resistenti, abbinati a un sofisticato processo di assemblaggio per garantire l'impermeabilit\u00e0 dell'intera struttura. Il serbatoio dell'olio \u00e8 il fulcro della tenuta. Vengono utilizzati materiali per uso alimentare per evitare qualsiasi reazione chimica dell'olio con l'ambiente esterno o qualsiasi perdita. La sigaretta elettronica RandM Tornado 7000 utilizza guarnizioni multistrato alla giunzione tra il serbatoio dell'olio e il bocchino, la resistenza e altri componenti. Queste guarnizioni sono altamente elastiche e resistenti agli agenti chimici e impediscono efficacemente le perdite di liquido. Inoltre, la parte inferiore del dispositivo \u00e8 dotata di un tappo o di un adesivo in silicone per proteggere il serbatoio dell'olio durante il trasporto e lo stoccaggio, evitando perdite dovute a variazioni di pressione o a urti. Questo design strutturale fornisce una base solida per evitare perdite d'olio, garantendo al contempo che l'olio non evapori o si contamini durante lo stoccaggio prolungato. Il design chiuso del modello RandM Tornado 7000 Blackcurrant Menthol, analizzato sopra, dimostra una tenuta particolarmente accurata, che garantisce l'assenza di odori e di perdite di olio in condizioni normali.<\/p><h3>Il modello RandM Tornado 7000 Ribes nero al mentolo \u00e8 compatibile con l'avvio automatico dell'inalazione?<\/h3><p>S\u00ec, il modello RandM Tornado 7000 Ribes nero al mentolo \u00e8 compatibile con l'avvio automatico dell'inalazione.<\/p><p>La sigaretta elettronica RandM Tornado 7000 Blackcurrant Menthol utilizza la tecnologia di attivazione automatica dell'inalazione, la pi\u00f9 diffusa sul mercato. Ci\u00f2 significa che l'utente non deve premere alcun pulsante. \u00c8 sufficiente inalare per attivare l'atomizzatore interno e produrre fumo. Il principio di base consiste nell'utilizzare il flusso d'aria per attivare il sensore interno, consentendo alla batteria di alimentare automaticamente il cuore dell'atomizzatore per riscaldare l'e-liquid.<\/p><p>L'attivazione automatica dell'inalazione rende l'uso della sigaretta elettronica RandM Tornado 7000 Blackcurrant Menthol pi\u00f9 semplice, intuitivo e comodo, in particolare per i nuovi utenti di sigarette elettroniche o per le situazioni che richiedono una sigaretta pronta all'uso. Ad esempio, durante la guida, all'aperto o quando non \u00e8 pratico usare le mani, gli utenti devono semplicemente tenere il bocchino e inspirare per usare la sigaretta elettronica RandM Tornado 7000, senza dover cercare i pulsanti o impostare i parametri, migliorando notevolmente la portabilit\u00e0 e la comodit\u00e0.<\/p>\t\t\t\t\t\t\t\t<\/div>\n\t\t\t\t<\/div>\n\t\t\t\t\t<\/div>\n\t\t\t\t<\/div>\n\t\t\t\t<\/div>","protected":false},"excerpt":{"rendered":"<p>Saveur : Blackcurrant Menthol La vape RandM Tornado 7000 Blackcurrant Menthol allie l&rsquo;ar\u00f4me fruit\u00e9 du cassis m\u00fbr \u00e0 la menthe fra\u00eeche. Ce go\u00fbt fruit\u00e9 aigre-doux m\u00eal\u00e9 \u00e0 une sensation de fra\u00eecheur est id\u00e9al pour les amateurs de vape fruit\u00e9e et rafra\u00eechissante. L&rsquo;ar\u00f4me fruit\u00e9 du cassis\u00a0:Lorsque la fum\u00e9e p\u00e9n\u00e8tre en bouche, le go\u00fbt du cassis est [&hellip;]<\/p>","protected":false},"featured_media":2256,"comment_status":"open","ping_status":"closed","template":"","meta":{"site-sidebar-layout":"no-sidebar","site-content-layout":"page-builder","ast-site-content-layout":"normal-width-container","site-content-style":"default","site-sidebar-style":"default","ast-global-header-display":"","ast-banner-title-visibility":"","ast-main-header-display":"","ast-hfb-above-header-display":"","ast-hfb-below-header-display":"","ast-hfb-mobile-header-display":"","site-post-title":"disabled","ast-breadcrumbs-content":"","ast-featured-img":"disabled","footer-sml-layout":"","theme-transparent-header-meta":"default","adv-header-id-meta":"","stick-header-meta":"default","header-above-stick-meta":"","header-main-stick-meta":"","header-below-stick-meta":"","astra-migrate-meta-layouts":"set","ast-page-background-enabled":"default","ast-page-background-meta":{"desktop":{"background-color":"","background-image":"","background-repeat":"repeat","background-position":"center center","background-size":"auto","background-attachment":"scroll","background-type":"","background-media":"","overlay-type":"","overlay-color":"","overlay-opacity":"","overlay-gradient":""},"tablet":{"background-color":"","background-image":"","background-repeat":"repeat","background-position":"center center","background-size":"auto","background-attachment":"scroll","background-type":"","background-media":"","overlay-type":"","overlay-color":"","overlay-opacity":"","overlay-gradient":""},"mobile":{"background-color":"","background-image":"","background-repeat":"repeat","background-position":"center center","background-size":"auto","background-attachment":"scroll","background-type":"","background-media":"","overlay-type":"","overlay-color":"","overlay-opacity":"","overlay-gradient":""}},"ast-content-background-meta":{"desktop":{"background-color":"var(--ast-global-color-5)","background-image":"","background-repeat":"repeat","background-position":"center center","background-size":"auto","background-attachment":"scroll","background-type":"","background-media":"","overlay-type":"","overlay-color":"","overlay-opacity":"","overlay-gradient":""},"tablet":{"background-color":"var(--ast-global-color-5)","background-image":"","background-repeat":"repeat","background-position":"center center","background-size":"auto","background-attachment":"scroll","background-type":"","background-media":"","overlay-type":"","overlay-color":"","overlay-opacity":"","overlay-gradient":""},"mobile":{"background-color":"var(--ast-global-color-5)","background-image":"","background-repeat":"repeat","background-position":"center center","background-size":"auto","background-attachment":"scroll","background-type":"","background-media":"","overlay-type":"","overlay-color":"","overlay-opacity":"","overlay-gradient":""}}},"product_brand":[42],"product_cat":[41,94,15],"product_tag":[],"class_list":{"0":"post-2443","1":"product","2":"type-product","3":"status-publish","4":"has-post-thumbnail","6":"product_brand-randm-tornado","7":"product_cat-randm-tornado-7000","8":"product_cat-puff-7k","9":"product_cat-magasin-cigarette-electronique","10":"desktop-align-center","11":"tablet-align-center","12":"mobile-align-center","13":"ast-product-gallery-layout-horizontal","14":"ast-product-gallery-with-no-image","15":"ast-product-single-variable","16":"ast-product-tabs-layout-horizontal","17":"ast-qv-on-image","19":"first","20":"outofstock","21":"sale","22":"shipping-taxable","23":"purchasable","24":"product-type-variable","25":"has-default-attributes"},"tiered_pricing_type":"fixed","tiered_pricing_fixed_rules":{"30":8.58,"60":8.12,"100":7.48,"200":6.98},"tiered_pricing_product_settings":{"layout":"default","base_unit_name":{"singular":null,"plural":null},"default_variation":null},"tiered_pricing_minimum_quantity":null,"tiered_pricing_roles_data":[],"tiered_pricing_percentage_rules":[],"_links":{"self":[{"href":"https:\/\/puffvapestore.com\/it\/wp-json\/wp\/v2\/product\/2443","targetHints":{"allow":["GET"]}}],"collection":[{"href":"https:\/\/puffvapestore.com\/it\/wp-json\/wp\/v2\/product"}],"about":[{"href":"https:\/\/puffvapestore.com\/it\/wp-json\/wp\/v2\/types\/product"}],"replies":[{"embeddable":true,"href":"https:\/\/puffvapestore.com\/it\/wp-json\/wp\/v2\/comments?post=2443"}],"version-history":[{"count":7,"href":"https:\/\/puffvapestore.com\/it\/wp-json\/wp\/v2\/product\/2443\/revisions"}],"predecessor-version":[{"id":2493,"href":"https:\/\/puffvapestore.com\/it\/wp-json\/wp\/v2\/product\/2443\/revisions\/2493"}],"wp:featuredmedia":[{"embeddable":true,"href":"https:\/\/puffvapestore.com\/it\/wp-json\/wp\/v2\/media\/2256"}],"wp:attachment":[{"href":"https:\/\/puffvapestore.com\/it\/wp-json\/wp\/v2\/media?parent=2443"}],"wp:term":[{"taxonomy":"product_brand","embeddable":true,"href":"https:\/\/puffvapestore.com\/it\/wp-json\/wp\/v2\/product_brand?post=2443"},{"taxonomy":"product_cat","embeddable":true,"href":"https:\/\/puffvapestore.com\/it\/wp-json\/wp\/v2\/product_cat?post=2443"},{"taxonomy":"product_tag","embeddable":true,"href":"https:\/\/puffvapestore.com\/it\/wp-json\/wp\/v2\/product_tag?post=2443"}],"curies":[{"name":"wp","href":"https:\/\/api.w.org\/{rel}","templated":true}]}}