{"id":2134,"date":"2025-04-18T19:20:39","date_gmt":"2025-04-18T19:20:39","guid":{"rendered":"https:\/\/puffvapestore.com\/?post_type=product&#038;p=2134"},"modified":"2026-01-19T10:37:33","modified_gmt":"2026-01-19T10:37:33","slug":"blueberry-kiwi-puff-18000-jnr-falcon","status":"publish","type":"product","link":"https:\/\/puffvapestore.com\/it\/product\/mirtillo-kiwi-puff-18000-jnr-falcon\/","title":{"rendered":"Mirtillo Kiwi Puff 18000 JNR Falcon X"},"content":{"rendered":"<div data-elementor-type=\"wp-post\" data-elementor-id=\"2134\" class=\"elementor elementor-2134\">\n\t\t\t\t<div class=\"elementor-element elementor-element-0510f80 e-flex e-con-boxed e-con e-parent\" data-id=\"0510f80\" data-element_type=\"container\" data-e-type=\"container\">\n\t\t\t\t\t<div class=\"e-con-inner\">\n\t\t<div class=\"elementor-element elementor-element-5f144d5 e-con-full e-flex e-con e-child\" data-id=\"5f144d5\" data-element_type=\"container\" data-e-type=\"container\">\n\t\t\t\t<div class=\"elementor-element elementor-element-53019a1 elementor-widget elementor-widget-text-editor\" data-id=\"53019a1\" data-element_type=\"widget\" data-e-type=\"widget\" data-widget_type=\"text-editor.default\">\n\t\t\t\t<div class=\"elementor-widget-container\">\n\t\t\t\t\t\t\t\t\t<h2>Caratteristiche dell'JNR Falcon 18K Blueberry Kiwi:<\/h2><p>Soffi: Fino a 18.000 boccate<br \/>Liquido: 24 ml<br \/>Livelli di nicotina: 0 %, 2 %, 5 %<br \/>Resistenza: 0,6 ohm<br \/>Capacit\u00e0 della batteria: 950 mAh<br \/>Ricarica: Tipo-C<br \/>Flusso d'aria regolabile: S\u00ec<br \/>Display digitale<br \/>Resistenza a doppia maglia e doppia anima<br \/>Dimensioni: 53,5 x 32 x 121 mm<\/p>\t\t\t\t\t\t\t\t<\/div>\n\t\t\t\t<\/div>\n\t\t\t\t<\/div>\n\t\t<div class=\"elementor-element elementor-element-434c269 e-con-full e-flex e-con e-child\" data-id=\"434c269\" data-element_type=\"container\" data-e-type=\"container\">\n\t\t\t\t<div class=\"elementor-element elementor-element-baaa2b5 elementor-widget elementor-widget-image-gallery\" data-id=\"baaa2b5\" data-element_type=\"widget\" data-e-type=\"widget\" data-widget_type=\"image-gallery.default\">\n\t\t\t\t<div class=\"elementor-widget-container\">\n\t\t\t\t\t\t\t<div class=\"elementor-image-gallery\">\n\t\t\t<div id='gallery-1' class='gallery galleryid-2134 gallery-columns-1 gallery-size-medium_large'><figure class='gallery-item'>\n\t\t\t<div class='gallery-icon portrait'>\n\t\t\t\t<img fetchpriority=\"high\" decoding=\"async\" width=\"654\" height=\"690\" src=\"https:\/\/puffvapestore.com\/wp-content\/uploads\/2025\/04\/pvajf18000-9.jpg\" class=\"attachment-medium_large size-medium_large\" alt=\"JNR Falcon Mirtillo Kiwi 18000 pvajf18000\" aria-describedby=\"gallery-1-1949\" srcset=\"https:\/\/puffvapestore.com\/wp-content\/uploads\/2025\/04\/pvajf18000-9.jpg 654w, https:\/\/puffvapestore.com\/wp-content\/uploads\/2025\/04\/pvajf18000-9-284x300.jpg 284w, https:\/\/puffvapestore.com\/wp-content\/uploads\/2025\/04\/pvajf18000-9-600x633.jpg 600w\" sizes=\"(max-width: 654px) 100vw, 654px\" \/>\n\t\t\t<\/div>\n\t\t\t\t<figcaption class='wp-caption-text gallery-caption' id='gallery-1-1949'>\n\t\t\t\tJNR Falcon Mirtillo Kiwi 18000 pvajf18000\n\t\t\t\t<\/figcaption><\/figure>\n\t\t<\/div>\n\t\t<\/div>\n\t\t\t\t\t\t<\/div>\n\t\t\t\t<\/div>\n\t\t\t\t<\/div>\n\t\t\t\t\t<\/div>\n\t\t\t\t<\/div>\n\t\t<div class=\"elementor-element elementor-element-cad69f4 e-flex e-con-boxed e-con e-parent\" data-id=\"cad69f4\" data-element_type=\"container\" data-e-type=\"container\">\n\t\t\t\t\t<div class=\"e-con-inner\">\n\t\t\t\t<div class=\"elementor-element elementor-element-6bc25e5 elementor-widget elementor-widget-n-accordion\" data-id=\"6bc25e5\" data-element_type=\"widget\" data-e-type=\"widget\" data-settings=\"{&quot;default_state&quot;:&quot;expanded&quot;,&quot;max_items_expended&quot;:&quot;one&quot;,&quot;n_accordion_animation_duration&quot;:{&quot;unit&quot;:&quot;ms&quot;,&quot;size&quot;:400,&quot;sizes&quot;:[]}}\" data-widget_type=\"nested-accordion.default\">\n\t\t\t\t<div class=\"elementor-widget-container\">\n\t\t\t\t\t\t\t<div class=\"e-n-accordion\" aria-label=\"Fisarmonica. Aprite i collegamenti con Invio o Spazio, chiudeteli con Escape e navigate con i tasti freccia.\">\n\t\t\t\t\t\t<details id=\"e-n-accordion-item-1120\" class=\"e-n-accordion-item\" open>\n\t\t\t\t<summary class=\"e-n-accordion-item-title\" data-accordion-index=\"1\" tabindex=\"0\" aria-expanded=\"true\" aria-controls=\"e-n-accordion-item-1120\" >\n\t\t\t\t\t<span class='e-n-accordion-item-title-header'><div class=\"e-n-accordion-item-title-text\"> Caratteristiche e funzioni del modello JNR Falcon X 18K Blueberry Kiwi <\/div><\/span>\n\t\t\t\t\t\t\t<span class='e-n-accordion-item-title-icon'>\n\t\t\t<span class='e-opened' ><svg aria-hidden=\"true\" class=\"e-font-icon-svg e-fas-minus\" viewbox=\"0 0 448 512\" xmlns=\"http:\/\/www.w3.org\/2000\/svg\"><path d=\"M416 208H32c-17.67 0-32 14.33-32 32v32c0 17.67 14.33 32 32 32h384c17.67 0 32-14.33 32-32v-32c0-17.67-14.33-32-32-32z\"><\/path><\/svg><\/span>\n\t\t\t<span class='e-closed'><svg aria-hidden=\"true\" class=\"e-font-icon-svg e-fas-plus\" viewbox=\"0 0 448 512\" xmlns=\"http:\/\/www.w3.org\/2000\/svg\"><path d=\"M416 208H272V64c0-17.67-14.33-32-32-32h-32c-17.67 0-32 14.33-32 32v144H32c-17.67 0-32 14.33-32 32v32c0 17.67 14.33 32 32 32h144v144c0 17.67 14.33 32 32 32h32c17.67 0 32-14.33 32-32V304h144c17.67 0 32-14.33 32-32v-32c0-17.67-14.33-32-32-32z\"><\/path><\/svg><\/span>\n\t\t<\/span>\n\n\t\t\t\t\t\t<\/summary>\n\t\t\t\t<div role=\"region\" aria-labelledby=\"e-n-accordion-item-1120\" class=\"elementor-element elementor-element-57ad40e e-con-full e-flex e-con e-child\" data-id=\"57ad40e\" data-element_type=\"container\" data-e-type=\"container\">\n\t\t<div role=\"region\" aria-labelledby=\"e-n-accordion-item-1120\" class=\"elementor-element elementor-element-e7698e3 e-flex e-con-boxed e-con e-child\" data-id=\"e7698e3\" data-element_type=\"container\" data-e-type=\"container\">\n\t\t\t\t\t<div class=\"e-con-inner\">\n\t\t\t\t<div class=\"elementor-element elementor-element-76f0fd1 elementor-widget elementor-widget-text-editor\" data-id=\"76f0fd1\" data-element_type=\"widget\" data-e-type=\"widget\" data-widget_type=\"text-editor.default\">\n\t\t\t\t<div class=\"elementor-widget-container\">\n\t\t\t\t\t\t\t\t\t<h2>Grande capacit\u00e0 di e-liquid<\/h2><p>La JNR Falcon-X 18K offre una capacit\u00e0 di e-liquid di 24 ml, superiore a quella della maggior parte delle sigarette elettroniche usa e getta presenti sul mercato. Questa generosa capacit\u00e0 non solo riduce la necessit\u00e0 di frequenti ricariche, ma consente anche di fumare per lunghi periodi senza interruzioni. \u00c8 quindi ideale per chi cerca un uso duraturo e un sapore costante al lavoro, in viaggio o nel tempo libero.<\/p><p>Il modello JNR Falcon-X 18K \u00e8 dotato di una batteria integrata da 950 mAh ad alte prestazioni per un utilizzo continuato. La moderna porta di ricarica Type-C rende la ricarica pi\u00f9 veloce e sicura, in modo da poter ricaricare il dispositivo senza lunghe attese.<\/p><h2>Resistenze Dual-Mesh Dual-Core da 0,6 ohm per un vapore e un sapore pi\u00f9 intensi.<\/h2><p>L'JNR Falcon-X 18K utilizza una resistenza Dual-Mesh Dual-Core da 0,6 ohm, migliorando notevolmente la produzione e lo spessore del vapore. La struttura a doppio stoppino assicura un riscaldamento pi\u00f9 uniforme, previene gli odori di bruciato e offre un'esperienza di svapo pi\u00f9 fluida e raffinata. Se siete alla ricerca di un volume di vapore elevato o di un sapore puro, la JNR Falcon 18K \u00e8 perfetta per le vostre esigenze.<\/p><h2>Sistema di flusso d'aria flessibile e regolabile per un'inalazione personalizzata<\/h2><p>La JNR Falcon-X 18K \u00e8 dotata di un'innovativa funzione di regolazione del flusso d'aria, che consente agli utenti di regolare liberamente la quantit\u00e0 d'aria inalata in base alle proprie preferenze, creando un'esperienza di fumo variegata, da un fumo deciso e morbido a un fumo pieno e ampio.<\/p><h2>Di lunga durata, economico e pratico<\/h2><p>Grazie alla sua tecnologia avanzata, la JNR Falcon-X 18K offre fino a 18.000 boccate, superando di gran lunga la durata delle sigarette elettroniche usa e getta tradizionali. La sua durata migliora notevolmente il rapporto qualit\u00e0-prezzo, rendendola ideale per gli utenti intensivi e per i lunghi periodi di utilizzo. Elimina la necessit\u00e0 di sostituzioni frequenti, rendendola ecologica ed economica.<\/p><p>Un display digitale integrato ad alta definizione mostra il livello della batteria e l'e-liquid rimanente in tempo reale, consentendo agli utenti di visualizzare chiaramente lo stato del dispositivo. Il feedback intuitivo semplifica l'uso, eliminando le interruzioni dovute alla batteria scarica o all'esaurimento dell'e-liquid, garantendo una boccata fluida e senza preoccupazioni ogni volta.<\/p><p>La JNR Falcon-X 18K offre tre livelli di nicotina: 0 %, 2 % e 5 %, per soddisfare le esigenze e i gusti di ogni fumatore. Dal puro piacere senza nicotina alla cessazione graduale con bassi livelli di nicotina e alte esigenze di nicotina, le opzioni flessibili vi aiutano a trovare la soluzione pi\u00f9 adatta a voi.<\/p>\t\t\t\t\t\t\t\t<\/div>\n\t\t\t\t<\/div>\n\t\t\t\t\t<\/div>\n\t\t\t\t<\/div>\n\t\t\t\t<\/div>\n\t\t\t\t\t<\/details>\n\t\t\t\t\t\t<details id=\"e-n-accordion-item-1121\" class=\"e-n-accordion-item\" >\n\t\t\t\t<summary class=\"e-n-accordion-item-title\" data-accordion-index=\"2\" tabindex=\"-1\" aria-expanded=\"false\" aria-controls=\"e-n-accordion-item-1121\" >\n\t\t\t\t\t<span class='e-n-accordion-item-title-header'><div class=\"e-n-accordion-item-title-text\"> Puff JNR Falcon X 18K Mirtillo Kiwi <\/div><\/span>\n\t\t\t\t\t\t\t<span class='e-n-accordion-item-title-icon'>\n\t\t\t<span class='e-opened' ><svg aria-hidden=\"true\" class=\"e-font-icon-svg e-fas-minus\" viewbox=\"0 0 448 512\" xmlns=\"http:\/\/www.w3.org\/2000\/svg\"><path d=\"M416 208H32c-17.67 0-32 14.33-32 32v32c0 17.67 14.33 32 32 32h384c17.67 0 32-14.33 32-32v-32c0-17.67-14.33-32-32-32z\"><\/path><\/svg><\/span>\n\t\t\t<span class='e-closed'><svg aria-hidden=\"true\" class=\"e-font-icon-svg e-fas-plus\" viewbox=\"0 0 448 512\" xmlns=\"http:\/\/www.w3.org\/2000\/svg\"><path d=\"M416 208H272V64c0-17.67-14.33-32-32-32h-32c-17.67 0-32 14.33-32 32v144H32c-17.67 0-32 14.33-32 32v32c0 17.67 14.33 32 32 32h144v144c0 17.67 14.33 32 32 32h32c17.67 0 32-14.33 32-32V304h144c17.67 0 32-14.33 32-32v-32c0-17.67-14.33-32-32-32z\"><\/path><\/svg><\/span>\n\t\t<\/span>\n\n\t\t\t\t\t\t<\/summary>\n\t\t\t\t<div role=\"region\" aria-labelledby=\"e-n-accordion-item-1121\" class=\"elementor-element elementor-element-b6b0c11 e-con-full e-flex e-con e-child\" data-id=\"b6b0c11\" data-element_type=\"container\" data-e-type=\"container\">\n\t\t<div role=\"region\" aria-labelledby=\"e-n-accordion-item-1121\" class=\"elementor-element elementor-element-615d36f e-flex e-con-boxed e-con e-child\" data-id=\"615d36f\" data-element_type=\"container\" data-e-type=\"container\">\n\t\t\t\t\t<div class=\"e-con-inner\">\n\t\t\t\t<div class=\"elementor-element elementor-element-55fd5fa elementor-widget elementor-widget-text-editor\" data-id=\"55fd5fa\" data-element_type=\"widget\" data-e-type=\"widget\" data-widget_type=\"text-editor.default\">\n\t\t\t\t<div class=\"elementor-widget-container\">\n\t\t\t\t\t\t\t\t\t<p>Nell'area arrivi dell'aeroporto di Parigi, i viaggiatori d'affari stanchi hanno spesso bisogno di un momento di relax. In questo momento, il gusto kiwi e mirtillo della sigaretta elettronica JNR Falcon 18000 \u00e8 diventato la prima scelta per molte persone. Questa sigaretta elettronica non solo ha un ottimo sapore, ma \u00e8 anche portatile e pratica, il che la rende particolarmente adatta per un uso a breve termine in questi spazi semi-aperti.<\/p><p>La caratteristica principale del gusto mirtillo e kiwi \u00e8 la sua esperienza gustativa stratificata. La dolcezza dei mirtilli e l'acidit\u00e0 del kiwi si fondono perfettamente, offrendo agli utenti un gusto familiare ma fresco. Il gusto \u00e8 ben bilanciato, n\u00e9 troppo dolce n\u00e9 troppo aspro, adatto a consumatori con tutte le preferenze di gusto. La tecnologia dual mesh coil da 0,6 ohm della JNR Falcon assicura che questo sapore complesso venga rilasciato completamente ad ogni inalazione, consentendo agli utenti di sperimentare la ricchezza del mirtillo e la freschezza del kiwi.<\/p><p>In termini di esperienza d'uso, la JNR Falcon 18000 offre chiari vantaggi. La grande capacit\u00e0 di e-liquid di 24 ml e la durata di vita fino a 18.000 boccate fanno s\u00ec che anche gli utenti pi\u00f9 assidui non debbano sostituire frequentemente il dispositivo. Il contenuto di nicotina della 2% fornisce una soddisfazione moderata, evitando una stimolazione eccessiva. Il design del flusso d'aria regolabile consente agli utenti di regolare l'esperienza di inalazione in base alle loro preferenze personali, in modo da poter ottenere l'effetto ideale sia che amino le boccate leggere che quelle piene.<\/p>\t\t\t\t\t\t\t\t<\/div>\n\t\t\t\t<\/div>\n\t\t<div role=\"region\" aria-labelledby=\"e-n-accordion-item-1121\" class=\"elementor-element elementor-element-942ccb0 e-con-full e-flex e-con e-child\" data-id=\"942ccb0\" data-element_type=\"container\" data-e-type=\"container\">\n\t\t<div role=\"region\" aria-labelledby=\"e-n-accordion-item-1121\" class=\"elementor-element elementor-element-d5e4b56 e-con-full e-flex e-con e-child\" data-id=\"d5e4b56\" data-element_type=\"container\" data-e-type=\"container\">\n\t\t\t\t<div class=\"elementor-element elementor-element-381dfcb elementor-widget elementor-widget-image-gallery\" data-id=\"381dfcb\" data-element_type=\"widget\" data-e-type=\"widget\" data-widget_type=\"image-gallery.default\">\n\t\t\t\t<div class=\"elementor-widget-container\">\n\t\t\t\t\t\t\t<div class=\"elementor-image-gallery\">\n\t\t\t<div id='gallery-1' class='gallery galleryid-2134 gallery-columns-1 gallery-size-medium_large'><figure class='gallery-item'>\n\t\t\t<div class='gallery-icon portrait'>\n\t\t\t\t<img fetchpriority=\"high\" decoding=\"async\" width=\"654\" height=\"690\" src=\"https:\/\/puffvapestore.com\/wp-content\/uploads\/2025\/04\/pvajf18000-9.jpg\" class=\"attachment-medium_large size-medium_large\" alt=\"JNR Falcon Mirtillo Kiwi 18000 pvajf18000\" aria-describedby=\"gallery-1-1949\" srcset=\"https:\/\/puffvapestore.com\/wp-content\/uploads\/2025\/04\/pvajf18000-9.jpg 654w, https:\/\/puffvapestore.com\/wp-content\/uploads\/2025\/04\/pvajf18000-9-284x300.jpg 284w, https:\/\/puffvapestore.com\/wp-content\/uploads\/2025\/04\/pvajf18000-9-600x633.jpg 600w\" sizes=\"(max-width: 654px) 100vw, 654px\" \/>\n\t\t\t<\/div>\n\t\t\t\t<figcaption class='wp-caption-text gallery-caption' id='gallery-1-1949'>\n\t\t\t\tJNR Falcon Mirtillo Kiwi 18000 pvajf18000\n\t\t\t\t<\/figcaption><\/figure>\n\t\t<\/div>\n\t\t<\/div>\n\t\t\t\t\t\t<\/div>\n\t\t\t\t<\/div>\n\t\t\t\t<\/div>\n\t\t<div role=\"region\" aria-labelledby=\"e-n-accordion-item-1121\" class=\"elementor-element elementor-element-577deeb e-con-full e-flex e-con e-child\" data-id=\"577deeb\" data-element_type=\"container\" data-e-type=\"container\">\n\t\t\t\t<div class=\"elementor-element elementor-element-5d167cf elementor-widget elementor-widget-text-editor\" data-id=\"5d167cf\" data-element_type=\"widget\" data-e-type=\"widget\" data-widget_type=\"text-editor.default\">\n\t\t\t\t<div class=\"elementor-widget-container\">\n\t\t\t\t\t\t\t\t\t<p>Anche la praticit\u00e0 del prodotto \u00e8 uno dei suoi punti di forza. La batteria da 950 mAh garantisce un utilizzo prolungato, particolarmente adatto agli utenti in viaggio o impegnati al lavoro. La porta di ricarica Type-C offre una comoda esperienza di ricarica ed \u00e8 possibile continuare a utilizzarlo anche dopo una breve carica. Il display digitale a LED indica chiaramente il livello di potenza e di utilizzo, consentendo agli utenti di comprendere in ogni momento lo stato del dispositivo.<\/p><p>Il modello JNR Falcon 18000 integra molte funzioni avanzate in un corpo portatile di 53,5 \u00d7 32 \u00d7 121 mm, che \u00e8 al tempo stesso poco ingombrante e facile da trasportare. Che si tratti di aspettare amici e parenti in aeroporto o di una breve pausa, questo dispositivo \u00e8 in grado di offrire un'esperienza d'uso comoda e soddisfacente.<\/p>\t\t\t\t\t\t\t\t<\/div>\n\t\t\t\t<\/div>\n\t\t\t\t<\/div>\n\t\t\t\t<\/div>\n\t\t<div role=\"region\" aria-labelledby=\"e-n-accordion-item-1121\" class=\"elementor-element elementor-element-7926c6b e-con-full e-flex e-con e-child\" data-id=\"7926c6b\" data-element_type=\"container\" data-e-type=\"container\">\n\t\t\t\t<div class=\"elementor-element elementor-element-2b41948 elementor-widget elementor-widget-text-editor\" data-id=\"2b41948\" data-element_type=\"widget\" data-e-type=\"widget\" data-widget_type=\"text-editor.default\">\n\t\t\t\t<div class=\"elementor-widget-container\">\n\t\t\t\t\t\t\t\t\t<p>Tutto sommato, ci sono buone ragioni per cui il gusto mirtillo e kiwi di JNR Falcon 18000 \u00e8 popolare tra i consumatori francesi. Non solo soddisfa la ricerca della qualit\u00e0, ma offre anche un'esperienza d'uso comoda e pratica. Per i consumatori alla ricerca di una sigaretta elettronica monouso di qualit\u00e0, questa \u00e8 sicuramente un'opzione da prendere in considerazione.<\/p>\t\t\t\t\t\t\t\t<\/div>\n\t\t\t\t<\/div>\n\t\t\t\t<\/div>\n\t\t\t\t\t<\/div>\n\t\t\t\t<\/div>\n\t\t\t\t<\/div>\n\t\t\t\t\t<\/details>\n\t\t\t\t\t<\/div>\n\t\t\t\t\t\t<\/div>\n\t\t\t\t<\/div>\n\t\t\t\t\t<\/div>\n\t\t\t\t<\/div>\n\t\t\t\t<\/div>","protected":false},"excerpt":{"rendered":"<p>Caract\u00e9ristiques du JNR Falcon 18K Blueberry Kiwi: Bouff\u00e9es : Jusqu\u2019\u00e0 18000 bouff\u00e9es Liquide : 24 ml Taux de nicotine : 0 %, 2 %, 5 % R\u00e9sistance : 0.6 ohm Capacit\u00e9 de la batterie : 950 mAh Chargement : Type-C D\u00e9bit d\u2019air r\u00e9glable : Oui Affichage num\u00e9rique R\u00e9sistance double maille et double c\u0153ur Dimensions : [&hellip;]<\/p>","protected":false},"featured_media":1949,"comment_status":"open","ping_status":"closed","template":"","meta":{"site-sidebar-layout":"no-sidebar","site-content-layout":"page-builder","ast-site-content-layout":"normal-width-container","site-content-style":"default","site-sidebar-style":"default","ast-global-header-display":"","ast-banner-title-visibility":"","ast-main-header-display":"","ast-hfb-above-header-display":"","ast-hfb-below-header-display":"","ast-hfb-mobile-header-display":"","site-post-title":"disabled","ast-breadcrumbs-content":"","ast-featured-img":"disabled","footer-sml-layout":"","theme-transparent-header-meta":"default","adv-header-id-meta":"","stick-header-meta":"default","header-above-stick-meta":"","header-main-stick-meta":"","header-below-stick-meta":"","astra-migrate-meta-layouts":"set","ast-page-background-enabled":"default","ast-page-background-meta":{"desktop":{"background-color":"","background-image":"","background-repeat":"repeat","background-position":"center center","background-size":"auto","background-attachment":"scroll","background-type":"","background-media":"","overlay-type":"","overlay-color":"","overlay-opacity":"","overlay-gradient":""},"tablet":{"background-color":"","background-image":"","background-repeat":"repeat","background-position":"center center","background-size":"auto","background-attachment":"scroll","background-type":"","background-media":"","overlay-type":"","overlay-color":"","overlay-opacity":"","overlay-gradient":""},"mobile":{"background-color":"","background-image":"","background-repeat":"repeat","background-position":"center center","background-size":"auto","background-attachment":"scroll","background-type":"","background-media":"","overlay-type":"","overlay-color":"","overlay-opacity":"","overlay-gradient":""}},"ast-content-background-meta":{"desktop":{"background-color":"var(--ast-global-color-5)","background-image":"","background-repeat":"repeat","background-position":"center center","background-size":"auto","background-attachment":"scroll","background-type":"","background-media":"","overlay-type":"","overlay-color":"","overlay-opacity":"","overlay-gradient":""},"tablet":{"background-color":"var(--ast-global-color-5)","background-image":"","background-repeat":"repeat","background-position":"center center","background-size":"auto","background-attachment":"scroll","background-type":"","background-media":"","overlay-type":"","overlay-color":"","overlay-opacity":"","overlay-gradient":""},"mobile":{"background-color":"var(--ast-global-color-5)","background-image":"","background-repeat":"repeat","background-position":"center center","background-size":"auto","background-attachment":"scroll","background-type":"","background-media":"","overlay-type":"","overlay-color":"","overlay-opacity":"","overlay-gradient":""}}},"product_brand":[30],"product_cat":[40,84,77,34,31],"product_tag":[],"class_list":{"0":"post-2134","1":"product","2":"type-product","3":"status-publish","4":"has-post-thumbnail","6":"product_brand-jnr","7":"product_cat-jnr-18k","8":"product_cat-puff-18k","9":"product_cat-entrepot-de-lue","10":"product_cat-puff-jnr","11":"product_cat-jnr-falcon","12":"desktop-align-center","13":"tablet-align-center","14":"mobile-align-center","15":"ast-product-gallery-layout-horizontal","16":"ast-product-gallery-with-no-image","17":"ast-product-single-variable","18":"ast-product-tabs-layout-horizontal","19":"ast-qv-on-image","21":"first","22":"instock","23":"sale","24":"shipping-taxable","25":"purchasable","26":"product-type-variable","27":"has-default-attributes"},"tiered_pricing_type":"fixed","tiered_pricing_fixed_rules":{"30":10.08,"60":9.28,"100":8.13,"200":7.48,"500":7.28,"1000":6.98},"tiered_pricing_product_settings":{"layout":"default","base_unit_name":{"singular":null,"plural":null},"default_variation":null},"tiered_pricing_minimum_quantity":null,"tiered_pricing_roles_data":[],"tiered_pricing_percentage_rules":[],"_links":{"self":[{"href":"https:\/\/puffvapestore.com\/it\/wp-json\/wp\/v2\/product\/2134","targetHints":{"allow":["GET"]}}],"collection":[{"href":"https:\/\/puffvapestore.com\/it\/wp-json\/wp\/v2\/product"}],"about":[{"href":"https:\/\/puffvapestore.com\/it\/wp-json\/wp\/v2\/types\/product"}],"replies":[{"embeddable":true,"href":"https:\/\/puffvapestore.com\/it\/wp-json\/wp\/v2\/comments?post=2134"}],"version-history":[{"count":24,"href":"https:\/\/puffvapestore.com\/it\/wp-json\/wp\/v2\/product\/2134\/revisions"}],"predecessor-version":[{"id":13602,"href":"https:\/\/puffvapestore.com\/it\/wp-json\/wp\/v2\/product\/2134\/revisions\/13602"}],"wp:featuredmedia":[{"embeddable":true,"href":"https:\/\/puffvapestore.com\/it\/wp-json\/wp\/v2\/media\/1949"}],"wp:attachment":[{"href":"https:\/\/puffvapestore.com\/it\/wp-json\/wp\/v2\/media?parent=2134"}],"wp:term":[{"taxonomy":"product_brand","embeddable":true,"href":"https:\/\/puffvapestore.com\/it\/wp-json\/wp\/v2\/product_brand?post=2134"},{"taxonomy":"product_cat","embeddable":true,"href":"https:\/\/puffvapestore.com\/it\/wp-json\/wp\/v2\/product_cat?post=2134"},{"taxonomy":"product_tag","embeddable":true,"href":"https:\/\/puffvapestore.com\/it\/wp-json\/wp\/v2\/product_tag?post=2134"}],"curies":[{"name":"wp","href":"https:\/\/api.w.org\/{rel}","templated":true}]}}